{"id":897,"date":"2021-12-29T11:38:14","date_gmt":"2021-12-29T11:38:14","guid":{"rendered":"https:\/\/excursionesenushuaia.com\/?page_id=897"},"modified":"2022-10-25T04:10:46","modified_gmt":"2022-10-25T04:10:46","slug":"quienes-somos","status":"publish","type":"page","link":"https:\/\/excursionesenushuaia.com\/en\/quienes-somos\/","title":{"rendered":"Who we are"},"content":{"rendered":"<div data-elementor-type=\"wp-page\" data-elementor-id=\"897\" class=\"elementor elementor-897\" data-elementor-post-type=\"page\">\n\t\t\t\t\t\t<section class=\"elementor-section elementor-top-section elementor-element elementor-element-cc2221f elementor-section-boxed elementor-section-height-default elementor-section-height-default\" data-id=\"cc2221f\" data-element_type=\"section\" data-e-type=\"section\">\n\t\t\t\t\t\t<div class=\"elementor-container elementor-column-gap-default\">\n\t\t\t\t\t<div class=\"elementor-column elementor-col-100 elementor-top-column elementor-element elementor-element-562c6f7\" data-id=\"562c6f7\" data-element_type=\"column\" data-e-type=\"column\">\n\t\t\t<div class=\"elementor-widget-wrap elementor-element-populated\">\n\t\t\t\t\t\t<div class=\"elementor-element elementor-element-b0b3305 elementor-widget elementor-widget-woocommerce-breadcrumb\" data-id=\"b0b3305\" data-element_type=\"widget\" data-e-type=\"widget\" data-widget_type=\"woocommerce-breadcrumb.default\">\n\t\t\t\t\t<nav class=\"woocommerce-breadcrumb\" aria-label=\"Breadcrumb\" data-no-translation=\"\" data-trp-gettext=\"\">Home<\/nav>\t\t\t\t<\/div>\n\t\t\t\t<div class=\"elementor-element elementor-element-bab0601 elementor-widget elementor-widget-spacer\" data-id=\"bab0601\" data-element_type=\"widget\" data-e-type=\"widget\" data-widget_type=\"spacer.default\">\n\t\t\t\t\t\t\t<div class=\"elementor-spacer\">\n\t\t\t<div class=\"elementor-spacer-inner\"><\/div>\n\t\t<\/div>\n\t\t\t\t\t\t<\/div>\n\t\t\t\t<div class=\"elementor-element elementor-element-910c579 elementor-widget elementor-widget-heading\" data-id=\"910c579\" data-element_type=\"widget\" data-e-type=\"widget\" data-widget_type=\"heading.default\">\n\t\t\t\t\t<h1 class=\"elementor-heading-title elementor-size-default\">Who we are<\/h1>\t\t\t\t<\/div>\n\t\t\t\t<div class=\"elementor-element elementor-element-006e28c elementor-widget elementor-widget-text-editor\" data-id=\"006e28c\" data-element_type=\"widget\" data-e-type=\"widget\" data-widget_type=\"text-editor.default\">\n\t\t\t\t\t\t\t\t\t<div class=\"attribute-description\"><div class=\"ezxmltext\"><p>Born in Ushuaia, others have come and stayed. We are a group of young people (less than 47 are still young) who love our town, Ushuaia.<\/p><p>Experts in skiing, some in snowboarding. We know every corner of the mountain, we know what you need. Many of us grew up next to Cerro Castor back in 1999.<\/p><p>We know everything about Ushuaia, yesterday a town, today a city. Hotels, restaurants, attractions, excursions, bars, shopping centers, etc.<\/p><p>As locals, we provide our passengers with real information, without that \"broken phone\" that every tourist suffers when asking about a new destination.<\/p><p>We are also tourists, we also go on vacation from Ushuaia to the world. That led us to polish many details and to be very proud of the service we provide. We welcome people as a family member, as a friend, giving the best of ourselves, even outside of work.<\/p><p>As an extra and another great benefit, being a travel agency in Ushuaia, the passenger ends up finding with us the best price in the market, since there are no intermediaries.\u00a0<\/p><p>Thousands of passengers who have now become true friends, as they have been with us for more than 17 uninterrupted years. <br \/>The best reflection, the best pay, the satisfaction.<\/p><p><br \/>USHUAIA\u00ae INFO <br \/>17 years committed to your vacation.<br \/>Legajo: 15.328 - Category: EVT - Ushuaia - Tierra del Fuego<br \/><i>Every day from 08 am to 10 pm at the\u00a0<b><a title=\"Whatsapp of Info De Ushuaia\" href=\"https:\/\/api.whatsapp.com\/send?phone=5492901612142&amp;text=HIDU.Quiero%20m%C3%A1s%20info%20para%20viajar%20en%20el%20mes%20de:%20\" target=\"_blank\" rel=\"noopener\">Whatsapp - click here<\/a> <\/b><\/i><\/p><p>Info De Ushuaia \u00ae Travel Agency\u00a0<br \/>Address: San Mart\u00edn 775 - Ushuaia - CP 9410<\/p><p>Ushuaia\u00ae Info Phone: +5492901612142 or the fixed lines: 02901-432-558 and the one in Buenos Aires so you don't have to spend long distance (but we attend you here, yes, in Ushuaia) 011-3221-4305.<\/p><\/div><\/div>\t\t\t\t\t\t\t\t<\/div>\n\t\t\t\t<div class=\"elementor-element elementor-element-a4c0980 elementor-widget elementor-widget-spacer\" data-id=\"a4c0980\" data-element_type=\"widget\" data-e-type=\"widget\" data-widget_type=\"spacer.default\">\n\t\t\t\t\t\t\t<div class=\"elementor-spacer\">\n\t\t\t<div class=\"elementor-spacer-inner\"><\/div>\n\t\t<\/div>\n\t\t\t\t\t\t<\/div>\n\t\t\t\t<div class=\"elementor-element elementor-element-fa84153 elementor-widget-divider--view-line elementor-widget elementor-widget-divider\" data-id=\"fa84153\" data-element_type=\"widget\" data-e-type=\"widget\" data-widget_type=\"divider.default\">\n\t\t\t\t\t\t\t<div class=\"elementor-divider\">\n\t\t\t<span class=\"elementor-divider-separator\">\n\t\t\t\t\t\t<\/span>\n\t\t<\/div>\n\t\t\t\t\t\t<\/div>\n\t\t\t\t<div class=\"elementor-element elementor-element-5c44b46 elementor-widget elementor-widget-spacer\" data-id=\"5c44b46\" data-element_type=\"widget\" data-e-type=\"widget\" data-widget_type=\"spacer.default\">\n\t\t\t\t\t\t\t<div class=\"elementor-spacer\">\n\t\t\t<div class=\"elementor-spacer-inner\"><\/div>\n\t\t<\/div>\n\t\t\t\t\t\t<\/div>\n\t\t\t\t\t<\/div>\n\t\t<\/div>\n\t\t\t\t\t<\/div>\n\t\t<\/section>\n\t\t\t\t<\/div>","protected":false},"excerpt":{"rendered":"<p>Qui\u00e9nes Somos Nacidos en Ushuaia, otros venidos y quedados. Somos un grupo de j\u00f3venes (menos de 47 a\u00fan somos j\u00f3venes) que amamos nuestro pueblo, Ushuaia. Expertos en\u00a0esqu\u00ed, algunos en snowboard. Conocemos cada rinc\u00f3n de la monta\u00f1a, sabemos lo que necesit\u00e1s. Muchos crecimos junto al Cerro Castor all\u00e1 por el 1999. De Ushuaia, pueblo ayer, hoy [&hellip;]<\/p>\n","protected":false},"author":1,"featured_media":0,"parent":0,"menu_order":0,"comment_status":"closed","ping_status":"closed","template":"","meta":{"_acf_changed":false,"_joinchat":[],"footnotes":""},"class_list":["post-897","page","type-page","status-publish","hentry"],"acf":[],"_links":{"self":[{"href":"https:\/\/excursionesenushuaia.com\/en\/wp-json\/wp\/v2\/pages\/897","targetHints":{"allow":["GET"]}}],"collection":[{"href":"https:\/\/excursionesenushuaia.com\/en\/wp-json\/wp\/v2\/pages"}],"about":[{"href":"https:\/\/excursionesenushuaia.com\/en\/wp-json\/wp\/v2\/types\/page"}],"author":[{"embeddable":true,"href":"https:\/\/excursionesenushuaia.com\/en\/wp-json\/wp\/v2\/users\/1"}],"replies":[{"embeddable":true,"href":"https:\/\/excursionesenushuaia.com\/en\/wp-json\/wp\/v2\/comments?post=897"}],"version-history":[{"count":0,"href":"https:\/\/excursionesenushuaia.com\/en\/wp-json\/wp\/v2\/pages\/897\/revisions"}],"wp:attachment":[{"href":"https:\/\/excursionesenushuaia.com\/en\/wp-json\/wp\/v2\/media?parent=897"}],"curies":[{"name":"wp","href":"https:\/\/api.w.org\/{rel}","templated":true}]}}