{"id":958,"date":"2021-12-29T14:26:32","date_gmt":"2021-12-29T14:26:32","guid":{"rendered":"https:\/\/excursionesenushuaia.com\/?page_id=958"},"modified":"2026-01-24T12:25:47","modified_gmt":"2026-01-24T15:25:47","slug":"politica-de-privacidad","status":"publish","type":"page","link":"https:\/\/excursionesenushuaia.com\/en\/politica-de-privacidad\/","title":{"rendered":"Privacy Policy"},"content":{"rendered":"<div data-elementor-type=\"wp-page\" data-elementor-id=\"958\" class=\"elementor elementor-958\" data-elementor-post-type=\"page\">\n\t\t\t\t\t\t<section class=\"elementor-section elementor-top-section elementor-element elementor-element-0433f9a elementor-section-height-min-height elementor-hidden-desktop elementor-hidden-laptop elementor-hidden-tablet elementor-hidden-mobile elementor-section-boxed elementor-section-height-default elementor-section-items-middle\" data-id=\"0433f9a\" data-element_type=\"section\" data-e-type=\"section\" data-settings=\"{&quot;background_background&quot;:&quot;classic&quot;}\">\n\t\t\t\t\t\t<div class=\"elementor-container elementor-column-gap-default\">\n\t\t\t\t\t<div class=\"elementor-column elementor-col-100 elementor-top-column elementor-element elementor-element-eee82e3 elementor-hidden-desktop elementor-hidden-tablet elementor-hidden-mobile\" data-id=\"eee82e3\" data-element_type=\"column\" data-e-type=\"column\">\n\t\t\t<div class=\"elementor-widget-wrap elementor-element-populated\">\n\t\t\t\t\t\t<div class=\"elementor-element elementor-element-b0efd0b elementor-widget elementor-widget-spacer\" data-id=\"b0efd0b\" data-element_type=\"widget\" data-e-type=\"widget\" data-widget_type=\"spacer.default\">\n\t\t\t\t\t\t\t<div class=\"elementor-spacer\">\n\t\t\t<div class=\"elementor-spacer-inner\"><\/div>\n\t\t<\/div>\n\t\t\t\t\t\t<\/div>\n\t\t\t\t\t<\/div>\n\t\t<\/div>\n\t\t\t\t\t<\/div>\n\t\t<\/section>\n\t\t\t\t<section class=\"elementor-section elementor-top-section elementor-element elementor-element-03bc3fb elementor-hidden-desktop elementor-hidden-laptop elementor-hidden-tablet elementor-hidden-mobile elementor-section-boxed elementor-section-height-default elementor-section-height-default\" data-id=\"03bc3fb\" data-element_type=\"section\" data-e-type=\"section\">\n\t\t\t\t\t\t<div class=\"elementor-container elementor-column-gap-default\">\n\t\t\t\t\t<div class=\"elementor-column elementor-col-100 elementor-top-column elementor-element elementor-element-e1652cf\" data-id=\"e1652cf\" data-element_type=\"column\" data-e-type=\"column\">\n\t\t\t<div class=\"elementor-widget-wrap elementor-element-populated\">\n\t\t\t\t\t\t<div class=\"elementor-element elementor-element-5e15547 elementor-widget elementor-widget-woocommerce-breadcrumb\" data-id=\"5e15547\" data-element_type=\"widget\" data-e-type=\"widget\" data-widget_type=\"woocommerce-breadcrumb.default\">\n\t\t\t\t\t<nav class=\"woocommerce-breadcrumb\" aria-label=\"Breadcrumb\" data-no-translation=\"\" data-trp-gettext=\"\">Home<\/nav>\t\t\t\t<\/div>\n\t\t\t\t<div class=\"elementor-element elementor-element-beebce9 elementor-widget elementor-widget-spacer\" data-id=\"beebce9\" data-element_type=\"widget\" data-e-type=\"widget\" data-widget_type=\"spacer.default\">\n\t\t\t\t\t\t\t<div class=\"elementor-spacer\">\n\t\t\t<div class=\"elementor-spacer-inner\"><\/div>\n\t\t<\/div>\n\t\t\t\t\t\t<\/div>\n\t\t\t\t<div class=\"elementor-element elementor-element-621bd98 elementor-widget elementor-widget-heading\" data-id=\"621bd98\" data-element_type=\"widget\" data-e-type=\"widget\" data-widget_type=\"heading.default\">\n\t\t\t\t\t<h1 class=\"elementor-heading-title elementor-size-default\">Privacy Policy<\/h1>\t\t\t\t<\/div>\n\t\t\t\t<div class=\"elementor-element elementor-element-4f95052 elementor-widget elementor-widget-spacer\" data-id=\"4f95052\" data-element_type=\"widget\" data-e-type=\"widget\" data-widget_type=\"spacer.default\">\n\t\t\t\t\t\t\t<div class=\"elementor-spacer\">\n\t\t\t<div class=\"elementor-spacer-inner\"><\/div>\n\t\t<\/div>\n\t\t\t\t\t\t<\/div>\n\t\t\t\t<div class=\"elementor-element elementor-element-6a400cc elementor-hidden-desktop elementor-hidden-tablet elementor-hidden-mobile elementor-widget elementor-widget-spacer\" data-id=\"6a400cc\" data-element_type=\"widget\" data-e-type=\"widget\" data-widget_type=\"spacer.default\">\n\t\t\t\t\t\t\t<div class=\"elementor-spacer\">\n\t\t\t<div class=\"elementor-spacer-inner\"><\/div>\n\t\t<\/div>\n\t\t\t\t\t\t<\/div>\n\t\t\t\t\t<\/div>\n\t\t<\/div>\n\t\t\t\t\t<\/div>\n\t\t<\/section>\n\t\t\t\t<section class=\"elementor-section elementor-top-section elementor-element elementor-element-5966519 elementor-hidden-desktop elementor-hidden-laptop elementor-hidden-tablet elementor-hidden-mobile elementor-section-boxed elementor-section-height-default elementor-section-height-default\" data-id=\"5966519\" data-element_type=\"section\" data-e-type=\"section\">\n\t\t\t\t\t\t<div class=\"elementor-container elementor-column-gap-default\">\n\t\t\t\t\t<div class=\"elementor-column elementor-col-100 elementor-top-column elementor-element elementor-element-4fef41f\" data-id=\"4fef41f\" data-element_type=\"column\" data-e-type=\"column\">\n\t\t\t<div class=\"elementor-widget-wrap elementor-element-populated\">\n\t\t\t\t\t\t<div class=\"elementor-element elementor-element-ccc88de elementor-widget elementor-widget-text-editor\" data-id=\"ccc88de\" data-element_type=\"widget\" data-e-type=\"widget\" data-widget_type=\"text-editor.default\">\n\t\t\t\t\t\t\t\t\t<h2><span style=\"font-size: 14px;color: var( --e-global-color-text );font-family: 'Work Sans', sans-serif\">This Privacy Policy sets forth the terms on which\u00a0<\/span><b style=\"font-size: 14px;color: var( --e-global-color-text );font-family: 'Work Sans', sans-serif\">EXCURSIONS IN USHUAIA<\/b><span style=\"font-size: 14px;color: var( --e-global-color-text );font-family: 'Work Sans', sans-serif\">\u00a0uses and protects the information that is provided by its users at the time of using the website:\u00a0<\/span><b style=\"font-size: 14px;color: var( --e-global-color-text );font-family: 'Work Sans', sans-serif\">https:\/\/excursionesenushuaia.com<\/b><span style=\"font-size: 14px;color: var( --e-global-color-text );font-family: 'Work Sans', sans-serif\">. This company is committed to the security of its users' data. When we ask you to fill in personal information fields with which you can be identified, we do so with the assurance that it will only be used in accordance with the terms of this document. However, this Privacy Policy may change over time or be updated and we encourage you to continually review this page to ensure that you agree to any such changes.<\/span><\/h2><p><strong>Information that is collected<\/strong><\/p><p>Our website may collect personal information such as name, contact information such as your email address and demographic information. Also, when necessary, specific information may be required to process an order or make a delivery or billing.<\/p><p><strong>Use of information collected<\/strong><\/p><p>Our website uses the information in order to provide the best possible service, particularly to keep track of users, to keep track of orders if applicable, and to improve our products and services.  We may periodically send e-mails through our site with special offers, new products and other promotional information that we think may be relevant to you or may be of benefit to you, these e-mails will be sent to the address you provide and may be unsubscribed from at any time.<\/p><p>EXCURSIONES EN USHUAIA is highly committed to fulfilling our commitment to keep your information secure. We use the most advanced systems and constantly update them to ensure that there is no unauthorized access.<\/p><p><strong>Cookies<\/strong><\/p><p>A cookie refers to a file that is sent with the purpose of requesting permission to be stored on your computer, by accepting this file is created and the cookie is then used to have information regarding web traffic, and also facilitates future visits to a recurring website. Another function that cookies have is that with them the web can recognize you individually and therefore provide you with the best personalized service on its website.<\/p><p>Our website uses cookies to identify which pages are visited and how often. This information is used only for statistical analysis and then the information is permanently deleted. You can delete cookies at any time from your computer. However, cookies help to provide a better service from websites, they do not give access to information about your computer or you, unless you choose to provide it directly. You can accept or deny the use of cookies, however most browsers automatically accept cookies as it serves to have a better web service. You can also change the configuration of your computer to decline cookies. If you decline cookies you may not be able to use some of our services.<\/p><p><strong>Links to Third Parties<\/strong><\/p><p>This website may contain links to other sites that may be of interest to you. Once you click on these links and leave our site, we no longer have control over the site to which you are redirected and therefore we are not responsible for the contents of such links.\u00a0<a href=\"https:\/\/plantillaterminosycondicionestiendaonline.com\/\" target=\"_blank\" rel=\"noopener\">terms or privacy<\/a>\u00a0or the protection of your data on those other third party sites. These sites are subject to their own privacy policies and we recommend that you consult them to confirm that you agree with them.<\/p><p><strong>Control of your personal information<\/strong><\/p><p>At any time you may restrict the collection or use of personal information that is provided to our website.  Whenever you are asked to fill out a form, such as a registration form, you can check or uncheck the option to receive information by e-mail.  In case you have checked the option to receive our newsletter or advertising you can cancel it at any time.<\/p><p>This company will not sell, give away or distribute the personal information that is collected without your consent, unless required by a judge with a court order.<\/p><p><strong>EXCURSIONS IN USHUAIA<\/strong> We reserve the right to change the terms of this Privacy Policy at any time.<\/p>\t\t\t\t\t\t\t\t<\/div>\n\t\t\t\t\t<\/div>\n\t\t<\/div>\n\t\t\t\t\t<\/div>\n\t\t<\/section>\n\t\t<div class=\"elementor-element elementor-element-67a35ca e-con-full e-flex e-con e-parent\" data-id=\"67a35ca\" data-element_type=\"container\" data-e-type=\"container\" data-settings=\"{&quot;background_background&quot;:&quot;classic&quot;}\">\n\t\t\t\t<\/div>\n\t\t<div class=\"elementor-element elementor-element-c96e1c4 e-con-full e-flex e-con e-parent\" data-id=\"c96e1c4\" data-element_type=\"container\" data-e-type=\"container\">\n\t\t\t\t<div class=\"elementor-element elementor-element-7ffd734 elementor-widget elementor-widget-heading\" data-id=\"7ffd734\" data-element_type=\"widget\" data-e-type=\"widget\" data-widget_type=\"heading.default\">\n\t\t\t\t\t<h2 class=\"elementor-heading-title elementor-size-default\">Privacy Policy<\/h2>\t\t\t\t<\/div>\n\t\t\t\t<div class=\"elementor-element elementor-element-0d40e3f elementor-widget elementor-widget-text-editor\" data-id=\"0d40e3f\" data-element_type=\"widget\" data-e-type=\"widget\" data-widget_type=\"text-editor.default\">\n\t\t\t\t\t\t\t\t\t<p>La presente <strong>Privacy Policy<\/strong> establece los t\u00e9rminos en que <strong>EXCURSIONS IN USHUAIA<\/strong> uses and protects the information that is provided by its users at the time of using the website:<br>\n<em><strong>https:\/\/excursionesenushuaia.com.<\/strong><\/em><\/p>\n<p>&nbsp;<\/p>\n<p>Esta compa\u00f1\u00eda est\u00e1 comprometida con la seguridad de los datos de sus usuarios. Cuando le pedimos llenar los campos de informaci\u00f3n personal con la cual usted pueda ser identificado, lo hacemos asegurando que s\u00f3lo se emplear\u00e1 de acuerdo con los t\u00e9rminos de este documento. Sin embargo esta Pol\u00edtica de Privacidad puede cambiar con el tiempo o ser actualizada por lo que le recomendamos y enfatizamos revisar continuamente esta p\u00e1gina para asegurarse que est\u00e1 de acuerdo con dichos cambios.<\/p>\t\t\t\t\t\t\t\t<\/div>\n\t\t\t\t<div class=\"elementor-element elementor-element-ca16049 elementor-widget elementor-widget-text-editor\" data-id=\"ca16049\" data-element_type=\"widget\" data-e-type=\"widget\" data-widget_type=\"text-editor.default\">\n\t\t\t\t\t\t\t\t\t<p><strong>Information that is collected<\/strong><\/p>\t\t\t\t\t\t\t\t<\/div>\n\t\t\t\t<div class=\"elementor-element elementor-element-e54bb64 elementor-widget elementor-widget-text-editor\" data-id=\"e54bb64\" data-element_type=\"widget\" data-e-type=\"widget\" data-widget_type=\"text-editor.default\">\n\t\t\t\t\t\t\t\t\t<p>Nuestro sitio web podr\u00e1 recoger informaci\u00f3n personal por ejemplo: Nombre, informaci\u00f3n de contacto como su direcci\u00f3n de correo electr\u00f3nica e informaci\u00f3n demogr\u00e1fica. As\u00ed mismo cuando sea necesario podr\u00e1 ser requerida informaci\u00f3n espec\u00edfica para procesar alg\u00fan pedido o realizar una entrega o facturaci\u00f3n.<\/p>\t\t\t\t\t\t\t\t<\/div>\n\t\t\t\t<div class=\"elementor-element elementor-element-ce9475c elementor-widget elementor-widget-text-editor\" data-id=\"ce9475c\" data-element_type=\"widget\" data-e-type=\"widget\" data-widget_type=\"text-editor.default\">\n\t\t\t\t\t\t\t\t\t<p><strong>Use of information collected<\/strong><\/p>\t\t\t\t\t\t\t\t<\/div>\n\t\t\t\t<div class=\"elementor-element elementor-element-3ccd6c2 elementor-widget elementor-widget-text-editor\" data-id=\"3ccd6c2\" data-element_type=\"widget\" data-e-type=\"widget\" data-widget_type=\"text-editor.default\">\n\t\t\t\t\t\t\t\t\t<p>Our website uses the information in order to provide the best possible service, particularly to keep track of users, to keep track of orders if applicable, and to improve our products and services.  We may periodically send e-mails through our site with special offers, new products and other promotional information that we think may be relevant to you or may be of benefit to you, these e-mails will be sent to the address you provide and may be unsubscribed from at any time.<br \/><br \/><strong>EXCURSIONS IN USHUAIA<\/strong> est\u00e1 altamente comprometido para cumplir con el compromiso de mantener su informaci\u00f3n segura. Usamos los sistemas m\u00e1s avanzados y los actualizamos constantemente para asegurarnos que no exista ning\u00fan acceso no autorizado.<\/p>\t\t\t\t\t\t\t\t<\/div>\n\t\t\t\t<div class=\"elementor-element elementor-element-eaced43 elementor-widget elementor-widget-text-editor\" data-id=\"eaced43\" data-element_type=\"widget\" data-e-type=\"widget\" data-widget_type=\"text-editor.default\">\n\t\t\t\t\t\t\t\t\t<p><strong>Cookies<\/strong><\/p>\t\t\t\t\t\t\t\t<\/div>\n\t\t\t\t<div class=\"elementor-element elementor-element-c8524e3 elementor-widget elementor-widget-text-editor\" data-id=\"c8524e3\" data-element_type=\"widget\" data-e-type=\"widget\" data-widget_type=\"text-editor.default\">\n\t\t\t\t\t\t\t\t\t<p>A cookie refers to a file that is sent with the purpose of requesting permission to be stored on your computer, by accepting this file is created and the cookie is then used to have information regarding web traffic, and also facilitates future visits to a recurring website. Another function that cookies have is that with them the web can recognize you individually and therefore provide you with the best personalized service on its website.<\/p>\n<br>\n<p>Nuestro sitio web emplea las  cookies para poder identificar las p\u00e1ginas que son visitadas y su  frecuencia. <strong><em>Esta informaci\u00f3n es empleada \u00fanicamente para an\u00e1lisis  estad\u00edstico y despu\u00e9s la informaci\u00f3n se elimina de forma permanente.<\/em><\/strong>  Usted puede eliminar las cookies en cualquier momento desde su  ordenador. Sin embargo las cookies ayudan a proporcionar un mejor  servicio de los sitios web, est\u00e1s no dan acceso a informaci\u00f3n de su  ordenador ni de usted, a menos de que usted as\u00ed lo quiera y la  proporcione directamente\u00a0. Usted puede aceptar o negar el uso de  cookies, sin embargo la mayor\u00eda de navegadores aceptan cookies  autom\u00e1ticamente pues sirve para tener un mejor servicio web. Tambi\u00e9n  usted puede cambiar la configuraci\u00f3n de su ordenador para declinar las  cookies. Si se declinan es posible que no pueda utilizar algunos de  nuestros servicios.<\/p>\t\t\t\t\t\t\t\t<\/div>\n\t\t\t\t<div class=\"elementor-element elementor-element-8653416 elementor-widget elementor-widget-text-editor\" data-id=\"8653416\" data-element_type=\"widget\" data-e-type=\"widget\" data-widget_type=\"text-editor.default\">\n\t\t\t\t\t\t\t\t\t<p><strong>Links to Third Parties<\/strong><\/p>\t\t\t\t\t\t\t\t<\/div>\n\t\t\t\t<div class=\"elementor-element elementor-element-1666d4e elementor-widget elementor-widget-text-editor\" data-id=\"1666d4e\" data-element_type=\"widget\" data-e-type=\"widget\" data-widget_type=\"text-editor.default\">\n\t\t\t\t\t\t\t\t\t<p>Este sitio web pudiera contener enlaces a otros sitios que pudieran ser de su inter\u00e9s. Una vez que usted de clic en estos enlaces y abandone nuestra p\u00e1gina, ya no tenemos control sobre al sitio al que es redirigido y por lo tanto no somos responsables de los <a href=\"https:\/\/excursionesenushuaia.com\/en\/politica-de-privacidad\/\">terms or privacy<\/a> or the protection of your data on those other third party sites. These sites are subject to their own privacy policies and we recommend that you consult them to confirm that you agree with them.<\/p>\t\t\t\t\t\t\t\t<\/div>\n\t\t\t\t<div class=\"elementor-element elementor-element-384c851 elementor-widget elementor-widget-text-editor\" data-id=\"384c851\" data-element_type=\"widget\" data-e-type=\"widget\" data-widget_type=\"text-editor.default\">\n\t\t\t\t\t\t\t\t\t<p><strong>Control of your personal information<\/strong><\/p>\t\t\t\t\t\t\t\t<\/div>\n\t\t\t\t<div class=\"elementor-element elementor-element-4b91cb7 elementor-widget elementor-widget-text-editor\" data-id=\"4b91cb7\" data-element_type=\"widget\" data-e-type=\"widget\" data-widget_type=\"text-editor.default\">\n\t\t\t\t\t\t\t\t\t<p>En cualquier momento usted puede restringir la recopilaci\u00f3n o el uso de la informaci\u00f3n personal que es proporcionada a nuestro sitio web. Cada vez que se le solicite rellenar un formulario, como el de alta de usuario, puede marcar o desmarcar la opci\u00f3n de recibir informaci\u00f3n por correo electr\u00f3nico. \u00a0En caso de que haya marcado la opci\u00f3n de recibir nuestro bolet\u00edn o publicidad usted puede cancelarla en cualquier momento.<\/p>\n<br>\n<p>This company will not sell, give away or distribute the personal information that is collected without your consent, unless required by a judge with a court order.<\/p>\n<br>\n<p><strong>EXCURSIONS IN USHUAIA<\/strong> We reserve the right to change the terms of this Privacy Policy at any time.<\/p>\t\t\t\t\t\t\t\t<\/div>\n\t\t\t\t<\/div>\n\t\t<div class=\"elementor-element elementor-element-738c928 e-flex e-con-boxed e-con e-parent\" data-id=\"738c928\" data-element_type=\"container\" data-e-type=\"container\" data-settings=\"{&quot;background_background&quot;:&quot;classic&quot;}\">\n\t\t\t\t\t<div class=\"e-con-inner\">\n\t\t\t\t<div class=\"elementor-element elementor-element-cb8e0f6 elementor-widget elementor-widget-heading\" data-id=\"cb8e0f6\" data-element_type=\"widget\" data-e-type=\"widget\" data-widget_type=\"heading.default\">\n\t\t\t\t\t<p class=\"elementor-heading-title elementor-size-default\">The End of the World is just the beginning\u2026 of YOUR story.<br>Let's talk!<\/p>\t\t\t\t<\/div>\n\t\t\t\t<div class=\"elementor-element elementor-element-587d2bc elementor-widget elementor-widget-heading\" data-id=\"587d2bc\" data-element_type=\"widget\" data-e-type=\"widget\" data-widget_type=\"heading.default\">\n\t\t\t\t\t<p class=\"elementor-heading-title elementor-size-default\">Questions? We're available from 8 AM to midnight.<\/p>\t\t\t\t<\/div>\n\t\t\t\t<div class=\"elementor-element elementor-element-fe81ced elementor-align-center elementor-widget elementor-widget-button\" data-id=\"fe81ced\" data-element_type=\"widget\" data-e-type=\"widget\" data-widget_type=\"button.default\">\n\t\t\t\t\t\t\t\t\t\t<a class=\"elementor-button elementor-button-link elementor-size-sm elementor-animation-shrink\" href=\"https:\/\/wa.me\/5492901612142\" target=\"_blank\" rel=\"noopener\">\n\t\t\t\t\t\t<span class=\"elementor-button-content-wrapper\">\n\t\t\t\t\t\t<span class=\"elementor-button-icon\">\n\t\t\t\t<svg aria-hidden=\"true\" class=\"e-font-icon-svg e-fab-whatsapp\" viewbox=\"0 0 448 512\" xmlns=\"http:\/\/www.w3.org\/2000\/svg\"><path d=\"M380.9 97.1C339 55.1 283.2 32 223.9 32c-122.4 0-222 99.6-222 222 0 39.1 10.2 77.3 29.6 111L0 480l117.7-30.9c32.4 17.7 68.9 27 106.1 27h.1c122.3 0 224.1-99.6 224.1-222 0-59.3-25.2-115-67.1-157zm-157 341.6c-33.2 0-65.7-8.9-94-25.7l-6.7-4-69.8 18.3L72 359.2l-4.4-7c-18.5-29.4-28.2-63.3-28.2-98.2 0-101.7 82.8-184.5 184.6-184.5 49.3 0 95.6 19.2 130.4 54.1 34.8 34.9 56.2 81.2 56.1 130.5 0 101.8-84.9 184.6-186.6 184.6zm101.2-138.2c-5.5-2.8-32.8-16.2-37.9-18-5.1-1.9-8.8-2.8-12.5 2.8-3.7 5.6-14.3 18-17.6 21.8-3.2 3.7-6.5 4.2-12 1.4-32.6-16.3-54-29.1-75.5-66-5.7-9.8 5.7-9.1 16.3-30.3 1.8-3.7.9-6.9-.5-9.7-1.4-2.8-12.5-30.1-17.1-41.2-4.5-10.8-9.1-9.3-12.5-9.5-3.2-.2-6.9-.2-10.6-.2-3.7 0-9.7 1.4-14.8 6.9-5.1 5.6-19.4 19-19.4 46.3 0 27.3 19.9 53.7 22.6 57.4 2.8 3.7 39.1 59.7 94.8 83.8 35.2 15.2 49 16.5 66.6 13.9 10.7-1.6 32.8-13.4 37.4-26.4 4.6-13 4.6-24.1 3.2-26.4-1.3-2.5-5-3.9-10.5-6.6z\"><\/path><\/svg>\t\t\t<\/span>\n\t\t\t\t\t\t\t\t\t<span class=\"elementor-button-text\">Contact via WhatsApp<\/span>\n\t\t\t\t\t<\/span>\n\t\t\t\t\t<\/a>\n\t\t\t\t\t\t\t\t<\/div>\n\t\t\t\t\t<\/div>\n\t\t\t\t<\/div>\n\t\t\t\t<\/div>","protected":false},"excerpt":{"rendered":"<p>Pol\u00edtica de Privacidad La presente Pol\u00edtica de Privacidad establece los t\u00e9rminos en que\u00a0EXCURSIONES EN USHUAIA\u00a0usa y protege la informaci\u00f3n que es proporcionada por sus usuarios al momento de utilizar el sitio web:\u00a0https:\/\/excursionesenushuaia.com. Esta compa\u00f1\u00eda est\u00e1 comprometida con la seguridad de los datos de sus usuarios. Cuando le pedimos llenar los campos de informaci\u00f3n personal con [&hellip;]<\/p>\n","protected":false},"author":1,"featured_media":0,"parent":0,"menu_order":0,"comment_status":"closed","ping_status":"closed","template":"","meta":{"_acf_changed":false,"_joinchat":[],"footnotes":""},"class_list":["post-958","page","type-page","status-publish","hentry"],"acf":[],"_links":{"self":[{"href":"https:\/\/excursionesenushuaia.com\/en\/wp-json\/wp\/v2\/pages\/958","targetHints":{"allow":["GET"]}}],"collection":[{"href":"https:\/\/excursionesenushuaia.com\/en\/wp-json\/wp\/v2\/pages"}],"about":[{"href":"https:\/\/excursionesenushuaia.com\/en\/wp-json\/wp\/v2\/types\/page"}],"author":[{"embeddable":true,"href":"https:\/\/excursionesenushuaia.com\/en\/wp-json\/wp\/v2\/users\/1"}],"replies":[{"embeddable":true,"href":"https:\/\/excursionesenushuaia.com\/en\/wp-json\/wp\/v2\/comments?post=958"}],"version-history":[{"count":10,"href":"https:\/\/excursionesenushuaia.com\/en\/wp-json\/wp\/v2\/pages\/958\/revisions"}],"predecessor-version":[{"id":47240,"href":"https:\/\/excursionesenushuaia.com\/en\/wp-json\/wp\/v2\/pages\/958\/revisions\/47240"}],"wp:attachment":[{"href":"https:\/\/excursionesenushuaia.com\/en\/wp-json\/wp\/v2\/media?parent=958"}],"curies":[{"name":"wp","href":"https:\/\/api.w.org\/{rel}","templated":true}]}}