{"id":963,"date":"2021-12-29T14:29:28","date_gmt":"2021-12-29T14:29:28","guid":{"rendered":"https:\/\/excursionesenushuaia.com\/?page_id=963"},"modified":"2026-01-24T12:22:44","modified_gmt":"2026-01-24T15:22:44","slug":"politica-de-cookies","status":"publish","type":"page","link":"https:\/\/excursionesenushuaia.com\/en\/politica-de-cookies\/","title":{"rendered":"Cookie Policy"},"content":{"rendered":"<div data-elementor-type=\"wp-page\" data-elementor-id=\"963\" class=\"elementor elementor-963\" data-elementor-post-type=\"page\">\n\t\t\t\t\t\t<section class=\"elementor-section elementor-top-section elementor-element elementor-element-9cad928 elementor-section-height-min-height elementor-hidden-desktop elementor-hidden-laptop elementor-hidden-tablet elementor-hidden-mobile elementor-section-boxed elementor-section-height-default elementor-section-items-middle\" data-id=\"9cad928\" data-element_type=\"section\" data-e-type=\"section\" data-settings=\"{&quot;background_background&quot;:&quot;classic&quot;}\">\n\t\t\t\t\t\t<div class=\"elementor-container elementor-column-gap-default\">\n\t\t\t\t\t<div class=\"elementor-column elementor-col-100 elementor-top-column elementor-element elementor-element-6260c5e\" data-id=\"6260c5e\" data-element_type=\"column\" data-e-type=\"column\">\n\t\t\t<div class=\"elementor-widget-wrap elementor-element-populated\">\n\t\t\t\t\t\t<div class=\"elementor-element elementor-element-a3aff68 elementor-widget elementor-widget-heading\" data-id=\"a3aff68\" data-element_type=\"widget\" data-e-type=\"widget\" data-widget_type=\"heading.default\">\n\t\t\t\t\t<h1 class=\"elementor-heading-title elementor-size-default\">Pol\u00edticas de Cookies | Excursiones en Ushuaia<\/h1>\t\t\t\t<\/div>\n\t\t\t\t\t<\/div>\n\t\t<\/div>\n\t\t\t\t\t<\/div>\n\t\t<\/section>\n\t\t\t\t<section class=\"elementor-section elementor-top-section elementor-element elementor-element-d29eeb4 elementor-hidden-desktop elementor-hidden-laptop elementor-hidden-tablet elementor-hidden-mobile elementor-section-boxed elementor-section-height-default elementor-section-height-default\" data-id=\"d29eeb4\" data-element_type=\"section\" data-e-type=\"section\">\n\t\t\t\t\t\t<div class=\"elementor-container elementor-column-gap-default\">\n\t\t\t\t\t<div class=\"elementor-column elementor-col-100 elementor-top-column elementor-element elementor-element-37ffad2\" data-id=\"37ffad2\" data-element_type=\"column\" data-e-type=\"column\">\n\t\t\t<div class=\"elementor-widget-wrap elementor-element-populated\">\n\t\t\t\t\t\t<div class=\"elementor-element elementor-element-d488057 elementor-widget elementor-widget-woocommerce-breadcrumb\" data-id=\"d488057\" data-element_type=\"widget\" data-e-type=\"widget\" data-widget_type=\"woocommerce-breadcrumb.default\">\n\t\t\t\t\t<nav class=\"woocommerce-breadcrumb\" aria-label=\"Breadcrumb\" data-no-translation=\"\" data-trp-gettext=\"\">Home<\/nav>\t\t\t\t<\/div>\n\t\t\t\t<div class=\"elementor-element elementor-element-13064c9 elementor-widget elementor-widget-spacer\" data-id=\"13064c9\" data-element_type=\"widget\" data-e-type=\"widget\" data-widget_type=\"spacer.default\">\n\t\t\t\t\t\t\t<div class=\"elementor-spacer\">\n\t\t\t<div class=\"elementor-spacer-inner\"><\/div>\n\t\t<\/div>\n\t\t\t\t\t\t<\/div>\n\t\t\t\t<div class=\"elementor-element elementor-element-452794d elementor-widget elementor-widget-heading\" data-id=\"452794d\" data-element_type=\"widget\" data-e-type=\"widget\" data-widget_type=\"heading.default\">\n\t\t\t\t\t<p class=\"elementor-heading-title elementor-size-default\">Cookies Policy<\/p>\t\t\t\t<\/div>\n\t\t\t\t<div class=\"elementor-element elementor-element-5e7f621 elementor-widget elementor-widget-spacer\" data-id=\"5e7f621\" data-element_type=\"widget\" data-e-type=\"widget\" data-widget_type=\"spacer.default\">\n\t\t\t\t\t\t\t<div class=\"elementor-spacer\">\n\t\t\t<div class=\"elementor-spacer-inner\"><\/div>\n\t\t<\/div>\n\t\t\t\t\t\t<\/div>\n\t\t\t\t<div class=\"elementor-element elementor-element-af5e5cf elementor-widget elementor-widget-text-editor\" data-id=\"af5e5cf\" data-element_type=\"widget\" data-e-type=\"widget\" data-widget_type=\"text-editor.default\">\n\t\t\t\t\t\t\t\t\t<p><\/p>\n<p><strong>EXCURSIONS IN USHUAIA<\/strong>\u00a0 informs about the use of cookies on its website: <a href=\"https:\/\/excursionesenushuaia.com\/en\/\"><em><strong>www.excursionesenushuaia.com<\/strong><\/em><\/a><\/p>\n<p> <\/p>\n<p>\u00a0<\/p>\n<ul class=\"wp-block-list\">\n<li>What are cookies?<\/li>\n<\/ul>\n<p> <\/p>\n<p>\u00a0<\/p>\n<p>Cookies are files that can be downloaded to your computer through web pages. They are tools that play an essential role in the provision of many services of the information society. Among others, they allow a website to store and retrieve information about the browsing habits of a user or their equipment and, depending on the information obtained, they can be used to recognize the user and improve the service offered.<\/p>\n<p> <\/p>\n<p>\u00a0<\/p>\n<ul class=\"wp-block-list\">\n<li>Types of cookies<\/li>\n<\/ul>\n<p> <\/p>\n<p>\u00a0<\/p>\n<p>Depending on who is the entity that manages the domain from which the cookies are sent and treats the data obtained, two types can be distinguished:<br \/><strong>\u00a0<\/strong><\/p>\n<p><strong>1.- Own Cookies:<\/strong> those that are sent to the user's terminal equipment from a computer or domain managed by the publisher itself and from which the service requested by the user is provided.<br \/><strong>2.- Third-party cookies:<\/strong> those that are sent to the user's terminal equipment from a computer or domain that is not managed by the editor, but by another entity that processes the data obtained through the cookies.<br \/>In the event that cookies are installed from a computer or domain managed by the editor itself but the information collected through these is managed by a third party, they cannot be considered as own cookies.<\/p>\n<p>\u00a0<\/p>\n<p>There is also a second classification according to the length of time that they remain stored in the client's browser:<\/p>\n<p><br \/><strong>1.- Session Cookies:<\/strong> designed to collect and store data while the<br \/>user accesses a web page. They are usually used to store information that only needs to be kept for the provision of the service requested by the user on a single occasion (e.g. a list of products purchased).<br \/><strong>Persistent Cookies:<\/strong> the data remains stored in the terminal and can be accessed and processed for a period defined by the cookie owner, which can range from a few minutes to several years.<\/p>\n<p>\u00a0<\/p>\n<p>Finally, there is another classification according to the purpose for which the data obtained are processed:<\/p>\n<p><br \/><strong>1.- Technical Cookies:<\/strong> those that allow the user to navigate through a website, platform or application and the use of the different options or services that exist in it as, for example, control traffic and data communication, identify the session, access restricted access parts, remember the elements that make up an order, make the buying process of an order, make the application for registration or participation in an event, use security features while browsing, store content for broadcast video or sound or share content through social networks.<br \/><strong>2.- Personalization Cookies:<\/strong> allow the user to access the service with some general characteristics predefined according to a series of criteria in the user's terminal, such as the language, the type of browser through which the user accesses the service, the regional configuration from which the user accesses the service, etc.<br \/><strong>3.- Analysis Cookies:<\/strong> allow the responsible for them, monitoring and analyzing the behavior of users of the websites to which they are linked. The information collected through this type of cookies is used to measure the activity of the websites, application or platform and for the elaboration of browsing profiles of the users of these sites, applications and platforms, in order to introduce improvements based on the analysis of the usage data of the users of the service.<br \/><strong>4.- Advertising Cookies:<\/strong> allow the management of advertising space in the most efficient way possible.<br \/><strong>5.- Behavioral advertising cookies:<\/strong> store information on user behavior obtained through the continuous observation of their browsing habits, which allows the development of a specific profile to display advertising based on the same.<br \/><strong>6.- Cookies from external social networks:<\/strong> are used so that visitors can interact with the content of different social platforms (facebook, youtube, twitter, linkedIn, etc.) and are generated only for users of these social networks. The conditions of use of these cookies and the<br \/>information collected is governed by the privacy policy of the relevant social platform.<\/p>\n<p> <\/p>\n<p>\u00a0<\/p>\n<ul class=\"wp-block-list\">\n<li>Disabling and deleting cookies<\/li>\n<\/ul>\n<p> <\/p>\n<p>\u00a0<\/p>\n<p>You have the option to allow, block or delete cookies installed on your computer by configuring the browser options installed on your computer. By disabling cookies, some of the services available may no longer be operational. The way to disable cookies is different for each browser, but can usually be done from the Tools or Options menu. You can also consult the browser's Help menu where you can find instructions. You may at any time choose which cookies you want to operate on this website. You can allow, block or delete cookies installed on your computer by configuring the browser options installed on your computer:<\/p>\n<p>\u00a0<\/p>\n<p> <\/p>\n<p style=\"padding-left: 40px\">Microsoft Internet Explorer or Microsoft Edge: http:\/\/windows.microsoft.com\/eses\/windows-vista\/Block-or-allow-cookies<\/p>\n<p style=\"padding-left: 40px\"> <\/p>\n<p style=\"padding-left: 40px\">Mozilla Firefox: http:\/\/support.mozilla.org\/es\/kb\/impedir-que-los-sitios-webguarden-sus-preferencia<\/p>\n<p style=\"padding-left: 40px\"> <\/p>\n<p style=\"padding-left: 40px\">Chrome: https:\/\/support.google.com\/accounts\/answer\/61416?hl=es<\/p>\n<p style=\"padding-left: 40px\"> <\/p>\n<p style=\"padding-left: 40px\">Safari: http:\/\/safari.helpmax.net\/es\/privacidad-y-seguridad\/como-gestionar-lascookies\/<\/p>\n<p style=\"padding-left: 40px\"> <\/p>\n<p style=\"padding-left: 40px\">Opera: http:\/\/help.opera.com\/Linux\/10.60\/es-ES\/cookies.html<\/p>\n<p style=\"padding-left: 40px\"> <\/p>\n<p style=\"padding-left: 40px\">\u00a0<\/p>\n<p> <\/p>\n<ul class=\"wp-block-list\">\n<li>Acceptance of Cookies Policy<\/li>\n<\/ul>\n<p> <\/p>\n<p>\u00a0<\/p>\n<p>www.excursionesenushuaia.com assumes that you accept the use of cookies. However, it displays information about its Cookie Policy at the bottom or top of any page of the portal with each login in order to make you aware of this information you may take the following actions:<\/p>\n<p style=\"padding-left: 40px\"><br \/>Accept cookies. This warning will not be displayed again when accessing any page of the portal during the current session.<br \/>Close. The warning is hidden on this page.<br \/>Modify your settings. You can obtain more information about what cookies are, know the Cookies Policy of www.excursionesenushuaia.com and modify the configuration of your browser.<\/p>\n<p> <\/p>\n<p>\u00a0<\/p>\n<p><\/p>\t\t\t\t\t\t\t\t<\/div>\n\t\t\t\t<div class=\"elementor-element elementor-element-60680cd elementor-widget elementor-widget-spacer\" data-id=\"60680cd\" data-element_type=\"widget\" data-e-type=\"widget\" data-widget_type=\"spacer.default\">\n\t\t\t\t\t\t\t<div class=\"elementor-spacer\">\n\t\t\t<div class=\"elementor-spacer-inner\"><\/div>\n\t\t<\/div>\n\t\t\t\t\t\t<\/div>\n\t\t\t\t\t<\/div>\n\t\t<\/div>\n\t\t\t\t\t<\/div>\n\t\t<\/section>\n\t\t<div class=\"elementor-element elementor-element-682c93d e-con-full e-flex e-con e-parent\" data-id=\"682c93d\" data-element_type=\"container\" data-e-type=\"container\" data-settings=\"{&quot;background_background&quot;:&quot;classic&quot;}\">\n\t\t\t\t<div class=\"elementor-element elementor-element-b50a5ac elementor-widget elementor-widget-heading\" data-id=\"b50a5ac\" data-element_type=\"widget\" data-e-type=\"widget\" data-widget_type=\"heading.default\">\n\t\t\t\t\t<h1 class=\"elementor-heading-title elementor-size-default\">Cookie Policy<\/h1>\t\t\t\t<\/div>\n\t\t\t\t<\/div>\n\t\t<div class=\"elementor-element elementor-element-95bdd8f e-con-full e-flex e-con e-parent\" data-id=\"95bdd8f\" data-element_type=\"container\" data-e-type=\"container\">\n\t\t\t\t<div class=\"elementor-element elementor-element-c181d89 elementor-widget elementor-widget-heading\" data-id=\"c181d89\" data-element_type=\"widget\" data-e-type=\"widget\" data-widget_type=\"heading.default\">\n\t\t\t\t\t<h3 class=\"elementor-heading-title elementor-size-default\">EXCURSIONES EN USHUAIA informa acerca del uso de las cookies en su <a href=\"\/en\/www.excursionesenushuaia.com\/\">p\u00e1gina web<\/a><\/h3>\t\t\t\t<\/div>\n\t\t\t\t<div class=\"elementor-element elementor-element-7786b51 elementor-widget elementor-widget-text-editor\" data-id=\"7786b51\" data-element_type=\"widget\" data-e-type=\"widget\" data-widget_type=\"text-editor.default\">\n\t\t\t\t\t\t\t\t\t<p>\ud83c\udf6a <strong>What are cookies?<\/strong><\/p>\t\t\t\t\t\t\t\t<\/div>\n\t\t\t\t<div class=\"elementor-element elementor-element-a6ced3c elementor-widget elementor-widget-text-editor\" data-id=\"a6ced3c\" data-element_type=\"widget\" data-e-type=\"widget\" data-widget_type=\"text-editor.default\">\n\t\t\t\t\t\t\t\t\t<p>Cookies are files that can be downloaded to your computer through web pages. They are tools that play an essential role in the provision of many services of the information society. Among others, they allow a website to store and retrieve information about the browsing habits of a user or their equipment and, depending on the information obtained, they can be used to recognize the user and improve the service offered.<\/p>\n<p><!-- \/wp:paragraph --><\/p>\t\t\t\t\t\t\t\t<\/div>\n\t\t\t\t<div class=\"elementor-element elementor-element-d9ccd49 elementor-widget elementor-widget-text-editor\" data-id=\"d9ccd49\" data-element_type=\"widget\" data-e-type=\"widget\" data-widget_type=\"text-editor.default\">\n\t\t\t\t\t\t\t\t\t<p>\ud83c\udf6a <strong>Types of cookies<\/strong><\/p>\t\t\t\t\t\t\t\t<\/div>\n\t\t\t\t<div class=\"elementor-element elementor-element-6712c4e elementor-widget elementor-widget-text-editor\" data-id=\"6712c4e\" data-element_type=\"widget\" data-e-type=\"widget\" data-widget_type=\"text-editor.default\">\n\t\t\t\t\t\t\t\t\t<p>Depending on who is the entity that manages the domain from which the cookies are sent and treats the data obtained, two types can be distinguished:<\/p>\n<p>&nbsp;<\/p>\n<ol>\n<p><strong>1.- Own Cookies:<\/strong> those that are sent to the user's terminal equipment from a computer or domain managed by the publisher itself and from which the service requested by the user is provided.<br \/><strong><br \/>2.- Third-party cookies:<\/strong> those that are sent to the user's terminal equipment from a computer or domain that is not managed by the editor, but by another entity that processes the data obtained through the cookies.<br \/>In the event that cookies are installed from a computer or domain managed by the editor itself but the information collected through these is managed by a third party, they cannot be considered as own cookies.<\/p>\n<\/ol>\n<p>&nbsp;<\/p>\n<p>There is also a second classification according to the length of time that they remain stored in the client's browser:<\/p>\n<p>&nbsp;<\/p>\n<ol>\n<p><strong>1.- Session Cookies:<\/strong> designed to collect and store data while the<br \/>user accesses a web page. They are usually used to store information that only needs to be kept for the provision of the service requested by the user on a single occasion (e.g. a list of products purchased).<br \/><strong><br \/>Persistent Cookies:<\/strong> the data remains stored in the terminal and can be accessed and processed for a period defined by the cookie owner, which can range from a few minutes to several years.<\/p>\n<\/ol>\n<p>&nbsp;<\/p>\n<p>Finally, there is another classification according to the purpose for which the data obtained are processed:<\/p>\n<p>&nbsp;<\/p>\n<ol>\n<p><strong>1.- Technical Cookies:<\/strong> those that allow the user to navigate through a website, platform or application and the use of the different options or services that exist in it as, for example, control traffic and data communication, identify the session, access restricted access parts, remember the elements that make up an order, make the buying process of an order, make the application for registration or participation in an event, use security features while browsing, store content for broadcast video or sound or share content through social networks.<br \/><strong><br \/>2.- Personalization Cookies:<\/strong> allow the user to access the service with some general characteristics predefined according to a series of criteria in the user's terminal, such as the language, the type of browser through which the user accesses the service, the regional configuration from which the user accesses the service, etc.<br \/><strong><br \/>3.- Analysis Cookies:<\/strong> allow the responsible for them, monitoring and analyzing the behavior of users of the websites to which they are linked. The information collected through this type of cookies is used to measure the activity of the websites, application or platform and for the elaboration of browsing profiles of the users of these sites, applications and platforms, in order to introduce improvements based on the analysis of the usage data of the users of the service.<br \/><strong><br \/>4.- Advertising Cookies:<\/strong> allow the management of advertising space in the most efficient way possible.<br \/><strong><br \/>5.- Behavioral advertising cookies:<\/strong> store information on user behavior obtained through the continuous observation of their browsing habits, which allows the development of a specific profile to display advertising based on the same.<br \/><strong><br \/>6.- Cookies from external social networks:<\/strong> are used so that visitors can interact with the content of different social platforms (facebook, youtube, twitter, linkedIn, etc.) and are generated only for users of these social networks. The conditions of use of these cookies and the<br \/>information collected is governed by the privacy policy of the relevant social platform.<\/p>\n<\/ol>\t\t\t\t\t\t\t\t<\/div>\n\t\t\t\t<div class=\"elementor-element elementor-element-29dc3fe elementor-widget elementor-widget-text-editor\" data-id=\"29dc3fe\" data-element_type=\"widget\" data-e-type=\"widget\" data-widget_type=\"text-editor.default\">\n\t\t\t\t\t\t\t\t\t<p>\ud83c\udf6a <strong>Disabling and deleting cookies<\/strong><\/p>\t\t\t\t\t\t\t\t<\/div>\n\t\t\t\t<div class=\"elementor-element elementor-element-92d152e elementor-widget elementor-widget-text-editor\" data-id=\"92d152e\" data-element_type=\"widget\" data-e-type=\"widget\" data-widget_type=\"text-editor.default\">\n\t\t\t\t\t\t\t\t\t<p>Tienes la opci\u00f3n de <strong>permitir<\/strong>, <strong>bloquear<\/strong> or <strong>eliminar<\/strong> las cookies instaladas en tu equipo mediante la configuraci\u00f3n de las opciones del navegador instalado en su equipo. Al desactivar cookies, algunos de los servicios disponibles podr\u00edan dejar de estar operativos. La forma de deshabilitar las cookies es diferente para cada navegador, pero normalmente puede hacerse desde el men\u00fa Herramientas u Opciones. Tambi\u00e9n puede consultarse el men\u00fa de Ayuda del navegador d\u00f3nde puedes encontrar instrucciones. El usuario podr\u00e1 en cualquier momento elegir qu\u00e9 cookies quiere que funcionen en este sitio web. Puede usted permitir, bloquear o eliminar las cookies instaladas en su equipo mediante la configuraci\u00f3n de las opciones del navegador instalado en su ordenador:<\/p>\n<p>&nbsp;<\/p>\n<ul>\n<p><strong>&#8211; Internet Explorer \/ Microsoft Edge:<\/strong> <a href=\"http:\/\/windows.microsoft.com\/eses\/windows-vista\/Block-or-allow-cookies\" target=\"_blank\" rel=\"noopener\">Ver instrucciones \u2192<\/a><\/p>\n<p>&nbsp;<\/p>\n<p><strong>&#8211; Mozilla Firefox:<\/strong> <a href=\"http:\/\/support.mozilla.org\/es\/kb\/impedir-que-los-sitios-webguarden-sus-preferencia\" target=\"_blank\" rel=\"noopener\">Ver instrucciones \u2192<\/a><\/p>\n<p>&nbsp;<\/p>\n<p><strong>&#8211; Chrome:<\/strong> <a href=\"https:\/\/support.google.com\/accounts\/answer\/61416?hl=es\" target=\"_blank\" rel=\"noopener\">Ver instrucciones \u2192<\/a><\/p>\n<p>&nbsp;<\/p>\n<p><strong>&#8211; Safari:<\/strong> <a href=\"http:\/\/safari.helpmax.net\/es\/privacidad-y-seguridad\/como-gestionar-lascookies\/\" target=\"_blank\" rel=\"noopener\">Ver instrucciones \u2192<\/a><\/p>\n<p>&nbsp;<\/p>\n<p><strong>&#8211; Opera:<\/strong> <a href=\"http:\/\/help.opera.com\/Linux\/10.60\/es-ES\/cookies.html\" target=\"_blank\" rel=\"noopener\">Ver instrucciones \u2192<\/a><\/p>\n<\/ul>\t\t\t\t\t\t\t\t<\/div>\n\t\t\t\t<div class=\"elementor-element elementor-element-9034ad9 elementor-widget elementor-widget-text-editor\" data-id=\"9034ad9\" data-element_type=\"widget\" data-e-type=\"widget\" data-widget_type=\"text-editor.default\">\n\t\t\t\t\t\t\t\t\t<p>\ud83c\udf6a <strong>Acceptance of Cookies Policy<\/strong><\/p>\t\t\t\t\t\t\t\t<\/div>\n\t\t\t\t<div class=\"elementor-element elementor-element-44aaf45 elementor-widget elementor-widget-text-editor\" data-id=\"44aaf45\" data-element_type=\"widget\" data-e-type=\"widget\" data-widget_type=\"text-editor.default\">\n\t\t\t\t\t\t\t\t\t<p><strong>www.excursionesenushuaia.com<\/strong> asume que usted acepta el uso de cookies. No obstante, muestra informaci\u00f3n sobre su Pol\u00edtica de cookies en la parte inferior o superior de cualquier p\u00e1gina del portal con cada inicio de sesi\u00f3n con el objeto de que usted sea consciente Ante esta informaci\u00f3n es posible llevar a cabo las siguientes acciones:<\/p>\n<p>&nbsp;<\/p>\n<ul>\n<p><strong>&#8211; Aceptar cookies.<\/strong> No se volver\u00e1 a visualizar este aviso al acceder a cualquier p\u00e1gina del portal durante la presente sesi\u00f3n.<br><br>\n<strong>&#8211; Cerrar.<\/strong> Se oculta el aviso en la presente p\u00e1gina.<br><br>\n<strong>&#8211; Modificar su configuraci\u00f3n.<\/strong> Podr\u00e1 obtener m\u00e1s informaci\u00f3n sobre qu\u00e9 son las cookies, conocer la <strong>Cookie Policy<\/strong> of <strong>www.excursionesenushuaia.com<\/strong> y modificar la configuraci\u00f3n de su navegador.<\/p>\n<\/ul>\t\t\t\t\t\t\t\t<\/div>\n\t\t\t\t<\/div>\n\t\t<div class=\"elementor-element elementor-element-cf591d1 e-flex e-con-boxed e-con e-parent\" data-id=\"cf591d1\" data-element_type=\"container\" data-e-type=\"container\" data-settings=\"{&quot;background_background&quot;:&quot;classic&quot;}\">\n\t\t\t\t\t<div class=\"e-con-inner\">\n\t\t\t\t<div class=\"elementor-element elementor-element-998b3e8 elementor-widget elementor-widget-heading\" data-id=\"998b3e8\" data-element_type=\"widget\" data-e-type=\"widget\" data-widget_type=\"heading.default\">\n\t\t\t\t\t<p class=\"elementor-heading-title elementor-size-default\">The End of the World is just the beginning\u2026 of YOUR story.<br>Let's talk!<\/p>\t\t\t\t<\/div>\n\t\t\t\t<div class=\"elementor-element elementor-element-eb0b537 elementor-widget elementor-widget-heading\" data-id=\"eb0b537\" data-element_type=\"widget\" data-e-type=\"widget\" data-widget_type=\"heading.default\">\n\t\t\t\t\t<p class=\"elementor-heading-title elementor-size-default\">Questions? We're available from 8 AM to midnight.<\/p>\t\t\t\t<\/div>\n\t\t\t\t<div class=\"elementor-element elementor-element-2cf682b elementor-align-center elementor-widget elementor-widget-button\" data-id=\"2cf682b\" data-element_type=\"widget\" data-e-type=\"widget\" data-widget_type=\"button.default\">\n\t\t\t\t\t\t\t\t\t\t<a class=\"elementor-button elementor-button-link elementor-size-sm elementor-animation-shrink\" href=\"https:\/\/wa.me\/5492901612142\" target=\"_blank\" rel=\"noopener\">\n\t\t\t\t\t\t<span class=\"elementor-button-content-wrapper\">\n\t\t\t\t\t\t<span class=\"elementor-button-icon\">\n\t\t\t\t<svg aria-hidden=\"true\" class=\"e-font-icon-svg e-fab-whatsapp\" viewbox=\"0 0 448 512\" xmlns=\"http:\/\/www.w3.org\/2000\/svg\"><path d=\"M380.9 97.1C339 55.1 283.2 32 223.9 32c-122.4 0-222 99.6-222 222 0 39.1 10.2 77.3 29.6 111L0 480l117.7-30.9c32.4 17.7 68.9 27 106.1 27h.1c122.3 0 224.1-99.6 224.1-222 0-59.3-25.2-115-67.1-157zm-157 341.6c-33.2 0-65.7-8.9-94-25.7l-6.7-4-69.8 18.3L72 359.2l-4.4-7c-18.5-29.4-28.2-63.3-28.2-98.2 0-101.7 82.8-184.5 184.6-184.5 49.3 0 95.6 19.2 130.4 54.1 34.8 34.9 56.2 81.2 56.1 130.5 0 101.8-84.9 184.6-186.6 184.6zm101.2-138.2c-5.5-2.8-32.8-16.2-37.9-18-5.1-1.9-8.8-2.8-12.5 2.8-3.7 5.6-14.3 18-17.6 21.8-3.2 3.7-6.5 4.2-12 1.4-32.6-16.3-54-29.1-75.5-66-5.7-9.8 5.7-9.1 16.3-30.3 1.8-3.7.9-6.9-.5-9.7-1.4-2.8-12.5-30.1-17.1-41.2-4.5-10.8-9.1-9.3-12.5-9.5-3.2-.2-6.9-.2-10.6-.2-3.7 0-9.7 1.4-14.8 6.9-5.1 5.6-19.4 19-19.4 46.3 0 27.3 19.9 53.7 22.6 57.4 2.8 3.7 39.1 59.7 94.8 83.8 35.2 15.2 49 16.5 66.6 13.9 10.7-1.6 32.8-13.4 37.4-26.4 4.6-13 4.6-24.1 3.2-26.4-1.3-2.5-5-3.9-10.5-6.6z\"><\/path><\/svg>\t\t\t<\/span>\n\t\t\t\t\t\t\t\t\t<span class=\"elementor-button-text\">Contact via WhatsApp<\/span>\n\t\t\t\t\t<\/span>\n\t\t\t\t\t<\/a>\n\t\t\t\t\t\t\t\t<\/div>\n\t\t\t\t\t<\/div>\n\t\t\t\t<\/div>\n\t\t\t\t<\/div>","protected":false},"excerpt":{"rendered":"<p>Pol\u00edticas de Cookies | Excursiones en Ushuaia Pol\u00edtica de Cookies EXCURSIONES EN USHUAIA\u00a0 informa acerca del uso de las cookies en su p\u00e1gina web: www.excursionesenushuaia.com \u00a0 \u00bfQu\u00e9 son las cookies? \u00a0 Las cookies son archivos que se pueden descargar en su equipo a trav\u00e9s de las p\u00e1ginas web. Son herramientas que tienen un papel esencial [&hellip;]<\/p>\n","protected":false},"author":1,"featured_media":0,"parent":0,"menu_order":0,"comment_status":"closed","ping_status":"closed","template":"","meta":{"_acf_changed":false,"_joinchat":[],"footnotes":""},"class_list":["post-963","page","type-page","status-publish","hentry"],"acf":[],"_links":{"self":[{"href":"https:\/\/excursionesenushuaia.com\/en\/wp-json\/wp\/v2\/pages\/963","targetHints":{"allow":["GET"]}}],"collection":[{"href":"https:\/\/excursionesenushuaia.com\/en\/wp-json\/wp\/v2\/pages"}],"about":[{"href":"https:\/\/excursionesenushuaia.com\/en\/wp-json\/wp\/v2\/types\/page"}],"author":[{"embeddable":true,"href":"https:\/\/excursionesenushuaia.com\/en\/wp-json\/wp\/v2\/users\/1"}],"replies":[{"embeddable":true,"href":"https:\/\/excursionesenushuaia.com\/en\/wp-json\/wp\/v2\/comments?post=963"}],"version-history":[{"count":7,"href":"https:\/\/excursionesenushuaia.com\/en\/wp-json\/wp\/v2\/pages\/963\/revisions"}],"predecessor-version":[{"id":47234,"href":"https:\/\/excursionesenushuaia.com\/en\/wp-json\/wp\/v2\/pages\/963\/revisions\/47234"}],"wp:attachment":[{"href":"https:\/\/excursionesenushuaia.com\/en\/wp-json\/wp\/v2\/media?parent=963"}],"curies":[{"name":"wp","href":"https:\/\/api.w.org\/{rel}","templated":true}]}}