{"id":11032,"date":"2023-11-24T18:36:52","date_gmt":"2023-11-24T18:36:52","guid":{"rendered":"https:\/\/excursionesenushuaia.com\/?post_type=product&#038;p=11032"},"modified":"2026-03-05T10:23:56","modified_gmt":"2026-03-05T13:23:56","slug":"chalten-full-day","status":"publish","type":"product","link":"https:\/\/excursionesenushuaia.com\/en\/el-calafate\/chalten-full-day\/","title":{"rendered":"Full Day El Chalt\u00e8n"},"content":{"rendered":"<p>El Chalt\u00e9n Full Day es una excursi\u00f3n de d\u00eda completo que explora la ciudad de <strong>El Chalt\u00e9n<\/strong> starting from <strong>El Calafate<\/strong>. It includes stops and gentle walks at viewpoints, lunch at a restaurant and free time to explore the typical mountain village, all in company of a guide. It is perfect for those who want to discover <strong>El Chalt\u00e9n<\/strong> in a relaxed manner without intense physical requirements, while enjoying the impressive views of the hills that surround <strong>El Chalt\u00e8n<\/strong>, like the <strong>emblematic Mount Fitz Roy<\/strong> or the<strong> Cerro Monte<\/strong>.<\/p>\n<p>&nbsp;<\/p>","protected":false},"excerpt":{"rendered":"<p>El Chalt\u00e9n Full Day es una excursi\u00f3n de d\u00eda completo que explora la ciudad de El Chalt\u00e9n partiendo desde El Calafate. Incluye paradas y paseos suaves en miradores, comida en un restaurante y tiempo libre para explorar el t\u00edpico pueblo de monta\u00f1a, todo esto en compa\u00f1\u00eda de un gu\u00eda. Es perfecta para aquellos que desean [&hellip;]<\/p>\n","protected":false},"featured_media":23433,"comment_status":"open","ping_status":"closed","template":"","meta":{"_acf_changed":false,"_joinchat":[]},"product_brand":[],"product_cat":[558],"product_tag":[],"class_list":{"0":"post-11032","1":"product","2":"type-product","3":"status-publish","4":"has-post-thumbnail","6":"product_cat-el-calafate","8":"first","9":"instock","10":"virtual","11":"sold-individually","12":"purchasable","13":"product-type-turitop"},"acf":[],"_links":{"self":[{"href":"https:\/\/excursionesenushuaia.com\/en\/wp-json\/wp\/v2\/product\/11032","targetHints":{"allow":["GET"]}}],"collection":[{"href":"https:\/\/excursionesenushuaia.com\/en\/wp-json\/wp\/v2\/product"}],"about":[{"href":"https:\/\/excursionesenushuaia.com\/en\/wp-json\/wp\/v2\/types\/product"}],"replies":[{"embeddable":true,"href":"https:\/\/excursionesenushuaia.com\/en\/wp-json\/wp\/v2\/comments?post=11032"}],"version-history":[{"count":1,"href":"https:\/\/excursionesenushuaia.com\/en\/wp-json\/wp\/v2\/product\/11032\/revisions"}],"predecessor-version":[{"id":23002,"href":"https:\/\/excursionesenushuaia.com\/en\/wp-json\/wp\/v2\/product\/11032\/revisions\/23002"}],"wp:featuredmedia":[{"embeddable":true,"href":"https:\/\/excursionesenushuaia.com\/en\/wp-json\/wp\/v2\/media\/23433"}],"wp:attachment":[{"href":"https:\/\/excursionesenushuaia.com\/en\/wp-json\/wp\/v2\/media?parent=11032"}],"wp:term":[{"taxonomy":"product_brand","embeddable":true,"href":"https:\/\/excursionesenushuaia.com\/en\/wp-json\/wp\/v2\/product_brand?post=11032"},{"taxonomy":"product_cat","embeddable":true,"href":"https:\/\/excursionesenushuaia.com\/en\/wp-json\/wp\/v2\/product_cat?post=11032"},{"taxonomy":"product_tag","embeddable":true,"href":"https:\/\/excursionesenushuaia.com\/en\/wp-json\/wp\/v2\/product_tag?post=11032"}],"curies":[{"name":"wp","href":"https:\/\/api.w.org\/{rel}","templated":true}]}}