{"id":11218,"date":"2023-12-06T16:03:54","date_gmt":"2023-12-06T16:03:54","guid":{"rendered":"https:\/\/excursionesenushuaia.com\/?post_type=product&#038;p=11218"},"modified":"2025-01-31T20:28:24","modified_gmt":"2025-01-31T23:28:24","slug":"safari-nautico","status":"publish","type":"product","link":"https:\/\/excursionesenushuaia.com\/en\/el-calafate\/safari-nautico\/","title":{"rendered":"Nautical Safari"},"content":{"rendered":"<p>The excursion begins at the\u00a0<strong>port \u201cBajo de las Sombras\u201d<\/strong>, located on Route 11, Km 70.9, an hour and half away from El Calafate and just 7 km from the Glacier. Passengers must <strong>arrive on their own<\/strong> at the port and, once there, will board a boat <strong>to sail<\/strong>\u00a0across Lago Rico, where they will be able to appreciate the impressive\u00a0<strong>ice wall of the Perito Moreno Glacier\u00a0<\/strong>and the icebergs that come from it.<\/p>\n<p>&nbsp;<\/p>\n<p>This navigation has a duration of\u00a0<strong>an hour<\/strong>\u00a0and offers the possibility of\u00a0<strong>observing<\/strong>\u00a0from our\u00a0<strong>comfortable boats<\/strong>, and with a totally different perspective, the impressive walls of the Perito Moreno Glacier and its\u00a0<strong>continuous and thunderous collapses<\/strong>\u00a0into the waters of Lake Rico.<\/p>\n<p>&nbsp;<\/p>\n<p>400 meters from the southern wall of the Perito Moreno Glacier, the boat stops for a few minutes to observe the landscape in more detail. Closer to the\u00a0<strong>rupture wall<\/strong>is impossible!<\/p>\n<p>&nbsp;<\/p>\n<p>The\u00a0<strong>Nautical Safari<\/strong>\u00a0is a navigation\u00a0<strong>suitable for all ages<\/strong>\u00a0and can be done\u00a0<strong>365 days a year.<\/strong><\/p>\n<p>&nbsp;<\/p>\n<p>This excursion aims to people who want to contemplate the magic of ice and immortalize it in their memory, observing every detail of the ice wall and its surroundings.<\/p>\n<p>&nbsp;<\/p>","protected":false},"excerpt":{"rendered":"<p>La excursi\u00f3n comienza en el\u00a0puerto \u201cBajo de las Sombras\u201d, ubicado en la Ruta 11, Km 70.9, a una hora y media de El Calafate y a solo 7 km del Glaciar. El pasajero deber\u00e1 llegar por sus propios medios hasta el puerto y, una vez all\u00ed, se embarcar\u00e1 para navegar\u00a0por el Lago Rico, donde se [&hellip;]<\/p>\n","protected":false},"featured_media":23525,"comment_status":"open","ping_status":"closed","template":"","meta":{"_acf_changed":false,"_joinchat":[]},"product_brand":[],"product_cat":[558],"product_tag":[],"class_list":{"0":"post-11218","1":"product","2":"type-product","3":"status-publish","4":"has-post-thumbnail","6":"product_cat-el-calafate","8":"first","9":"instock","10":"virtual","11":"sold-individually","12":"purchasable","13":"product-type-turitop"},"acf":[],"_links":{"self":[{"href":"https:\/\/excursionesenushuaia.com\/en\/wp-json\/wp\/v2\/product\/11218","targetHints":{"allow":["GET"]}}],"collection":[{"href":"https:\/\/excursionesenushuaia.com\/en\/wp-json\/wp\/v2\/product"}],"about":[{"href":"https:\/\/excursionesenushuaia.com\/en\/wp-json\/wp\/v2\/types\/product"}],"replies":[{"embeddable":true,"href":"https:\/\/excursionesenushuaia.com\/en\/wp-json\/wp\/v2\/comments?post=11218"}],"version-history":[{"count":3,"href":"https:\/\/excursionesenushuaia.com\/en\/wp-json\/wp\/v2\/product\/11218\/revisions"}],"predecessor-version":[{"id":23502,"href":"https:\/\/excursionesenushuaia.com\/en\/wp-json\/wp\/v2\/product\/11218\/revisions\/23502"}],"wp:featuredmedia":[{"embeddable":true,"href":"https:\/\/excursionesenushuaia.com\/en\/wp-json\/wp\/v2\/media\/23525"}],"wp:attachment":[{"href":"https:\/\/excursionesenushuaia.com\/en\/wp-json\/wp\/v2\/media?parent=11218"}],"wp:term":[{"taxonomy":"product_brand","embeddable":true,"href":"https:\/\/excursionesenushuaia.com\/en\/wp-json\/wp\/v2\/product_brand?post=11218"},{"taxonomy":"product_cat","embeddable":true,"href":"https:\/\/excursionesenushuaia.com\/en\/wp-json\/wp\/v2\/product_cat?post=11218"},{"taxonomy":"product_tag","embeddable":true,"href":"https:\/\/excursionesenushuaia.com\/en\/wp-json\/wp\/v2\/product_tag?post=11218"}],"curies":[{"name":"wp","href":"https:\/\/api.w.org\/{rel}","templated":true}]}}