{"id":11498,"date":"2023-12-16T13:34:17","date_gmt":"2023-12-16T13:34:17","guid":{"rendered":"https:\/\/excursionesenushuaia.com\/?post_type=product&#038;p=11498"},"modified":"2026-03-05T09:56:02","modified_gmt":"2026-03-05T12:56:02","slug":"navegacion-todo-glaciares","status":"publish","type":"product","link":"https:\/\/excursionesenushuaia.com\/en\/el-calafate\/navegacion-todo-glaciares\/","title":{"rendered":"All Glaciers Navigation"},"content":{"rendered":"<p>Desde el Puerto de &#8220;Punta Bandera&#8221;, a 47 km de El Calafate, iniciamos la navegaci\u00f3n por el Brazo Norte del Lago Argentino. Atravesamos la Boca del Diablo con destino al &#8220;Canal Spegazzini&#8221; donde momentos despu\u00e9s tendremos la primera vista del &#8220;Glaciar Seco&#8221;. Continuamos navegando por el canal donde minutos despu\u00e9s tambi\u00e9n contemplaremos los glaciares &#8220;Heim Sur&#8221; y &#8220;Peineta&#8221;.<\/p>\n<p>Continuando con el recorrido, nos preparamos para desembarcar en &#8220;Base Spegazzini&#8221; y comenzamos la visita al \u00e1rea caminando a trav\u00e9s del sendero del bosque hasta el &#8220;Refugio Spegazzini&#8221;. Este sendero de 300 metros cuenta con vistas inigualables de &#8220;La Bah\u00eda de Los Glaciares&#8221;, y en su recorrido podremos disfrutar de estaciones tem\u00e1ticas y miradores.<\/p>\n<p>Luego del tiempo transcurrido en Base Spegazzini, volvemos a embarcar para acercarnos 300 mts frente al inigualable &#8220;Glaciar Spegazzini&#8221;.<\/p>\n<p>La navegaci\u00f3n continua saliendo del Canal Spegazzini para entrar en el &#8220;Canal Upsala&#8221; y navegar entre los grandes t\u00e9mpanos que se desprenden del frente del &#8220;Glaciar Upsala&#8221;. Tiempo despu\u00e9s, retomamos el camino en direcci\u00f3n al Puerto Punta Bandera.<\/p>","protected":false},"excerpt":{"rendered":"<p>Desde el Puerto de &#8220;Punta Bandera&#8221;, a 47 km de El Calafate, iniciamos la navegaci\u00f3n por el Brazo Norte del Lago Argentino. Atravesamos la Boca del Diablo con destino al &#8220;Canal Spegazzini&#8221; donde momentos despu\u00e9s tendremos la primera vista del &#8220;Glaciar Seco&#8221;. Continuamos navegando por el canal donde minutos despu\u00e9s tambi\u00e9n contemplaremos los glaciares &#8220;Heim [&hellip;]<\/p>\n","protected":false},"featured_media":23674,"comment_status":"open","ping_status":"closed","template":"","meta":{"_acf_changed":false,"_joinchat":[]},"product_brand":[],"product_cat":[558],"product_tag":[],"class_list":{"0":"post-11498","1":"product","2":"type-product","3":"status-publish","4":"has-post-thumbnail","6":"product_cat-el-calafate","8":"first","9":"instock","10":"virtual","11":"sold-individually","12":"purchasable","13":"product-type-turitop"},"acf":[],"_links":{"self":[{"href":"https:\/\/excursionesenushuaia.com\/en\/wp-json\/wp\/v2\/product\/11498","targetHints":{"allow":["GET"]}}],"collection":[{"href":"https:\/\/excursionesenushuaia.com\/en\/wp-json\/wp\/v2\/product"}],"about":[{"href":"https:\/\/excursionesenushuaia.com\/en\/wp-json\/wp\/v2\/types\/product"}],"replies":[{"embeddable":true,"href":"https:\/\/excursionesenushuaia.com\/en\/wp-json\/wp\/v2\/comments?post=11498"}],"version-history":[{"count":2,"href":"https:\/\/excursionesenushuaia.com\/en\/wp-json\/wp\/v2\/product\/11498\/revisions"}],"predecessor-version":[{"id":23671,"href":"https:\/\/excursionesenushuaia.com\/en\/wp-json\/wp\/v2\/product\/11498\/revisions\/23671"}],"wp:featuredmedia":[{"embeddable":true,"href":"https:\/\/excursionesenushuaia.com\/en\/wp-json\/wp\/v2\/media\/23674"}],"wp:attachment":[{"href":"https:\/\/excursionesenushuaia.com\/en\/wp-json\/wp\/v2\/media?parent=11498"}],"wp:term":[{"taxonomy":"product_brand","embeddable":true,"href":"https:\/\/excursionesenushuaia.com\/en\/wp-json\/wp\/v2\/product_brand?post=11498"},{"taxonomy":"product_cat","embeddable":true,"href":"https:\/\/excursionesenushuaia.com\/en\/wp-json\/wp\/v2\/product_cat?post=11498"},{"taxonomy":"product_tag","embeddable":true,"href":"https:\/\/excursionesenushuaia.com\/en\/wp-json\/wp\/v2\/product_tag?post=11498"}],"curies":[{"name":"wp","href":"https:\/\/api.w.org\/{rel}","templated":true}]}}