{"id":13249,"date":"2024-03-21T18:42:24","date_gmt":"2024-03-21T18:42:24","guid":{"rendered":"https:\/\/excursionesenushuaia.com\/?post_type=product&#038;p=13249"},"modified":"2026-03-28T16:12:07","modified_gmt":"2026-03-28T19:12:07","slug":"paquete-para-4-dias-invierno","status":"publish","type":"product","link":"https:\/\/excursionesenushuaia.com\/en\/paquetes-invierno\/paquete-para-4-dias-invierno\/","title":{"rendered":"Package for 4 days Winter"},"content":{"rendered":"<p><span style=\"font-weight: 400\">We prepare a super complete 4-day package with four excursions to spend the <\/span><b>Invierno en Ushuaia.<\/b><\/p>\n<p><b>Paquete de 4 d\u00edas de Invierno: Qu\u00e9 hacer en Ushuaia en cuatro d\u00edas<\/b><\/p>\n<p><span style=\"font-weight: 400\">We propose this itinerary to get to know and enjoy Tierra del Fuego.<\/span><\/p>\n<p><span style=\"font-weight: 400\">\u00a0<\/span><\/p>\n<h2><b>Day 1 : Winter in Ushuaia<\/b><\/h2>\n<p><span style=\"font-weight: 400\">We'll pick you up from your hotel at 8 a.m. and return to the city center at 2:40 p.m. You will explore the only national park in Argentina that combines sea, forest and mountains, with the opportunity to relive our history on the famous prisoners' train.<\/span><span style=\"font-weight: 400\"><br \/>\n<\/span><span style=\"font-weight: 400\">*The entrance ticket to the National Park is not included, it is paid in cash upon arrival at the station.<\/span><\/p>\n<p><span style=\"font-weight: 400\">In the afternoon we leave from the Port of Ushuaia to our Beagle Channel Navigation, where you will visit the Birds Island, Sea Lions, the famous Les \u00c9claireurs Lighthouse (misnamed Lighthouse of the End of the World) and a walk on Karelo Island. We go out every day.<\/span><\/p>\n<h2><b>Day 2 | Winter in Ushuaia<\/b><\/h2>\n<p><span style=\"font-weight: 400\">Vas a vivir una aventura de d\u00eda completo m\u00e1s divertida. Te pasamos a buscar por tu hotel alrededor de las\u00a0 9hs y nos dirigimos hacia el norte para cruzar la Cordillera de los Andes. Vas a visitar los grandes lagos de Tierra del Fuego y disfrutar de un almuerzo a orillas del Lago Fagnano que incluye picada, asado argentino, chorip\u00e1n, ensalada, vino, bebidas sin alcohol y postre. Tambi\u00e9n tenemos men\u00fa apto cel\u00edaco y vegetariano. Te dejamos en tu hotel a partir de las 17h.<\/span><\/p>\n<h2><b>Day 3 | Winter in Ushuaia<\/b><\/h2>\n<p><span style=\"font-weight: 400\">Te pasamos a buscar por tu hotel a las 9 de la ma\u00f1ana y regresamos a las 17 h. para disfrutar los rincones de Ushuaia en nuestra visita a Puerto Almanza, pueblo de pescadores artesanales. Un d\u00eda repleto de experiencias gastron\u00f3micas, hist\u00f3ricas y paisaj\u00edsticas.<\/span><\/p>\n<h2><b>D\u00eda 4 | Invierno en Ushuaia<\/b><\/h2>\n<p><span style=\"font-weight: 400\">Partida desde el hotel rumbo al centro invernal \u201cVilla Las Cotorras\u201d, donde te estar\u00e1 esperando un d\u00eda lleno de emoci\u00f3n y diversi\u00f3n para disfrutar de experiencias como una caminata con raquetas de nieve, un recorrido en motos de nieve a trav\u00e9s de la planicie que nos presenta el valle \u201cLas cotorras\u201d y un rato de diversi\u00f3n para los m\u00e1s chicos (y los no tan chicos) desliz\u00e1ndose en culipatines. Tambi\u00e9n disfrutar\u00e1s de un rico almuerzo que se basa en un cl\u00e1sico \u201ccordero fueguino\u201d o pastas + guarnici\u00f3n.<\/span><\/p>\n<p><span style=\"font-weight: 400\">When we return, we will leave you in the city center so you can enjoy a delicious hot chocolate.<\/span><\/p>\n<h2><b>\u00bfListo para disfrutar tu paquete de excursiones de Invierno?<\/b><\/h2>","protected":false},"excerpt":{"rendered":"<p>Paquete de 4 d\u00edas de Invierno para disfrutar tu estad\u00eda en Ushuaiay<\/p>","protected":false},"featured_media":42035,"comment_status":"open","ping_status":"closed","template":"","meta":{"_acf_changed":false,"_joinchat":[]},"product_brand":[],"product_cat":[101],"product_tag":[87],"class_list":{"0":"post-13249","1":"product","2":"type-product","3":"status-publish","4":"has-post-thumbnail","6":"product_cat-paquetes-invierno","7":"product_tag-invierno","9":"first","10":"instock","11":"virtual","12":"sold-individually","13":"purchasable","14":"product-type-turitop"},"acf":[],"_links":{"self":[{"href":"https:\/\/excursionesenushuaia.com\/en\/wp-json\/wp\/v2\/product\/13249","targetHints":{"allow":["GET"]}}],"collection":[{"href":"https:\/\/excursionesenushuaia.com\/en\/wp-json\/wp\/v2\/product"}],"about":[{"href":"https:\/\/excursionesenushuaia.com\/en\/wp-json\/wp\/v2\/types\/product"}],"replies":[{"embeddable":true,"href":"https:\/\/excursionesenushuaia.com\/en\/wp-json\/wp\/v2\/comments?post=13249"}],"version-history":[{"count":4,"href":"https:\/\/excursionesenushuaia.com\/en\/wp-json\/wp\/v2\/product\/13249\/revisions"}],"predecessor-version":[{"id":38778,"href":"https:\/\/excursionesenushuaia.com\/en\/wp-json\/wp\/v2\/product\/13249\/revisions\/38778"}],"wp:featuredmedia":[{"embeddable":true,"href":"https:\/\/excursionesenushuaia.com\/en\/wp-json\/wp\/v2\/media\/42035"}],"wp:attachment":[{"href":"https:\/\/excursionesenushuaia.com\/en\/wp-json\/wp\/v2\/media?parent=13249"}],"wp:term":[{"taxonomy":"product_brand","embeddable":true,"href":"https:\/\/excursionesenushuaia.com\/en\/wp-json\/wp\/v2\/product_brand?post=13249"},{"taxonomy":"product_cat","embeddable":true,"href":"https:\/\/excursionesenushuaia.com\/en\/wp-json\/wp\/v2\/product_cat?post=13249"},{"taxonomy":"product_tag","embeddable":true,"href":"https:\/\/excursionesenushuaia.com\/en\/wp-json\/wp\/v2\/product_tag?post=13249"}],"curies":[{"name":"wp","href":"https:\/\/api.w.org\/{rel}","templated":true}]}}