{"id":15865,"date":"2024-07-03T15:28:40","date_gmt":"2024-07-03T15:28:40","guid":{"rendered":"https:\/\/excursionesenushuaia.com\/?post_type=product&#038;p=15865"},"modified":"2026-03-28T12:22:43","modified_gmt":"2026-03-28T15:22:43","slug":"traslado-glaciar-martial","status":"publish","type":"product","link":"https:\/\/excursionesenushuaia.com\/en\/traslados\/traslado-glaciar-martial\/","title":{"rendered":"Martial Glacier Transfer"},"content":{"rendered":"<p>El servicio incluye el traslado ida y vuelta a la base del <strong>&#8220;Glaciar Martial&#8221;<\/strong> que se encuentra a 7 KM de la ciudad saliendo a la hora que prefieras (a partir de las 9hs) desde tu alojamiento y volviendo a la hora coordinada (hasta las 21hs) a donde te est\u00e9s alojando.<\/p>\n<p><b>Departure can be from 9:00 a.m. and the return trip until 9:00 p.m.<br \/>\n<\/b><\/p>\n<p>&nbsp;<\/p>\n<p>&nbsp;<\/p>","protected":false},"excerpt":{"rendered":"<p>Te llevamos <strong>desde tu alojamiento<\/strong> to the <strong>Glacier Martial<\/strong> y te buscamos para el regreso. Una opci\u00f3n pr\u00e1ctica si quer\u00e9s caminar o disfrutar las vistas por tu cuenta.<\/p>","protected":false},"featured_media":9130,"comment_status":"open","ping_status":"closed","template":"","meta":{"_acf_changed":false,"_joinchat":[]},"product_brand":[],"product_cat":[56],"product_tag":[87,88,89,75],"class_list":{"0":"post-15865","1":"product","2":"type-product","3":"status-publish","4":"has-post-thumbnail","6":"product_cat-traslados","7":"product_tag-invierno","8":"product_tag-otonos","9":"product_tag-primavera","10":"product_tag-verano","12":"first","13":"instock","14":"virtual","15":"sold-individually","16":"purchasable","17":"product-type-turitop"},"acf":[],"_links":{"self":[{"href":"https:\/\/excursionesenushuaia.com\/en\/wp-json\/wp\/v2\/product\/15865","targetHints":{"allow":["GET"]}}],"collection":[{"href":"https:\/\/excursionesenushuaia.com\/en\/wp-json\/wp\/v2\/product"}],"about":[{"href":"https:\/\/excursionesenushuaia.com\/en\/wp-json\/wp\/v2\/types\/product"}],"replies":[{"embeddable":true,"href":"https:\/\/excursionesenushuaia.com\/en\/wp-json\/wp\/v2\/comments?post=15865"}],"version-history":[{"count":6,"href":"https:\/\/excursionesenushuaia.com\/en\/wp-json\/wp\/v2\/product\/15865\/revisions"}],"predecessor-version":[{"id":45149,"href":"https:\/\/excursionesenushuaia.com\/en\/wp-json\/wp\/v2\/product\/15865\/revisions\/45149"}],"wp:featuredmedia":[{"embeddable":true,"href":"https:\/\/excursionesenushuaia.com\/en\/wp-json\/wp\/v2\/media\/9130"}],"wp:attachment":[{"href":"https:\/\/excursionesenushuaia.com\/en\/wp-json\/wp\/v2\/media?parent=15865"}],"wp:term":[{"taxonomy":"product_brand","embeddable":true,"href":"https:\/\/excursionesenushuaia.com\/en\/wp-json\/wp\/v2\/product_brand?post=15865"},{"taxonomy":"product_cat","embeddable":true,"href":"https:\/\/excursionesenushuaia.com\/en\/wp-json\/wp\/v2\/product_cat?post=15865"},{"taxonomy":"product_tag","embeddable":true,"href":"https:\/\/excursionesenushuaia.com\/en\/wp-json\/wp\/v2\/product_tag?post=15865"}],"curies":[{"name":"wp","href":"https:\/\/api.w.org\/{rel}","templated":true}]}}