{"id":1951,"date":"2020-03-04T21:03:18","date_gmt":"2020-03-04T21:03:18","guid":{"rendered":"https:\/\/excursionesenushuaia.com\/?post_type=product&#038;p=1951"},"modified":"2026-04-09T12:56:07","modified_gmt":"2026-04-09T15:56:07","slug":"trekking-laguna-esmeralda","status":"publish","type":"product","link":"https:\/\/excursionesenushuaia.com\/en\/trekking\/trekking-laguna-esmeralda\/","title":{"rendered":"Emerald Lagoon Trekking"},"content":{"rendered":"<p><strong>Emerald Lagoon Trekking<\/strong><\/p>\n<p><span style=\"font-weight: 400\">Do you like nature and mountains? Then, Trekking Laguna Esmeralda is for you.\u00a0<\/span><\/p>\n<p><span style=\"font-weight: 400\">Te pasamos a buscar por tu hotel, y andamos 16 kil\u00f3metros en veh\u00edculo hasta llegar al comienzo de la senda. \u00a1Comienza la aventura! En total, <\/span><b>te esperan 9 kil\u00f3metros (ida y vuelta) caminando por el bosque: glaciares, lagunas y magia fueguina.<\/b><\/p>\n<p><span style=\"font-weight: 400\">This hike is considered of medium difficulty, and does not present significant slopes.<\/span><\/p>\n<p><b>Requerimientos:<\/b><\/p>\n<p>Este paseo es considerado de dificultad media, lo cual implica que no es necesario que cuentes con entrenamiento previo para poder realizarlo, aunque es recomendable tener un m\u00ednimo estado f\u00edsico. El trayecto no presenta desniveles de importancia pero si un suelo MUY irregular y h\u00famedo, con turba y barro (nieve y hielo en invierno).<\/p>\n<p><b>Desniveles y distancias:<\/b><\/p>\n<p>El recorrido total a pie es de unos 9 kil\u00f3metros, mientras que el recorrido total con traslado terrestre es de unos 40 kil\u00f3metros. Se parte de una altura de 259 metros sobre el nivel del mar, y la Laguna Esmeralda se encuentra a 450 metros sobre el nivel del mar, arrojando un desnivel de 200 metros.<\/p>\n<p><b>Salidas:<\/b>\u00a0La caminata a la laguna Esmeralda la realizamos TODO EL A\u00d1O con un m\u00ednimo de 2 pasajeros. Agend\u00e1 tus lugares con mucha anticipaci\u00f3n.<\/p>\n<p><b>Itinerario:<\/b><\/p>\n<p>La excursi\u00f3n comienza cuando te pasamos a buscar por tu hotel para dirigirnos hacia el norte de Ushuaia, zona de valles y Cordillera de los Andes.<\/p>\n<p>El primer tramo de la caminata transcurre dentro del bosque y nos permite apreciar incre\u00edbles vistas del Valle de Tierra Mayor y Carbajal. El resto del camino nos conduce a trav\u00e9s de bosques de lengas, monta\u00f1as, glaciares colgantes, turbales y nos permite observar bien de cerca la flora y la fauna del lugar, muy especialmente la gran variedad de aves que sobrevuelan la zona. As\u00ed transcurre el camino hasta alcanzar la magn\u00edfica<b>\u00a0Emerald Lagoon<\/b>, cuyo nombre describe a la perfecci\u00f3n la tonalidad de sus aguas.<\/p>\n<p>La laguna se encuentra rodeada por el GlaciarOjo del Albino, las Torres y el Cord\u00f3n Toribio, y es precisamente este el escenario elegido para disfrutar de un esperado almuerzo. Luego del descanso se comienza la caminata de regreso al hotel.<\/p>\n<p><b>Destacados.<\/b><\/p>\n<ul>\n<li>Paisajes y privilegiadas vistas panor\u00e1micas de la zona y alrededores.<\/li>\n<li>Avistamiento de la flora y fauna del lugar.<\/li>\n<li>Avistamiento de aves.<\/li>\n<li>Apreciaci\u00f3n de un glaciar colgante.<\/li>\n<li>Almuerzo y descanso en un escenario con un paisaje \u00fanico<\/li>\n<\/ul>","protected":false},"excerpt":{"rendered":"<p><strong>Venture out<\/strong> and discover one of Ushuaia's <strong>most iconic landscapes<\/strong> : the famous <strong>Emerald Lagoon<\/strong>, a body of water with its <strong>unique color<\/strong>, surrounded by <strong>mountains and forests<\/strong>.<\/p>","protected":false},"featured_media":42049,"comment_status":"open","ping_status":"closed","template":"","meta":{"_acf_changed":false,"_joinchat":[]},"product_brand":[],"product_cat":[114],"product_tag":[87,88,89,75],"class_list":{"0":"post-1951","1":"product","2":"type-product","3":"status-publish","4":"has-post-thumbnail","6":"product_cat-trekking","7":"product_tag-invierno","8":"product_tag-otonos","9":"product_tag-primavera","10":"product_tag-verano","12":"first","13":"instock","14":"virtual","15":"sold-individually","16":"purchasable","17":"product-type-turitop"},"acf":[],"_links":{"self":[{"href":"https:\/\/excursionesenushuaia.com\/en\/wp-json\/wp\/v2\/product\/1951","targetHints":{"allow":["GET"]}}],"collection":[{"href":"https:\/\/excursionesenushuaia.com\/en\/wp-json\/wp\/v2\/product"}],"about":[{"href":"https:\/\/excursionesenushuaia.com\/en\/wp-json\/wp\/v2\/types\/product"}],"replies":[{"embeddable":true,"href":"https:\/\/excursionesenushuaia.com\/en\/wp-json\/wp\/v2\/comments?post=1951"}],"version-history":[{"count":16,"href":"https:\/\/excursionesenushuaia.com\/en\/wp-json\/wp\/v2\/product\/1951\/revisions"}],"predecessor-version":[{"id":47486,"href":"https:\/\/excursionesenushuaia.com\/en\/wp-json\/wp\/v2\/product\/1951\/revisions\/47486"}],"wp:featuredmedia":[{"embeddable":true,"href":"https:\/\/excursionesenushuaia.com\/en\/wp-json\/wp\/v2\/media\/42049"}],"wp:attachment":[{"href":"https:\/\/excursionesenushuaia.com\/en\/wp-json\/wp\/v2\/media?parent=1951"}],"wp:term":[{"taxonomy":"product_brand","embeddable":true,"href":"https:\/\/excursionesenushuaia.com\/en\/wp-json\/wp\/v2\/product_brand?post=1951"},{"taxonomy":"product_cat","embeddable":true,"href":"https:\/\/excursionesenushuaia.com\/en\/wp-json\/wp\/v2\/product_cat?post=1951"},{"taxonomy":"product_tag","embeddable":true,"href":"https:\/\/excursionesenushuaia.com\/en\/wp-json\/wp\/v2\/product_tag?post=1951"}],"curies":[{"name":"wp","href":"https:\/\/api.w.org\/{rel}","templated":true}]}}