{"id":2573,"date":"2022-04-28T22:32:23","date_gmt":"2022-04-28T22:32:23","guid":{"rendered":"https:\/\/excursionesenushuaia.com\/?post_type=product&#038;p=2573"},"modified":"2026-03-28T14:44:28","modified_gmt":"2026-03-28T17:44:28","slug":"cabalgata-de-4-horas","status":"publish","type":"product","link":"https:\/\/excursionesenushuaia.com\/en\/cabalgatas\/cabalgata-de-4-horas\/","title":{"rendered":"4 Hour Horseback Ride"},"content":{"rendered":"<h2>\ud83d\udc0e\ud83c\udf32 Cabalgata de 4 horas en Ushuaia: Explor\u00e1 Tierra del Fuego a caballo<\/h2>\n<p><strong>\u00bfTe gustar\u00eda descubrir a caballo los paisajes m\u00e1s incre\u00edbles de Ushuaia<\/strong>, recorriendo senderos que atraviesan bosques patag\u00f3nicos, monta\u00f1as, valles y costas del famoso Canal Beagle?<br \/>\nThe <strong>cabalgata de 4 horas en Ushuaia<\/strong> es una experiencia especialmente pensada para vos, que ya cont\u00e1s con <strong>buena condici\u00f3n f\u00edsica<\/strong> y busc\u00e1s disfrutar al m\u00e1ximo del entorno natural del Fin del Mundo.<\/p>\n<p>Para realizar esta actividad <strong>no necesit\u00e1s ser experto en equitaci\u00f3n<\/strong>, pero s\u00ed es importante que tengas <strong>buena resistencia f\u00edsica<\/strong> para disfrutar plenamente del recorrido. Siempre acompa\u00f1ado por <strong>nuestros gu\u00edas experimentados<\/strong>, vas a explorar c\u00f3modamente <strong>senderos exclusivos<\/strong> que te van a permitir vivir <strong>momentos emocionantes de trote y galope<\/strong>, ideales para quienes buscan una <strong>aut\u00e9ntica aventura a caballo<\/strong>.<\/p>\n<p>Durante esta cabalgata vas a <strong>admirar panor\u00e1micas impresionantes del Canal Beagle<\/strong>, apreciar el majestuoso paisaje monta\u00f1oso de Ushuaia, incluyendo el <strong>emblem\u00e1tico Monte Susana<\/strong>, y <strong>atravesar bosques de lengas y \u00f1ires<\/strong> que definen la belleza \u00fanica de Tierra del Fuego.<\/p>\n<p>Adem\u00e1s, en la mitad del recorrido, vas a disfrutar <strong>una pausa especial con un delicioso lunch box incluido<\/strong>, recuperando energ\u00edas en medio de paisajes naturales inolvidables y aprovechando la oportunidad para <strong>relajarte en plena naturaleza patag\u00f3nica<\/strong>.<\/p>\n<p>La cabalgata de 4 horas es <strong>ideal para viajeros activos<\/strong> and <strong>amantes de las actividades al aire libre<\/strong>, que desean vivir <strong>una experiencia memorable<\/strong> conectando con la naturaleza m\u00e1s aut\u00e9ntica de Ushuaia.<\/p>","protected":false},"excerpt":{"rendered":"<p>Una experiencia de <strong>medio d\u00eda<\/strong> para disfrutar la <strong>nature of Ushuaia<\/strong> a caballo. Vas a recorrer los <strong>trails<\/strong>, <strong>forests<\/strong> and <strong>r\u00edos<\/strong> of the <strong>Mount Susana<\/strong>, con una pausa para compartir un <strong>box lunch<\/strong> al aire libre.<\/p>","protected":false},"featured_media":42088,"comment_status":"open","ping_status":"closed","template":"","meta":{"_acf_changed":false,"_joinchat":[]},"product_brand":[],"product_cat":[46,876],"product_tag":[89,75],"class_list":{"0":"post-2573","1":"product","2":"type-product","3":"status-publish","4":"has-post-thumbnail","6":"product_cat-cabalgatas","7":"product_cat-primavera-verano","8":"product_tag-primavera","9":"product_tag-verano","11":"first","12":"instock","13":"virtual","14":"sold-individually","15":"purchasable","16":"product-type-turitop"},"acf":[],"_links":{"self":[{"href":"https:\/\/excursionesenushuaia.com\/en\/wp-json\/wp\/v2\/product\/2573","targetHints":{"allow":["GET"]}}],"collection":[{"href":"https:\/\/excursionesenushuaia.com\/en\/wp-json\/wp\/v2\/product"}],"about":[{"href":"https:\/\/excursionesenushuaia.com\/en\/wp-json\/wp\/v2\/types\/product"}],"replies":[{"embeddable":true,"href":"https:\/\/excursionesenushuaia.com\/en\/wp-json\/wp\/v2\/comments?post=2573"}],"version-history":[{"count":6,"href":"https:\/\/excursionesenushuaia.com\/en\/wp-json\/wp\/v2\/product\/2573\/revisions"}],"predecessor-version":[{"id":41985,"href":"https:\/\/excursionesenushuaia.com\/en\/wp-json\/wp\/v2\/product\/2573\/revisions\/41985"}],"wp:featuredmedia":[{"embeddable":true,"href":"https:\/\/excursionesenushuaia.com\/en\/wp-json\/wp\/v2\/media\/42088"}],"wp:attachment":[{"href":"https:\/\/excursionesenushuaia.com\/en\/wp-json\/wp\/v2\/media?parent=2573"}],"wp:term":[{"taxonomy":"product_brand","embeddable":true,"href":"https:\/\/excursionesenushuaia.com\/en\/wp-json\/wp\/v2\/product_brand?post=2573"},{"taxonomy":"product_cat","embeddable":true,"href":"https:\/\/excursionesenushuaia.com\/en\/wp-json\/wp\/v2\/product_cat?post=2573"},{"taxonomy":"product_tag","embeddable":true,"href":"https:\/\/excursionesenushuaia.com\/en\/wp-json\/wp\/v2\/product_tag?post=2573"}],"curies":[{"name":"wp","href":"https:\/\/api.w.org\/{rel}","templated":true}]}}