{"id":2645,"date":"2022-04-29T20:53:35","date_gmt":"2022-04-29T20:53:35","guid":{"rendered":"https:\/\/excursionesenushuaia.com\/?post_type=product&#038;p=2645"},"modified":"2026-04-07T14:20:22","modified_gmt":"2026-04-07T17:20:22","slug":"sobrevuelos-en-avioneta-30","status":"publish","type":"product","link":"https:\/\/excursionesenushuaia.com\/en\/sobrevuelos\/sobrevuelos-en-avioneta-30\/","title":{"rendered":"Light aircraft overflights 30\u2032."},"content":{"rendered":"<p><span style=\"font-weight: 400\">Con la excursi\u00f3n <strong>Light aircraft overflights 30\u2032.<\/strong> Fly over the southernmost corner of the world\u00a0<\/span><\/p>\n<p><span style=\"font-weight: 400\">Seeing the world as a bird is everyone's dream.<\/span><\/p>\n<p><span style=\"font-weight: 400\">On this tour, you will discover Ushuaia from a new perspective.<\/span><\/p>\n<p><span style=\"font-weight: 400\">You will see the breathtaking landscape of Tierra del Fuego from above, with exciting 360-degree views.<\/span><\/p>\n<p>&nbsp;<\/p>\n<p>Despegamos con rumbo Este; el ascenso alcanzar\u00e1 una altura c\u00f3moda y de seguridad (610 mts \/ 2.000 pies), comenzando un amplio sobrevuelo de la Ciudad de Ushuaia, en paralelo al cord\u00f3n de monta\u00f1as e identificando las principales.<\/p>\n<p>Seguimos luego con rumbo Oeste, donde podr\u00e1s observar la <a href=\"https:\/\/es.wikipedia.org\/wiki\/Bah%C3%ADa_Golondrina_(bah%C3%ADa)\" target=\"_blank\" rel=\"noopener\">Bah\u00eda Golondrina<\/a>, el Valle del R\u00edo Pipo, el imponente Monte Susana, el acceso al <strong><a href=\"https:\/\/excursionesenushuaia.com\/en\/informacion-general\/excursion-al-parque-nacional-tierra-del-fuego\/\">Tierra del Fuego National Park<\/a><\/strong>, Bah\u00eda Ensenada, Bah\u00eda Lapataia, Isla Redonda, Isla Estorbo, Lago Roca, Laguna Negra, Laguna Verde y el Hito XXVI, l\u00edmite internacional con Chile, donde logramos ver un glaciar en la Bah\u00eda Yendegaia, territorio Chileno, que te va a deslumbrar!<\/p>\n<p>Regresando por el centro del <strong><a href=\"https:\/\/excursionesenushuaia.com\/en\/informacion-general\/navegacion-en-el-canal-beagle\/\">Beagle Channel<\/a> <\/strong>rumbo al este, podr\u00e1s observar del lado Chileno la isla Hoste, el<a href=\"https:\/\/es.wikipedia.org\/wiki\/Canal_Murray\" target=\"_blank\" rel=\"noopener\"> canal Murray<\/a>, Isla Navarino, Puerto Navarino y el camino en com\u00fan que lo une con Puerto Williams. Sobrevolamos los islotes Bridges, contemplando el Aeropuerto Internacional, isla de los p\u00e1jaros, isla de los lobos, Faro Les Eclereurs, estancia T\u00fanel y finalmente la Bah\u00eda de Ushuaia, donde sobrevolando la ciudad aterrizamos.<\/p>\n<p><span style=\"font-weight: 400\">For 30 minutes we fly over the Andes Mountains. It is an impressive view of the last piece of the American continent.<\/span><\/p>\n<p><span style=\"font-weight: 400\">Finally, we return to Ushuaia for some unique views of the city before returning to the mainland.<\/span><\/p>","protected":false},"excerpt":{"rendered":"<p>Con la excursi\u00f3n Sobrevuelos en Avioneta 30&#8242; Sobrevol\u00e1 el rinc\u00f3n m\u00e1s austral del mundo\u00a0 Ver el mundo como un p\u00e1jaro es el sue\u00f1o de todos. En este tour, descubrir\u00e1s Ushuaia desde una nueva perspectiva. Ver\u00e1s el impresionante paisaje fueguino desde las alturas, con unas emocionantes vistas de 360 grados. &nbsp; Despegamos con rumbo Este; el [&hellip;]<\/p>\n","protected":false},"featured_media":42265,"comment_status":"open","ping_status":"closed","template":"","meta":{"_acf_changed":false,"_joinchat":[]},"product_brand":[],"product_cat":[37],"product_tag":[87,88,89,75],"class_list":{"0":"post-2645","1":"product","2":"type-product","3":"status-publish","4":"has-post-thumbnail","6":"product_cat-sobrevuelos","7":"product_tag-invierno","8":"product_tag-otonos","9":"product_tag-primavera","10":"product_tag-verano","12":"first","13":"instock","14":"virtual","15":"sold-individually","16":"purchasable","17":"product-type-turitop"},"acf":[],"_links":{"self":[{"href":"https:\/\/excursionesenushuaia.com\/en\/wp-json\/wp\/v2\/product\/2645","targetHints":{"allow":["GET"]}}],"collection":[{"href":"https:\/\/excursionesenushuaia.com\/en\/wp-json\/wp\/v2\/product"}],"about":[{"href":"https:\/\/excursionesenushuaia.com\/en\/wp-json\/wp\/v2\/types\/product"}],"replies":[{"embeddable":true,"href":"https:\/\/excursionesenushuaia.com\/en\/wp-json\/wp\/v2\/comments?post=2645"}],"version-history":[{"count":4,"href":"https:\/\/excursionesenushuaia.com\/en\/wp-json\/wp\/v2\/product\/2645\/revisions"}],"predecessor-version":[{"id":42266,"href":"https:\/\/excursionesenushuaia.com\/en\/wp-json\/wp\/v2\/product\/2645\/revisions\/42266"}],"wp:featuredmedia":[{"embeddable":true,"href":"https:\/\/excursionesenushuaia.com\/en\/wp-json\/wp\/v2\/media\/42265"}],"wp:attachment":[{"href":"https:\/\/excursionesenushuaia.com\/en\/wp-json\/wp\/v2\/media?parent=2645"}],"wp:term":[{"taxonomy":"product_brand","embeddable":true,"href":"https:\/\/excursionesenushuaia.com\/en\/wp-json\/wp\/v2\/product_brand?post=2645"},{"taxonomy":"product_cat","embeddable":true,"href":"https:\/\/excursionesenushuaia.com\/en\/wp-json\/wp\/v2\/product_cat?post=2645"},{"taxonomy":"product_tag","embeddable":true,"href":"https:\/\/excursionesenushuaia.com\/en\/wp-json\/wp\/v2\/product_tag?post=2645"}],"curies":[{"name":"wp","href":"https:\/\/api.w.org\/{rel}","templated":true}]}}