{"id":37343,"date":"2025-06-14T14:19:17","date_gmt":"2025-06-14T17:19:17","guid":{"rendered":"https:\/\/excursionesenushuaia.com\/?post_type=product&#038;p=37343"},"modified":"2026-03-27T11:32:35","modified_gmt":"2026-03-27T14:32:35","slug":"avistaje-de-pinguinos-en-puerto-almanza","status":"publish","type":"product","link":"https:\/\/excursionesenushuaia.com\/en\/puerto-almanza\/avistaje-de-pinguinos-en-puerto-almanza\/","title":{"rendered":"Penguin Watching in Puerto Almanza"},"content":{"rendered":"<blockquote><p><span style=\"font-weight: 400\">\ud83d\udc27\ud83e\udd80 <\/span><b>Avistaje exclusivo de Ping\u00fcinos en Puerto Almanza<\/b><\/p>\n<p><b>\u00bfTe imagin\u00e1s navegando por el m\u00edtico Canal Beagle hacia la ping\u00fcinera de Isla Martillo, disfrutando un avistaje \u00fanico desde una embarcaci\u00f3n exclusiva y equipada especialmente para tu comodidad?<\/b><span style=\"font-weight: 400\"> Esta experiencia fue dise\u00f1ada para viajeros como vos, que buscan momentos aut\u00e9nticos y conexi\u00f3n directa con la naturaleza de <\/span><b>Ushuaia<\/b><span style=\"font-weight: 400\">.\u00a0 Organizada directamente por nosotros, sin intermediarios, con nuestro propio equipo y embarcaci\u00f3n, te garantiza no s\u00f3lo calidad y seguridad, sino tambi\u00e9n un recorrido m\u00e1s \u00edntimo y personalizado.<\/span><\/p>\n<p><span style=\"font-weight: 400\">La aventura comienza recorriendo en nuestras c\u00f3modas camionetas la espectacular <\/span><b>Ruta Esc\u00e9nica N\u00b0 3, <\/b><span style=\"font-weight: 400\">iniciando nuestra aventura por la <\/span><b>King Crab Route<\/b><span style=\"font-weight: 400\">, leaving <\/span><b>Ushuaia <\/b><span style=\"font-weight: 400\">y atravesando valles rodeados por centros invernales, como el del famoso <\/span><b>Cerro Castor<\/b><span style=\"font-weight: 400\">. Upon reaching <\/span><b>Rancho Hambre<\/b><span style=\"font-weight: 400\">, sitio hist\u00f3rico que marca el primer intento de colonizaci\u00f3n en la isla, tomamos la tranquila <\/span><b>Provincial Route J<\/b><span style=\"font-weight: 400\">, a <\/span><b>scenic road <\/b><span style=\"font-weight: 400\">que se sumerge en el coraz\u00f3n de un bosque virgen y aut\u00f3ctono de nothofagus, que te va a regalar vistas inolvidables, acompa\u00f1ados por la belleza del serpenteante <\/span><b>r\u00edo Lasifashaj.<\/b><\/p>\n<p><span style=\"font-weight: 400\">Your destination is <\/span><b>Almanza Port<\/b><span style=\"font-weight: 400\">, un aut\u00e9ntico puerto de <\/span><b>pescadores artesanales<\/b><span style=\"font-weight: 400\"> ubicado a <\/span><b>70 km<\/b><span style=\"font-weight: 400\"> of <\/span><b>Ushuaia<\/b><span style=\"font-weight: 400\">, conocido por la calidad de sus frutos de mar y por su ambiente tranquilo, natural y alejado del turismo masivo. Vas a subir a <\/span><b>nuestra embarcaci\u00f3n propia<\/b><span style=\"font-weight: 400\">, de \u00faltima generaci\u00f3n, con dos motores en espejo y el <\/span><b>\u00fanico sistema de calefacci\u00f3n a bordo disponible en la zona<\/b><span style=\"font-weight: 400\">. Este servicio exclusivo y privado asegura tu seguridad, comodidad y el disfrute pleno durante toda la navegaci\u00f3n.<\/span><\/p>\n<p><span style=\"font-weight: 400\">You will navigate through the <\/span><b>Guaran\u00ed Passage<\/b><span style=\"font-weight: 400\">, un hist\u00f3rico y pintoresco corredor mar\u00edtimo que te conduce junto a <\/span><b>Gable Island<\/b><span style=\"font-weight: 400\">, isla emblem\u00e1tica por su historia relacionada con los <\/span><b>ancient Y\u00e1mana natives<\/b><span style=\"font-weight: 400\">, quienes navegaban estas mismas aguas en sus canoas ancestrales. Este recorrido no solo te va a brindar espectaculares vistas panor\u00e1micas, sino tambi\u00e9n una conexi\u00f3n profunda con la historia y cultura de estos legendarios habitantes del <\/span><b>Beagle Channel.<\/b><\/p>\n<p><span style=\"font-weight: 400\">El momento m\u00e1s esperado va a llegar cuando nos acerquemos a <\/span><b>Martillo Island<\/b><span style=\"font-weight: 400\">, uno de los pocos lugares en el mundo donde ping\u00fcinos magall\u00e1nicos y pap\u00faa conviven durante la temporada de octubre a abril. Nuestra embarcaci\u00f3n especialmente preparada te va a permitir quedarte m\u00e1s tiempo y estar mucho m\u00e1s cerca de estos fascinantes animales en su h\u00e1bitat natural, disfrutando con tranquilidad y en peque\u00f1os grupos para asegurar una experiencia exclusiva.<\/span><\/p>\n<p><span style=\"font-weight: 400\">Luego de este encuentro memorable, vamos a navegar de regreso hacia Puerto Almanza, aprovechando las vistas \u00fanicas del <\/span><b>Beagle Channel<\/b><span style=\"font-weight: 400\">, para finalmente retornar c\u00f3modamente a Ushuaia en nuestros propios veh\u00edculos. Vas a llevarte m\u00e1s que im\u00e1genes inolvidables: una conexi\u00f3n profunda con el paisaje, su historia y la satisfacci\u00f3n de haber vivido algo verdaderamente especial.<\/span><\/p>\n<h2><span style=\"font-weight: 400\">Una experiencia aut\u00e9ntica, exclusiva y memorable en Ushuaia, dise\u00f1ada para viajeros que buscan momentos \u00fanicos, sin intermediarios y con el respaldo de nuestro equipo local. <\/span><b>\u00a1Te esperamos para vivir una experiencia que recordar\u00e1s siempre!<\/b><\/h2>\n<\/blockquote>\n<p>&nbsp;<\/p>","protected":false},"excerpt":{"rendered":"<p class=\"translation-block\">You'll travel along <strong>Route N\u00b0 3<\/strong> and <strong>Route J<\/strong> to <strong>Puerto Almanza<\/strong>, the country's southernmost <strong>artisanal fishing<\/strong> village, and embark on an <strong>exclusive boat tour<\/strong> to <strong>Martillo Island<\/strong> to see the <strong>penguins<\/strong> up close.<\/p>","protected":false},"featured_media":42298,"comment_status":"open","ping_status":"closed","template":"","meta":{"_acf_changed":false,"_joinchat":[]},"product_brand":[],"product_cat":[123,876],"product_tag":[],"class_list":{"0":"post-37343","1":"product","2":"type-product","3":"status-publish","4":"has-post-thumbnail","6":"product_cat-puerto-almanza","7":"product_cat-primavera-verano","9":"first","10":"instock","11":"virtual","12":"sold-individually","13":"purchasable","14":"product-type-turitop"},"acf":[],"_links":{"self":[{"href":"https:\/\/excursionesenushuaia.com\/en\/wp-json\/wp\/v2\/product\/37343","targetHints":{"allow":["GET"]}}],"collection":[{"href":"https:\/\/excursionesenushuaia.com\/en\/wp-json\/wp\/v2\/product"}],"about":[{"href":"https:\/\/excursionesenushuaia.com\/en\/wp-json\/wp\/v2\/types\/product"}],"replies":[{"embeddable":true,"href":"https:\/\/excursionesenushuaia.com\/en\/wp-json\/wp\/v2\/comments?post=37343"}],"version-history":[{"count":7,"href":"https:\/\/excursionesenushuaia.com\/en\/wp-json\/wp\/v2\/product\/37343\/revisions"}],"predecessor-version":[{"id":42682,"href":"https:\/\/excursionesenushuaia.com\/en\/wp-json\/wp\/v2\/product\/37343\/revisions\/42682"}],"wp:featuredmedia":[{"embeddable":true,"href":"https:\/\/excursionesenushuaia.com\/en\/wp-json\/wp\/v2\/media\/42298"}],"wp:attachment":[{"href":"https:\/\/excursionesenushuaia.com\/en\/wp-json\/wp\/v2\/media?parent=37343"}],"wp:term":[{"taxonomy":"product_brand","embeddable":true,"href":"https:\/\/excursionesenushuaia.com\/en\/wp-json\/wp\/v2\/product_brand?post=37343"},{"taxonomy":"product_cat","embeddable":true,"href":"https:\/\/excursionesenushuaia.com\/en\/wp-json\/wp\/v2\/product_cat?post=37343"},{"taxonomy":"product_tag","embeddable":true,"href":"https:\/\/excursionesenushuaia.com\/en\/wp-json\/wp\/v2\/product_tag?post=37343"}],"curies":[{"name":"wp","href":"https:\/\/api.w.org\/{rel}","templated":true}]}}