{"id":37363,"date":"2025-06-16T10:57:50","date_gmt":"2025-06-16T13:57:50","guid":{"rendered":"https:\/\/excursionesenushuaia.com\/?post_type=product&#038;p=37363"},"modified":"2026-03-27T11:36:05","modified_gmt":"2026-03-27T14:36:05","slug":"avistaje-de-pinguinos-en-puerto-almanza-con-almuerzo","status":"publish","type":"product","link":"https:\/\/excursionesenushuaia.com\/en\/puerto-almanza\/avistaje-de-pinguinos-en-puerto-almanza-con-almuerzo\/","title":{"rendered":"Penguin Watching in Puerto Almanza with Lunch"},"content":{"rendered":"<blockquote><p><span style=\"font-weight: 400\">\ud83d\udc27\ud83e\udd80 <\/span><b>Exclusive Penguin Watching + Lunch in Puerto Almanza: Nature, adventure, and flavors of the Beagle Channel<\/b><\/p>\n<p class=\"translation-block\">Can you imagine <b>discovering Ushuaia's famous penguin colony<\/b> from an <b>exclusive boat<\/b>, sailing comfortably toward <b>Martillo Island<\/b> and wrapping up your day <b>enjoying the most authentic flavors<\/b> of the <b>King Crab Route?<\/b><\/p>\n<p><span style=\"font-weight: 400\">Esta propuesta es ideal para vos, que busc\u00e1s una <\/span><b>vivencia aut\u00e9ntica<\/b><span style=\"font-weight: 400\">, <\/span><b>\u00edntima <\/b><span style=\"font-weight: 400\">and <\/span><b>completa <\/b><span style=\"font-weight: 400\">en tu visita al <\/span><b>Fin del Mundo: <\/b><span style=\"font-weight: 400\">vas a vivir la<\/span><b> King Crab Route<\/b><span style=\"font-weight: 400\">, una navegaci\u00f3n \u00edntima por el <\/span><b>Beagle Channel<\/b><span style=\"font-weight: 400\"> hacia <\/span><b>Martillo Island<\/b><span style=\"font-weight: 400\"> para un avistaje tranquilo y cercano de ping\u00fcinos magall\u00e1nicos y pap\u00faa, y vas a tener un cierre perfecto con un almuerzo aut\u00e9ntico en <\/span><b>Almanza Port<\/b><span style=\"font-weight: 400\">.\u00a0<\/span><\/p>\n<p class=\"translation-block\">Organized <b>directly by our own local team, without intermediaries<\/b>, this experience guarantees <b>security, comfort<\/b>, and <b>close contact with the purest nature of the Beagle Channel<\/b>.<\/p>\n<p><span style=\"font-weight: 400\">La aventura comienza en el puerto de Ushuaia, desde donde salimos en nuestros confortables veh\u00edculos por la <\/span><b>Ruta Esc\u00e9nica Nacional N\u00b0 3<\/b><span style=\"font-weight: 400\">, comenzando esta aventura por la famosa <\/span><b>King Crab Route<\/b><span style=\"font-weight: 400\"> towards <\/span><b>Almanza Port<\/b><span style=\"font-weight: 400\">. Mientras recorr\u00e9s esta ruta, vas a atravesar valles rodeados de <\/span><b>centros invernales<\/b><span style=\"font-weight: 400\"> que se transforman en escenarios naturales \u00fanicos durante todo el a\u00f1o, destac\u00e1ndose el del famoso<\/span><b> Cerro Castor,<\/b><span style=\"font-weight: 400\"> famoso por ser el centro de esqu\u00ed m\u00e1s austral del mundo. El camino contin\u00faa hasta llegar al enigm\u00e1tico paraje <\/span><b>Rancho Hambre<\/b><span style=\"font-weight: 400\">, sitio hist\u00f3rico que marc\u00f3 el primer intento de colonizaci\u00f3n en la isla, una parada llena de relatos fascinantes que te van a acercar al pasado aventurero y desafiante de <\/span><b>Tierra del Fuego<\/b><span style=\"font-weight: 400\">.<\/span><\/p>\n<p><span style=\"font-weight: 400\">Desde ah\u00ed, seguimos camino por la esc\u00e9nica <\/span><b>Provincial Route J<\/b><span style=\"font-weight: 400\">, inmersa en un bosque virgen de lengas y \u00f1ires que enmarcan el paisaje con su belleza natural, acompa\u00f1ados por la vista permanente del <\/span><b>r\u00edo<\/b> <b>Lasifashaj <\/b><span style=\"font-weight: 400\">serpenteando junto a tu camino, una combinaci\u00f3n perfecta entre la belleza esc\u00e9nica y la tranquilidad fueguina.<\/span><\/p>\n<p><span style=\"font-weight: 400\">Your destination is <\/span><b>Almanza Port<\/b><span style=\"font-weight: 400\">, un pueblo de <\/span><b>pescadores artesanales<\/b><span style=\"font-weight: 400\"> ubicado a<\/span><b> 70 km<\/b><span style=\"font-weight: 400\"> de Ushuaia, famoso por la <\/span><b>calidad inigualable<\/b><span style=\"font-weight: 400\"> de sus <\/span><b>mariscos frescos<\/b><span style=\"font-weight: 400\"> y su ambiente \u00fanico, natural y aut\u00e9ntico. All\u00ed, embarcamos en nuestra propia<\/span><b> lancha exclusiva,<\/b><span style=\"font-weight: 400\"> de \u00faltima generaci\u00f3n, equipada con dos motores en espejo y el <\/span><b>\u00fanico sistema de calefacci\u00f3n a bordo disponible en la zona<\/b><span style=\"font-weight: 400\">, preparada especialmente para brindarte comodidad y seguridad durante todo el recorrido.<\/span><\/p>\n<p><span style=\"font-weight: 400\">From <\/span><b>Almanza<\/b><span style=\"font-weight: 400\">, comenzamos una inolvidable navegaci\u00f3n a trav\u00e9s del hist\u00f3rico <\/span><b>Guaran\u00ed Passage<\/b><span style=\"font-weight: 400\">, con vistas privilegiadas hacia la <\/span><b>Gable Island<\/b><span style=\"font-weight: 400\">, territorio emblem\u00e1tico en la historia de los antiguos Y\u00e1manas, legendarios navegantes de estas mismas aguas. Este recorrido te va a ofrecer no solo vistas incre\u00edbles, sino tambi\u00e9n una conexi\u00f3n profunda con la cultura e historia del canal.<\/span><\/p>\n<p><span style=\"font-weight: 400\">Vamos a llegar hasta <\/span><b>Martillo Island<\/b><span style=\"font-weight: 400\">, una de las pocas islas en el mundo donde conviven colonias de<\/span><b> magellanic penguins<\/b><span style=\"font-weight: 400\"> and <\/span><b>Gentoo penguins <\/b><span style=\"font-weight: 400\">durante la primavera y el verano. Vas a disfrutar de un avistaje \u00edntimo y tranquilo, teniendo el tiempo suficiente para contemplar de cerca a estos encantadores animales interactuando en su h\u00e1bitat natural, creando recuerdos que van a quedar grabados para siempre en tu memoria.<\/span><\/p>\n<p><span style=\"font-weight: 400\">Tras este encuentro m\u00e1gico con los ping\u00fcinos, regresamos navegando hacia <\/span><b>Almanza Port<\/b><span style=\"font-weight: 400\">, disfrutando nuevamente la belleza \u00fanica del <\/span><b>Beagle Channel<\/b><span style=\"font-weight: 400\">. Al desembarcar, vas a vivir una <\/span><b>experiencia gastron\u00f3mica especial:<\/b><span style=\"font-weight: 400\"> en un aut\u00e9ntico restaurante local frente al canal vas a saborear la frescura incomparable del Canal Beagle, con productos directamente del mar a tu mesa por la gente del pueblo, acompa\u00f1ada de otros sabores locales que van a hacer de tu almuerzo una vivencia memorable.<\/span><\/p>\n<p><span style=\"font-weight: 400\">Finalmente, emprendemos el c\u00f3modo regreso hacia el puerto de<\/span><b> Ushuaia<\/b><span style=\"font-weight: 400\">, llev\u00e1ndote una experiencia integral e inolvidable, llena de naturaleza, sabores aut\u00e9nticos y la satisfacci\u00f3n de haber vivido el <\/span><b>End of the World <\/b><span style=\"font-weight: 400\">en su versi\u00f3n m\u00e1s exclusiva y aut\u00e9ntica.<\/span><\/p>\n<p class=\"translation-block\"><b>An authentic, exclusive, and memorable experience in Ushuaia<\/b>, designed for <b>travelers seeking unique moments<\/b>, <b>without intermediaries<\/b>, and with the <b>support of our local team<\/b>. <b>We look forward to giving you an experience you will remember forever!<\/b><\/p><\/blockquote>","protected":false},"excerpt":{"rendered":"<p class=\"translation-block\">You'll travel along <strong>Route N\u00b0 3<\/strong> and <strong>Route J<\/strong> to <strong>Puerto Almanza<\/strong>, take an <strong>exclusive<\/strong> boat tour to <strong>Martillo Island<\/strong> to see the <strong>penguins<\/strong>, and complete the <strong>experience<\/strong> by savoring the <strong>flavors of the Beagle Channel<\/strong> with a delicious <strong>lunch<\/strong>.<\/p>","protected":false},"featured_media":45232,"comment_status":"open","ping_status":"closed","template":"","meta":{"_acf_changed":false,"_joinchat":[]},"product_brand":[],"product_cat":[123,876],"product_tag":[],"class_list":{"0":"post-37363","1":"product","2":"type-product","3":"status-publish","4":"has-post-thumbnail","6":"product_cat-puerto-almanza","7":"product_cat-primavera-verano","9":"first","10":"instock","11":"virtual","12":"sold-individually","13":"purchasable","14":"product-type-turitop"},"acf":[],"_links":{"self":[{"href":"https:\/\/excursionesenushuaia.com\/en\/wp-json\/wp\/v2\/product\/37363","targetHints":{"allow":["GET"]}}],"collection":[{"href":"https:\/\/excursionesenushuaia.com\/en\/wp-json\/wp\/v2\/product"}],"about":[{"href":"https:\/\/excursionesenushuaia.com\/en\/wp-json\/wp\/v2\/types\/product"}],"replies":[{"embeddable":true,"href":"https:\/\/excursionesenushuaia.com\/en\/wp-json\/wp\/v2\/comments?post=37363"}],"version-history":[{"count":6,"href":"https:\/\/excursionesenushuaia.com\/en\/wp-json\/wp\/v2\/product\/37363\/revisions"}],"predecessor-version":[{"id":45209,"href":"https:\/\/excursionesenushuaia.com\/en\/wp-json\/wp\/v2\/product\/37363\/revisions\/45209"}],"wp:featuredmedia":[{"embeddable":true,"href":"https:\/\/excursionesenushuaia.com\/en\/wp-json\/wp\/v2\/media\/45232"}],"wp:attachment":[{"href":"https:\/\/excursionesenushuaia.com\/en\/wp-json\/wp\/v2\/media?parent=37363"}],"wp:term":[{"taxonomy":"product_brand","embeddable":true,"href":"https:\/\/excursionesenushuaia.com\/en\/wp-json\/wp\/v2\/product_brand?post=37363"},{"taxonomy":"product_cat","embeddable":true,"href":"https:\/\/excursionesenushuaia.com\/en\/wp-json\/wp\/v2\/product_cat?post=37363"},{"taxonomy":"product_tag","embeddable":true,"href":"https:\/\/excursionesenushuaia.com\/en\/wp-json\/wp\/v2\/product_tag?post=37363"}],"curies":[{"name":"wp","href":"https:\/\/api.w.org\/{rel}","templated":true}]}}