{"id":51851,"date":"2026-05-08T14:11:28","date_gmt":"2026-05-08T17:11:28","guid":{"rendered":"https:\/\/excursionesenushuaia.com\/?post_type=product&#038;p=51851"},"modified":"2026-05-12T14:07:54","modified_gmt":"2026-05-12T17:07:54","slug":"navegacion-premium","status":"publish","type":"product","link":"https:\/\/excursionesenushuaia.com\/en\/navegacion-canal-beagle\/navegacion-premium\/","title":{"rendered":"Navegaci\u00f3n Premium Canal Beagle"},"content":{"rendered":"<h2>\u2693\ud83d\udee5\ufe0f <strong>Navegaci\u00f3n Premium por el Canal Beagle: yate exclusivo para grupos reducidos<\/strong><\/h2>\n<p>&nbsp;<\/p>\n<p>\u00bfQuer\u00e9s navegar el <strong>Beagle Channel<\/strong> de una forma m\u00e1s tranquila, c\u00f3moda y personalizada? La <strong>Navegaci\u00f3n Premium en Ushuaia<\/strong> es una experiencia en yate para grupos reducidos de hasta <strong>23 pasajeros<\/strong>, ideal si busc\u00e1s disfrutar los paisajes y la fauna del canal lejos de las salidas masivas.<\/p>\n<p>&nbsp;<\/p>\n<p>A bordo de nuestro <strong>yate moderno<\/strong>, vas a recorrer los puntos m\u00e1s representativos del <strong>Beagle Channel<\/strong>, like the <strong>Les \u00c9claireurs Lighthouse<\/strong>, the <strong>Isla the los Lobos<\/strong>, the <strong>Isla de los P\u00e1jaros<\/strong> and <strong>la Isla Alicia<\/strong>. Durante la navegaci\u00f3n vas a poder observar lobos marinos, aves marinas y llevarte la foto cl\u00e1sica junto al famoso faro, muchas veces mal llamado \u201cFaro del Fin del Mundo\u201d.<\/p>\n<p>&nbsp;<\/p>\n<p>Menos pasajeros, atenci\u00f3n m\u00e1s cercana, mayor comodidad y un ambiente m\u00e1s relajado durante toda la salida. Adem\u00e1s, la navegaci\u00f3n incluye <strong>tasa portuaria y refrigerio a bordo<\/strong>, para que s\u00f3lo te enfoques en disfrutar.<\/p>\n<p>&nbsp;<\/p>\n<p>The <strong>Navegaci\u00f3n Premium por el Canal Beagle<\/strong> es una excelente opci\u00f3n si quer\u00e9s conocer uno de los paisajes m\u00e1s representativos de Ushuaia con un servicio m\u00e1s exclusivo, cuidado y personalizado.<\/p>","protected":false},"excerpt":{"rendered":"<p>Viv\u00ed la experiencia de navegar el <strong>Beagle Channel<\/strong> en yate premium para grupos reducidos, con Faro Les \u00c9claireurs, Isla de Lobos, aves marinas, refrigerio y atenci\u00f3n personalizada<\/p>","protected":false},"featured_media":0,"comment_status":"open","ping_status":"closed","template":"","meta":{"_acf_changed":false,"_joinchat":[]},"product_brand":[],"product_cat":[33],"product_tag":[],"class_list":{"0":"post-51851","1":"product","2":"type-product","3":"status-publish","5":"product_cat-navegacion-canal-beagle","7":"first","8":"instock","9":"virtual","10":"sold-individually","11":"purchasable","12":"product-type-turitop"},"acf":[],"_links":{"self":[{"href":"https:\/\/excursionesenushuaia.com\/en\/wp-json\/wp\/v2\/product\/51851","targetHints":{"allow":["GET"]}}],"collection":[{"href":"https:\/\/excursionesenushuaia.com\/en\/wp-json\/wp\/v2\/product"}],"about":[{"href":"https:\/\/excursionesenushuaia.com\/en\/wp-json\/wp\/v2\/types\/product"}],"replies":[{"embeddable":true,"href":"https:\/\/excursionesenushuaia.com\/en\/wp-json\/wp\/v2\/comments?post=51851"}],"version-history":[{"count":4,"href":"https:\/\/excursionesenushuaia.com\/en\/wp-json\/wp\/v2\/product\/51851\/revisions"}],"predecessor-version":[{"id":51928,"href":"https:\/\/excursionesenushuaia.com\/en\/wp-json\/wp\/v2\/product\/51851\/revisions\/51928"}],"wp:attachment":[{"href":"https:\/\/excursionesenushuaia.com\/en\/wp-json\/wp\/v2\/media?parent=51851"}],"wp:term":[{"taxonomy":"product_brand","embeddable":true,"href":"https:\/\/excursionesenushuaia.com\/en\/wp-json\/wp\/v2\/product_brand?post=51851"},{"taxonomy":"product_cat","embeddable":true,"href":"https:\/\/excursionesenushuaia.com\/en\/wp-json\/wp\/v2\/product_cat?post=51851"},{"taxonomy":"product_tag","embeddable":true,"href":"https:\/\/excursionesenushuaia.com\/en\/wp-json\/wp\/v2\/product_tag?post=51851"}],"curies":[{"name":"wp","href":"https:\/\/api.w.org\/{rel}","templated":true}]}}