{"id":6672,"date":"2022-08-17T04:42:38","date_gmt":"2022-08-17T04:42:38","guid":{"rendered":"https:\/\/excursionesenushuaia.com\/?post_type=product&#038;p=6672"},"modified":"2026-04-13T11:04:33","modified_gmt":"2026-04-13T14:04:33","slug":"paquete-de-3-dias-de-otono","status":"publish","type":"product","link":"https:\/\/excursionesenushuaia.com\/en\/paquetes-otono\/paquete-de-3-dias-de-otono\/","title":{"rendered":"Package for 3 days Autumn"},"content":{"rendered":"<p>We prepare a super complete 3-day package with four excursions to spend the <b>Autumn in Ushuaia. <\/b>En el tercer d\u00eda hacemos un trekking y te damos dos opciones para que elijas c\u00f3mo terminar tu viaje. Preparate para las mejores actividades de oto\u00f1o durante abril, mayo y junio<\/p>\n<p><b>3-day Fall package: What to do in Ushuaia in three days<\/b><\/p>\n<p>We propose this itinerary to get to know and enjoy Tierra del Fuego.<\/p>\n<h3><b>Day 1 : Autumn in Ushuaia<\/b><\/h3>\n<p>We will pick you up at the airport and take you to your hotel. Welcome to our city Ushuaia!<\/p>\n<h3><b>Day 2 | Autumn in Ushuaia<\/b><\/h3>\n<p>We'll pick you up from your hotel at 8 a.m. and return to the city center at 2:40 p.m. You will explore the only national park in Argentina that combines sea, forest and mountains, with the opportunity to relive our history on the famous prisoners' train.<br \/>\n*The entrance ticket to the National Park is not included, it is paid in cash upon arrival at the station.<\/p>\n<p>In the afternoon we leave from the Port of Ushuaia to our Beagle Channel Navigation, where you will visit the Birds Island, Sea Lions, the famous Les \u00c9claireurs Lighthouse (misnamed Lighthouse of the End of the World) and a walk on Karelo Island. We go out every day.<\/p>\n<h3><b>Day 3 | Autumn in Ushuaia<\/b><\/h3>\n<p>You are going to live the most fun full-day adventure. We'll pick you up at your hotel at 9 a.m. and head north to cross the Andes Mountains. You will visit the great lakes of Tierra del Fuego and enjoy a lunch on the shores of Lake Fagnano that includes appetizers, Argentine barbecue, chorip\u00e1n, salad, wine, non-alcoholic drinks and dessert. We also have a celiac and vegetarian menu. We drop you at your hotel at 5 p.m.<\/p>\n<h3><b>Ready to enjoy your Fall excursion package?<\/b><\/h3>","protected":false},"excerpt":{"rendered":"<p class=\"translation-block\"><strong>Three days of experiences<\/strong> to enjoy <strong>Ushuaia<\/strong> in its quietest and most colorful version. You will go on <strong>unmissable excursions<\/strong>, surrounded by landscapes of forests dyed in red and gold.<\/p>","protected":false},"featured_media":42037,"comment_status":"open","ping_status":"closed","template":"","meta":{"_acf_changed":false,"_joinchat":[]},"product_brand":[],"product_cat":[102],"product_tag":[88],"class_list":{"0":"post-6672","1":"product","2":"type-product","3":"status-publish","4":"has-post-thumbnail","6":"product_cat-paquetes-otono","7":"product_tag-otonos","9":"first","10":"instock","11":"virtual","12":"sold-individually","13":"purchasable","14":"product-type-turitop"},"acf":[],"_links":{"self":[{"href":"https:\/\/excursionesenushuaia.com\/en\/wp-json\/wp\/v2\/product\/6672","targetHints":{"allow":["GET"]}}],"collection":[{"href":"https:\/\/excursionesenushuaia.com\/en\/wp-json\/wp\/v2\/product"}],"about":[{"href":"https:\/\/excursionesenushuaia.com\/en\/wp-json\/wp\/v2\/types\/product"}],"replies":[{"embeddable":true,"href":"https:\/\/excursionesenushuaia.com\/en\/wp-json\/wp\/v2\/comments?post=6672"}],"version-history":[{"count":3,"href":"https:\/\/excursionesenushuaia.com\/en\/wp-json\/wp\/v2\/product\/6672\/revisions"}],"predecessor-version":[{"id":43379,"href":"https:\/\/excursionesenushuaia.com\/en\/wp-json\/wp\/v2\/product\/6672\/revisions\/43379"}],"wp:featuredmedia":[{"embeddable":true,"href":"https:\/\/excursionesenushuaia.com\/en\/wp-json\/wp\/v2\/media\/42037"}],"wp:attachment":[{"href":"https:\/\/excursionesenushuaia.com\/en\/wp-json\/wp\/v2\/media?parent=6672"}],"wp:term":[{"taxonomy":"product_brand","embeddable":true,"href":"https:\/\/excursionesenushuaia.com\/en\/wp-json\/wp\/v2\/product_brand?post=6672"},{"taxonomy":"product_cat","embeddable":true,"href":"https:\/\/excursionesenushuaia.com\/en\/wp-json\/wp\/v2\/product_cat?post=6672"},{"taxonomy":"product_tag","embeddable":true,"href":"https:\/\/excursionesenushuaia.com\/en\/wp-json\/wp\/v2\/product_tag?post=6672"}],"curies":[{"name":"wp","href":"https:\/\/api.w.org\/{rel}","templated":true}]}}