{"id":6678,"date":"2022-08-17T13:30:13","date_gmt":"2022-08-17T13:30:13","guid":{"rendered":"https:\/\/excursionesenushuaia.com\/?post_type=product&#038;p=6678"},"modified":"2026-04-13T13:53:52","modified_gmt":"2026-04-13T16:53:52","slug":"paquete-para-2-dias-invierno","status":"publish","type":"product","link":"https:\/\/excursionesenushuaia.com\/en\/paquetes-invierno\/paquete-para-2-dias-invierno\/","title":{"rendered":"Package for 2 days Winter"},"content":{"rendered":"<h2>\u00bfQu\u00e9 hacer en 2 d\u00edas en Ushuaia?<\/h2>\n<p>If you only have\u00a0<b>2 days in Ushuaia<\/b>, and you want to enjoy it as much as possible, we show you\u00a0<b>the best excursions to do in Ushuaia in two full days<\/b>.<\/p>\n<p>This proposal is super compressed, but if you stay more days, it can be organized in a more relaxed plan.<\/p>\n<p>Este paquete incluye traslados desde y hasta el aeropuerto y ademas de eso incluye las siguiente excursiones.<\/p>\n<ul>\n<li>Day 1 in Ushuaia<\/li>\n<\/ul>\n<p>At 9:00 a.m., be waiting at the reception of your accommodation, because we will pick you up to go discover icons, young history and our<\/p>\n<p><b>Tierra del Fuego National Park + The End of the World Train<\/b>.<\/p>\n<p>We will be returning at 13:30 hs.<\/p>\n<p>(Here you have an hour for lunch, there are many alternatives in the center of town, even in the same block from our\u00a0<b>Info De Ushuaia \u00ae Travel Agency<\/b>)<\/p>\n<p>At 2.30 pm, like explorers or natives, you will discover one of the most requested excursions in Ushuaia.<\/p>\n<p>The\u00a0<b>Beagle Channel Navigation\u00a0<\/b>is much more than just a catamaran ride on the\u00a0<b>Onashaga channel.<\/b><\/p>\n<p>It is the natural environment of our natives, the Y\u00e1manas, canoeists of the\u00a0<b>\"hunters channel\".<\/b><\/p>\n<p>You will get to know the greatest variety of local fauna, the\u00a0<b>Bird Island<\/b>, the<b>\u00a0Isla de los Lobos<\/b>\u00a0Marinos, a small\u00a0<b>hike on one of the Bridges Islands<\/b>\u00a0and the photo that everyone wants to have: the wrongly named\u00a0<b>Lighthouse at the End of the World<\/b>.<\/p>\n<p>&nbsp;<\/p>\n<ul>\n<li>Day 2 in Ushuaia:<\/li>\n<\/ul>\n<p><strong>D\u00cdA BLANCO: <\/strong>Partida desde el hotel rumbo al centro invernal \u201cVilla Las Cotorras\u201d, donde te estar\u00e1 esperando un d\u00eda lleno de emoci\u00f3n y diversi\u00f3n para disfrutar de experiencias como una caminata con raquetas de nieve, un recorrido en motos de nieve a trav\u00e9s de la planicie que nos presenta el valle \u201cLas cotorras\u201d y un rato de diversi\u00f3n para los m\u00e1s chicos (y los no tan chicos) desliz\u00e1ndonos en culipatines.<\/p>\n<p>Tambi\u00e9n disfrutar\u00e1s de un rico almuerzo que se basa en un cl\u00e1sico \u201ccor dero fueguino\u201d o pastas + guarnici\u00f3n.<\/p>\n<p>When we return, we will leave you in the city center so you can enjoy a delicious hot chocolate.<\/p>","protected":false},"excerpt":{"rendered":"<p>2 Day Winter Package. Two super complete days, 4 excursions total.<\/p>","protected":false},"featured_media":42031,"comment_status":"open","ping_status":"closed","template":"","meta":{"_acf_changed":false,"_joinchat":[]},"product_brand":[],"product_cat":[101],"product_tag":[87],"class_list":{"0":"post-6678","1":"product","2":"type-product","3":"status-publish","4":"has-post-thumbnail","6":"product_cat-paquetes-invierno","7":"product_tag-invierno","9":"first","10":"instock","11":"virtual","12":"sold-individually","13":"purchasable","14":"product-type-turitop"},"acf":[],"_links":{"self":[{"href":"https:\/\/excursionesenushuaia.com\/en\/wp-json\/wp\/v2\/product\/6678","targetHints":{"allow":["GET"]}}],"collection":[{"href":"https:\/\/excursionesenushuaia.com\/en\/wp-json\/wp\/v2\/product"}],"about":[{"href":"https:\/\/excursionesenushuaia.com\/en\/wp-json\/wp\/v2\/types\/product"}],"replies":[{"embeddable":true,"href":"https:\/\/excursionesenushuaia.com\/en\/wp-json\/wp\/v2\/comments?post=6678"}],"version-history":[{"count":1,"href":"https:\/\/excursionesenushuaia.com\/en\/wp-json\/wp\/v2\/product\/6678\/revisions"}],"predecessor-version":[{"id":16764,"href":"https:\/\/excursionesenushuaia.com\/en\/wp-json\/wp\/v2\/product\/6678\/revisions\/16764"}],"wp:featuredmedia":[{"embeddable":true,"href":"https:\/\/excursionesenushuaia.com\/en\/wp-json\/wp\/v2\/media\/42031"}],"wp:attachment":[{"href":"https:\/\/excursionesenushuaia.com\/en\/wp-json\/wp\/v2\/media?parent=6678"}],"wp:term":[{"taxonomy":"product_brand","embeddable":true,"href":"https:\/\/excursionesenushuaia.com\/en\/wp-json\/wp\/v2\/product_brand?post=6678"},{"taxonomy":"product_cat","embeddable":true,"href":"https:\/\/excursionesenushuaia.com\/en\/wp-json\/wp\/v2\/product_cat?post=6678"},{"taxonomy":"product_tag","embeddable":true,"href":"https:\/\/excursionesenushuaia.com\/en\/wp-json\/wp\/v2\/product_tag?post=6678"}],"curies":[{"name":"wp","href":"https:\/\/api.w.org\/{rel}","templated":true}]}}