{"id":6680,"date":"2022-08-17T13:33:11","date_gmt":"2022-08-17T13:33:11","guid":{"rendered":"https:\/\/excursionesenushuaia.com\/?post_type=product&#038;p=6680"},"modified":"2026-04-10T14:49:31","modified_gmt":"2026-04-10T17:49:31","slug":"paquete-para-2-dias-otono","status":"publish","type":"product","link":"https:\/\/excursionesenushuaia.com\/en\/paquetes-otono\/paquete-para-2-dias-otono\/","title":{"rendered":"Package for 2 Days Autumn"},"content":{"rendered":"<p><span style=\"font-weight: 400\">Te preparamos un paquete de 2 d\u00edas Oto\u00f1o s\u00faper completos con las mejores excursiones para pasar el <\/span><b>Oto\u00f1o. <\/b><span style=\"font-weight: 400\">\u00a0te damos dos opciones para que elijas c\u00f3mo terminar tu viaje.<\/span><\/p>\n<p><b>Paquete de 2 dias de Oto\u00f1o: Qu\u00e9 hacer en Ushuaia en 2 d\u00edas<\/b><\/p>\n<p><span style=\"font-weight: 400\">We propose this itinerary to get to know and enjoy Tierra del Fuego.<\/span><\/p>\n<p><span style=\"font-weight: 400\">\u00a0<\/span><\/p>\n<h3><b>Day 1 : Autumn in Ushuaia<\/b><\/h3>\n<p><span style=\"font-weight: 400\">We will pick you up at the airport and take you to your hotel. Welcome to our city Ushuaia!<\/span><\/p>\n<h3><b>Day 2 | Autumn in Ushuaia<\/b><\/h3>\n<p><span style=\"font-weight: 400\">We'll pick you up from your hotel at 8 a.m. and return to the city center at 2:40 p.m. You will explore the only national park in Argentina that combines sea, forest and mountains, with the opportunity to relive our history on the famous prisoners' train.<\/span><span style=\"font-weight: 400\"><br \/>\n<\/span><span style=\"font-weight: 400\">*The entrance ticket to the National Park is not included, it is paid in cash upon arrival at the station.<\/span><\/p>\n<p><span style=\"font-weight: 400\">In the afternoon we leave from the Port of Ushuaia to our Beagle Channel Navigation, where you will visit the Birds Island, Sea Lions, the famous Les \u00c9claireurs Lighthouse (misnamed Lighthouse of the End of the World) and a walk on Karelo Island. We go out every day.<\/span><\/p>\n<h3><b>Ready to enjoy your Fall excursion package?<\/b><\/h3>","protected":false},"excerpt":{"rendered":"<p class=\"translation-block\"><strong>Two days of adventure<\/strong> to enjoy <strong>Ushuaia<\/strong> in its <strong>quietest and most colorful season<\/strong>. Reddish forests, fresh air, and experiences designed to live the <strong>End of the World<\/strong> with calm and unique landscapes.<\/p>","protected":false},"featured_media":42036,"comment_status":"open","ping_status":"closed","template":"","meta":{"_acf_changed":false,"_joinchat":[]},"product_brand":[],"product_cat":[102],"product_tag":[88],"class_list":{"0":"post-6680","1":"product","2":"type-product","3":"status-publish","4":"has-post-thumbnail","6":"product_cat-paquetes-otono","7":"product_tag-otonos","9":"first","10":"instock","11":"virtual","12":"sold-individually","13":"purchasable","14":"product-type-turitop"},"acf":[],"_links":{"self":[{"href":"https:\/\/excursionesenushuaia.com\/en\/wp-json\/wp\/v2\/product\/6680","targetHints":{"allow":["GET"]}}],"collection":[{"href":"https:\/\/excursionesenushuaia.com\/en\/wp-json\/wp\/v2\/product"}],"about":[{"href":"https:\/\/excursionesenushuaia.com\/en\/wp-json\/wp\/v2\/types\/product"}],"replies":[{"embeddable":true,"href":"https:\/\/excursionesenushuaia.com\/en\/wp-json\/wp\/v2\/comments?post=6680"}],"version-history":[{"count":8,"href":"https:\/\/excursionesenushuaia.com\/en\/wp-json\/wp\/v2\/product\/6680\/revisions"}],"predecessor-version":[{"id":43548,"href":"https:\/\/excursionesenushuaia.com\/en\/wp-json\/wp\/v2\/product\/6680\/revisions\/43548"}],"wp:featuredmedia":[{"embeddable":true,"href":"https:\/\/excursionesenushuaia.com\/en\/wp-json\/wp\/v2\/media\/42036"}],"wp:attachment":[{"href":"https:\/\/excursionesenushuaia.com\/en\/wp-json\/wp\/v2\/media?parent=6680"}],"wp:term":[{"taxonomy":"product_brand","embeddable":true,"href":"https:\/\/excursionesenushuaia.com\/en\/wp-json\/wp\/v2\/product_brand?post=6680"},{"taxonomy":"product_cat","embeddable":true,"href":"https:\/\/excursionesenushuaia.com\/en\/wp-json\/wp\/v2\/product_cat?post=6680"},{"taxonomy":"product_tag","embeddable":true,"href":"https:\/\/excursionesenushuaia.com\/en\/wp-json\/wp\/v2\/product_tag?post=6680"}],"curies":[{"name":"wp","href":"https:\/\/api.w.org\/{rel}","templated":true}]}}