{"id":6710,"date":"2022-08-18T04:35:58","date_gmt":"2022-08-18T04:35:58","guid":{"rendered":"https:\/\/excursionesenushuaia.com\/?post_type=product&#038;p=6710"},"modified":"2026-04-09T15:38:25","modified_gmt":"2026-04-09T18:38:25","slug":"buceo-de-bautismo","status":"publish","type":"product","link":"https:\/\/excursionesenushuaia.com\/en\/buceo\/buceo-de-bautismo\/","title":{"rendered":"Baptism dive"},"content":{"rendered":"<p><strong>Discover Scuba Diving<\/strong><\/p>\n<p>&nbsp;<\/p>\n<p>Se trata de una maravillosa y \u00fanica experiencia en las profundidades de las aguas del famoso\u00a0<a href=\"https:\/\/excursionesenushuaia.com\/en\/informacion-general\/la-fauna-marina-del-canal-beagle-que-se-puede-ver-en-la-navegacion\/\"><b>Beagle Channel<\/b>.<\/a> Tendr\u00e1s la oportunidad de sumergirte en un lugar incre\u00edble, donde las aguas se encuentran con las monta\u00f1as, para descubrir los secretos y maravillas ocultas en el fondo del mar. Durante la excursi\u00f3n, tendr\u00e1s la posibilidad de ver algas gigantes, espectaculares naufragios, medusas, centollas, y maravillosas sorpresas que saldr\u00e1n a tu encuentro.<\/p>\n<p>Se trata de un programa que puede realizarse a lo largo de todo el a\u00f1o, excepto los d\u00edas de mucho viento en que las aguas se encuentran un poco revueltas y la visibilidad no es tan buena. As\u00ed tambi\u00e9n en verano, la gran cantidad de plancton disminuye bastante la visibilidad.<\/p>\n<p>El agua es realmente muy fr\u00eda y es por esto que se necesita un equipo especial,\u00a0el cual es completamente provisto por los gu\u00edas. Las temperaturas oscilan entre 2 y 4 grados durante el invierno y entre 8 y 10 grados en verano.<\/p>\n<p>When you dive into the waters of the\u00a0<b>Beagle Channel<\/b>\u00a0You will discover what looks very much like a submerged forest, and it is truly spectacular when the sun's rays illuminate the depths. The depth reached is around 12 meters.<\/p>\n<p>Another highly recommended site for diving is the Bridges Islands which offer spectacular walls and shallow depths. Here the most recommended sites are Karelo, Canalcito and Iturrieta.<\/p>\n<p>Cualquiera puede hacer <b>\u00a0buceo de bautismo en Ushuaia<\/b>, desde los expertos hasta los principiantes. Si es tu primera vez, lo m\u00e1s recomendable es que visites sitios como Paso Chico ubicado en la Isla Dos Lomos. Es aqu\u00ed donde a 8 metros de profundidad se pueden apreciar los restos de un velero que naufrag\u00f3 durante una fuerte tormenta.<\/p>\n<p>Entre los grandes atractivos que ofrece este programa se encuentra la posibilidad de apreciar la flora y fauna de la zona del<b>\u00a0Beagle Channel<\/b>, la cual es realmente muy rica.<\/p>\n<p>Here you will find a species of seaweeds known as \"Cachiyuyos\", which are characterized by their great length, as they can reach up to 30 and 40 meters, which helps to attenuate the waves. There are also \"Luche\" seaweeds, which are bright red in color and can be eaten.<\/p>\n<p>Tambi\u00e9n es posible admirar por\u00edferos, una especie que vive adherida al fondo como las esponjas blancas y naranjas, tambi\u00e9n las an\u00e9monas, que se encuentran debajo de las rocas, y las enormes aguas vivas, que se encuentran suspendidas en el agua.<\/p>\n<p>Other species that are easily found are starfish, sea urchins, sea cucumbers and thousands of mollusks attached to the rocks such as mussels, spider crabs that reach a size of up to one meter in diameter, southern hake, and fueguina sardines.<\/p>\n<div class=\"attribute-intro\"><\/div>\n<div class=\"attribute-caption\">\n<div class=\"ezxmltext\">\n<p>&nbsp;<\/p>\n<\/div>\n<\/div>","protected":false},"excerpt":{"rendered":"<p>Vas a vivir <strong>tu primera experiencia de buceo<\/strong> at <strong>Ushuaia<\/strong>, acompa\u00f1ado por <strong>instructores profesionales<\/strong>, descubriendo los <strong>paisajes submarinos<\/strong> and the <strong>fauna marina del Canal Beagle<\/strong>.<\/p>","protected":false},"featured_media":42268,"comment_status":"open","ping_status":"closed","template":"","meta":{"_acf_changed":false,"_joinchat":[]},"product_brand":[],"product_cat":[105],"product_tag":[87,88,89,75],"class_list":{"0":"post-6710","1":"product","2":"type-product","3":"status-publish","4":"has-post-thumbnail","6":"product_cat-buceo","7":"product_tag-invierno","8":"product_tag-otonos","9":"product_tag-primavera","10":"product_tag-verano","12":"first","13":"instock","14":"virtual","15":"sold-individually","16":"purchasable","17":"product-type-turitop"},"acf":[],"_links":{"self":[{"href":"https:\/\/excursionesenushuaia.com\/en\/wp-json\/wp\/v2\/product\/6710","targetHints":{"allow":["GET"]}}],"collection":[{"href":"https:\/\/excursionesenushuaia.com\/en\/wp-json\/wp\/v2\/product"}],"about":[{"href":"https:\/\/excursionesenushuaia.com\/en\/wp-json\/wp\/v2\/types\/product"}],"replies":[{"embeddable":true,"href":"https:\/\/excursionesenushuaia.com\/en\/wp-json\/wp\/v2\/comments?post=6710"}],"version-history":[{"count":2,"href":"https:\/\/excursionesenushuaia.com\/en\/wp-json\/wp\/v2\/product\/6710\/revisions"}],"predecessor-version":[{"id":45040,"href":"https:\/\/excursionesenushuaia.com\/en\/wp-json\/wp\/v2\/product\/6710\/revisions\/45040"}],"wp:featuredmedia":[{"embeddable":true,"href":"https:\/\/excursionesenushuaia.com\/en\/wp-json\/wp\/v2\/media\/42268"}],"wp:attachment":[{"href":"https:\/\/excursionesenushuaia.com\/en\/wp-json\/wp\/v2\/media?parent=6710"}],"wp:term":[{"taxonomy":"product_brand","embeddable":true,"href":"https:\/\/excursionesenushuaia.com\/en\/wp-json\/wp\/v2\/product_brand?post=6710"},{"taxonomy":"product_cat","embeddable":true,"href":"https:\/\/excursionesenushuaia.com\/en\/wp-json\/wp\/v2\/product_cat?post=6710"},{"taxonomy":"product_tag","embeddable":true,"href":"https:\/\/excursionesenushuaia.com\/en\/wp-json\/wp\/v2\/product_tag?post=6710"}],"curies":[{"name":"wp","href":"https:\/\/api.w.org\/{rel}","templated":true}]}}