{"id":718,"date":"2022-12-28T11:54:00","date_gmt":"2022-12-28T11:54:00","guid":{"rendered":"https:\/\/excursionesenushuaia.com\/product\/trekking-glaciar-vinciguerra-3\/"},"modified":"2026-04-09T13:21:39","modified_gmt":"2026-04-09T16:21:39","slug":"trekking-glaciar-vinciguerra","status":"publish","type":"product","link":"https:\/\/excursionesenushuaia.com\/en\/trekking\/trekking-glaciar-vinciguerra\/","title":{"rendered":"Vinciguerra Glacier Trekking"},"content":{"rendered":"<p><strong>Trekking Glaciar Vinciguerra:<\/strong><\/p>\n<p><span style=\"font-weight: 400\">Animate a recorrer las cuevas de hielo y la Laguna de los T\u00e9mpanos en el Glaciar Vinciguerra<\/span><\/p>\n<p><span style=\"font-weight: 400\">If you ever wanted to feel<\/span><\/p>\n<p><span style=\"font-weight: 400\">inside the Ice Age movie, you're going to love the Vinciguerra glacier trek.<\/span><\/p>\n<p><span style=\"font-weight: 400\">We will walk up to the glacier and also to the<\/span><b> Los T\u00e9mpanos Lagoon<\/b><span style=\"font-weight: 400\">. The glacier itself is not \"walkable\" because of the enormous amount of crevasses it has.<\/span><\/p>\n<p><span style=\"font-weight: 400\">But what we will do is <\/span><b>enter the incredible ice caves.<\/b><span style=\"font-weight: 400\"> You will encounter a wondrous celestial world of crevices and sinkholes.<\/span><\/p>\n<p><span style=\"font-weight: 400\">Those photos on Instagram don't just get snapped by anyone!<\/span><b> The hike is 13 kilometers long, the elevation gain is 650 meters and the difficulty is medium. <\/b><span style=\"font-weight: 400\">It is necessary to have a certain level of training and physical fitness to be able to complete the tour, as it is a high difficulty activity.<\/span><\/p>\n<p><span style=\"font-weight: 400\">Do you dare to face this challenge?<\/span><\/p>\n<p>&nbsp;<\/p>\n<p><b>Duraci\u00f3n del paseo:<\/b>\u00a0aproximadamente entre 7 y 9 horas. (Calcular unas 6 u 8 horas de trekking)<\/p>\n<p><b>Temporada<\/b>: Todo el a\u00f1o. Entre los meses\u00a0<b>de octubre y abril<\/b>, sujeto a condiciones clim\u00e1ticas.<\/p>\n<p><b>Exigencias<\/b>:<\/p>\n<p>Excursi\u00f3n de dificultad exigente (Nivel II). Es necesario contar con cierto entrenamiento y estado f\u00edsico para poder completar el paseo.<\/p>\n<p><b>Desniveles y distancias:<\/b><\/p>\n<p>El recorrido a pie abarca un total de 13 kil\u00f3metros. El recorrido total, incluyendo traslados es de 16 kil\u00f3metros. La excursi\u00f3n parte a 150 metros sobre el nivel del mar, y el\u00a0<b>Vinciguerra Glacier Trekking<\/b>\u00a0se encuentra a 800 metros sobre el nivel del mar, lo cual arroja un desnivel de 650 metros.<\/p>\n<p><b>Salidas:<\/b>\u00a0Cupo m\u00ednimo de 4 personas para realizar la experiencia.<\/p>\n<p><b>Itinerario:<\/b><\/p>\n<p>Te pasamos a buscar por la puerta de su hotel y nos dirigimos hacia el norte de Ushuaia, m\u00e1s precisamente hacia el Valle de Andorra, \u00a0sitio donde comienza la senda que se deber\u00e1 recorrer para llegar al Glaciar Vinciguerra<\/p>\n<p>Along the trail you can enjoy a variety of landscapes that include a peat bog, lush forests, and ends in the famous Valle de Altura del R\u00edo de la Leche which is located in the immediate vicinity of the Glacier. This place is ideal to enjoy the most wonderful views of the area.<\/p>\n<p>El camino contin\u00faa por el costado del r\u00edo y se alcanza la<b>\u00a0Los Tempanos Lagoon<\/b>\u00a0de aguas lechosas, caracter\u00edsticas del deshielo del Glaciar. Aqu\u00ed es posible realizar un descanso para continuar luego bordeando la laguna hasta que se aparece imponente el Glaciar.<\/p>\n<p>Podr\u00e1s apreciar el glaciar pero no caminar sobre el debido a la enorme cantidad de grietas (aunque s\u00ed podremos ingresar a sus cuevas!). El paseo revelar\u00e1 un mundo maravilloso de grietas y sumideros que podr\u00e1s inmortalizar en fotograf\u00edas!<\/p>\n<p>Once the ice walk is over, the return to the hotel is resumed.<\/p>\n<p><b>Destacados<\/b>:<\/p>\n<ul>\n<li>Cuevas del glaciar<\/li>\n<li>Los Tempanos Lagoon<\/li>\n<li>Paisajes y vistas panor\u00e1micas de la zona y sus alrededores.<\/li>\n<li>Avistamiento de flora y fauna, sobre todo de las aves del bosque.<\/li>\n<li>Apreciaci\u00f3n del glaciar colgante.<\/li>\n<li>Entorno natural.<\/li>\n<\/ul>","protected":false},"excerpt":{"rendered":"<p>Un trekking para quienes buscan <strong>aventura exigente<\/strong>. Vas a llegar a la <strong>Los Tempanos Lagoon<\/strong> y al <strong>Vinciguerra Glacier Trekking<\/strong>, combining <strong>monta\u00f1a, bosque y paisajes \u00fanicos de Ushuaia<\/strong>.<\/p>","protected":false},"featured_media":42274,"comment_status":"open","ping_status":"closed","template":"","meta":{"_acf_changed":false,"_joinchat":[]},"product_brand":[],"product_cat":[114],"product_tag":[87,88,89,75],"class_list":{"0":"post-718","1":"product","2":"type-product","3":"status-publish","4":"has-post-thumbnail","6":"product_cat-trekking","7":"product_tag-invierno","8":"product_tag-otonos","9":"product_tag-primavera","10":"product_tag-verano","12":"first","13":"instock","14":"virtual","15":"sold-individually","16":"purchasable","17":"product-type-turitop"},"acf":[],"_links":{"self":[{"href":"https:\/\/excursionesenushuaia.com\/en\/wp-json\/wp\/v2\/product\/718","targetHints":{"allow":["GET"]}}],"collection":[{"href":"https:\/\/excursionesenushuaia.com\/en\/wp-json\/wp\/v2\/product"}],"about":[{"href":"https:\/\/excursionesenushuaia.com\/en\/wp-json\/wp\/v2\/types\/product"}],"replies":[{"embeddable":true,"href":"https:\/\/excursionesenushuaia.com\/en\/wp-json\/wp\/v2\/comments?post=718"}],"version-history":[{"count":11,"href":"https:\/\/excursionesenushuaia.com\/en\/wp-json\/wp\/v2\/product\/718\/revisions"}],"predecessor-version":[{"id":50635,"href":"https:\/\/excursionesenushuaia.com\/en\/wp-json\/wp\/v2\/product\/718\/revisions\/50635"}],"wp:featuredmedia":[{"embeddable":true,"href":"https:\/\/excursionesenushuaia.com\/en\/wp-json\/wp\/v2\/media\/42274"}],"wp:attachment":[{"href":"https:\/\/excursionesenushuaia.com\/en\/wp-json\/wp\/v2\/media?parent=718"}],"wp:term":[{"taxonomy":"product_brand","embeddable":true,"href":"https:\/\/excursionesenushuaia.com\/en\/wp-json\/wp\/v2\/product_brand?post=718"},{"taxonomy":"product_cat","embeddable":true,"href":"https:\/\/excursionesenushuaia.com\/en\/wp-json\/wp\/v2\/product_cat?post=718"},{"taxonomy":"product_tag","embeddable":true,"href":"https:\/\/excursionesenushuaia.com\/en\/wp-json\/wp\/v2\/product_tag?post=718"}],"curies":[{"name":"wp","href":"https:\/\/api.w.org\/{rel}","templated":true}]}}