{"id":719,"date":"2019-03-01T11:54:00","date_gmt":"2019-03-01T11:54:00","guid":{"rendered":"https:\/\/excursionesenushuaia.com\/product\/parque-nacional-y-tren-del-fin-del-mundo-3\/"},"modified":"2026-04-09T11:14:48","modified_gmt":"2026-04-09T14:14:48","slug":"parque-y-tren","status":"publish","type":"product","link":"https:\/\/excursionesenushuaia.com\/en\/parque-nacional\/parque-y-tren\/","title":{"rendered":"Classic Tierra del Fuego National Park + End of the World Train"},"content":{"rendered":"<h2><span style=\"font-weight: 1000\">Parque Nacional Tierra del Fuego y Tren del Fin del Mundo Cl\u00e1sico<\/span><\/h2>\n<h3><span style=\"font-weight: 400\">\u00bfEst\u00e1s listo para conocer el famoso tren de los presos? Vas a revivir la imperdible historia del <strong><a href=\"https:\/\/excursionesenushuaia.com\/en\/parque-nacional\/tren-del-fin-del-mundo\/\">End of the World Train<\/a><\/strong>, recorriendo los caminos que llen\u00f3 de leyendas los inicios de Ushuaia.<\/span><\/h3>\n<h4><span style=\"font-weight: 400\">Acompa\u00f1amos al famoso <\/span><b>End of the World sign<\/b><span style=\"font-weight: 400\"> en Bah\u00eda Lapataia, la \u00faltima porci\u00f3n de tierra del continente americano.<\/span><\/h4>\n<h4 class=\"translation-block\"><span style=\"font-weight: 400\">You will relive the unmissable story of the<\/span><b> End of the World Train,<\/b><span style=\"font-weight: 400\"> traveling the paths that filled the early days of Ushuaia with legends.<\/span><\/h4>\n<h4><span style=\"font-weight: 400\">Vas a explorar el \u00fanico rinc\u00f3n <\/span><span style=\"font-weight: 400\">de nuestra Argentina que combina mar, bosque y monta\u00f1a, el <strong>Tierra del Fuego National Park<\/strong>.<\/span><\/h4>\n<h4><span style=\"font-weight: 400\">Levate recuerdos imperdibles y sacate la foto en el cartel del Fin Del Mundo. Habr\u00e1s disfrutado en plena naturaleza, gran parte de nuestra historia, el famoso tren de los presos, nuestra flora y fauna que solo podes disfrutar en la pr\u00edstina <strong>Tierra del Fuego<\/strong>.<\/span><\/h4>\n<p><span style=\"font-weight: 400\">Descubr\u00ed su m\u00e1gica flora y fauna, adem\u00e1s vas a poder conocer restos arqueol\u00f3gicos de los nativos Y\u00e1manas e impresionantes paisajes rodeados de r\u00edos, lagos y lagunas.\u00a0<\/span><\/p>\n<p><span style=\"font-weight: 400\">We pick you up directly at your hotel or apartment in Ushuaia so you don't have to worry about anything.<\/span><\/p>\n<p><span style=\"font-weight: 400\">You will take with you the famous photo at the End of the World sign, at the end of National Route 3, in Lapataia Bay.<\/span><\/p>\n<h3 class=\"translation-block\"><span style=\"font-weight: 400\">Read on and find out why this is 1 of <\/span><b>the 3 must-do excursions at the End of the World.<\/b><\/h3>\n<h3>Pod\u00e9s averiguar m\u00e1s sobre la entrada al parque haciendo click <a href=\"https:\/\/ventaweb.apn.gob.ar\/reserva\/inicio?dp=09\" target=\"_blank\" rel=\"noopener\">aqu\u00ed<\/a>.<\/h3>","protected":false},"excerpt":{"rendered":"<p>You will explore the <strong>National Park<\/strong> and hop aboard the famous <strong>End of the World Train<\/strong>. An experience to discover the <strong>history<\/strong> and the <strong>most iconic landscapes of Ushuaia<\/strong>.<\/p>","protected":false},"featured_media":42046,"comment_status":"open","ping_status":"closed","template":"","meta":{"_acf_changed":false,"_joinchat":[]},"product_brand":[],"product_cat":[45],"product_tag":[87,88,89,75],"class_list":{"0":"post-719","1":"product","2":"type-product","3":"status-publish","4":"has-post-thumbnail","6":"product_cat-parque-nacional","7":"product_tag-invierno","8":"product_tag-otonos","9":"product_tag-primavera","10":"product_tag-verano","12":"first","13":"instock","14":"virtual","15":"sold-individually","16":"purchasable","17":"product-type-turitop"},"acf":[],"_links":{"self":[{"href":"https:\/\/excursionesenushuaia.com\/en\/wp-json\/wp\/v2\/product\/719","targetHints":{"allow":["GET"]}}],"collection":[{"href":"https:\/\/excursionesenushuaia.com\/en\/wp-json\/wp\/v2\/product"}],"about":[{"href":"https:\/\/excursionesenushuaia.com\/en\/wp-json\/wp\/v2\/types\/product"}],"replies":[{"embeddable":true,"href":"https:\/\/excursionesenushuaia.com\/en\/wp-json\/wp\/v2\/comments?post=719"}],"version-history":[{"count":20,"href":"https:\/\/excursionesenushuaia.com\/en\/wp-json\/wp\/v2\/product\/719\/revisions"}],"predecessor-version":[{"id":50867,"href":"https:\/\/excursionesenushuaia.com\/en\/wp-json\/wp\/v2\/product\/719\/revisions\/50867"}],"wp:featuredmedia":[{"embeddable":true,"href":"https:\/\/excursionesenushuaia.com\/en\/wp-json\/wp\/v2\/media\/42046"}],"wp:attachment":[{"href":"https:\/\/excursionesenushuaia.com\/en\/wp-json\/wp\/v2\/media?parent=719"}],"wp:term":[{"taxonomy":"product_brand","embeddable":true,"href":"https:\/\/excursionesenushuaia.com\/en\/wp-json\/wp\/v2\/product_brand?post=719"},{"taxonomy":"product_cat","embeddable":true,"href":"https:\/\/excursionesenushuaia.com\/en\/wp-json\/wp\/v2\/product_cat?post=719"},{"taxonomy":"product_tag","embeddable":true,"href":"https:\/\/excursionesenushuaia.com\/en\/wp-json\/wp\/v2\/product_tag?post=719"}],"curies":[{"name":"wp","href":"https:\/\/api.w.org\/{rel}","templated":true}]}}