{"id":720,"date":"2020-03-05T11:54:00","date_gmt":"2020-03-05T11:54:00","guid":{"rendered":"https:\/\/excursionesenushuaia.com\/product\/navegacion-canal-beagle-lobos-y-faro-2\/"},"modified":"2026-04-10T11:55:16","modified_gmt":"2026-04-10T14:55:16","slug":"navegacion-canal-beagle-lobos-y-faro","status":"publish","type":"product","link":"https:\/\/excursionesenushuaia.com\/en\/navegacion-canal-beagle\/navegacion-canal-beagle-lobos-y-faro\/","title":{"rendered":"Canal Beagle: Faro Les \u00c9claireurs y Lobos Marinos 2026"},"content":{"rendered":"<div data-elementor-type=\"product-post\" data-elementor-id=\"720\" class=\"elementor elementor-720\" data-elementor-post-type=\"product\">\n\t\t\t\t<div class=\"elementor-element elementor-element-545d7b1d e-flex e-con-boxed e-con e-parent\" data-id=\"545d7b1d\" data-element_type=\"container\" data-e-type=\"container\">\n\t\t\t\t\t<div class=\"e-con-inner\">\n\t\t\t\t<div class=\"elementor-element elementor-element-61f295f7 elementor-widget elementor-widget-text-editor\" data-id=\"61f295f7\" data-element_type=\"widget\" data-e-type=\"widget\" data-widget_type=\"text-editor.default\">\n\t\t\t\t\t\t\t\t\t<p><b>Faro Fin del Mundo y Lobos Marinos en Tierra del Fuego, Argentina&nbsp;<\/b><\/p>\n<p>Naveg\u00e1 por el archipi\u00e9lago Bridges: Isla P\u00e1jaros, Isla Lobos, Isla Karelo y Faro Les Eclaireurs.&nbsp;<\/p>\n<p><span style=\"font-weight: 400;\">En esta excursi\u00f3n de 3 horas, ver\u00e1s ping\u00fcinos, lobos y aves en estado salvaje. Navegaremos en catamaranes por las aguas del Canal Beagle viendo paisajes incre\u00edbles. \u00a1Tendr\u00e1s tu foto en el famoso <\/span><b>Les Eclaireurs lighthouse<\/b><span style=\"font-weight: 400;\">!&nbsp;<\/span><\/p>\n<p><span style=\"font-weight: 400;\">In Karelo Island you will find archaeological remains of the ancient natives of the area: the Yamanas.<\/span><\/p>\n<p><span style=\"font-weight: 400;\">Are you ready? Let's set sail!<\/span><\/p>\t\t\t\t\t\t\t\t<\/div>\n\t\t\t\t\t<\/div>\n\t\t\t\t<\/div>\n\t\t\t\t<\/div>","protected":false},"excerpt":{"rendered":"<p>You will navigate like an <strong>explorer<\/strong> through the mythical <strong>Beagle Channel<\/strong>, discovering its <strong>marine fauna<\/strong> and the famous <strong>Les \u00c9claireurs Lighthouse<\/strong>.<\/p>","protected":false},"featured_media":42051,"comment_status":"open","ping_status":"closed","template":"","meta":{"_acf_changed":false,"_joinchat":[]},"product_brand":[],"product_cat":[33],"product_tag":[87,88,89,75],"class_list":{"0":"post-720","1":"product","2":"type-product","3":"status-publish","4":"has-post-thumbnail","6":"product_cat-navegacion-canal-beagle","7":"product_tag-invierno","8":"product_tag-otonos","9":"product_tag-primavera","10":"product_tag-verano","12":"first","13":"instock","14":"virtual","15":"sold-individually","16":"purchasable","17":"product-type-turitop"},"acf":[],"_links":{"self":[{"href":"https:\/\/excursionesenushuaia.com\/en\/wp-json\/wp\/v2\/product\/720","targetHints":{"allow":["GET"]}}],"collection":[{"href":"https:\/\/excursionesenushuaia.com\/en\/wp-json\/wp\/v2\/product"}],"about":[{"href":"https:\/\/excursionesenushuaia.com\/en\/wp-json\/wp\/v2\/types\/product"}],"replies":[{"embeddable":true,"href":"https:\/\/excursionesenushuaia.com\/en\/wp-json\/wp\/v2\/comments?post=720"}],"version-history":[{"count":14,"href":"https:\/\/excursionesenushuaia.com\/en\/wp-json\/wp\/v2\/product\/720\/revisions"}],"predecessor-version":[{"id":50746,"href":"https:\/\/excursionesenushuaia.com\/en\/wp-json\/wp\/v2\/product\/720\/revisions\/50746"}],"wp:featuredmedia":[{"embeddable":true,"href":"https:\/\/excursionesenushuaia.com\/en\/wp-json\/wp\/v2\/media\/42051"}],"wp:attachment":[{"href":"https:\/\/excursionesenushuaia.com\/en\/wp-json\/wp\/v2\/media?parent=720"}],"wp:term":[{"taxonomy":"product_brand","embeddable":true,"href":"https:\/\/excursionesenushuaia.com\/en\/wp-json\/wp\/v2\/product_brand?post=720"},{"taxonomy":"product_cat","embeddable":true,"href":"https:\/\/excursionesenushuaia.com\/en\/wp-json\/wp\/v2\/product_cat?post=720"},{"taxonomy":"product_tag","embeddable":true,"href":"https:\/\/excursionesenushuaia.com\/en\/wp-json\/wp\/v2\/product_tag?post=720"}],"curies":[{"name":"wp","href":"https:\/\/api.w.org\/{rel}","templated":true}]}}