{"id":1321,"date":"2022-01-07T09:30:15","date_gmt":"2022-01-07T09:30:15","guid":{"rendered":"https:\/\/excursionesenushuaia.com\/?page_id=1321"},"modified":"2022-02-25T18:16:01","modified_gmt":"2022-02-25T18:16:01","slug":"datos-varios","status":"publish","type":"page","link":"https:\/\/excursionesenushuaia.com\/pt\/datos-varios\/","title":{"rendered":"Dados diversos"},"content":{"rendered":"<div data-elementor-type=\"wp-page\" data-elementor-id=\"1321\" class=\"elementor elementor-1321\" data-elementor-post-type=\"page\">\n\t\t\t\t\t\t<section class=\"elementor-section elementor-top-section elementor-element elementor-element-822289a elementor-section-boxed elementor-section-height-default elementor-section-height-default\" data-id=\"822289a\" data-element_type=\"section\" data-e-type=\"section\">\n\t\t\t\t\t\t<div class=\"elementor-container elementor-column-gap-default\">\n\t\t\t\t\t<div class=\"elementor-column elementor-col-100 elementor-top-column elementor-element elementor-element-708b53a\" data-id=\"708b53a\" data-element_type=\"column\" data-e-type=\"column\">\n\t\t\t<div class=\"elementor-widget-wrap elementor-element-populated\">\n\t\t\t\t\t\t<div class=\"elementor-element elementor-element-301d171 elementor-widget elementor-widget-woocommerce-breadcrumb\" data-id=\"301d171\" data-element_type=\"widget\" data-e-type=\"widget\" data-widget_type=\"woocommerce-breadcrumb.default\">\n\t\t\t\t\t<nav class=\"woocommerce-breadcrumb\" aria-label=\"Breadcrumb\" data-no-translation=\"\" data-trp-gettext=\"\">In\u00edcio<\/nav>\t\t\t\t<\/div>\n\t\t\t\t<div class=\"elementor-element elementor-element-3d1f208 elementor-widget elementor-widget-text-editor\" data-id=\"3d1f208\" data-element_type=\"widget\" data-e-type=\"widget\" data-widget_type=\"text-editor.default\">\n\t\t\t\t\t\t\t\t\t<p>p\u00e1gina inicial:<\/p><ul><li>Tamanho foto superior vers\u00e3o pc: 1312 por 400 px aproximadamente.<\/li><li>vers\u00e3o m\u00f3vel: 400 por 500 px<\/li><li>foto em \"locais, especialistas\" 1125 por 750 px aproximadamente.<\/li><\/ul><p>\u00a0<\/p><p>Fotos para as categorias:<\/p><ul><li>recomenda\u00e7\u00e3o, 400 por 500 px (o importante \u00e9 que s\u00e3o todos iguais).<\/li><\/ul><p>\u00a0<\/p><p>Fotos para a p\u00e1gina de produtos:<\/p><ul><li>Foto superior: 1312 por 400 px aprox.<\/li><li>carrossel de fotos: fa\u00e7a com que todas sejam iguais.<\/li><li>Foto antes do rodap\u00e9: 1312 por 400 px aproximadamente.<\/li><\/ul><p>\u00a0<\/p><p>\u00a0<\/p>\t\t\t\t\t\t\t\t<\/div>\n\t\t\t\t\t<\/div>\n\t\t<\/div>\n\t\t\t\t\t<\/div>\n\t\t<\/section>\n\t\t\t\t<section class=\"elementor-section elementor-top-section elementor-element elementor-element-3d8ff78 elementor-section-boxed elementor-section-height-default elementor-section-height-default\" data-id=\"3d8ff78\" data-element_type=\"section\" data-e-type=\"section\">\n\t\t\t\t\t\t<div class=\"elementor-container elementor-column-gap-default\">\n\t\t\t\t\t<div class=\"elementor-column elementor-col-100 elementor-top-column elementor-element elementor-element-d8f2966\" data-id=\"d8f2966\" data-element_type=\"column\" data-e-type=\"column\">\n\t\t\t<div class=\"elementor-widget-wrap elementor-element-populated\">\n\t\t\t\t\t\t<div class=\"elementor-element elementor-element-e19ebde elementor-widget elementor-widget-text-editor\" data-id=\"e19ebde\" data-element_type=\"widget\" data-e-type=\"widget\" data-widget_type=\"text-editor.default\">\n\t\t\t\t\t\t\t\t\t<p>In\u00edcio<br \/>H2<br \/>\"Excurs\u00f5es em Ushuaia Ver\u00e3o 2022\".<\/p><p><br \/>Produtos:<br \/>Nome do produto H2<\/p><p>Nome das categorias H2<\/p><p>P\u00e1gina de contato<br \/>H1 \"Ushuaia Info Travel Agency\". Localiza\u00e7\u00e3o:\"<\/p><p><br \/>P\u00e1gina de contato<br \/>H1 \"contato\" H1 \"contato\" H1 \"contato\" H1 \"contato\" H1 \"contato\" H1 \"contato\" H1 \"contato\" H1 \"contato\" H1 \"contato<br \/>H2 \"Ol\u00e1!!! T\u00e3o r\u00e1pido para consultar? Voc\u00ea encontrou o que estava procurando?\"<\/p><p>Sobre n\u00f3s p\u00e1gina<br \/>H1 \"Quem somos\".<\/p><p>P\u00e1gina Informa\u00e7\u00f5es gerais<br \/>H1 \"Informa\u00e7\u00f5es gerais\" H1 \"Informa\u00e7\u00f5es gerais\" H1 \"Informa\u00e7\u00f5es gerais\" H1 \"Informa\u00e7\u00f5es gerais\" H1 \"Informa\u00e7\u00f5es gerais\" H1 \"Informa\u00e7\u00f5es gerais\" H1 \"Informa\u00e7\u00f5es gerais<br \/>H2 nomes das entradas<\/p>\t\t\t\t\t\t\t\t<\/div>\n\t\t\t\t\t<\/div>\n\t\t<\/div>\n\t\t\t\t\t<\/div>\n\t\t<\/section>\n\t\t\t\t<\/div>","protected":false},"excerpt":{"rendered":"<p>pagina home: Medidas foto top version pc: 1312 por 400 px aprox. version movil: 400 por 500 px foto en &#8220;oriundos, expertos&#8221; 1125 por 750 px aprox. Fotos para las categorias: recomendaci\u00f3n, 400 por 500 px. (lo importante es que sean todas iguales) Fotos para la p\u00e1gina de productos: Foto top : 1312 por 400 [&hellip;]<\/p>\n","protected":false},"author":1,"featured_media":0,"parent":0,"menu_order":0,"comment_status":"closed","ping_status":"closed","template":"","meta":{"_acf_changed":false,"_joinchat":[],"footnotes":""},"class_list":["post-1321","page","type-page","status-publish","hentry"],"acf":[],"_links":{"self":[{"href":"https:\/\/excursionesenushuaia.com\/pt\/wp-json\/wp\/v2\/pages\/1321","targetHints":{"allow":["GET"]}}],"collection":[{"href":"https:\/\/excursionesenushuaia.com\/pt\/wp-json\/wp\/v2\/pages"}],"about":[{"href":"https:\/\/excursionesenushuaia.com\/pt\/wp-json\/wp\/v2\/types\/page"}],"author":[{"embeddable":true,"href":"https:\/\/excursionesenushuaia.com\/pt\/wp-json\/wp\/v2\/users\/1"}],"replies":[{"embeddable":true,"href":"https:\/\/excursionesenushuaia.com\/pt\/wp-json\/wp\/v2\/comments?post=1321"}],"version-history":[{"count":0,"href":"https:\/\/excursionesenushuaia.com\/pt\/wp-json\/wp\/v2\/pages\/1321\/revisions"}],"wp:attachment":[{"href":"https:\/\/excursionesenushuaia.com\/pt\/wp-json\/wp\/v2\/media?parent=1321"}],"curies":[{"name":"wp","href":"https:\/\/api.w.org\/{rel}","templated":true}]}}