{"id":2001,"date":"2022-04-07T02:32:10","date_gmt":"2022-04-07T02:32:10","guid":{"rendered":"https:\/\/excursionesenushuaia.com\/?page_id=2001"},"modified":"2024-08-10T23:44:48","modified_gmt":"2024-08-10T23:44:48","slug":"el-clima-en-ushuaia","status":"publish","type":"page","link":"https:\/\/excursionesenushuaia.com\/pt\/el-clima-en-ushuaia\/","title":{"rendered":"El clima en Ushuaia"},"content":{"rendered":"<div data-elementor-type=\"wp-page\" data-elementor-id=\"2001\" class=\"elementor elementor-2001\" data-elementor-post-type=\"page\">\n\t\t\t\t\t\t<section class=\"elementor-section elementor-top-section elementor-element elementor-element-7995300 elementor-section-boxed elementor-section-height-default elementor-section-height-default\" data-id=\"7995300\" data-element_type=\"section\" data-e-type=\"section\">\n\t\t\t\t\t\t<div class=\"elementor-container elementor-column-gap-default\">\n\t\t\t\t\t<div class=\"elementor-column elementor-col-100 elementor-top-column elementor-element elementor-element-4580d31\" data-id=\"4580d31\" data-element_type=\"column\" data-e-type=\"column\">\n\t\t\t<div class=\"elementor-widget-wrap elementor-element-populated\">\n\t\t\t\t\t\t<div class=\"elementor-element elementor-element-ca75f3e elementor-widget elementor-widget-woocommerce-breadcrumb\" data-id=\"ca75f3e\" data-element_type=\"widget\" data-e-type=\"widget\" data-widget_type=\"woocommerce-breadcrumb.default\">\n\t\t\t\t\t<nav class=\"woocommerce-breadcrumb\" aria-label=\"Breadcrumb\" data-no-translation=\"\" data-trp-gettext=\"\">In\u00edcio<\/nav>\t\t\t\t<\/div>\n\t\t\t\t\t<\/div>\n\t\t<\/div>\n\t\t\t\t\t<\/div>\n\t\t<\/section>\n\t\t\t\t<section class=\"elementor-section elementor-top-section elementor-element elementor-element-4eee0e8 elementor-section-boxed elementor-section-height-default elementor-section-height-default\" data-id=\"4eee0e8\" data-element_type=\"section\" data-e-type=\"section\">\n\t\t\t\t\t\t<div class=\"elementor-container elementor-column-gap-default\">\n\t\t\t\t\t<div class=\"elementor-column elementor-col-100 elementor-top-column elementor-element elementor-element-0f05175\" data-id=\"0f05175\" data-element_type=\"column\" data-e-type=\"column\">\n\t\t\t<div class=\"elementor-widget-wrap elementor-element-populated\">\n\t\t\t\t\t\t<div class=\"elementor-element elementor-element-05224ec elementor-headline--style-highlight elementor-invisible elementor-widget elementor-widget-animated-headline\" data-id=\"05224ec\" data-element_type=\"widget\" data-e-type=\"widget\" data-settings=\"{&quot;marker&quot;:&quot;double_underline&quot;,&quot;highlighted_text&quot;:&quot;ushuaia&quot;,&quot;_animation&quot;:&quot;zoomIn&quot;,&quot;headline_style&quot;:&quot;highlight&quot;,&quot;loop&quot;:&quot;yes&quot;,&quot;highlight_animation_duration&quot;:1200,&quot;highlight_iteration_delay&quot;:8000}\" data-widget_type=\"animated-headline.default\">\n\t\t\t\t\t\t\t<h3 class=\"elementor-headline\">\n\t\t\t\t\t<span class=\"elementor-headline-plain-text elementor-headline-text-wrapper\">o clima em <\/span>\n\t\t\t\t<span class=\"elementor-headline-dynamic-wrapper elementor-headline-text-wrapper\">\n\t\t\t\t\t<span class=\"elementor-headline-dynamic-text elementor-headline-text-active\">ushuaia<\/span>\n\t\t\t\t<\/span>\n\t\t\t\t<\/h3>\n\t\t\t\t\t\t<\/div>\n\t\t\t\t\t<\/div>\n\t\t<\/div>\n\t\t\t\t\t<\/div>\n\t\t<\/section>\n\t\t\t\t<section class=\"elementor-section elementor-top-section elementor-element elementor-element-be0b066 elementor-section-boxed elementor-section-height-default elementor-section-height-default\" data-id=\"be0b066\" data-element_type=\"section\" data-e-type=\"section\">\n\t\t\t\t\t\t<div class=\"elementor-container elementor-column-gap-default\">\n\t\t\t\t\t<div class=\"elementor-column elementor-col-50 elementor-top-column elementor-element elementor-element-5c95ef6\" data-id=\"5c95ef6\" data-element_type=\"column\" data-e-type=\"column\">\n\t\t\t<div class=\"elementor-widget-wrap elementor-element-populated\">\n\t\t\t\t\t\t<div class=\"elementor-element elementor-element-742dc17 elementor-invisible elementor-widget elementor-widget-text-editor\" data-id=\"742dc17\" data-element_type=\"widget\" data-e-type=\"widget\" data-settings=\"{&quot;_animation&quot;:&quot;fadeInUp&quot;}\" data-widget_type=\"text-editor.default\">\n\t\t\t\t\t\t\t\t\t<p>Aqui mostramos o\u00a0<b>O tempo em Ushuaia hoje<\/b>com imagens fotogr\u00e1ficas a cada 20 minutos. Voc\u00ea poder\u00e1 ver o\u00a0<b>Clima de Ushuaia<\/b>\u00a0al\u00e9m do\u00a0<b>previs\u00f5es<\/b>\u00a0ou condi\u00e7\u00f5es clim\u00e1ticas. Em Ushuaia o clima pode mudar (ou n\u00e3o) v\u00e1rias vezes ao dia.  E, na maioria das vezes, a previs\u00e3o nos d\u00e1 um dado que n\u00e3o coincide com a\u00a0<b>Ushuaia est\u00e1 mudando o clima<\/b>.<\/p><p>Imagens capturadas automaticamente a cada 20 minutos do extremo sudoeste da cidade proporcionam uma vis\u00e3o \u00fanica da cidade de Ushuaia, do Canal Beagle e das montanhas que circundam a paisagem: Cerro Portillo, Cerro Torre Caba, Cerro Cortez, Monte Olivia e Monte Cinco Hermanos.<\/p>\t\t\t\t\t\t\t\t<\/div>\n\t\t\t\t\t<\/div>\n\t\t<\/div>\n\t\t\t\t<div class=\"elementor-column elementor-col-50 elementor-top-column elementor-element elementor-element-5dffea5\" data-id=\"5dffea5\" data-element_type=\"column\" data-e-type=\"column\">\n\t\t\t<div class=\"elementor-widget-wrap elementor-element-populated\">\n\t\t\t\t\t\t<div class=\"elementor-element elementor-element-936dd8a elementor-invisible elementor-widget elementor-widget-image\" data-id=\"936dd8a\" data-element_type=\"widget\" data-e-type=\"widget\" data-settings=\"{&quot;_animation&quot;:&quot;fadeInUp&quot;}\" data-widget_type=\"image.default\">\n\t\t\t\t\t\t\t\t\t\t\t\t\t\t\t<img fetchpriority=\"high\" decoding=\"async\" width=\"277\" height=\"182\" src=\"https:\/\/excursionesenushuaia.com\/wp-content\/uploads\/2022\/03\/descarga-11.jpg\" class=\"elementor-animation-grow attachment-large size-large wp-image-4325\" alt=\"\" srcset=\"https:\/\/excursionesenushuaia.com\/wp-content\/uploads\/2022\/03\/descarga-11.jpg 277w, https:\/\/excursionesenushuaia.com\/wp-content\/uploads\/2022\/03\/descarga-11-18x12.jpg 18w\" sizes=\"(max-width: 277px) 100vw, 277px\" \/>\t\t\t\t\t\t\t\t\t\t\t\t\t\t\t<\/div>\n\t\t\t\t\t<\/div>\n\t\t<\/div>\n\t\t\t\t\t<\/div>\n\t\t<\/section>\n\t\t\t\t<section class=\"elementor-section elementor-top-section elementor-element elementor-element-12857c7 elementor-section-boxed elementor-section-height-default elementor-section-height-default\" data-id=\"12857c7\" data-element_type=\"section\" data-e-type=\"section\">\n\t\t\t\t\t\t<div class=\"elementor-container elementor-column-gap-default\">\n\t\t\t\t\t<div class=\"elementor-column elementor-col-100 elementor-top-column elementor-element elementor-element-dfd5d02\" data-id=\"dfd5d02\" data-element_type=\"column\" data-e-type=\"column\">\n\t\t\t<div class=\"elementor-widget-wrap elementor-element-populated\">\n\t\t\t\t\t\t<div class=\"elementor-element elementor-element-99dbdf4 elementor-widget elementor-widget-heading\" data-id=\"99dbdf4\" data-element_type=\"widget\" data-e-type=\"widget\" data-widget_type=\"heading.default\">\n\t\t\t\t\t<h2 class=\"elementor-heading-title elementor-size-default\">2 ditados famosos sobre o clima em Ushuaia:<\/h2>\t\t\t\t<\/div>\n\t\t\t\t<section class=\"elementor-section elementor-inner-section elementor-element elementor-element-e356c99 elementor-section-boxed elementor-section-height-default elementor-section-height-default\" data-id=\"e356c99\" data-element_type=\"section\" data-e-type=\"section\">\n\t\t\t\t\t\t<div class=\"elementor-container elementor-column-gap-default\">\n\t\t\t\t\t<div class=\"elementor-column elementor-col-33 elementor-inner-column elementor-element elementor-element-5662269\" data-id=\"5662269\" data-element_type=\"column\" data-e-type=\"column\">\n\t\t\t<div class=\"elementor-widget-wrap\">\n\t\t\t\t\t\t\t<\/div>\n\t\t<\/div>\n\t\t\t\t<div class=\"elementor-column elementor-col-33 elementor-inner-column elementor-element elementor-element-cf1e32d\" data-id=\"cf1e32d\" data-element_type=\"column\" data-e-type=\"column\">\n\t\t\t<div class=\"elementor-widget-wrap elementor-element-populated\">\n\t\t\t\t\t\t<div class=\"elementor-element elementor-element-314178d elementor-invisible elementor-widget elementor-widget-text-editor\" data-id=\"314178d\" data-element_type=\"widget\" data-e-type=\"widget\" data-settings=\"{&quot;_animation&quot;:&quot;fadeInUp&quot;}\" data-widget_type=\"text-editor.default\">\n\t\t\t\t\t\t\t\t\t<h3 style=\"text-align: center;\"><strong>\"Voc\u00ea pode experimentar todas as quatro esta\u00e7\u00f5es em um dia\".<\/strong><\/h3><h3 style=\"text-align: center;\"><strong>\"Se voc\u00ea n\u00e3o gosta do clima de Ushuaia, esperarei apenas 15 minutos\".<\/strong><\/h3><p>Ushuaia \u00e9 o destino tur\u00edstico de mais r\u00e1pido crescimento na Argentina. Uma multiplicidade de climas coexiste aqui; no mesmo dia voc\u00ea pode ter todas as quatro esta\u00e7\u00f5es juntas criando as paisagens naturais mais impressionantes.<\/p><p>Quando se pensa em Ushuaia, sendo a cidade mais austral do mundo, imagina-se um clima de frio intenso. No entanto, a realidade prova o contr\u00e1rio. O clima em Ushuaia n\u00e3o \u00e9 t\u00e3o severo quanto se poderia pensar, pois as montanhas e o mar atenuam a temperatura.<\/p><p>No inverno, a neve e o frio se tornam uma verdadeira atra\u00e7\u00e3o, com uma grande variedade de est\u00e2ncias de inverno.<\/p><p>Com qualquer\u00a0<b>tempo<\/b>, em\u00a0<b>Ushuaia<\/b>\u00a0O\u00a0<b>atividades<\/b>\u00a0e excurs\u00f5es para uma estadia espetacular.<\/p><p>Em Ushuaia, a principal atra\u00e7\u00e3o \u00e9 o ambiente natural que forma cen\u00e1rios surpreendentes e sem precedentes. Tanto \u00e9 assim que muitos amantes da fotografia encontram em Ushuaia o lugar certo para desenvolver sua profiss\u00e3o e retratar os melhores momentos de sua estadia.<\/p><p>Os v\u00f4os para Ushuaia est\u00e3o dispon\u00edveis o ano inteiro, independentemente das condi\u00e7\u00f5es clim\u00e1ticas. Vento, neve ou chuva, todos os v\u00f4os para Ushuaia pousam com seguran\u00e7a no Aeroporto Internacional de Malvinas Argentinas, a apenas 3 kms do centro de Ushuaia. Ent\u00e3o tudo o que voc\u00ea tem que fazer \u00e9 escolher a data e\u00a0<a title=\"Reservar v\u00f4os para ushuaia\" href=\"http:\/\/www.skiencerrocastor.com\/Vuelos-a-Ushuaia\" target=\"_blank\" rel=\"noopener\"><b>reservar v\u00f4os para Ushuaia<\/b><\/a>\u00a0.<\/p>\t\t\t\t\t\t\t\t<\/div>\n\t\t\t\t\t<\/div>\n\t\t<\/div>\n\t\t\t\t<div class=\"elementor-column elementor-col-33 elementor-inner-column elementor-element elementor-element-96b999a\" data-id=\"96b999a\" data-element_type=\"column\" data-e-type=\"column\">\n\t\t\t<div class=\"elementor-widget-wrap\">\n\t\t\t\t\t\t\t<\/div>\n\t\t<\/div>\n\t\t\t\t\t<\/div>\n\t\t<\/section>\n\t\t\t\t\t<\/div>\n\t\t<\/div>\n\t\t\t\t\t<\/div>\n\t\t<\/section>\n\t\t\t\t<section class=\"elementor-section elementor-top-section elementor-element elementor-element-f14051d elementor-section-boxed elementor-section-height-default elementor-section-height-default\" data-id=\"f14051d\" data-element_type=\"section\" data-e-type=\"section\">\n\t\t\t\t\t\t<div class=\"elementor-container elementor-column-gap-default\">\n\t\t\t\t\t<div class=\"elementor-column elementor-col-50 elementor-top-column elementor-element elementor-element-91e4610\" data-id=\"91e4610\" data-element_type=\"column\" data-e-type=\"column\">\n\t\t\t<div class=\"elementor-widget-wrap elementor-element-populated\">\n\t\t\t\t\t\t<div class=\"elementor-element elementor-element-cd665d5 elementor-invisible elementor-widget elementor-widget-image\" data-id=\"cd665d5\" data-element_type=\"widget\" data-e-type=\"widget\" data-settings=\"{&quot;_animation&quot;:&quot;fadeInUp&quot;}\" data-widget_type=\"image.default\">\n\t\t\t\t\t\t\t\t\t\t\t\t\t\t\t<img decoding=\"async\" width=\"800\" height=\"450\" src=\"https:\/\/excursionesenushuaia.com\/wp-content\/uploads\/2022\/07\/307902095.jpg\" class=\"elementor-animation-grow attachment-large size-large wp-image-4439\" alt=\"\" srcset=\"https:\/\/excursionesenushuaia.com\/wp-content\/uploads\/2022\/07\/307902095.jpg 1004w, https:\/\/excursionesenushuaia.com\/wp-content\/uploads\/2022\/07\/307902095-300x169.jpg 300w, https:\/\/excursionesenushuaia.com\/wp-content\/uploads\/2022\/07\/307902095-768x432.jpg 768w, https:\/\/excursionesenushuaia.com\/wp-content\/uploads\/2022\/07\/307902095-18x10.jpg 18w, https:\/\/excursionesenushuaia.com\/wp-content\/uploads\/2022\/07\/307902095-600x338.jpg 600w\" sizes=\"(max-width: 800px) 100vw, 800px\" \/>\t\t\t\t\t\t\t\t\t\t\t\t\t\t\t<\/div>\n\t\t\t\t\t<\/div>\n\t\t<\/div>\n\t\t\t\t<div class=\"elementor-column elementor-col-50 elementor-top-column elementor-element elementor-element-cb0b95e\" data-id=\"cb0b95e\" data-element_type=\"column\" data-e-type=\"column\">\n\t\t\t<div class=\"elementor-widget-wrap elementor-element-populated\">\n\t\t\t\t\t\t<div class=\"elementor-element elementor-element-d3eb27d elementor-invisible elementor-widget elementor-widget-text-editor\" data-id=\"d3eb27d\" data-element_type=\"widget\" data-e-type=\"widget\" data-settings=\"{&quot;_animation&quot;:&quot;fadeInUp&quot;}\" data-widget_type=\"text-editor.default\">\n\t\t\t\t\t\t\t\t\t<p><b>Ushuaia no inverno<\/b>\u00a0 tem um clima favor\u00e1vel para o turismo.<\/p><p>A temperatura m\u00e9dia \u00e9 de 2\u00b0C. Naturalmente, os dias ventosos aumentam o resfriamento pelo vento, que normalmente cai para -2\u00b0C.<\/p><p>Al\u00e9m disso, a diferen\u00e7a entre o ver\u00e3o e o inverno em Ushuaia varia em termos de horas de sol: em janeiro estende-se at\u00e9 17 horas de luz do dia, enquanto em julho o dia pode durar apenas sete ou oito horas. O terreno montanhoso o torna ideal para a pr\u00e1tica de esqui. Entretanto, h\u00e1 uma variedade de op\u00e7\u00f5es de entretenimento para aqueles que escolhem a cidade mais ao sul para relaxar ou as famosas atividades de neve, como o tren\u00f3 puxado por c\u00e3es.<\/p><p>\u00a0<\/p>\t\t\t\t\t\t\t\t<\/div>\n\t\t\t\t\t<\/div>\n\t\t<\/div>\n\t\t\t\t\t<\/div>\n\t\t<\/section>\n\t\t\t\t<section class=\"elementor-section elementor-top-section elementor-element elementor-element-709848a elementor-section-boxed elementor-section-height-default elementor-section-height-default\" data-id=\"709848a\" data-element_type=\"section\" data-e-type=\"section\">\n\t\t\t\t\t\t<div class=\"elementor-container elementor-column-gap-default\">\n\t\t\t\t\t<div class=\"elementor-column elementor-col-50 elementor-top-column elementor-element elementor-element-16f7998\" data-id=\"16f7998\" data-element_type=\"column\" data-e-type=\"column\">\n\t\t\t<div class=\"elementor-widget-wrap elementor-element-populated\">\n\t\t\t\t\t\t<div class=\"elementor-element elementor-element-095d6ea elementor-invisible elementor-widget elementor-widget-text-editor\" data-id=\"095d6ea\" data-element_type=\"widget\" data-e-type=\"widget\" data-settings=\"{&quot;_animation&quot;:&quot;fadeInUp&quot;}\" data-widget_type=\"text-editor.default\">\n\t\t\t\t\t\t\t\t\t<p>Ushuaia est\u00e1 coberta de neve, cobrindo os arredores com um manto branco que \u00e9 muito atraente ao olho. Os f\u00e3s do esqui t\u00eam Cerro Castor, para praticar o esporte e desfrutar de um ambiente familiar, a apenas 24 kms do centro de Ushuaia.<\/p><p>O clima de inverno agrega valor \u00e0 proposta. Montanhas e vales cheios de neve, lagoas congeladas, fauna e flora de inverno, que d\u00e3o uma atra\u00e7\u00e3o especial ao lugar ideal para as f\u00e9rias de inverno em Ushuaia. Tudo se combina para tornar o relaxamento completo.<\/p>\t\t\t\t\t\t\t\t<\/div>\n\t\t\t\t\t<\/div>\n\t\t<\/div>\n\t\t\t\t<div class=\"elementor-column elementor-col-50 elementor-top-column elementor-element elementor-element-3fbd389\" data-id=\"3fbd389\" data-element_type=\"column\" data-e-type=\"column\">\n\t\t\t<div class=\"elementor-widget-wrap elementor-element-populated\">\n\t\t\t\t\t\t<div class=\"elementor-element elementor-element-1ea7fce elementor-invisible elementor-widget elementor-widget-image\" data-id=\"1ea7fce\" data-element_type=\"widget\" data-e-type=\"widget\" data-settings=\"{&quot;_animation&quot;:&quot;fadeInUp&quot;}\" data-widget_type=\"image.default\">\n\t\t\t\t\t\t\t\t\t\t\t\t\t\t\t<img decoding=\"async\" width=\"260\" height=\"194\" src=\"https:\/\/excursionesenushuaia.com\/wp-content\/uploads\/2022\/03\/descarga-12.jpg\" class=\"elementor-animation-grow attachment-large size-large wp-image-4327\" alt=\"\" srcset=\"https:\/\/excursionesenushuaia.com\/wp-content\/uploads\/2022\/03\/descarga-12.jpg 260w, https:\/\/excursionesenushuaia.com\/wp-content\/uploads\/2022\/03\/descarga-12-16x12.jpg 16w\" sizes=\"(max-width: 260px) 100vw, 260px\" \/>\t\t\t\t\t\t\t\t\t\t\t\t\t\t\t<\/div>\n\t\t\t\t\t<\/div>\n\t\t<\/div>\n\t\t\t\t\t<\/div>\n\t\t<\/section>\n\t\t\t\t<section class=\"elementor-section elementor-top-section elementor-element elementor-element-0d0dba5 elementor-section-boxed elementor-section-height-default elementor-section-height-default\" data-id=\"0d0dba5\" data-element_type=\"section\" data-e-type=\"section\">\n\t\t\t\t\t\t<div class=\"elementor-container elementor-column-gap-default\">\n\t\t\t\t\t<div class=\"elementor-column elementor-col-100 elementor-top-column elementor-element elementor-element-d71f856\" data-id=\"d71f856\" data-element_type=\"column\" data-e-type=\"column\">\n\t\t\t<div class=\"elementor-widget-wrap elementor-element-populated\">\n\t\t\t\t\t\t<section class=\"elementor-section elementor-inner-section elementor-element elementor-element-9986870 elementor-section-boxed elementor-section-height-default elementor-section-height-default\" data-id=\"9986870\" data-element_type=\"section\" data-e-type=\"section\">\n\t\t\t\t\t\t<div class=\"elementor-container elementor-column-gap-default\">\n\t\t\t\t\t<div class=\"elementor-column elementor-col-33 elementor-inner-column elementor-element elementor-element-e0221b2\" data-id=\"e0221b2\" data-element_type=\"column\" data-e-type=\"column\">\n\t\t\t<div class=\"elementor-widget-wrap\">\n\t\t\t\t\t\t\t<\/div>\n\t\t<\/div>\n\t\t\t\t<div class=\"elementor-column elementor-col-33 elementor-inner-column elementor-element elementor-element-5c61cc4\" data-id=\"5c61cc4\" data-element_type=\"column\" data-e-type=\"column\">\n\t\t\t<div class=\"elementor-widget-wrap elementor-element-populated\">\n\t\t\t\t\t\t<div class=\"elementor-element elementor-element-fa357a8 elementor-invisible elementor-widget elementor-widget-text-editor\" data-id=\"fa357a8\" data-element_type=\"widget\" data-e-type=\"widget\" data-settings=\"{&quot;_animation&quot;:&quot;fadeInUp&quot;}\" data-widget_type=\"text-editor.default\">\n\t\t\t\t\t\t\t\t\t<p>O local est\u00e1 muito bem adaptado ao clima, com hot\u00e9is de excelente padr\u00e3o. A estadia em\u00a0<b>Ushuaia<\/b>\u00a0durante o inverno tamb\u00e9m \u00e9 muito aconchegante em qualquer um dos\u00a0<b>hot\u00e9is<\/b>\u00a0voc\u00ea escolhe descansar. Se voc\u00ea preferir tornar sua viagem mais econ\u00f4mica, h\u00e1 sempre hot\u00e9is 2 estrelas que oferecem um servi\u00e7o muito bom com servi\u00e7os b\u00e1sicos. Aqui o aquecimento \u00e9 um elemento vital, que \u00e9 obrigat\u00f3rio, seja em hot\u00e9is 2 estrelas ou nos hot\u00e9is mais luxuosos de Ushuaia.<\/p><p>Se voc\u00ea escolher a cidade de\u00a0<b>Ushuaia<\/b>\u00a0como um amante de\u00a0<b>tempo<\/b>\u00a0frio, voc\u00ea n\u00e3o pode perder uma aventura aqu\u00e1tica inigual\u00e1vel. As viagens de mergulho s\u00e3o espetaculares. Com a ajuda de especialistas, voc\u00ea pode conhecer a flora e fauna marinha que habita Ushuaia sob as \u00e1guas do Canal Beagle. Com trajes secos, voc\u00ea experimentar\u00e1 uma das excurs\u00f5es mais solicitadas por mergulhadores certificados, mas para aqueles que desejam mergulhar neste esporte, o mergulho de batismo tamb\u00e9m est\u00e1 dispon\u00edvel.<\/p><p>\u00a0<br \/>N\u00e3o importa como est\u00e1 o tempo em Ushuaia, se voc\u00ea programar seu\u00a0<b>f\u00e9rias\u00a0<\/b><b>na cidade mais austral do mundo<\/b>H\u00e1 uma ampla gama de op\u00e7\u00f5es para o entretenimento de todos. Venha relaxar com o clima, a paisagem e desfrutar da aventura no fim do mundo. Seja qual for a \u00e9poca do ano, as f\u00e9rias em Ushuaia s\u00e3o \u00fanicas.<\/p>\t\t\t\t\t\t\t\t<\/div>\n\t\t\t\t\t<\/div>\n\t\t<\/div>\n\t\t\t\t<div class=\"elementor-column elementor-col-33 elementor-inner-column elementor-element elementor-element-3ba6a13\" data-id=\"3ba6a13\" data-element_type=\"column\" data-e-type=\"column\">\n\t\t\t<div class=\"elementor-widget-wrap\">\n\t\t\t\t\t\t\t<\/div>\n\t\t<\/div>\n\t\t\t\t\t<\/div>\n\t\t<\/section>\n\t\t\t\t\t<\/div>\n\t\t<\/div>\n\t\t\t\t\t<\/div>\n\t\t<\/section>\n\t\t\t\t<\/div>","protected":false},"excerpt":{"rendered":"<p>el clima en ushuaia Aqu\u00ed mostramos el\u00a0Clima en Ushuaia hoy, con im\u00e1genes en fotos cada 20 minutos. Podr\u00e1n ver el\u00a0Clima de Ushuaia\u00a0mas all\u00e1 de los\u00a0pron\u00f3sticos\u00a0o estados del clima. En Ushuaia el clima puede cambiar (o no) varias veces al d\u00eda. \u00a0Y la mayor\u00eda de las veces, el pron\u00f3stico nos da un dato que no coincide [&hellip;]<\/p>\n","protected":false},"author":1,"featured_media":0,"parent":0,"menu_order":0,"comment_status":"closed","ping_status":"closed","template":"","meta":{"_acf_changed":false,"_joinchat":[],"footnotes":""},"class_list":["post-2001","page","type-page","status-publish","hentry"],"acf":[],"_links":{"self":[{"href":"https:\/\/excursionesenushuaia.com\/pt\/wp-json\/wp\/v2\/pages\/2001","targetHints":{"allow":["GET"]}}],"collection":[{"href":"https:\/\/excursionesenushuaia.com\/pt\/wp-json\/wp\/v2\/pages"}],"about":[{"href":"https:\/\/excursionesenushuaia.com\/pt\/wp-json\/wp\/v2\/types\/page"}],"author":[{"embeddable":true,"href":"https:\/\/excursionesenushuaia.com\/pt\/wp-json\/wp\/v2\/users\/1"}],"replies":[{"embeddable":true,"href":"https:\/\/excursionesenushuaia.com\/pt\/wp-json\/wp\/v2\/comments?post=2001"}],"version-history":[{"count":7,"href":"https:\/\/excursionesenushuaia.com\/pt\/wp-json\/wp\/v2\/pages\/2001\/revisions"}],"predecessor-version":[{"id":16947,"href":"https:\/\/excursionesenushuaia.com\/pt\/wp-json\/wp\/v2\/pages\/2001\/revisions\/16947"}],"wp:attachment":[{"href":"https:\/\/excursionesenushuaia.com\/pt\/wp-json\/wp\/v2\/media?parent=2001"}],"curies":[{"name":"wp","href":"https:\/\/api.w.org\/{rel}","templated":true}]}}