{"id":2006,"date":"2022-04-07T02:39:13","date_gmt":"2022-04-07T02:39:13","guid":{"rendered":"https:\/\/excursionesenushuaia.com\/?page_id=2006"},"modified":"2024-09-18T16:53:18","modified_gmt":"2024-09-18T19:53:18","slug":"con-ninos","status":"publish","type":"page","link":"https:\/\/excursionesenushuaia.com\/pt\/con-ninos\/","title":{"rendered":"Com crian\u00e7as"},"content":{"rendered":"<div data-elementor-type=\"wp-page\" data-elementor-id=\"2006\" class=\"elementor elementor-2006\" data-elementor-post-type=\"page\">\n\t\t\t\t\t\t<section class=\"elementor-section elementor-top-section elementor-element elementor-element-4e599c5 elementor-section-height-min-height elementor-section-boxed elementor-section-height-default elementor-section-items-middle\" data-id=\"4e599c5\" data-element_type=\"section\" data-e-type=\"section\" data-settings=\"{&quot;background_background&quot;:&quot;classic&quot;}\">\n\t\t\t\t\t\t\t<div class=\"elementor-background-overlay\"><\/div>\n\t\t\t\t\t\t\t<div class=\"elementor-container elementor-column-gap-default\">\n\t\t\t\t\t<div class=\"elementor-column elementor-col-100 elementor-top-column elementor-element elementor-element-b6b756b\" data-id=\"b6b756b\" data-element_type=\"column\" data-e-type=\"column\">\n\t\t\t<div class=\"elementor-widget-wrap elementor-element-populated\">\n\t\t\t\t\t\t<div class=\"elementor-element elementor-element-54720f8 elementor-widget elementor-widget-spacer\" data-id=\"54720f8\" data-element_type=\"widget\" data-e-type=\"widget\" data-widget_type=\"spacer.default\">\n\t\t\t\t\t\t\t<div class=\"elementor-spacer\">\n\t\t\t<div class=\"elementor-spacer-inner\"><\/div>\n\t\t<\/div>\n\t\t\t\t\t\t<\/div>\n\t\t\t\t<div class=\"elementor-element elementor-element-86b417b elementor-widget elementor-widget-heading\" data-id=\"86b417b\" data-element_type=\"widget\" data-e-type=\"widget\" data-widget_type=\"heading.default\">\n\t\t\t\t\t<h2 class=\"elementor-heading-title elementor-size-xl\">Aqu\u00ed te detallamos diferentes opciones a la hora de hacer excursiones con ni\u00f1os.<\/h2>\t\t\t\t<\/div>\n\t\t\t\t<div class=\"elementor-element elementor-element-80730b2 elementor-widget elementor-widget-heading\" data-id=\"80730b2\" data-element_type=\"widget\" data-e-type=\"widget\" data-widget_type=\"heading.default\">\n\t\t\t\t\t<h3 class=\"elementor-heading-title elementor-size-xl\">Las excursiones de invierno solo est\u00e1n disponibles durante esa \u00e9poca.<\/h3>\t\t\t\t<\/div>\n\t\t\t\t<div class=\"elementor-element elementor-element-8d211f7 elementor-widget elementor-widget-spacer\" data-id=\"8d211f7\" data-element_type=\"widget\" data-e-type=\"widget\" data-widget_type=\"spacer.default\">\n\t\t\t\t\t\t\t<div class=\"elementor-spacer\">\n\t\t\t<div class=\"elementor-spacer-inner\"><\/div>\n\t\t<\/div>\n\t\t\t\t\t\t<\/div>\n\t\t\t\t<div class=\"elementor-element elementor-element-5e194b6 elementor-tabs-alignment-center elementor-tabs-view-horizontal elementor-widget elementor-widget-tabs\" data-id=\"5e194b6\" data-element_type=\"widget\" data-e-type=\"widget\" data-widget_type=\"tabs.default\">\n\t\t\t\t\t\t\t<div class=\"elementor-tabs\">\n\t\t\t<div class=\"elementor-tabs-wrapper\" role=\"tablist\" >\n\t\t\t\t\t\t\t\t\t<div id=\"elementor-tab-title-9861\" class=\"elementor-tab-title elementor-tab-desktop-title\" aria-selected=\"true\" data-tab=\"1\" role=\"tab\" tabindex=\"0\" aria-controls=\"elementor-tab-content-9861\" aria-expanded=\"false\">Excursiones de verano con ni\u00f1os<\/div>\n\t\t\t\t\t\t\t\t\t<div id=\"elementor-tab-title-9862\" class=\"elementor-tab-title elementor-tab-desktop-title\" aria-selected=\"false\" data-tab=\"2\" role=\"tab\" tabindex=\"-1\" aria-controls=\"elementor-tab-content-9862\" aria-expanded=\"false\">Excurs\u00f5es de inverno com crian\u00e7as<\/div>\n\t\t\t\t\t\t\t<\/div>\n\t\t\t<div class=\"elementor-tabs-content-wrapper\" role=\"tablist\" aria-orientation=\"vertical\">\n\t\t\t\t\t\t\t\t\t<div class=\"elementor-tab-title elementor-tab-mobile-title\" aria-selected=\"true\" data-tab=\"1\" role=\"tab\" tabindex=\"0\" aria-controls=\"elementor-tab-content-9861\" aria-expanded=\"false\">Excursiones de verano con ni\u00f1os<\/div>\n\t\t\t\t\t<div id=\"elementor-tab-content-9861\" class=\"elementor-tab-content elementor-clearfix\" data-tab=\"1\" role=\"tabpanel\" aria-labelledby=\"elementor-tab-title-9861\" tabindex=\"0\" hidden=\"false\"><ul><li style=\"text-align: center;\"><strong><span style=\"color: #000000;\">Lagos Fagnano e Escondido Fora de estrada por 4\u00d74<\/span><\/strong><\/li><li style=\"text-align: center;\"><strong><span style=\"color: #000000;\">Parque Nacional + Trem do Fim do Mundo<\/span><\/strong><\/li><li style=\"text-align: center;\"><strong><span style=\"color: #000000;\">Navega\u00e7\u00e3o do Canal Beagle<\/span><\/strong><\/li><li style=\"text-align: center;\"><strong><span style=\"color: #000000;\">Navega\u00e7\u00e3o da Col\u00f4nia de Ping\u00fcins\u00a0\u00a0<\/span><\/strong><\/li><\/ul><\/div>\n\t\t\t\t\t\t\t\t\t<div class=\"elementor-tab-title elementor-tab-mobile-title\" aria-selected=\"false\" data-tab=\"2\" role=\"tab\" tabindex=\"-1\" aria-controls=\"elementor-tab-content-9862\" aria-expanded=\"false\">Excurs\u00f5es de inverno com crian\u00e7as<\/div>\n\t\t\t\t\t<div id=\"elementor-tab-content-9862\" class=\"elementor-tab-content elementor-clearfix\" data-tab=\"2\" role=\"tabpanel\" aria-labelledby=\"elementor-tab-title-9862\" tabindex=\"0\" hidden=\"hidden\"><ul><li style=\"text-align: center;\"><strong><span style=\"color: #000000;\">Neve e fogo<\/span><\/strong><\/li><li style=\"text-align: center;\"><strong><span style=\"color: #000000;\">Travessia de Lagos 4\u00d74<\/span><\/strong><\/li><li style=\"text-align: center;\"><strong><span style=\"color: #000000;\">Parque Nacional + Trem do Fim do Mundo<\/span><\/strong><\/li><li style=\"text-align: center;\"><strong><span style=\"color: #000000;\">Navega\u00e7\u00e3o do Canal Beagle<\/span><\/strong><\/li><\/ul><\/div>\n\t\t\t\t\t\t\t<\/div>\n\t\t<\/div>\n\t\t\t\t\t\t<\/div>\n\t\t\t\t<div class=\"elementor-element elementor-element-b03d61c elementor-widget elementor-widget-spacer\" data-id=\"b03d61c\" data-element_type=\"widget\" data-e-type=\"widget\" data-widget_type=\"spacer.default\">\n\t\t\t\t\t\t\t<div class=\"elementor-spacer\">\n\t\t\t<div class=\"elementor-spacer-inner\"><\/div>\n\t\t<\/div>\n\t\t\t\t\t\t<\/div>\n\t\t\t\t\t<\/div>\n\t\t<\/div>\n\t\t\t\t\t<\/div>\n\t\t<\/section>\n\t\t\t\t<section class=\"elementor-section elementor-top-section elementor-element elementor-element-7995300 elementor-hidden-desktop elementor-hidden-tablet elementor-hidden-mobile elementor-section-boxed elementor-section-height-default elementor-section-height-default\" data-id=\"7995300\" data-element_type=\"section\" data-e-type=\"section\">\n\t\t\t\t\t\t<div class=\"elementor-container elementor-column-gap-default\">\n\t\t\t\t\t<div class=\"elementor-column elementor-col-100 elementor-top-column elementor-element elementor-element-4580d31\" data-id=\"4580d31\" data-element_type=\"column\" data-e-type=\"column\">\n\t\t\t<div class=\"elementor-widget-wrap elementor-element-populated\">\n\t\t\t\t\t\t<div class=\"elementor-element elementor-element-ca75f3e elementor-widget elementor-widget-woocommerce-breadcrumb\" data-id=\"ca75f3e\" data-element_type=\"widget\" data-e-type=\"widget\" data-widget_type=\"woocommerce-breadcrumb.default\">\n\t\t\t\t\t<nav class=\"woocommerce-breadcrumb\" aria-label=\"Breadcrumb\" data-no-translation=\"\" data-trp-gettext=\"\">In\u00edcio<\/nav>\t\t\t\t<\/div>\n\t\t\t\t\t<\/div>\n\t\t<\/div>\n\t\t\t\t\t<\/div>\n\t\t<\/section>\n\t\t\t\t<section class=\"elementor-section elementor-top-section elementor-element elementor-element-e6ff851 elementor-hidden-desktop elementor-hidden-tablet elementor-hidden-mobile elementor-section-boxed elementor-section-height-default elementor-section-height-default\" data-id=\"e6ff851\" data-element_type=\"section\" data-e-type=\"section\">\n\t\t\t\t\t\t<div class=\"elementor-container elementor-column-gap-default\">\n\t\t\t\t\t<div class=\"elementor-column elementor-col-100 elementor-top-column elementor-element elementor-element-f99bdc9\" data-id=\"f99bdc9\" data-element_type=\"column\" data-e-type=\"column\">\n\t\t\t<div class=\"elementor-widget-wrap elementor-element-populated\">\n\t\t\t\t\t\t<div class=\"elementor-element elementor-element-69ef478 elementor-widget elementor-widget-spacer\" data-id=\"69ef478\" data-element_type=\"widget\" data-e-type=\"widget\" data-widget_type=\"spacer.default\">\n\t\t\t\t\t\t\t<div class=\"elementor-spacer\">\n\t\t\t<div class=\"elementor-spacer-inner\"><\/div>\n\t\t<\/div>\n\t\t\t\t\t\t<\/div>\n\t\t\t\t\t<\/div>\n\t\t<\/div>\n\t\t\t\t\t<\/div>\n\t\t<\/section>\n\t\t\t\t<section class=\"elementor-section elementor-top-section elementor-element elementor-element-9a44f68 elementor-hidden-desktop elementor-hidden-tablet elementor-hidden-mobile elementor-section-boxed elementor-section-height-default elementor-section-height-default\" data-id=\"9a44f68\" data-element_type=\"section\" data-e-type=\"section\">\n\t\t\t\t\t\t<div class=\"elementor-container elementor-column-gap-default\">\n\t\t\t\t\t<div class=\"elementor-column elementor-col-100 elementor-top-column elementor-element elementor-element-fe776ef\" data-id=\"fe776ef\" data-element_type=\"column\" data-e-type=\"column\">\n\t\t\t<div class=\"elementor-widget-wrap elementor-element-populated\">\n\t\t\t\t\t\t<div class=\"elementor-element elementor-element-ad95416 elementor-widget elementor-widget-heading\" data-id=\"ad95416\" data-element_type=\"widget\" data-e-type=\"widget\" data-widget_type=\"heading.default\">\n\t\t\t\t\t<h2 class=\"elementor-heading-title elementor-size-large\">Aqui detalhamos diferentes op\u00e7\u00f5es para excurs\u00f5es com crian\u00e7as.\n\nAs excurs\u00f5es de inverno s\u00f3 est\u00e3o dispon\u00edveis durante a esta\u00e7\u00e3o do inverno.<\/h2>\t\t\t\t<\/div>\n\t\t\t\t<div class=\"elementor-element elementor-element-5ecba92 elementor-widget elementor-widget-spacer\" data-id=\"5ecba92\" data-element_type=\"widget\" data-e-type=\"widget\" data-widget_type=\"spacer.default\">\n\t\t\t\t\t\t\t<div class=\"elementor-spacer\">\n\t\t\t<div class=\"elementor-spacer-inner\"><\/div>\n\t\t<\/div>\n\t\t\t\t\t\t<\/div>\n\t\t\t\t\t<\/div>\n\t\t<\/div>\n\t\t\t\t\t<\/div>\n\t\t<\/section>\n\t\t\t\t<section class=\"elementor-section elementor-top-section elementor-element elementor-element-2823228 elementor-hidden-desktop elementor-hidden-tablet elementor-hidden-mobile elementor-section-boxed elementor-section-height-default elementor-section-height-default\" data-id=\"2823228\" data-element_type=\"section\" data-e-type=\"section\" data-settings=\"{&quot;background_background&quot;:&quot;classic&quot;}\">\n\t\t\t\t\t\t<div class=\"elementor-container elementor-column-gap-default\">\n\t\t\t\t\t<div class=\"elementor-column elementor-col-100 elementor-top-column elementor-element elementor-element-2b1a8d4\" data-id=\"2b1a8d4\" data-element_type=\"column\" data-e-type=\"column\">\n\t\t\t<div class=\"elementor-widget-wrap elementor-element-populated\">\n\t\t\t\t\t\t<div class=\"elementor-element elementor-element-cd73540 elementor-widget elementor-widget-spacer\" data-id=\"cd73540\" data-element_type=\"widget\" data-e-type=\"widget\" data-widget_type=\"spacer.default\">\n\t\t\t\t\t\t\t<div class=\"elementor-spacer\">\n\t\t\t<div class=\"elementor-spacer-inner\"><\/div>\n\t\t<\/div>\n\t\t\t\t\t\t<\/div>\n\t\t\t\t<div class=\"elementor-element elementor-element-8da79f4 elementor-tabs-alignment-center elementor-tabs-view-horizontal elementor-widget elementor-widget-tabs\" data-id=\"8da79f4\" data-element_type=\"widget\" data-e-type=\"widget\" data-widget_type=\"tabs.default\">\n\t\t\t\t\t\t\t<div class=\"elementor-tabs\">\n\t\t\t<div class=\"elementor-tabs-wrapper\" role=\"tablist\" >\n\t\t\t\t\t\t\t\t\t<div id=\"elementor-tab-title-1481\" class=\"elementor-tab-title elementor-tab-desktop-title\" aria-selected=\"true\" data-tab=\"1\" role=\"tab\" tabindex=\"0\" aria-controls=\"elementor-tab-content-1481\" aria-expanded=\"false\">Excursiones de verano con ni\u00f1os<\/div>\n\t\t\t\t\t\t\t\t\t<div id=\"elementor-tab-title-1482\" class=\"elementor-tab-title elementor-tab-desktop-title\" aria-selected=\"false\" data-tab=\"2\" role=\"tab\" tabindex=\"-1\" aria-controls=\"elementor-tab-content-1482\" aria-expanded=\"false\">Excurs\u00f5es de inverno com crian\u00e7as<\/div>\n\t\t\t\t\t\t\t<\/div>\n\t\t\t<div class=\"elementor-tabs-content-wrapper\" role=\"tablist\" aria-orientation=\"vertical\">\n\t\t\t\t\t\t\t\t\t<div class=\"elementor-tab-title elementor-tab-mobile-title\" aria-selected=\"true\" data-tab=\"1\" role=\"tab\" tabindex=\"0\" aria-controls=\"elementor-tab-content-1481\" aria-expanded=\"false\">Excursiones de verano con ni\u00f1os<\/div>\n\t\t\t\t\t<div id=\"elementor-tab-content-1481\" class=\"elementor-tab-content elementor-clearfix\" data-tab=\"1\" role=\"tabpanel\" aria-labelledby=\"elementor-tab-title-1481\" tabindex=\"0\" hidden=\"false\"><ul><li>Lagos Fagnano e Escondido Fora de estrada por 4\u00d74<\/li><li>Parque Nacional + Trem do Fim do Mundo<\/li><li>Navega\u00e7\u00e3o do Canal Beagle<\/li><li>Navega\u00e7\u00e3o da Col\u00f4nia de Ping\u00fcins\u00a0\u00a0<\/li><\/ul><\/div>\n\t\t\t\t\t\t\t\t\t<div class=\"elementor-tab-title elementor-tab-mobile-title\" aria-selected=\"false\" data-tab=\"2\" role=\"tab\" tabindex=\"-1\" aria-controls=\"elementor-tab-content-1482\" aria-expanded=\"false\">Excurs\u00f5es de inverno com crian\u00e7as<\/div>\n\t\t\t\t\t<div id=\"elementor-tab-content-1482\" class=\"elementor-tab-content elementor-clearfix\" data-tab=\"2\" role=\"tabpanel\" aria-labelledby=\"elementor-tab-title-1482\" tabindex=\"0\" hidden=\"hidden\"><ul><li>Neve e fogo<\/li><li>Travessia de Lagos 4\u00d74<\/li><li>Parque Nacional + Trem do Fim do Mundo<\/li><li>Navega\u00e7\u00e3o do Canal Beagle<\/li><\/ul><div class=\"\">\u00a0<\/div><\/div>\n\t\t\t\t\t\t\t<\/div>\n\t\t<\/div>\n\t\t\t\t\t\t<\/div>\n\t\t\t\t<div class=\"elementor-element elementor-element-9e23e6e elementor-widget elementor-widget-spacer\" data-id=\"9e23e6e\" data-element_type=\"widget\" data-e-type=\"widget\" data-widget_type=\"spacer.default\">\n\t\t\t\t\t\t\t<div class=\"elementor-spacer\">\n\t\t\t<div class=\"elementor-spacer-inner\"><\/div>\n\t\t<\/div>\n\t\t\t\t\t\t<\/div>\n\t\t\t\t\t<\/div>\n\t\t<\/div>\n\t\t\t\t\t<\/div>\n\t\t<\/section>\n\t\t\t\t<\/div>","protected":false},"excerpt":{"rendered":"<p>Aqu\u00ed te detallamos diferentes opciones a la hora de hacer excursiones con ni\u00f1os. Las excursiones de invierno solo est\u00e1n disponibles durante esa \u00e9poca. Excursiones de verano con ni\u00f1os Excursiones de invierno con ni\u00f1os Excursiones de verano con ni\u00f1os Lagos Fagnano y Escondido Off road en 4&#215;4 Parque Nacional + Tren del Fin del Mundo Navegaci\u00f3n [&hellip;]<\/p>\n","protected":false},"author":1,"featured_media":0,"parent":0,"menu_order":0,"comment_status":"closed","ping_status":"closed","template":"","meta":{"_acf_changed":false,"_joinchat":[],"footnotes":""},"class_list":["post-2006","page","type-page","status-publish","hentry"],"acf":[],"_links":{"self":[{"href":"https:\/\/excursionesenushuaia.com\/pt\/wp-json\/wp\/v2\/pages\/2006","targetHints":{"allow":["GET"]}}],"collection":[{"href":"https:\/\/excursionesenushuaia.com\/pt\/wp-json\/wp\/v2\/pages"}],"about":[{"href":"https:\/\/excursionesenushuaia.com\/pt\/wp-json\/wp\/v2\/types\/page"}],"author":[{"embeddable":true,"href":"https:\/\/excursionesenushuaia.com\/pt\/wp-json\/wp\/v2\/users\/1"}],"replies":[{"embeddable":true,"href":"https:\/\/excursionesenushuaia.com\/pt\/wp-json\/wp\/v2\/comments?post=2006"}],"version-history":[{"count":6,"href":"https:\/\/excursionesenushuaia.com\/pt\/wp-json\/wp\/v2\/pages\/2006\/revisions"}],"predecessor-version":[{"id":18930,"href":"https:\/\/excursionesenushuaia.com\/pt\/wp-json\/wp\/v2\/pages\/2006\/revisions\/18930"}],"wp:attachment":[{"href":"https:\/\/excursionesenushuaia.com\/pt\/wp-json\/wp\/v2\/media?parent=2006"}],"curies":[{"name":"wp","href":"https:\/\/api.w.org\/{rel}","templated":true}]}}