{"id":415,"date":"2021-05-20T11:15:44","date_gmt":"2021-05-20T11:15:44","guid":{"rendered":"https:\/\/demo.turitop.net\/default\/my-account\/"},"modified":"2025-03-17T21:42:55","modified_gmt":"2025-03-18T00:42:55","slug":"mi-cuenta","status":"publish","type":"page","link":"https:\/\/excursionesenushuaia.com\/pt\/mi-cuenta\/","title":{"rendered":"Minha conta"},"content":{"rendered":"<div data-elementor-type=\"wp-page\" data-elementor-id=\"415\" class=\"elementor elementor-415\" data-elementor-post-type=\"page\">\n\t\t\t\t<div class=\"elementor-element elementor-element-5a1ac02 e-flex e-con-boxed e-con e-parent\" data-id=\"5a1ac02\" data-element_type=\"container\" data-e-type=\"container\">\n\t\t\t\t\t<div class=\"e-con-inner\">\n\t\t\t\t<div class=\"elementor-element elementor-element-9bbcf44 elementor-widget elementor-widget-shortcode\" data-id=\"9bbcf44\" data-element_type=\"widget\" data-e-type=\"widget\" data-widget_type=\"shortcode.default\">\n\t\t\t\t\t\t\t<div class=\"elementor-shortcode\">\n<div class=\"yith-wcaf yith-wcaf-registration-form woocommerce\">\n\t\n\t\n\t\t\t\t<div class=\"forms-container\">\n\n\t\t\t\n\t\t\t\n\t\t\t\n\t\t\t\t\t\t\t\t\t<h2 class=\"register-title\">\n\t\t\t\t\t\tRegister\t\t\t\t\t<\/h2>\n\t\t\t\t\n\t\t\t\t<div class=\"register-form\">\n\t\t\t\t\t<form method=\"post\" class=\"register\" action=\"\">\n\n\t\t\t\t\t\t\t\t\t\t\t\t\t\t\t\t\t\t<p class=\"form-row validate-required\" id=\"profile_username_field\" data-priority=\"\"><label for=\"profile_username\" class=\"required_field\">Nombre de Usuario&nbsp;<span class=\"required\" aria-hidden=\"true\">*<\/span><\/label><span class=\"woocommerce-input-wrapper\"><input type=\"text\" class=\"input-text\" name=\"username\" id=\"profile_username\" placeholder=\"\"  value=\"\" aria-required=\"true\" \/><\/span><\/p><p class=\"form-row validate-required\" id=\"profile_first_name_field\" data-priority=\"\"><label for=\"profile_first_name\" class=\"required_field\">Nome&nbsp;<span class=\"required\" aria-hidden=\"true\">*<\/span><\/label><span class=\"woocommerce-input-wrapper\"><input type=\"text\" class=\"input-text\" name=\"first_name\" id=\"profile_first_name\" placeholder=\"\"  value=\"\" aria-required=\"true\" \/><\/span><\/p><p class=\"form-row validate-required\" id=\"profile_last_name_field\" data-priority=\"\"><label for=\"profile_last_name\" class=\"required_field\">Apellido&nbsp;<span class=\"required\" aria-hidden=\"true\">*<\/span><\/label><span class=\"woocommerce-input-wrapper\"><input type=\"text\" class=\"input-text\" name=\"last_name\" id=\"profile_last_name\" placeholder=\"\"  value=\"\" aria-required=\"true\" \/><\/span><\/p><p class=\"form-row validate-required\" id=\"profile_email_field\" data-priority=\"\"><label for=\"profile_email\" class=\"required_field\">Direcci\u00f3n de email&nbsp;<span class=\"required\" aria-hidden=\"true\">*<\/span><\/label><span class=\"woocommerce-input-wrapper\"><input type=\"email\" class=\"input-text\" name=\"email\" id=\"profile_email\" placeholder=\"\"  value=\"\" data-validation=\"email\" aria-required=\"true\" \/><\/span><\/p><p class=\"form-row validate-required\" id=\"profile_password_field\" data-priority=\"\"><label for=\"profile_password\" class=\"required_field\">Senha&nbsp;<span class=\"required\" aria-hidden=\"true\">*<\/span><\/label><span class=\"woocommerce-input-wrapper\"><input type=\"password\" class=\"input-text\" name=\"password\" id=\"profile_password\" placeholder=\"\"  value=\"\" aria-required=\"true\" \/><\/span><\/p><p class=\"form-row validate-required\" id=\"profile_whatsapp_number_field\" data-priority=\"\"><label for=\"profile_whatsapp_number\" class=\"required_field\">Tu n\u00famero de WhatsApp&nbsp;<span class=\"required\" aria-hidden=\"true\">*<\/span><\/label><span class=\"woocommerce-input-wrapper\"><input type=\"text\" class=\"input-text\" name=\"whatsapp_number\" id=\"profile_whatsapp_number\" placeholder=\"\"  value=\"\" aria-required=\"true\" \/><\/span><\/p><p class=\"form-row validate-required\" id=\"profile_website_field\" data-priority=\"\"><label for=\"profile_website\" class=\"required_field\">\u00bfQu\u00e9 tipo de aliado sos?&nbsp;<span class=\"required\" aria-hidden=\"true\">*<\/span><\/label><span class=\"woocommerce-input-wrapper\"><select name=\"website\" id=\"profile_website\" class=\"select\" aria-required=\"true\" data-placeholder=\"\">\n\t\t\t\t\t\t\t<option value=\"jubilado\" >Aposentado<\/option><option value=\"influencer\" >Influencer<\/option><option value=\"mozo\" >Mozo<\/option><option value=\"taxista\" >Taxista<\/option><option value=\"seguidor\" >Seguidor<\/option><option value=\"UBER\" >UBER<\/option><option value=\"AIRBNB\" >AIRBNB<\/option><option value=\"Remis\" >Remis<\/option><option value=\"Comercio\" >Comercio<\/option><option value=\"Cliente\" >Cliente<\/option><option value=\"otro\" >Otro<\/option><option value=\"Recepcionista\" >Recepcionista<\/option>\n\t\t\t\t\t\t<\/select><\/span><\/p><p class=\"form-row validate-required\" id=\"profile_how_promote_field\" data-priority=\"\"><label for=\"profile_how_promote\" class=\"required_field\">\u00bfC\u00f3mo vas a promocionar nuestras excursiones?&nbsp;<span class=\"required\" aria-hidden=\"true\">*<\/span><\/label><span class=\"woocommerce-input-wrapper\"><select name=\"how_promote\" id=\"profile_how_promote\" class=\"select\" aria-required=\"true\" data-placeholder=\"\">\n\t\t\t\t\t\t\t<option value=\"rede\" >Redes sociales<\/option><option value=\"website\" >Sitio web \/ Blog<\/option><option value=\"newsletter\" >Newsletter \/ Email Marketing<\/option><option value=\"otros\" >Otros<\/option>\n\t\t\t\t\t\t<\/select><\/span><\/p><p class=\"form-row\" id=\"profile_how_promote_2_field\" data-priority=\"\"><label for=\"profile_how_promote_2\" class=\"\">Si en el campo anterior seleccionaste \"Otros\" \u00bfDe qu\u00e9 otra forma vas a promocionar nuestras excursiones?&nbsp;<span class=\"optional\">(opcional)<\/span><\/label><span class=\"woocommerce-input-wrapper\"><input type=\"text\" class=\"input-text\" name=\"how_promote_2\" id=\"profile_how_promote_2\" placeholder=\"\"  value=\"\"  \/><\/span><\/p><p class=\"form-row\" id=\"profile_tipo_sitios_field\" data-priority=\"\"><label for=\"profile_tipo_sitios\" class=\"\">Decinos tus redes sociales y\/o sitios web&nbsp;<span class=\"optional\">(opcional)<\/span><\/label><span class=\"woocommerce-input-wrapper\"><input type=\"text\" class=\"input-text\" name=\"tipo_sitios\" id=\"profile_tipo_sitios\" placeholder=\"\"  value=\"\"  \/><\/span><\/p>\t\t\t<p class=\"form-row\">\n\t\t\t\t<span class=\"woocommerce-privacy-policy-text\">\n\t\t\t\t\tSeus dados pessoais ser\u00e3o usados para apoiar sua experi\u00eancia neste site, para gerenciar o acesso \u00e0 sua conta e para outros fins descritos em nosso <a href=\"\" class=\"woocommerce-privacy-policy-link\" target=\"_blank\" data-no-translation=\"\" data-trp-gettext=\"\">pol\u00edtica de privacidade<\/a>.\t\t\t\t<\/span>\n\t\t\t<\/p>\n\t\t\t<p class=\"form-row terms-label validate-required\" id=\"profile_terms_field\" data-priority=\"\"><span class=\"woocommerce-input-wrapper\"><label class=\"checkbox terms-label\" ><input type=\"checkbox\" name=\"terms\" id=\"profile_terms\" value=\"1\" class=\"input-checkbox\"  aria-required=\"true\" \/> He le\u00eddo y estoy de acuerdo con los <a href=\"https:\/\/excursionesenushuaia.com\/pt\/terminos-y-condiciones\/\" class=\"woocommerce-terms-and-conditions-link\" target=\"_blank\" data-no-translation=\"\" data-trp-gettext=\"\">termos e condi\u00e7\u00f5es<\/a> de la web&nbsp;<span class=\"required\" aria-hidden=\"true\">*<\/span><\/label><\/span><\/p>\t\t\t\t\t\t<wc-order-attribution-inputs><\/wc-order-attribution-inputs>\n\t\t\t\t\t\t<p class=\"form-row\">\n\t\t\t\t\t\t\t<input type=\"hidden\" id=\"woocommerce-register-nonce\" name=\"woocommerce-register-nonce\" value=\"8db60fc42e\" \/><input type=\"hidden\" name=\"_wp_http_referer\" value=\"\/pt\/wp-json\/wp\/v2\/pages\/415\" \/>\t\t\t\t\t\t\t<input type=\"hidden\" id=\"register_affiliate\" name=\"register_affiliate\" value=\"8696df1faf\" \/>\n\t\t\t\t\t\t\t<input type=\"submit\" class=\"button\" name=\"register\" value=\"Register\"\/>\n\t\t\t\t\t\t<\/p>\n\n\t\t\t\t\t\t\n\t\t\t\t\t<input type=\"hidden\" name=\"trp-form-language\" value=\"pt\"\/><\/form>\n\t\t\t\t<\/div>\n\n\t\t\t\n\t\t\t\n\t\t<\/div>\n\n\t<\/div>\n <\/div>\n\t\t\t\t\t\t<\/div>\n\t\t\t\t\t<\/div>\n\t\t\t\t<\/div>\n\t\t\t\t<\/div>","protected":false},"excerpt":{"rendered":"","protected":false},"author":1,"featured_media":0,"parent":0,"menu_order":0,"comment_status":"closed","ping_status":"closed","template":"","meta":{"_acf_changed":false,"_joinchat":[],"footnotes":""},"class_list":["post-415","page","type-page","status-publish","hentry"],"acf":[],"_links":{"self":[{"href":"https:\/\/excursionesenushuaia.com\/pt\/wp-json\/wp\/v2\/pages\/415","targetHints":{"allow":["GET"]}}],"collection":[{"href":"https:\/\/excursionesenushuaia.com\/pt\/wp-json\/wp\/v2\/pages"}],"about":[{"href":"https:\/\/excursionesenushuaia.com\/pt\/wp-json\/wp\/v2\/types\/page"}],"author":[{"embeddable":true,"href":"https:\/\/excursionesenushuaia.com\/pt\/wp-json\/wp\/v2\/users\/1"}],"replies":[{"embeddable":true,"href":"https:\/\/excursionesenushuaia.com\/pt\/wp-json\/wp\/v2\/comments?post=415"}],"version-history":[{"count":12,"href":"https:\/\/excursionesenushuaia.com\/pt\/wp-json\/wp\/v2\/pages\/415\/revisions"}],"predecessor-version":[{"id":29029,"href":"https:\/\/excursionesenushuaia.com\/pt\/wp-json\/wp\/v2\/pages\/415\/revisions\/29029"}],"wp:attachment":[{"href":"https:\/\/excursionesenushuaia.com\/pt\/wp-json\/wp\/v2\/media?parent=415"}],"curies":[{"name":"wp","href":"https:\/\/api.w.org\/{rel}","templated":true}]}}