{"id":716,"date":"2021-12-28T11:50:17","date_gmt":"2021-12-28T11:50:17","guid":{"rendered":"https:\/\/excursionesenushuaia.com\/?page_id=716"},"modified":"2026-01-24T13:41:06","modified_gmt":"2026-01-24T16:41:06","slug":"reembolso_devoluciones","status":"publish","type":"page","link":"https:\/\/excursionesenushuaia.com\/pt\/reembolso_devoluciones\/","title":{"rendered":"Pol\u00edtica de devolu\u00e7\u00e3o e reembolso"},"content":{"rendered":"<div data-elementor-type=\"wp-page\" data-elementor-id=\"716\" class=\"elementor elementor-716\" data-elementor-post-type=\"page\">\n\t\t\t\t<div class=\"elementor-element elementor-element-3d9eef10 elementor-hidden-desktop elementor-hidden-laptop elementor-hidden-tablet elementor-hidden-mobile e-flex e-con-boxed e-con e-parent\" data-id=\"3d9eef10\" data-element_type=\"container\" data-e-type=\"container\">\n\t\t\t\t\t<div class=\"e-con-inner\">\n\t\t\t\t<div class=\"elementor-element elementor-element-2cc74e5f elementor-widget elementor-widget-text-editor\" data-id=\"2cc74e5f\" data-element_type=\"widget\" data-e-type=\"widget\" data-widget_type=\"text-editor.default\">\n\t\t\t\t\t\t\t\t\t\n<p><b>Esta \u00e9 uma p\u00e1gina de exemplo.<\/b><\/p>\n\n\n\n<h3>Vis\u00e3o geral<\/h3>\n\n\n\n<p>Nossa pol\u00edtica de reembolso e devolu\u00e7\u00e3o tem dura\u00e7\u00e3o de 30 dias. Se passaram 30 dias desde sua compra, n\u00e3o podemos oferecer-lhe um reembolso ou troca total.<\/p>\n\n\n\n<p>Para ser eleg\u00edvel para uma devolu\u00e7\u00e3o, seu item deve estar sem uso e nas mesmas condi\u00e7\u00f5es que voc\u00ea o recebeu. Tamb\u00e9m deve estar na embalagem original.<\/p>\n\n\n\n<p>V\u00e1rios tipos de mercadorias est\u00e3o isentos de serem devolvidas. Produtos perec\u00edveis como alimentos, flores, jornais ou revistas n\u00e3o podem ser devolvidos. Tamb\u00e9m n\u00e3o aceitamos produtos que sejam bens \u00edntimos ou sanit\u00e1rios, materiais perigosos ou l\u00edquidos ou gases inflam\u00e1veis.<\/p>\n\n\n\n<p>Itens adicionais n\u00e3o retorn\u00e1veis:<\/p>\n\n\n\n<ul class=\"wp-block-list\">\n<li>Cart\u00f5es-presente<\/li>\n<li>Produtos de software para download<\/li>\n<li>Alguns itens de sa\u00fade e cuidados pessoais<\/li>\n<\/ul>\n\n\n\n<p>Para completar sua devolu\u00e7\u00e3o, exigimos um recibo ou prova de compra.<\/p>\n\n\n\n<p>Por favor, n\u00e3o envie sua compra de volta ao fabricante.<\/p>\n\n\n\n<p>H\u00e1 certas situa\u00e7\u00f5es em que apenas reembolsos parciais s\u00e3o concedidos:<\/p>\n\n\n\n<ul class=\"wp-block-list\">\n<li>Livro com sinais evidentes de uso<\/li>\n<li>CD, DVD, fita VHS, software, videogame, fita cassete ou disco de vinil que foi aberto.<\/li>\n<li>Qualquer item que n\u00e3o esteja em seu estado original, est\u00e1 danificado ou faltando pe\u00e7as por raz\u00f5es que n\u00e3o se devem a nosso erro.<\/li>\n<li>Qualquer item que seja devolvido mais de 30 dias ap\u00f3s a entrega<\/li>\n<\/ul>\n\n\n\n<h2>Reembolsos<\/h2>\n\n\n\n<p>Assim que sua devolu\u00e7\u00e3o for recebida e inspecionada, enviaremos a voc\u00ea um e-mail para notific\u00e1-lo de que recebemos seu item devolvido. Tamb\u00e9m o notificaremos sobre a aprova\u00e7\u00e3o ou rejei\u00e7\u00e3o de seu reembolso.<\/p>\n\n\n\n<p>Se voc\u00ea for aprovado, ent\u00e3o seu reembolso ser\u00e1 processado, e um cr\u00e9dito ser\u00e1 automaticamente aplicado ao seu cart\u00e3o de cr\u00e9dito ou m\u00e9todo original de pagamento, dentro de um certo n\u00famero de dias.<\/p>\n\n\n\n<b>Reembolsos tardios ou em falta<\/b>\n\n\n\n<p>Se voc\u00ea ainda n\u00e3o recebeu um reembolso, primeiro verifique novamente sua conta banc\u00e1ria.<\/p>\n\n\n\n<p>Em seguida, entre em contato com a empresa de seu cart\u00e3o de cr\u00e9dito, pode levar algum tempo at\u00e9 que seu reembolso seja oficialmente postado.<\/p>\n\n\n\n<p>Em seguida, entre em contato com seu banco. Muitas vezes h\u00e1 algum tempo de processamento antes que um reembolso seja postado.<\/p>\n\n\n\n<p>Se voc\u00ea j\u00e1 fez tudo isso e ainda n\u00e3o recebeu seu reembolso, entre em contato conosco pelo {endere\u00e7o de e-mail}.<\/p>\n\n\n\n<b>Itens de venda<\/b>\n\n\n\n<p>Somente os itens com pre\u00e7os regulares podem ser reembolsados. Os itens de venda n\u00e3o podem ser reembolsados.<\/p>\n\n\n\n<h2>Trocas<\/h2>\n\n\n\n<p>S\u00f3 substitu\u00edmos os itens se estiverem defeituosos ou danificados. Se voc\u00ea precisar troc\u00e1-lo pelo mesmo item, envie-nos um e-mail para {endere\u00e7o de e-mail} e envie seu item para: {endere\u00e7o f\u00edsico}.<\/p>\n\n\n\n<h2>Presentes<\/h2>\n\n\n\n<p>Se o item foi marcado como presente quando adquirido e enviado diretamente a voc\u00ea, voc\u00ea receber\u00e1 um cr\u00e9dito de presente pelo valor de sua devolu\u00e7\u00e3o. Uma vez que o item devolvido for recebido, um certificado de presente ser\u00e1 enviado a voc\u00ea pelo correio.<\/p>\n\n\n\n<p>Se o item n\u00e3o foi marcado como presente quando comprado, ou se o presenteador mandou o pedido ser enviado a si mesmo para lhe dar mais tarde, enviaremos um reembolso ao presenteador e eles saber\u00e3o sobre sua devolu\u00e7\u00e3o.<\/p>\n\n\n\n<h2>Devolu\u00e7\u00f5es de remessas<\/h2>\n\n\n\n<p>Para devolver seu produto, voc\u00ea deve enviar seu produto pelo correio: {endere\u00e7o f\u00edsico}.<\/p>\n\n\n\n<p>Voc\u00ea ser\u00e1 respons\u00e1vel pelo pagamento de seus pr\u00f3prios custos de envio para a devolu\u00e7\u00e3o de seu item. Os custos de envio n\u00e3o s\u00e3o reembols\u00e1veis. Se voc\u00ea receber um reembolso, o custo do envio de retorno ser\u00e1 deduzido de seu reembolso.<\/p>\n\n\n\n<p>Dependendo de onde voc\u00ea mora, o tempo que pode levar para que seu produto trocado chegue at\u00e9 voc\u00ea pode variar.<\/p>\n\n\n\n<p>Se voc\u00ea estiver devolvendo itens mais caros, voc\u00ea pode considerar o uso de um servi\u00e7o de remessa rastre\u00e1vel ou a compra de um seguro de remessa. N\u00f3s n\u00e3o garantimos que receberemos seu artigo devolvido.<\/p>\n\n\n\n<h2>Precisa de ajuda?<\/h2>\n\n\n\n<p>Entre em contato conosco pelo {email} para perguntas relacionadas a reembolsos e devolu\u00e7\u00f5es.<\/p>\n\t\t\t\t\t\t\t\t<\/div>\n\t\t\t\t\t<\/div>\n\t\t\t\t<\/div>\n\t\t<div class=\"elementor-element elementor-element-d21ca75 e-con-full e-flex e-con e-parent\" data-id=\"d21ca75\" data-element_type=\"container\" data-e-type=\"container\" data-settings=\"{&quot;background_background&quot;:&quot;classic&quot;}\">\n\t\t\t\t<div class=\"elementor-element elementor-element-dd187de elementor-widget elementor-widget-heading\" data-id=\"dd187de\" data-element_type=\"widget\" data-e-type=\"widget\" data-widget_type=\"heading.default\">\n\t\t\t\t\t<h1 class=\"elementor-heading-title elementor-size-default\">Pol\u00edtica de devolu\u00e7\u00e3o e reembolso<\/h1>\t\t\t\t<\/div>\n\t\t\t\t<\/div>\n\t\t<div class=\"elementor-element elementor-element-39059d6 e-con-full e-flex e-con e-parent\" data-id=\"39059d6\" data-element_type=\"container\" data-e-type=\"container\">\n\t\t\t\t<div class=\"elementor-element elementor-element-e302828 elementor-widget elementor-widget-heading\" data-id=\"e302828\" data-element_type=\"widget\" data-e-type=\"widget\" data-widget_type=\"heading.default\">\n\t\t\t\t\t<h2 class=\"elementor-heading-title elementor-size-default\">Pol\u00edtica de Devoluciones y Reembolsos <br> \nInfo De Ushuaia\u00ae<\/h2>\t\t\t\t<\/div>\n\t\t\t\t<div class=\"elementor-element elementor-element-b601190 elementor-widget elementor-widget-text-editor\" data-id=\"b601190\" data-element_type=\"widget\" data-e-type=\"widget\" data-widget_type=\"text-editor.default\">\n\t\t\t\t\t\t\t\t\t\n<p>Na <strong>Info De Ushuaia\u00ae<\/strong> queremos que reserves con tranquilidad.<\/p>\n\n<p>\u00a0<\/p>\n\n<p>Sabemos que un viaje se planifica con ilusi\u00f3n, pero tambi\u00e9n que pueden surgir imprevistos. Por eso, te contamos de forma clara y simple c\u00f3mo funcionan las cancelaciones, modificaciones y reembolsos de nuestras excursiones y servicios.<\/p>\n\t\t\t\t\t\t\t\t<\/div>\n\t\t\t\t<div class=\"elementor-element elementor-element-2633d57 elementor-widget elementor-widget-text-editor\" data-id=\"2633d57\" data-element_type=\"widget\" data-e-type=\"widget\" data-widget_type=\"text-editor.default\">\n\t\t\t\t\t\t\t\t\t<p>\ud83d\udccc <strong>\u00bfA qu\u00e9 aplica esta pol\u00edtica?<\/strong><\/p>\t\t\t\t\t\t\t\t<\/div>\n\t\t\t\t<div class=\"elementor-element elementor-element-f5acb42 elementor-widget elementor-widget-text-editor\" data-id=\"f5acb42\" data-element_type=\"widget\" data-e-type=\"widget\" data-widget_type=\"text-editor.default\">\n\t\t\t\t\t\t\t\t\t\n<p>Esta pol\u00edtica aplica a todas las excursiones, actividades y servicios tur\u00edsticos reservados a trav\u00e9s de <strong>Info De Ushuaia\u00ae<\/strong>, salvo que se indique lo contrario en la descripci\u00f3n del producto.<\/p>\n\t\t\t\t\t\t\t\t<\/div>\n\t\t\t\t<div class=\"elementor-element elementor-element-92a9698 elementor-widget elementor-widget-text-editor\" data-id=\"92a9698\" data-element_type=\"widget\" data-e-type=\"widget\" data-widget_type=\"text-editor.default\">\n\t\t\t\t\t\t\t\t\t<p>\ud83d\udd04 <strong>Pol\u00edtica de cancelamento<\/strong><\/p>\t\t\t\t\t\t\t\t<\/div>\n\t\t\t\t<div class=\"elementor-element elementor-element-3e1b5e3 elementor-widget elementor-widget-text-editor\" data-id=\"3e1b5e3\" data-element_type=\"widget\" data-e-type=\"widget\" data-widget_type=\"text-editor.default\">\n\t\t\t\t\t\t\t\t\t\n<p>Las condiciones de cancelaci\u00f3n dependen del momento en el que nos avises:<\/p>\n\t\t\t\t\t\t\t\t<\/div>\n\t\t\t\t<div class=\"elementor-element elementor-element-e50ddd3 elementor-widget elementor-widget-text-editor\" data-id=\"e50ddd3\" data-element_type=\"widget\" data-e-type=\"widget\" data-widget_type=\"text-editor.default\">\n\t\t\t\t\t\t\t\t\t<p>\u2714\ufe0f <strong>Cancelamento gratuito<\/strong><\/p>\t\t\t\t\t\t\t\t<\/div>\n\t\t\t\t<div class=\"elementor-element elementor-element-3f7d6a3 elementor-widget elementor-widget-text-editor\" data-id=\"3f7d6a3\" data-element_type=\"widget\" data-e-type=\"widget\" data-widget_type=\"text-editor.default\">\n\t\t\t\t\t\t\t\t\t\n<p>Pod\u00e9s cancelar tu excursi\u00f3n hasta 72 horas antes del inicio de la actividad sin ning\u00fan cargo.<\/p>\n\t\t\t\t\t\t\t\t<\/div>\n\t\t\t\t<div class=\"elementor-element elementor-element-194693f elementor-widget elementor-widget-text-editor\" data-id=\"194693f\" data-element_type=\"widget\" data-e-type=\"widget\" data-widget_type=\"text-editor.default\">\n\t\t\t\t\t\t\t\t\t<p>\u26a0\ufe0f <strong>Cancelaci\u00f3n entre 48 y 72 horas<\/strong><\/p>\t\t\t\t\t\t\t\t<\/div>\n\t\t\t\t<div class=\"elementor-element elementor-element-2a6b197 elementor-widget elementor-widget-text-editor\" data-id=\"2a6b197\" data-element_type=\"widget\" data-e-type=\"widget\" data-widget_type=\"text-editor.default\">\n\t\t\t\t\t\t\t\t\t\n<p>Si cancel\u00e1s dentro de este plazo, se cobrar\u00e1 el 80% del valor de la excursi\u00f3n en concepto de gastos operativos.<\/p>\n\t\t\t\t\t\t\t\t<\/div>\n\t\t\t\t<div class=\"elementor-element elementor-element-822cb2c elementor-widget elementor-widget-text-editor\" data-id=\"822cb2c\" data-element_type=\"widget\" data-e-type=\"widget\" data-widget_type=\"text-editor.default\">\n\t\t\t\t\t\t\t\t\t<p>\u274c <strong>Cancelaci\u00f3n con menos de 24 horas<\/strong><\/p>\t\t\t\t\t\t\t\t<\/div>\n\t\t\t\t<div class=\"elementor-element elementor-element-1e3767b elementor-widget elementor-widget-text-editor\" data-id=\"1e3767b\" data-element_type=\"widget\" data-e-type=\"widget\" data-widget_type=\"text-editor.default\">\n\t\t\t\t\t\t\t\t\t\n<p>Las cancelaciones realizadas con menos de 24 horas de anticipaci\u00f3n tendr\u00e1n un cargo del 100% del valor de la excursi\u00f3n.<\/p>\n\t\t\t\t\t\t\t\t<\/div>\n\t\t\t\t<div class=\"elementor-element elementor-element-2ecd233 elementor-widget elementor-widget-text-editor\" data-id=\"2ecd233\" data-element_type=\"widget\" data-e-type=\"widget\" data-widget_type=\"text-editor.default\">\n\t\t\t\t\t\t\t\t\t<p>\ud83e\udd1d <strong>\u00bfTuviste un imprevisto?<\/strong><\/p>\t\t\t\t\t\t\t\t<\/div>\n\t\t\t\t<div class=\"elementor-element elementor-element-cab9203 elementor-widget elementor-widget-text-editor\" data-id=\"cab9203\" data-element_type=\"widget\" data-e-type=\"widget\" data-widget_type=\"text-editor.default\">\n\t\t\t\t\t\t\t\t\t\n<p>Sabemos que no todo se puede prever.<\/p>\n\n<p>\u00a0<\/p>\n\n<p>Si surgi\u00f3 un <strong>inconveniente<\/strong> dentro de estos plazos y necesit\u00e1s <strong>modificar<\/strong> ou <strong>reprogramar<\/strong> tu experiencia, escribinos por <strong>WhatsApp<\/strong>. Vamos a analizar tu caso de manera particular y <strong>ayudarte<\/strong> en todo lo posible.<\/p>\n\t\t\t\t\t\t\t\t<\/div>\n\t\t\t\t<div class=\"elementor-element elementor-element-d624356 elementor-widget elementor-widget-text-editor\" data-id=\"d624356\" data-element_type=\"widget\" data-e-type=\"widget\" data-widget_type=\"text-editor.default\">\n\t\t\t\t\t\t\t\t\t<p>\ud83d\udcb0 <strong>Reembolsos<\/strong><\/p>\t\t\t\t\t\t\t\t<\/div>\n\t\t\t\t<div class=\"elementor-element elementor-element-11c080a elementor-widget elementor-widget-text-editor\" data-id=\"11c080a\" data-element_type=\"widget\" data-e-type=\"widget\" data-widget_type=\"text-editor.default\">\n\t\t\t\t\t\t\t\t\t\n<ul>\n<p><li> Los reembolsos se realizan por el mismo medio de pago utilizado en la reserva.<\/li><li> Los tiempos de acreditaci\u00f3n dependen de la entidad bancaria o la tarjeta, y pueden demorar algunos d\u00edas h\u00e1biles.<\/li><li> Una vez procesada la devoluci\u00f3n, el plazo ya no depende de <strong>Info De Ushuaia\u00ae<\/strong>.<\/p>\n<\/ul>\n\t\t\t\t\t\t\t\t<\/div>\n\t\t\t\t<div class=\"elementor-element elementor-element-4e81cc3 elementor-widget elementor-widget-text-editor\" data-id=\"4e81cc3\" data-element_type=\"widget\" data-e-type=\"widget\" data-widget_type=\"text-editor.default\">\n\t\t\t\t\t\t\t\t\t<p>\ud83c\udf26\ufe0f <strong>Cancelaciones por parte del operador<\/strong><\/p>\t\t\t\t\t\t\t\t<\/div>\n\t\t\t\t<div class=\"elementor-element elementor-element-0c43228 elementor-widget elementor-widget-text-editor\" data-id=\"0c43228\" data-element_type=\"widget\" data-e-type=\"widget\" data-widget_type=\"text-editor.default\">\n\t\t\t\t\t\t\t\t\t\n<p>En caso de que una excursi\u00f3n sea cancelada por condiciones clim\u00e1ticas, cuestiones operativas o fuerza mayor:<\/p><br \/>\n<ul>\n<li>Te vamos a ofrecer reprogramar la actividad, o<\/li><li>Realizar el reembolso total del monto abonado.<\/li>\n<\/ul>\n<br \/>\n<p><em>Siempre priorizamos que vivas la experiencia de la mejor manera posible.<\/em><\/p>\n\t\t\t\t\t\t\t\t<\/div>\n\t\t\t\t<div class=\"elementor-element elementor-element-5ad10b1 elementor-widget elementor-widget-text-editor\" data-id=\"5ad10b1\" data-element_type=\"widget\" data-e-type=\"widget\" data-widget_type=\"text-editor.default\">\n\t\t\t\t\t\t\t\t\t<p><strong>\ud83d\udcac Pod\u00e9s comunicarte con nuestro equipo a trav\u00e9s de:<\/strong><\/p>\t\t\t\t\t\t\t\t<\/div>\n\t\t\t\t<div class=\"elementor-element elementor-element-4eda112 elementor-widget elementor-widget-text-editor\" data-id=\"4eda112\" data-element_type=\"widget\" data-e-type=\"widget\" data-widget_type=\"text-editor.default\">\n\t\t\t\t\t\t\t\t\t\n<p><strong>\ud83d\udcde WhatsApp:<\/strong> 54 9-2901-472727 <br \/>\ud83d\udce7 <strong>Email:<\/strong> reservas@infodeushuaia.com <br \/>\ud83d\udcc4 <strong>Formulario de arrepentimiento<\/strong> <em>disponible en el sitio<\/em><\/p>\n<p>\u00a0<\/p>\n<p><em>Siempre priorizamos que vivas la experiencia de la mejor manera posible.<\/em><\/p>\n<p>\u00a0<\/p>\n<ul>\n<li>Pod\u00e9s comunicarte con nuestro equipo a trav\u00e9s de:<\/li>\n<\/ul>\n<p>\u00a0<\/p>\n<p>\ud83d\udc64 Nombre y apellido <br \/>\ud83e\uddfe N\u00famero de reserva <br \/>\ud83d\udce7 Email de contacto<\/p>\n\t\t\t\t\t\t\t\t<\/div>\n\t\t\t\t<div class=\"elementor-element elementor-element-86d8ca2 elementor-widget elementor-widget-text-editor\" data-id=\"86d8ca2\" data-element_type=\"widget\" data-e-type=\"widget\" data-widget_type=\"text-editor.default\">\n\t\t\t\t\t\t\t\t\t<p>\u2728 <strong>Nuestro compromiso<\/strong><\/p>\t\t\t\t\t\t\t\t<\/div>\n\t\t\t\t<div class=\"elementor-element elementor-element-389f3ec elementor-widget elementor-widget-text-editor\" data-id=\"389f3ec\" data-element_type=\"widget\" data-e-type=\"widget\" data-widget_type=\"text-editor.default\">\n\t\t\t\t\t\t\t\t\t\n<p>Na <strong>Info De Ushuaia\u00ae<\/strong> creemos que una buena experiencia empieza antes del viaje. \u2028Por eso, apostamos a la claridad, el acompa\u00f1amiento y la atenci\u00f3n personalizada, para que reserves sabiendo exactamente c\u00f3mo funciona todo.<\/p>\n\t\t\t\t\t\t\t\t<\/div>\n\t\t\t\t<\/div>\n\t\t<div class=\"elementor-element elementor-element-5ef85e4 e-flex e-con-boxed e-con e-parent\" data-id=\"5ef85e4\" data-element_type=\"container\" data-e-type=\"container\" data-settings=\"{&quot;background_background&quot;:&quot;classic&quot;}\">\n\t\t\t\t\t<div class=\"e-con-inner\">\n\t\t\t\t<div class=\"elementor-element elementor-element-3abc933 elementor-widget elementor-widget-heading\" data-id=\"3abc933\" data-element_type=\"widget\" data-e-type=\"widget\" data-widget_type=\"heading.default\">\n\t\t\t\t\t<p class=\"elementor-heading-title elementor-size-default\">O Fim do Mundo \u00e9 apenas o come\u00e7o\u2026 da SUA hist\u00f3ria.<br>Vamos Conversar!<\/p>\t\t\t\t<\/div>\n\t\t\t\t<div class=\"elementor-element elementor-element-588d227 elementor-widget elementor-widget-heading\" data-id=\"588d227\" data-element_type=\"widget\" data-e-type=\"widget\" data-widget_type=\"heading.default\">\n\t\t\t\t\t<p class=\"elementor-heading-title elementor-size-default\">D\u00favidas? Estamos dispon\u00edveis das 8:00 \u00e0s 24:00 hs<\/p>\t\t\t\t<\/div>\n\t\t\t\t<div class=\"elementor-element elementor-element-624c0e0 elementor-align-center elementor-widget elementor-widget-button\" data-id=\"624c0e0\" data-element_type=\"widget\" data-e-type=\"widget\" data-widget_type=\"button.default\">\n\t\t\t\t\t\t\t\t\t\t<a class=\"elementor-button elementor-button-link elementor-size-sm elementor-animation-shrink\" href=\"https:\/\/wa.me\/5492901612142\" target=\"_blank\" rel=\"noopener\">\n\t\t\t\t\t\t<span class=\"elementor-button-content-wrapper\">\n\t\t\t\t\t\t<span class=\"elementor-button-icon\">\n\t\t\t\t<svg aria-hidden=\"true\" class=\"e-font-icon-svg e-fab-whatsapp\" viewbox=\"0 0 448 512\" xmlns=\"http:\/\/www.w3.org\/2000\/svg\"><path d=\"M380.9 97.1C339 55.1 283.2 32 223.9 32c-122.4 0-222 99.6-222 222 0 39.1 10.2 77.3 29.6 111L0 480l117.7-30.9c32.4 17.7 68.9 27 106.1 27h.1c122.3 0 224.1-99.6 224.1-222 0-59.3-25.2-115-67.1-157zm-157 341.6c-33.2 0-65.7-8.9-94-25.7l-6.7-4-69.8 18.3L72 359.2l-4.4-7c-18.5-29.4-28.2-63.3-28.2-98.2 0-101.7 82.8-184.5 184.6-184.5 49.3 0 95.6 19.2 130.4 54.1 34.8 34.9 56.2 81.2 56.1 130.5 0 101.8-84.9 184.6-186.6 184.6zm101.2-138.2c-5.5-2.8-32.8-16.2-37.9-18-5.1-1.9-8.8-2.8-12.5 2.8-3.7 5.6-14.3 18-17.6 21.8-3.2 3.7-6.5 4.2-12 1.4-32.6-16.3-54-29.1-75.5-66-5.7-9.8 5.7-9.1 16.3-30.3 1.8-3.7.9-6.9-.5-9.7-1.4-2.8-12.5-30.1-17.1-41.2-4.5-10.8-9.1-9.3-12.5-9.5-3.2-.2-6.9-.2-10.6-.2-3.7 0-9.7 1.4-14.8 6.9-5.1 5.6-19.4 19-19.4 46.3 0 27.3 19.9 53.7 22.6 57.4 2.8 3.7 39.1 59.7 94.8 83.8 35.2 15.2 49 16.5 66.6 13.9 10.7-1.6 32.8-13.4 37.4-26.4 4.6-13 4.6-24.1 3.2-26.4-1.3-2.5-5-3.9-10.5-6.6z\"><\/path><\/svg>\t\t\t<\/span>\n\t\t\t\t\t\t\t\t\t<span class=\"elementor-button-text\">Consultar pelo WhatsApp<\/span>\n\t\t\t\t\t<\/span>\n\t\t\t\t\t<\/a>\n\t\t\t\t\t\t\t\t<\/div>\n\t\t\t\t\t<\/div>\n\t\t\t\t<\/div>\n\t\t\t\t<\/div>","protected":false},"excerpt":{"rendered":"<p>This is a sample page. Overview Our refund and returns policy lasts 30 days. If 30 days have passed since your purchase, we can\u2019t offer you a full refund or exchange. To be eligible for a return, your item must be unused and in the same condition that you received it. It must also be [&hellip;]<\/p>\n","protected":false},"author":1,"featured_media":0,"parent":0,"menu_order":0,"comment_status":"closed","ping_status":"closed","template":"","meta":{"_acf_changed":false,"_joinchat":[],"footnotes":""},"class_list":["post-716","page","type-page","status-publish","hentry"],"acf":[],"_links":{"self":[{"href":"https:\/\/excursionesenushuaia.com\/pt\/wp-json\/wp\/v2\/pages\/716","targetHints":{"allow":["GET"]}}],"collection":[{"href":"https:\/\/excursionesenushuaia.com\/pt\/wp-json\/wp\/v2\/pages"}],"about":[{"href":"https:\/\/excursionesenushuaia.com\/pt\/wp-json\/wp\/v2\/types\/page"}],"author":[{"embeddable":true,"href":"https:\/\/excursionesenushuaia.com\/pt\/wp-json\/wp\/v2\/users\/1"}],"replies":[{"embeddable":true,"href":"https:\/\/excursionesenushuaia.com\/pt\/wp-json\/wp\/v2\/comments?post=716"}],"version-history":[{"count":6,"href":"https:\/\/excursionesenushuaia.com\/pt\/wp-json\/wp\/v2\/pages\/716\/revisions"}],"predecessor-version":[{"id":47263,"href":"https:\/\/excursionesenushuaia.com\/pt\/wp-json\/wp\/v2\/pages\/716\/revisions\/47263"}],"wp:attachment":[{"href":"https:\/\/excursionesenushuaia.com\/pt\/wp-json\/wp\/v2\/media?parent=716"}],"curies":[{"name":"wp","href":"https:\/\/api.w.org\/{rel}","templated":true}]}}