{"id":897,"date":"2021-12-29T11:38:14","date_gmt":"2021-12-29T11:38:14","guid":{"rendered":"https:\/\/excursionesenushuaia.com\/?page_id=897"},"modified":"2022-10-25T04:10:46","modified_gmt":"2022-10-25T04:10:46","slug":"quienes-somos","status":"publish","type":"page","link":"https:\/\/excursionesenushuaia.com\/pt\/quienes-somos\/","title":{"rendered":"Quem somos"},"content":{"rendered":"<div data-elementor-type=\"wp-page\" data-elementor-id=\"897\" class=\"elementor elementor-897\" data-elementor-post-type=\"page\">\n\t\t\t\t\t\t<section class=\"elementor-section elementor-top-section elementor-element elementor-element-cc2221f elementor-section-boxed elementor-section-height-default elementor-section-height-default\" data-id=\"cc2221f\" data-element_type=\"section\" data-e-type=\"section\">\n\t\t\t\t\t\t<div class=\"elementor-container elementor-column-gap-default\">\n\t\t\t\t\t<div class=\"elementor-column elementor-col-100 elementor-top-column elementor-element elementor-element-562c6f7\" data-id=\"562c6f7\" data-element_type=\"column\" data-e-type=\"column\">\n\t\t\t<div class=\"elementor-widget-wrap elementor-element-populated\">\n\t\t\t\t\t\t<div class=\"elementor-element elementor-element-b0b3305 elementor-widget elementor-widget-woocommerce-breadcrumb\" data-id=\"b0b3305\" data-element_type=\"widget\" data-e-type=\"widget\" data-widget_type=\"woocommerce-breadcrumb.default\">\n\t\t\t\t\t<nav class=\"woocommerce-breadcrumb\" aria-label=\"Breadcrumb\" data-no-translation=\"\" data-trp-gettext=\"\">In\u00edcio<\/nav>\t\t\t\t<\/div>\n\t\t\t\t<div class=\"elementor-element elementor-element-bab0601 elementor-widget elementor-widget-spacer\" data-id=\"bab0601\" data-element_type=\"widget\" data-e-type=\"widget\" data-widget_type=\"spacer.default\">\n\t\t\t\t\t\t\t<div class=\"elementor-spacer\">\n\t\t\t<div class=\"elementor-spacer-inner\"><\/div>\n\t\t<\/div>\n\t\t\t\t\t\t<\/div>\n\t\t\t\t<div class=\"elementor-element elementor-element-910c579 elementor-widget elementor-widget-heading\" data-id=\"910c579\" data-element_type=\"widget\" data-e-type=\"widget\" data-widget_type=\"heading.default\">\n\t\t\t\t\t<h1 class=\"elementor-heading-title elementor-size-default\">Quem somos<\/h1>\t\t\t\t<\/div>\n\t\t\t\t<div class=\"elementor-element elementor-element-006e28c elementor-widget elementor-widget-text-editor\" data-id=\"006e28c\" data-element_type=\"widget\" data-e-type=\"widget\" data-widget_type=\"text-editor.default\">\n\t\t\t\t\t\t\t\t\t<div class=\"attribute-description\"><div class=\"ezxmltext\"><p>Nascidos em Ushuaia, outros vieram e permaneceram. Somos um grupo de jovens (menos de 47 ainda s\u00e3o jovens) que amam nossa cidade, Ushuaia.<\/p><p>Especialistas em esqui, alguns em snowboarding. Conhecemos cada canto da montanha, sabemos o que voc\u00ea precisa. Muitos de n\u00f3s crescemos ao lado da Cerro Castor em 1999.<\/p><p>Sabemos tudo sobre Ushuaia, ontem um vilarejo, hoje uma cidade. Hot\u00e9is, restaurantes, atra\u00e7\u00f5es, excurs\u00f5es, bares, centros comerciais, etc.<\/p><p>Como habitantes locais, fornecemos a nossos passageiros as informa\u00e7\u00f5es reais, sem aquele \"telefone quebrado\" que todo turista sofre ao perguntar sobre um novo destino.<\/p><p>Tamb\u00e9m somos turistas, tamb\u00e9m vamos de f\u00e9rias de Ushuaia para o mundo. Isso nos levou a polir muitos detalhes e a ter muito orgulho do servi\u00e7o que prestamos. Recebemos as pessoas como um membro da fam\u00edlia, como um amigo, dando o melhor de n\u00f3s mesmos, mesmo fora do trabalho.<\/p><p>Como um extra e outro grande benef\u00edcio, sendo uma ag\u00eancia de viagens em Ushuaia, o passageiro acaba encontrando conosco o melhor pre\u00e7o do mercado, j\u00e1 que n\u00e3o h\u00e1 intermedi\u00e1rios.\u00a0<\/p><p>Milhares de passageiros que agora se tornaram verdadeiros amigos, como eles est\u00e3o conosco h\u00e1 mais de 17 anos sem interrup\u00e7\u00e3o. <br \/>A melhor reflex\u00e3o, a melhor remunera\u00e7\u00e3o, a satisfa\u00e7\u00e3o.<\/p><p><br \/>USHUAIA\u00ae INFO <br \/>17 anos comprometidos com suas f\u00e9rias.<br \/>Legajo: 15.328 - Categoria: EVT - Ushuaia - Tierra del Fuego<br \/><i>Todos os dias das 08hs \u00e0s 22hs no\u00a0<b><a title=\"O que h\u00e1 de mais informativo em Ushuaia\" href=\"https:\/\/api.whatsapp.com\/send?phone=5492901612142&amp;text=HIDU.Quiero%20m%C3%A1s%20info%20para%20viajar%20en%20el%20mes%20de:%20\" target=\"_blank\" rel=\"noopener\">Whatsapp - clique aqui<\/a> <\/b><\/i><\/p><p>Info De Ushuaia \u00ae Ag\u00eancia de Viagens\u00a0<br \/>Endere\u00e7o: San Mart\u00edn 775 - Ushuaia - CP 9410<\/p><p>Ushuaia\u00ae Info Phone: +5492901612142 ou os telefones fixos: 02901-432-558 e o de Buenos Aires para que voc\u00ea n\u00e3o tenha que passar longas dist\u00e2ncias (mas atendemos aqui, sim, em Ushuaia) 011-3221-4305.<\/p><\/div><\/div>\t\t\t\t\t\t\t\t<\/div>\n\t\t\t\t<div class=\"elementor-element elementor-element-a4c0980 elementor-widget elementor-widget-spacer\" data-id=\"a4c0980\" data-element_type=\"widget\" data-e-type=\"widget\" data-widget_type=\"spacer.default\">\n\t\t\t\t\t\t\t<div class=\"elementor-spacer\">\n\t\t\t<div class=\"elementor-spacer-inner\"><\/div>\n\t\t<\/div>\n\t\t\t\t\t\t<\/div>\n\t\t\t\t<div class=\"elementor-element elementor-element-fa84153 elementor-widget-divider--view-line elementor-widget elementor-widget-divider\" data-id=\"fa84153\" data-element_type=\"widget\" data-e-type=\"widget\" data-widget_type=\"divider.default\">\n\t\t\t\t\t\t\t<div class=\"elementor-divider\">\n\t\t\t<span class=\"elementor-divider-separator\">\n\t\t\t\t\t\t<\/span>\n\t\t<\/div>\n\t\t\t\t\t\t<\/div>\n\t\t\t\t<div class=\"elementor-element elementor-element-5c44b46 elementor-widget elementor-widget-spacer\" data-id=\"5c44b46\" data-element_type=\"widget\" data-e-type=\"widget\" data-widget_type=\"spacer.default\">\n\t\t\t\t\t\t\t<div class=\"elementor-spacer\">\n\t\t\t<div class=\"elementor-spacer-inner\"><\/div>\n\t\t<\/div>\n\t\t\t\t\t\t<\/div>\n\t\t\t\t\t<\/div>\n\t\t<\/div>\n\t\t\t\t\t<\/div>\n\t\t<\/section>\n\t\t\t\t<\/div>","protected":false},"excerpt":{"rendered":"<p>Qui\u00e9nes Somos Nacidos en Ushuaia, otros venidos y quedados. Somos un grupo de j\u00f3venes (menos de 47 a\u00fan somos j\u00f3venes) que amamos nuestro pueblo, Ushuaia. Expertos en\u00a0esqu\u00ed, algunos en snowboard. Conocemos cada rinc\u00f3n de la monta\u00f1a, sabemos lo que necesit\u00e1s. Muchos crecimos junto al Cerro Castor all\u00e1 por el 1999. De Ushuaia, pueblo ayer, hoy [&hellip;]<\/p>\n","protected":false},"author":1,"featured_media":0,"parent":0,"menu_order":0,"comment_status":"closed","ping_status":"closed","template":"","meta":{"_acf_changed":false,"_joinchat":[],"footnotes":""},"class_list":["post-897","page","type-page","status-publish","hentry"],"acf":[],"_links":{"self":[{"href":"https:\/\/excursionesenushuaia.com\/pt\/wp-json\/wp\/v2\/pages\/897","targetHints":{"allow":["GET"]}}],"collection":[{"href":"https:\/\/excursionesenushuaia.com\/pt\/wp-json\/wp\/v2\/pages"}],"about":[{"href":"https:\/\/excursionesenushuaia.com\/pt\/wp-json\/wp\/v2\/types\/page"}],"author":[{"embeddable":true,"href":"https:\/\/excursionesenushuaia.com\/pt\/wp-json\/wp\/v2\/users\/1"}],"replies":[{"embeddable":true,"href":"https:\/\/excursionesenushuaia.com\/pt\/wp-json\/wp\/v2\/comments?post=897"}],"version-history":[{"count":0,"href":"https:\/\/excursionesenushuaia.com\/pt\/wp-json\/wp\/v2\/pages\/897\/revisions"}],"wp:attachment":[{"href":"https:\/\/excursionesenushuaia.com\/pt\/wp-json\/wp\/v2\/media?parent=897"}],"curies":[{"name":"wp","href":"https:\/\/api.w.org\/{rel}","templated":true}]}}