{"id":907,"date":"2021-12-29T11:45:58","date_gmt":"2021-12-29T11:45:58","guid":{"rendered":"https:\/\/excursionesenushuaia.com\/?page_id=907"},"modified":"2022-10-20T03:43:24","modified_gmt":"2022-10-20T03:43:24","slug":"donde-estamos","status":"publish","type":"page","link":"https:\/\/excursionesenushuaia.com\/pt\/donde-estamos\/","title":{"rendered":"Onde estamos"},"content":{"rendered":"<div data-elementor-type=\"wp-page\" data-elementor-id=\"907\" class=\"elementor elementor-907\" data-elementor-post-type=\"page\">\n\t\t\t\t\t\t<section class=\"elementor-section elementor-top-section elementor-element elementor-element-60a337a elementor-section-height-min-height elementor-section-boxed elementor-section-height-default elementor-section-items-middle\" data-id=\"60a337a\" data-element_type=\"section\" data-e-type=\"section\" data-settings=\"{&quot;background_background&quot;:&quot;classic&quot;}\">\n\t\t\t\t\t\t<div class=\"elementor-container elementor-column-gap-default\">\n\t\t\t\t\t<div class=\"elementor-column elementor-col-100 elementor-top-column elementor-element elementor-element-1d3390a\" data-id=\"1d3390a\" data-element_type=\"column\" data-e-type=\"column\">\n\t\t\t<div class=\"elementor-widget-wrap\">\n\t\t\t\t\t\t\t<\/div>\n\t\t<\/div>\n\t\t\t\t\t<\/div>\n\t\t<\/section>\n\t\t\t\t<section class=\"elementor-section elementor-top-section elementor-element elementor-element-e4eea14 elementor-section-boxed elementor-section-height-default elementor-section-height-default\" data-id=\"e4eea14\" data-element_type=\"section\" data-e-type=\"section\">\n\t\t\t\t\t\t<div class=\"elementor-container elementor-column-gap-default\">\n\t\t\t\t\t<div class=\"elementor-column elementor-col-100 elementor-top-column elementor-element elementor-element-24e5261\" data-id=\"24e5261\" data-element_type=\"column\" data-e-type=\"column\">\n\t\t\t<div class=\"elementor-widget-wrap elementor-element-populated\">\n\t\t\t\t\t\t<div class=\"elementor-element elementor-element-249b39c elementor-widget elementor-widget-breadcrumbs\" data-id=\"249b39c\" data-element_type=\"widget\" data-e-type=\"widget\" data-widget_type=\"breadcrumbs.default\">\n\t\t\t\t<div class=\"elementor-widget-container\">\n\t\t\t\t\t<nav aria-label=\"farinha de rosca\" class=\"rank-math-breadcrumb\"><p><span class=\"last\">In\u00edcio<\/span><\/p><\/nav>\t\t\t\t<\/div>\n\t\t\t\t<\/div>\n\t\t\t\t<div class=\"elementor-element elementor-element-3a655eb elementor-widget elementor-widget-spacer\" data-id=\"3a655eb\" data-element_type=\"widget\" data-e-type=\"widget\" data-widget_type=\"spacer.default\">\n\t\t\t\t\t\t\t<div class=\"elementor-spacer\">\n\t\t\t<div class=\"elementor-spacer-inner\"><\/div>\n\t\t<\/div>\n\t\t\t\t\t\t<\/div>\n\t\t\t\t<div class=\"elementor-element elementor-element-e3954f7 elementor-widget elementor-widget-heading\" data-id=\"e3954f7\" data-element_type=\"widget\" data-e-type=\"widget\" data-widget_type=\"heading.default\">\n\t\t\t\t\t<div class=\"elementor-heading-title elementor-size-default\">Ag\u00eancia de viagens<\/div>\t\t\t\t<\/div>\n\t\t\t\t<div class=\"elementor-element elementor-element-7fbe3e6 elementor-widget elementor-widget-heading\" data-id=\"7fbe3e6\" data-element_type=\"widget\" data-e-type=\"widget\" data-widget_type=\"heading.default\">\n\t\t\t\t\t<h2 class=\"elementor-heading-title elementor-size-default\">Ushuaia Info<\/h2>\t\t\t\t<\/div>\n\t\t\t\t<div class=\"elementor-element elementor-element-118ebc1 elementor-widget elementor-widget-heading\" data-id=\"118ebc1\" data-element_type=\"widget\" data-e-type=\"widget\" data-widget_type=\"heading.default\">\n\t\t\t\t\t<span class=\"elementor-heading-title elementor-size-default\">Localiza\u00e7\u00e3o:<\/span>\t\t\t\t<\/div>\n\t\t\t\t<div class=\"elementor-element elementor-element-b0eabc6 elementor-widget elementor-widget-text-editor\" data-id=\"b0eabc6\" data-element_type=\"widget\" data-e-type=\"widget\" data-widget_type=\"text-editor.default\">\n\t\t\t\t\t\t\t\t\t<p>Estamos no bloco comercial mais importante de Ushuaia, a rua principal, San Martin 775. No mesmo bloco est\u00e3o os hot\u00e9is Lennox, Cappolonio e Los Andes. Tamb\u00e9m Card\u00f3n, Popper Store, Abrapampa e os bares Tante Sara, Marcopolo e Bar de Pizzas.<\/p><p><br \/><iframe src=\"https:\/\/maps.google.com.ar\/maps?f=q&amp;source=s_q&amp;hl=es&amp;geocode=&amp;q=info+de+ushuaia&amp;aq=&amp;sll=-54.807409,-68.308867&amp;sspn=0.007327,0.023378&amp;ie=UTF8&amp;hq=info+de+ushuaia&amp;hnear=&amp;t=m&amp;ll=-54.806176,-68.302217&amp;spn=0.008632,0.023046&amp;z=15&amp;output=embed\" width=\"538\" height=\"349\" frameborder=\"0\" marginwidth=\"0\" marginheight=\"0\" scrolling=\"no\"><\/iframe><\/p>\t\t\t\t\t\t\t\t<\/div>\n\t\t\t\t<div class=\"elementor-element elementor-element-93e1c55 elementor-widget elementor-widget-image\" data-id=\"93e1c55\" data-element_type=\"widget\" data-e-type=\"widget\" data-widget_type=\"image.default\">\n\t\t\t\t\t\t\t\t\t\t\t\t\t\t\t<img fetchpriority=\"high\" decoding=\"async\" width=\"263\" height=\"350\" src=\"https:\/\/excursionesenushuaia.com\/wp-content\/uploads\/2021\/12\/Info-de-Ushuaia_large.jpg\" class=\"attachment-large size-large wp-image-909\" alt=\"contacto\" srcset=\"https:\/\/excursionesenushuaia.com\/wp-content\/uploads\/2021\/12\/Info-de-Ushuaia_large.jpg 263w, https:\/\/excursionesenushuaia.com\/wp-content\/uploads\/2021\/12\/Info-de-Ushuaia_large-9x12.jpg 9w\" sizes=\"(max-width: 263px) 100vw, 263px\" \/>\t\t\t\t\t\t\t\t\t\t\t\t\t\t\t<\/div>\n\t\t\t\t<div class=\"elementor-element elementor-element-85f8bf7 elementor-widget elementor-widget-text-editor\" data-id=\"85f8bf7\" data-element_type=\"widget\" data-e-type=\"widget\" data-widget_type=\"text-editor.default\">\n\t\t\t\t\t\t\t\t\t<div class=\"attribute-caption\"><div class=\"ezxmltext\"><p>Ag\u00eancia de Viagens Ushuaia Info<\/p><\/div><\/div>\t\t\t\t\t\t\t\t<\/div>\n\t\t\t\t<div class=\"elementor-element elementor-element-69a6528 elementor-widget elementor-widget-spacer\" data-id=\"69a6528\" data-element_type=\"widget\" data-e-type=\"widget\" data-widget_type=\"spacer.default\">\n\t\t\t\t\t\t\t<div class=\"elementor-spacer\">\n\t\t\t<div class=\"elementor-spacer-inner\"><\/div>\n\t\t<\/div>\n\t\t\t\t\t\t<\/div>\n\t\t\t\t\t<\/div>\n\t\t<\/div>\n\t\t\t\t\t<\/div>\n\t\t<\/section>\n\t\t\t\t<\/div>","protected":false},"excerpt":{"rendered":"<p>Inicio Agencia de Viajes Info de Ushuaia Ubicaci\u00f3n: Estamos en la cuadra comercial m\u00e1s importante de Ushuaia, la calle principal, San Mart\u00edn 775. En la misma cuadra est\u00e1n los hoteles Lennox, Cappolonio y Los Andes. Tambi\u00e9n Card\u00f3n, Popper Store, Abrapampa y los bares Tante Sara, Marcopolo y Bar de Pizzas. Agencia de viajes Info de [&hellip;]<\/p>\n","protected":false},"author":1,"featured_media":0,"parent":0,"menu_order":0,"comment_status":"closed","ping_status":"closed","template":"","meta":{"_acf_changed":false,"_joinchat":[],"footnotes":""},"class_list":["post-907","page","type-page","status-publish","hentry"],"acf":[],"_links":{"self":[{"href":"https:\/\/excursionesenushuaia.com\/pt\/wp-json\/wp\/v2\/pages\/907","targetHints":{"allow":["GET"]}}],"collection":[{"href":"https:\/\/excursionesenushuaia.com\/pt\/wp-json\/wp\/v2\/pages"}],"about":[{"href":"https:\/\/excursionesenushuaia.com\/pt\/wp-json\/wp\/v2\/types\/page"}],"author":[{"embeddable":true,"href":"https:\/\/excursionesenushuaia.com\/pt\/wp-json\/wp\/v2\/users\/1"}],"replies":[{"embeddable":true,"href":"https:\/\/excursionesenushuaia.com\/pt\/wp-json\/wp\/v2\/comments?post=907"}],"version-history":[{"count":0,"href":"https:\/\/excursionesenushuaia.com\/pt\/wp-json\/wp\/v2\/pages\/907\/revisions"}],"wp:attachment":[{"href":"https:\/\/excursionesenushuaia.com\/pt\/wp-json\/wp\/v2\/media?parent=907"}],"curies":[{"name":"wp","href":"https:\/\/api.w.org\/{rel}","templated":true}]}}