{"id":958,"date":"2021-12-29T14:26:32","date_gmt":"2021-12-29T14:26:32","guid":{"rendered":"https:\/\/excursionesenushuaia.com\/?page_id=958"},"modified":"2026-01-24T12:25:47","modified_gmt":"2026-01-24T15:25:47","slug":"politica-de-privacidad","status":"publish","type":"page","link":"https:\/\/excursionesenushuaia.com\/pt\/politica-de-privacidad\/","title":{"rendered":"Pol\u00edtica de Privacidade"},"content":{"rendered":"<div data-elementor-type=\"wp-page\" data-elementor-id=\"958\" class=\"elementor elementor-958\" data-elementor-post-type=\"page\">\n\t\t\t\t\t\t<section class=\"elementor-section elementor-top-section elementor-element elementor-element-0433f9a elementor-section-height-min-height elementor-hidden-desktop elementor-hidden-laptop elementor-hidden-tablet elementor-hidden-mobile elementor-section-boxed elementor-section-height-default elementor-section-items-middle\" data-id=\"0433f9a\" data-element_type=\"section\" data-e-type=\"section\" data-settings=\"{&quot;background_background&quot;:&quot;classic&quot;}\">\n\t\t\t\t\t\t<div class=\"elementor-container elementor-column-gap-default\">\n\t\t\t\t\t<div class=\"elementor-column elementor-col-100 elementor-top-column elementor-element elementor-element-eee82e3 elementor-hidden-desktop elementor-hidden-tablet elementor-hidden-mobile\" data-id=\"eee82e3\" data-element_type=\"column\" data-e-type=\"column\">\n\t\t\t<div class=\"elementor-widget-wrap elementor-element-populated\">\n\t\t\t\t\t\t<div class=\"elementor-element elementor-element-b0efd0b elementor-widget elementor-widget-spacer\" data-id=\"b0efd0b\" data-element_type=\"widget\" data-e-type=\"widget\" data-widget_type=\"spacer.default\">\n\t\t\t\t\t\t\t<div class=\"elementor-spacer\">\n\t\t\t<div class=\"elementor-spacer-inner\"><\/div>\n\t\t<\/div>\n\t\t\t\t\t\t<\/div>\n\t\t\t\t\t<\/div>\n\t\t<\/div>\n\t\t\t\t\t<\/div>\n\t\t<\/section>\n\t\t\t\t<section class=\"elementor-section elementor-top-section elementor-element elementor-element-03bc3fb elementor-hidden-desktop elementor-hidden-laptop elementor-hidden-tablet elementor-hidden-mobile elementor-section-boxed elementor-section-height-default elementor-section-height-default\" data-id=\"03bc3fb\" data-element_type=\"section\" data-e-type=\"section\">\n\t\t\t\t\t\t<div class=\"elementor-container elementor-column-gap-default\">\n\t\t\t\t\t<div class=\"elementor-column elementor-col-100 elementor-top-column elementor-element elementor-element-e1652cf\" data-id=\"e1652cf\" data-element_type=\"column\" data-e-type=\"column\">\n\t\t\t<div class=\"elementor-widget-wrap elementor-element-populated\">\n\t\t\t\t\t\t<div class=\"elementor-element elementor-element-5e15547 elementor-widget elementor-widget-woocommerce-breadcrumb\" data-id=\"5e15547\" data-element_type=\"widget\" data-e-type=\"widget\" data-widget_type=\"woocommerce-breadcrumb.default\">\n\t\t\t\t\t<nav class=\"woocommerce-breadcrumb\" aria-label=\"Breadcrumb\" data-no-translation=\"\" data-trp-gettext=\"\">In\u00edcio<\/nav>\t\t\t\t<\/div>\n\t\t\t\t<div class=\"elementor-element elementor-element-beebce9 elementor-widget elementor-widget-spacer\" data-id=\"beebce9\" data-element_type=\"widget\" data-e-type=\"widget\" data-widget_type=\"spacer.default\">\n\t\t\t\t\t\t\t<div class=\"elementor-spacer\">\n\t\t\t<div class=\"elementor-spacer-inner\"><\/div>\n\t\t<\/div>\n\t\t\t\t\t\t<\/div>\n\t\t\t\t<div class=\"elementor-element elementor-element-621bd98 elementor-widget elementor-widget-heading\" data-id=\"621bd98\" data-element_type=\"widget\" data-e-type=\"widget\" data-widget_type=\"heading.default\">\n\t\t\t\t\t<h1 class=\"elementor-heading-title elementor-size-default\">Pol\u00edtica de Privacidade<\/h1>\t\t\t\t<\/div>\n\t\t\t\t<div class=\"elementor-element elementor-element-4f95052 elementor-widget elementor-widget-spacer\" data-id=\"4f95052\" data-element_type=\"widget\" data-e-type=\"widget\" data-widget_type=\"spacer.default\">\n\t\t\t\t\t\t\t<div class=\"elementor-spacer\">\n\t\t\t<div class=\"elementor-spacer-inner\"><\/div>\n\t\t<\/div>\n\t\t\t\t\t\t<\/div>\n\t\t\t\t<div class=\"elementor-element elementor-element-6a400cc elementor-hidden-desktop elementor-hidden-tablet elementor-hidden-mobile elementor-widget elementor-widget-spacer\" data-id=\"6a400cc\" data-element_type=\"widget\" data-e-type=\"widget\" data-widget_type=\"spacer.default\">\n\t\t\t\t\t\t\t<div class=\"elementor-spacer\">\n\t\t\t<div class=\"elementor-spacer-inner\"><\/div>\n\t\t<\/div>\n\t\t\t\t\t\t<\/div>\n\t\t\t\t\t<\/div>\n\t\t<\/div>\n\t\t\t\t\t<\/div>\n\t\t<\/section>\n\t\t\t\t<section class=\"elementor-section elementor-top-section elementor-element elementor-element-5966519 elementor-hidden-desktop elementor-hidden-laptop elementor-hidden-tablet elementor-hidden-mobile elementor-section-boxed elementor-section-height-default elementor-section-height-default\" data-id=\"5966519\" data-element_type=\"section\" data-e-type=\"section\">\n\t\t\t\t\t\t<div class=\"elementor-container elementor-column-gap-default\">\n\t\t\t\t\t<div class=\"elementor-column elementor-col-100 elementor-top-column elementor-element elementor-element-4fef41f\" data-id=\"4fef41f\" data-element_type=\"column\" data-e-type=\"column\">\n\t\t\t<div class=\"elementor-widget-wrap elementor-element-populated\">\n\t\t\t\t\t\t<div class=\"elementor-element elementor-element-ccc88de elementor-widget elementor-widget-text-editor\" data-id=\"ccc88de\" data-element_type=\"widget\" data-e-type=\"widget\" data-widget_type=\"text-editor.default\">\n\t\t\t\t\t\t\t\t\t<h2><span style=\"font-size: 14px;color: var( --e-global-color-text );font-family: 'Work Sans', sans-serif\">Esta Pol\u00edtica de Privacidade estabelece os termos nos quais iremos\u00a0<\/span><b style=\"font-size: 14px;color: var( --e-global-color-text );font-family: 'Work Sans', sans-serif\">EXCURS\u00d5ES EM USHUAIA<\/b><span style=\"font-size: 14px;color: var( --e-global-color-text );font-family: 'Work Sans', sans-serif\">\u00a0utiliza e protege as informa\u00e7\u00f5es que s\u00e3o fornecidas por seus usu\u00e1rios quando eles utilizam o site:\u00a0<\/span><b style=\"font-size: 14px;color: var( --e-global-color-text );font-family: 'Work Sans', sans-serif\">https:\/\/excursionesenushuaia.com<\/b><span style=\"font-size: 14px;color: var( --e-global-color-text );font-family: 'Work Sans', sans-serif\">. Esta empresa est\u00e1 comprometida com a seguran\u00e7a dos dados de seus usu\u00e1rios. Quando lhe pedimos para fornecer informa\u00e7\u00f5es pessoais pelas quais voc\u00ea possa ser identificado, o fazemos com a garantia de que elas s\u00f3 ser\u00e3o utilizadas de acordo com os termos deste documento. Entretanto, esta Pol\u00edtica de Privacidade pode mudar com o tempo ou ser atualizada e n\u00f3s o encorajamos a rever continuamente esta p\u00e1gina para garantir que voc\u00ea esteja satisfeito com quaisquer mudan\u00e7as.<\/span><\/h2><p><strong>Informa\u00e7\u00f5es que s\u00e3o coletadas<\/strong><\/p><p>Nosso website pode coletar informa\u00e7\u00f5es pessoais como nome, informa\u00e7\u00f5es de contato como seu endere\u00e7o de e-mail e informa\u00e7\u00f5es demogr\u00e1ficas. Tamb\u00e9m, quando necess\u00e1rio, podem ser necess\u00e1rias informa\u00e7\u00f5es espec\u00edficas para processar um pedido ou fazer uma entrega ou faturamento.<\/p><p><strong>Uso das informa\u00e7\u00f5es coletadas<\/strong><\/p><p>Nosso website utiliza as informa\u00e7\u00f5es para lhe fornecer o melhor servi\u00e7o poss\u00edvel, em particular para acompanhar os usu\u00e1rios, para acompanhar os pedidos onde aplic\u00e1vel, e para melhorar nossos produtos e servi\u00e7os.  Podemos enviar periodicamente e-mails atrav\u00e9s de nosso site com ofertas especiais, novos produtos e outras informa\u00e7\u00f5es de marketing que acreditamos que possam ser relevantes para voc\u00ea ou que possam ser ben\u00e9ficas para voc\u00ea, esses e-mails ser\u00e3o enviados para o endere\u00e7o que voc\u00ea fornecer e podem ser cancelados a qualquer momento.<\/p><p>EXCURS\u00d5ES PT USHUAIA est\u00e1 altamente comprometida em manter suas informa\u00e7\u00f5es seguras. Utilizamos os sistemas mais avan\u00e7ados e os atualizamos constantemente para garantir que n\u00e3o haja acesso n\u00e3o autorizado.<\/p><p><strong>Biscoitos<\/strong><\/p><p>Um cookie refere-se a um arquivo que \u00e9 enviado com a finalidade de solicitar permiss\u00e3o para ser armazenado em seu computador, ao aceitar este arquivo \u00e9 criado e o cookie \u00e9 ent\u00e3o utilizado para ter informa\u00e7\u00f5es relativas ao tr\u00e1fego na web, e tamb\u00e9m facilita futuras visitas a um website recorrente. Outra fun\u00e7\u00e3o que os cookies t\u00eam \u00e9 que com eles a web pode reconhec\u00ea-lo individualmente e, portanto, fornecer-lhe o melhor servi\u00e7o personalizado em seu website.<\/p><p>Nosso site usa cookies para poder identificar quais p\u00e1ginas s\u00e3o visitadas e sua freq\u00fc\u00eancia. Estas informa\u00e7\u00f5es s\u00e3o utilizadas apenas para an\u00e1lise estat\u00edstica e depois as informa\u00e7\u00f5es s\u00e3o permanentemente apagadas. Voc\u00ea pode apagar os cookies a qualquer momento de seu computador. Entretanto, os cookies ajudam a fornecer um servi\u00e7o melhor a partir de websites, eles n\u00e3o d\u00e3o acesso \u00e0s informa\u00e7\u00f5es sobre seu computador ou voc\u00ea, a menos que voc\u00ea opte por fornec\u00ea-las diretamente. Voc\u00ea pode aceitar ou recusar o uso de cookies, mas a maioria dos navegadores aceita automaticamente os cookies para fornecer um servi\u00e7o web melhor. Voc\u00ea tamb\u00e9m pode alterar as configura\u00e7\u00f5es em seu computador para recusar cookies. Se voc\u00ea recusar os cookies, talvez n\u00e3o consiga utilizar alguns de nossos servi\u00e7os.<\/p><p><strong>Links para Terceiros<\/strong><\/p><p>Este website pode conter links para outros websites que possam ser de seu interesse. Uma vez que voc\u00ea clique nestes links e saia de nosso site, n\u00f3s n\u00e3o temos mais controle sobre o site para o qual voc\u00ea \u00e9 redirecionado e, portanto, n\u00e3o somos respons\u00e1veis pelo conte\u00fado de qualquer site vinculado.\u00a0<a href=\"https:\/\/plantillaterminosycondicionestiendaonline.com\/\" target=\"_blank\" rel=\"noopener\">termos ou privacidade<\/a>\u00a0e a prote\u00e7\u00e3o de seus dados nesses outros sites de terceiros. Estes sites est\u00e3o sujeitos a suas pr\u00f3prias pol\u00edticas de privacidade e recomendamos que voc\u00ea verifique com eles para confirmar que est\u00e1 satisfeito com eles.<\/p><p><strong>Controlar suas informa\u00e7\u00f5es pessoais<\/strong><\/p><p>A qualquer momento, voc\u00ea pode restringir a coleta ou uso de informa\u00e7\u00f5es pessoais que s\u00e3o fornecidas em nosso website.  Sempre que for solicitado o preenchimento de um formul\u00e1rio, como um formul\u00e1rio de registro, voc\u00ea pode marcar ou desmarcar a op\u00e7\u00e3o de receber informa\u00e7\u00f5es por e-mail.  Caso voc\u00ea tenha assinalado a op\u00e7\u00e3o de receber nossa newsletter ou publicidade, voc\u00ea pode cancel\u00e1-la a qualquer momento.<\/p><p>Esta empresa n\u00e3o vender\u00e1, dar\u00e1 ou distribuir\u00e1 as informa\u00e7\u00f5es pessoais que forem coletadas sem seu consentimento, a menos que seja exigido por um juiz com uma ordem judicial.<\/p><p><strong>EXCURS\u00d5ES EM USHUAIA<\/strong> Reservamo-nos o direito de alterar os termos desta Pol\u00edtica de Privacidade a qualquer momento.<\/p>\t\t\t\t\t\t\t\t<\/div>\n\t\t\t\t\t<\/div>\n\t\t<\/div>\n\t\t\t\t\t<\/div>\n\t\t<\/section>\n\t\t<div class=\"elementor-element elementor-element-67a35ca e-con-full e-flex e-con e-parent\" data-id=\"67a35ca\" data-element_type=\"container\" data-e-type=\"container\" data-settings=\"{&quot;background_background&quot;:&quot;classic&quot;}\">\n\t\t\t\t<\/div>\n\t\t<div class=\"elementor-element elementor-element-c96e1c4 e-con-full e-flex e-con e-parent\" data-id=\"c96e1c4\" data-element_type=\"container\" data-e-type=\"container\">\n\t\t\t\t<div class=\"elementor-element elementor-element-7ffd734 elementor-widget elementor-widget-heading\" data-id=\"7ffd734\" data-element_type=\"widget\" data-e-type=\"widget\" data-widget_type=\"heading.default\">\n\t\t\t\t\t<h2 class=\"elementor-heading-title elementor-size-default\">Pol\u00edtica de Privacidade<\/h2>\t\t\t\t<\/div>\n\t\t\t\t<div class=\"elementor-element elementor-element-0d40e3f elementor-widget elementor-widget-text-editor\" data-id=\"0d40e3f\" data-element_type=\"widget\" data-e-type=\"widget\" data-widget_type=\"text-editor.default\">\n\t\t\t\t\t\t\t\t\t<p>La presente <strong>Pol\u00edtica de Privacidade<\/strong> establece los t\u00e9rminos en que <strong>EXCURS\u00d5ES EM USHUAIA<\/strong> utiliza e protege as informa\u00e7\u00f5es que s\u00e3o fornecidas por seus usu\u00e1rios quando eles utilizam o site:<br>\n<em><strong>https:\/\/excursionesenushuaia.com.<\/strong><\/em><\/p>\n<p>&nbsp;<\/p>\n<p>Esta compa\u00f1\u00eda est\u00e1 comprometida con la seguridad de los datos de sus usuarios. Cuando le pedimos llenar los campos de informaci\u00f3n personal con la cual usted pueda ser identificado, lo hacemos asegurando que s\u00f3lo se emplear\u00e1 de acuerdo con los t\u00e9rminos de este documento. Sin embargo esta Pol\u00edtica de Privacidad puede cambiar con el tiempo o ser actualizada por lo que le recomendamos y enfatizamos revisar continuamente esta p\u00e1gina para asegurarse que est\u00e1 de acuerdo con dichos cambios.<\/p>\t\t\t\t\t\t\t\t<\/div>\n\t\t\t\t<div class=\"elementor-element elementor-element-ca16049 elementor-widget elementor-widget-text-editor\" data-id=\"ca16049\" data-element_type=\"widget\" data-e-type=\"widget\" data-widget_type=\"text-editor.default\">\n\t\t\t\t\t\t\t\t\t<p><strong>Informa\u00e7\u00f5es que s\u00e3o coletadas<\/strong><\/p>\t\t\t\t\t\t\t\t<\/div>\n\t\t\t\t<div class=\"elementor-element elementor-element-e54bb64 elementor-widget elementor-widget-text-editor\" data-id=\"e54bb64\" data-element_type=\"widget\" data-e-type=\"widget\" data-widget_type=\"text-editor.default\">\n\t\t\t\t\t\t\t\t\t<p>Nuestro sitio web podr\u00e1 recoger informaci\u00f3n personal por ejemplo: Nombre, informaci\u00f3n de contacto como su direcci\u00f3n de correo electr\u00f3nica e informaci\u00f3n demogr\u00e1fica. As\u00ed mismo cuando sea necesario podr\u00e1 ser requerida informaci\u00f3n espec\u00edfica para procesar alg\u00fan pedido o realizar una entrega o facturaci\u00f3n.<\/p>\t\t\t\t\t\t\t\t<\/div>\n\t\t\t\t<div class=\"elementor-element elementor-element-ce9475c elementor-widget elementor-widget-text-editor\" data-id=\"ce9475c\" data-element_type=\"widget\" data-e-type=\"widget\" data-widget_type=\"text-editor.default\">\n\t\t\t\t\t\t\t\t\t<p><strong>Uso das informa\u00e7\u00f5es coletadas<\/strong><\/p>\t\t\t\t\t\t\t\t<\/div>\n\t\t\t\t<div class=\"elementor-element elementor-element-3ccd6c2 elementor-widget elementor-widget-text-editor\" data-id=\"3ccd6c2\" data-element_type=\"widget\" data-e-type=\"widget\" data-widget_type=\"text-editor.default\">\n\t\t\t\t\t\t\t\t\t<p>Nosso website utiliza as informa\u00e7\u00f5es para lhe fornecer o melhor servi\u00e7o poss\u00edvel, em particular para acompanhar os usu\u00e1rios, para acompanhar os pedidos onde aplic\u00e1vel, e para melhorar nossos produtos e servi\u00e7os.  Podemos enviar periodicamente e-mails atrav\u00e9s de nosso site com ofertas especiais, novos produtos e outras informa\u00e7\u00f5es de marketing que acreditamos que possam ser relevantes para voc\u00ea ou que possam ser ben\u00e9ficas para voc\u00ea, esses e-mails ser\u00e3o enviados para o endere\u00e7o que voc\u00ea fornecer e podem ser cancelados a qualquer momento.<br \/><br \/><strong>EXCURS\u00d5ES EM USHUAIA<\/strong> est\u00e1 altamente comprometido para cumplir con el compromiso de mantener su informaci\u00f3n segura. Usamos los sistemas m\u00e1s avanzados y los actualizamos constantemente para asegurarnos que no exista ning\u00fan acceso no autorizado.<\/p>\t\t\t\t\t\t\t\t<\/div>\n\t\t\t\t<div class=\"elementor-element elementor-element-eaced43 elementor-widget elementor-widget-text-editor\" data-id=\"eaced43\" data-element_type=\"widget\" data-e-type=\"widget\" data-widget_type=\"text-editor.default\">\n\t\t\t\t\t\t\t\t\t<p><strong>Biscoitos<\/strong><\/p>\t\t\t\t\t\t\t\t<\/div>\n\t\t\t\t<div class=\"elementor-element elementor-element-c8524e3 elementor-widget elementor-widget-text-editor\" data-id=\"c8524e3\" data-element_type=\"widget\" data-e-type=\"widget\" data-widget_type=\"text-editor.default\">\n\t\t\t\t\t\t\t\t\t<p>Um cookie refere-se a um arquivo que \u00e9 enviado com a finalidade de solicitar permiss\u00e3o para ser armazenado em seu computador, ao aceitar este arquivo \u00e9 criado e o cookie \u00e9 ent\u00e3o utilizado para ter informa\u00e7\u00f5es relativas ao tr\u00e1fego na web, e tamb\u00e9m facilita futuras visitas a um website recorrente. Outra fun\u00e7\u00e3o que os cookies t\u00eam \u00e9 que com eles a web pode reconhec\u00ea-lo individualmente e, portanto, fornecer-lhe o melhor servi\u00e7o personalizado em seu website.<\/p>\n<br>\n<p>Nuestro sitio web emplea las  cookies para poder identificar las p\u00e1ginas que son visitadas y su  frecuencia. <strong><em>Esta informaci\u00f3n es empleada \u00fanicamente para an\u00e1lisis  estad\u00edstico y despu\u00e9s la informaci\u00f3n se elimina de forma permanente.<\/em><\/strong>  Usted puede eliminar las cookies en cualquier momento desde su  ordenador. Sin embargo las cookies ayudan a proporcionar un mejor  servicio de los sitios web, est\u00e1s no dan acceso a informaci\u00f3n de su  ordenador ni de usted, a menos de que usted as\u00ed lo quiera y la  proporcione directamente\u00a0. Usted puede aceptar o negar el uso de  cookies, sin embargo la mayor\u00eda de navegadores aceptan cookies  autom\u00e1ticamente pues sirve para tener un mejor servicio web. Tambi\u00e9n  usted puede cambiar la configuraci\u00f3n de su ordenador para declinar las  cookies. Si se declinan es posible que no pueda utilizar algunos de  nuestros servicios.<\/p>\t\t\t\t\t\t\t\t<\/div>\n\t\t\t\t<div class=\"elementor-element elementor-element-8653416 elementor-widget elementor-widget-text-editor\" data-id=\"8653416\" data-element_type=\"widget\" data-e-type=\"widget\" data-widget_type=\"text-editor.default\">\n\t\t\t\t\t\t\t\t\t<p><strong>Links para Terceiros<\/strong><\/p>\t\t\t\t\t\t\t\t<\/div>\n\t\t\t\t<div class=\"elementor-element elementor-element-1666d4e elementor-widget elementor-widget-text-editor\" data-id=\"1666d4e\" data-element_type=\"widget\" data-e-type=\"widget\" data-widget_type=\"text-editor.default\">\n\t\t\t\t\t\t\t\t\t<p>Este sitio web pudiera contener enlaces a otros sitios que pudieran ser de su inter\u00e9s. Una vez que usted de clic en estos enlaces y abandone nuestra p\u00e1gina, ya no tenemos control sobre al sitio al que es redirigido y por lo tanto no somos responsables de los <a href=\"https:\/\/excursionesenushuaia.com\/pt\/politica-de-privacidad\/\">termos ou privacidade<\/a> e a prote\u00e7\u00e3o de seus dados nesses outros sites de terceiros. Estes sites est\u00e3o sujeitos a suas pr\u00f3prias pol\u00edticas de privacidade e recomendamos que voc\u00ea verifique com eles para confirmar que est\u00e1 satisfeito com eles.<\/p>\t\t\t\t\t\t\t\t<\/div>\n\t\t\t\t<div class=\"elementor-element elementor-element-384c851 elementor-widget elementor-widget-text-editor\" data-id=\"384c851\" data-element_type=\"widget\" data-e-type=\"widget\" data-widget_type=\"text-editor.default\">\n\t\t\t\t\t\t\t\t\t<p><strong>Controlar suas informa\u00e7\u00f5es pessoais<\/strong><\/p>\t\t\t\t\t\t\t\t<\/div>\n\t\t\t\t<div class=\"elementor-element elementor-element-4b91cb7 elementor-widget elementor-widget-text-editor\" data-id=\"4b91cb7\" data-element_type=\"widget\" data-e-type=\"widget\" data-widget_type=\"text-editor.default\">\n\t\t\t\t\t\t\t\t\t<p>En cualquier momento usted puede restringir la recopilaci\u00f3n o el uso de la informaci\u00f3n personal que es proporcionada a nuestro sitio web. Cada vez que se le solicite rellenar un formulario, como el de alta de usuario, puede marcar o desmarcar la opci\u00f3n de recibir informaci\u00f3n por correo electr\u00f3nico. \u00a0En caso de que haya marcado la opci\u00f3n de recibir nuestro bolet\u00edn o publicidad usted puede cancelarla en cualquier momento.<\/p>\n<br>\n<p>Esta empresa n\u00e3o vender\u00e1, dar\u00e1 ou distribuir\u00e1 as informa\u00e7\u00f5es pessoais que forem coletadas sem seu consentimento, a menos que seja exigido por um juiz com uma ordem judicial.<\/p>\n<br>\n<p><strong>EXCURS\u00d5ES EM USHUAIA<\/strong> Reservamo-nos o direito de alterar os termos desta Pol\u00edtica de Privacidade a qualquer momento.<\/p>\t\t\t\t\t\t\t\t<\/div>\n\t\t\t\t<\/div>\n\t\t<div class=\"elementor-element elementor-element-738c928 e-flex e-con-boxed e-con e-parent\" data-id=\"738c928\" data-element_type=\"container\" data-e-type=\"container\" data-settings=\"{&quot;background_background&quot;:&quot;classic&quot;}\">\n\t\t\t\t\t<div class=\"e-con-inner\">\n\t\t\t\t<div class=\"elementor-element elementor-element-cb8e0f6 elementor-widget elementor-widget-heading\" data-id=\"cb8e0f6\" data-element_type=\"widget\" data-e-type=\"widget\" data-widget_type=\"heading.default\">\n\t\t\t\t\t<p class=\"elementor-heading-title elementor-size-default\">O Fim do Mundo \u00e9 apenas o come\u00e7o\u2026 da SUA hist\u00f3ria.<br>Vamos Conversar!<\/p>\t\t\t\t<\/div>\n\t\t\t\t<div class=\"elementor-element elementor-element-587d2bc elementor-widget elementor-widget-heading\" data-id=\"587d2bc\" data-element_type=\"widget\" data-e-type=\"widget\" data-widget_type=\"heading.default\">\n\t\t\t\t\t<p class=\"elementor-heading-title elementor-size-default\">D\u00favidas? Estamos dispon\u00edveis das 8:00 \u00e0s 24:00 hs<\/p>\t\t\t\t<\/div>\n\t\t\t\t<div class=\"elementor-element elementor-element-fe81ced elementor-align-center elementor-widget elementor-widget-button\" data-id=\"fe81ced\" data-element_type=\"widget\" data-e-type=\"widget\" data-widget_type=\"button.default\">\n\t\t\t\t\t\t\t\t\t\t<a class=\"elementor-button elementor-button-link elementor-size-sm elementor-animation-shrink\" href=\"https:\/\/wa.me\/5492901612142\" target=\"_blank\" rel=\"noopener\">\n\t\t\t\t\t\t<span class=\"elementor-button-content-wrapper\">\n\t\t\t\t\t\t<span class=\"elementor-button-icon\">\n\t\t\t\t<svg aria-hidden=\"true\" class=\"e-font-icon-svg e-fab-whatsapp\" viewbox=\"0 0 448 512\" xmlns=\"http:\/\/www.w3.org\/2000\/svg\"><path d=\"M380.9 97.1C339 55.1 283.2 32 223.9 32c-122.4 0-222 99.6-222 222 0 39.1 10.2 77.3 29.6 111L0 480l117.7-30.9c32.4 17.7 68.9 27 106.1 27h.1c122.3 0 224.1-99.6 224.1-222 0-59.3-25.2-115-67.1-157zm-157 341.6c-33.2 0-65.7-8.9-94-25.7l-6.7-4-69.8 18.3L72 359.2l-4.4-7c-18.5-29.4-28.2-63.3-28.2-98.2 0-101.7 82.8-184.5 184.6-184.5 49.3 0 95.6 19.2 130.4 54.1 34.8 34.9 56.2 81.2 56.1 130.5 0 101.8-84.9 184.6-186.6 184.6zm101.2-138.2c-5.5-2.8-32.8-16.2-37.9-18-5.1-1.9-8.8-2.8-12.5 2.8-3.7 5.6-14.3 18-17.6 21.8-3.2 3.7-6.5 4.2-12 1.4-32.6-16.3-54-29.1-75.5-66-5.7-9.8 5.7-9.1 16.3-30.3 1.8-3.7.9-6.9-.5-9.7-1.4-2.8-12.5-30.1-17.1-41.2-4.5-10.8-9.1-9.3-12.5-9.5-3.2-.2-6.9-.2-10.6-.2-3.7 0-9.7 1.4-14.8 6.9-5.1 5.6-19.4 19-19.4 46.3 0 27.3 19.9 53.7 22.6 57.4 2.8 3.7 39.1 59.7 94.8 83.8 35.2 15.2 49 16.5 66.6 13.9 10.7-1.6 32.8-13.4 37.4-26.4 4.6-13 4.6-24.1 3.2-26.4-1.3-2.5-5-3.9-10.5-6.6z\"><\/path><\/svg>\t\t\t<\/span>\n\t\t\t\t\t\t\t\t\t<span class=\"elementor-button-text\">Consultar pelo WhatsApp<\/span>\n\t\t\t\t\t<\/span>\n\t\t\t\t\t<\/a>\n\t\t\t\t\t\t\t\t<\/div>\n\t\t\t\t\t<\/div>\n\t\t\t\t<\/div>\n\t\t\t\t<\/div>","protected":false},"excerpt":{"rendered":"<p>Pol\u00edtica de Privacidad La presente Pol\u00edtica de Privacidad establece los t\u00e9rminos en que\u00a0EXCURSIONES EN USHUAIA\u00a0usa y protege la informaci\u00f3n que es proporcionada por sus usuarios al momento de utilizar el sitio web:\u00a0https:\/\/excursionesenushuaia.com. Esta compa\u00f1\u00eda est\u00e1 comprometida con la seguridad de los datos de sus usuarios. Cuando le pedimos llenar los campos de informaci\u00f3n personal con [&hellip;]<\/p>\n","protected":false},"author":1,"featured_media":0,"parent":0,"menu_order":0,"comment_status":"closed","ping_status":"closed","template":"","meta":{"_acf_changed":false,"_joinchat":[],"footnotes":""},"class_list":["post-958","page","type-page","status-publish","hentry"],"acf":[],"_links":{"self":[{"href":"https:\/\/excursionesenushuaia.com\/pt\/wp-json\/wp\/v2\/pages\/958","targetHints":{"allow":["GET"]}}],"collection":[{"href":"https:\/\/excursionesenushuaia.com\/pt\/wp-json\/wp\/v2\/pages"}],"about":[{"href":"https:\/\/excursionesenushuaia.com\/pt\/wp-json\/wp\/v2\/types\/page"}],"author":[{"embeddable":true,"href":"https:\/\/excursionesenushuaia.com\/pt\/wp-json\/wp\/v2\/users\/1"}],"replies":[{"embeddable":true,"href":"https:\/\/excursionesenushuaia.com\/pt\/wp-json\/wp\/v2\/comments?post=958"}],"version-history":[{"count":10,"href":"https:\/\/excursionesenushuaia.com\/pt\/wp-json\/wp\/v2\/pages\/958\/revisions"}],"predecessor-version":[{"id":47240,"href":"https:\/\/excursionesenushuaia.com\/pt\/wp-json\/wp\/v2\/pages\/958\/revisions\/47240"}],"wp:attachment":[{"href":"https:\/\/excursionesenushuaia.com\/pt\/wp-json\/wp\/v2\/media?parent=958"}],"curies":[{"name":"wp","href":"https:\/\/api.w.org\/{rel}","templated":true}]}}