{"id":10906,"date":"2020-04-10T16:37:08","date_gmt":"2020-04-10T16:37:08","guid":{"rendered":"https:\/\/excursionesenushuaia.com\/?post_type=product&#038;p=10906"},"modified":"2026-04-06T12:20:48","modified_gmt":"2026-04-06T15:20:48","slug":"lagos-escondido-y-fagnano-expres","status":"publish","type":"product","link":"https:\/\/excursionesenushuaia.com\/pt\/lagos-escondido-y-fagnano\/lagos-escondido-y-fagnano-expres\/","title":{"rendered":"Lagos 4x4 Cl\u00e1ssico"},"content":{"rendered":"<h3 class=\"translation-block\">\ud83c\udf38\u23f1\ufe0f <strong>Lagos 4x4 Cl\u00e1ssico na Primavera: O melhor de Ushuaia em pouco tempo<\/strong><\/h3>\n<p>O passeio <strong>Lagos 4x4 Cl\u00e1ssico em Ushuaia<\/strong> concentra em poucas horas o melhor da aventura todo-o-terreno no <strong>Fim do Mundo<\/strong>. A bordo de nossas <strong>caminhonetes 4x4<\/strong> voc\u00ea percorrer\u00e1 a <strong>Rota C\u00eanica Nacional N\u00b03<\/strong>, com paradas no <strong>mirante do Vale Carbajal<\/strong> e em <strong>Siberianos del Fuego<\/strong> para conhecer os <strong>huskies siberianos<\/strong>. Do <strong>mirante Paso Garibaldi<\/strong> voc\u00ea vai contemplar dois postais ic\u00f4nicos: o <strong>Lago Escondido<\/strong> e o <strong>Lago Fagnano<\/strong>. A experi\u00eancia ganha a <strong>adrenalina<\/strong> do <strong>off-road<\/strong> na <strong>Reserva Natural Bombilla<\/strong> e um encerramento perfeito com uma <strong>\"picada\" (t\u00e1bua de frios)<\/strong> \u00e0s margens do <strong>Lago Fagnano<\/strong>.<\/p>\n<p class=\"translation-block\">A jornada come\u00e7a quando buscamos voc\u00ea em sua <strong>acomoda\u00e7\u00e3o em Ushuaia<\/strong> em nossos ve\u00edculos todo-terreno <strong>Toyota Land Cruiser Prado<\/strong>, preparados para abrir caminho em trechos de montanha, lama e florestas. A viagem pela <strong>Rota Nacional N\u00ba 3<\/strong> j\u00e1 \u00e9 uma antecipa\u00e7\u00e3o do que est\u00e1 por vir: extensas florestas de lengas e \u00f1ires e as montanhas que marcam o perfil da ilha.<\/p>\n<p class=\"translation-block\">A primeira parada \u00e9 no <strong>mirante Valle Carbajal<\/strong>, uma paisagem de origem glaciar que surpreende com suas extensas plan\u00edcies de <strong>turfa<\/strong> e a moldura das <strong>montanhas<\/strong> de <strong>Ushuaia<\/strong>. Do mirante, voc\u00ea ter\u00e1 a oportunidade de apreciar a imensid\u00e3o do vale e tirar as primeiras fotos do dia.<\/p>\n<p>Na <strong>Siberianos del Fuego<\/strong>, um criadouro de c\u00e3es, voc\u00ea vai conhecer os famosos <strong>huskies siberianos<\/strong>, \u00edcones do <strong>inverno em Ushuaia<\/strong>. Este encontro \u00e9 um dos momentos mais especiais da excurs\u00e3o: voc\u00ea poder\u00e1 v\u00ea-los de perto, saber como vivem e sentir a energia e simpatia que transmitem.<\/p>\n<p class=\"translation-block\">A aventura continua pela <strong>Rota Nacional N\u00ba 3<\/strong>, onde voc\u00ea conhecer\u00e1 a localiza\u00e7\u00e3o dos <strong>centros invernais de Ushuaia<\/strong>, como o <strong>Cerro Castor<\/strong>, at\u00e9 chegar ao <strong>mirante Passo Garibaldi<\/strong>, a \u00fanica <strong>passagem transcordilheira<\/strong> que une a cidade de <strong>Ushuaia<\/strong> ao resto da <strong>Terra do Fogo<\/strong>. De l\u00e1, voc\u00ea contemplar\u00e1 uma das vistas mais procuradas: o <strong>Lago Escondido<\/strong>, cercado por florestas e montanhas, e o imenso <strong>Lago Fagnano<\/strong> ao longe, que se estende at\u00e9 se perder no horizonte. Um lugar ideal para desfrutar da magnitude das paisagens mais representativas de <strong>Ushuaia<\/strong>.<\/p>\n<p>Fazemos uma <strong>breve parada<\/strong> na tradicional <strong>Casona de Mary<\/strong>, um cl\u00e1ssico da rota, antes de encarar o trecho mais emocionante do dia: o <strong>circuito off-road na Reserva Natural Bombilla<\/strong>. \u00c9 a\u00ed que os <strong>4x4<\/strong> mostram <strong>todo o seu potencial<\/strong> com nossos <strong>motoristas experientes<\/strong>, atravessando trilhas de barro, ra\u00edzes e caminhos irregulares, em uma experi\u00eancia cheia de adrenalina e divers\u00e3o.<\/p>\n<p>O percurso termina na costa do <strong>Lago Fagnano<\/strong>, um dos maiores da nossa <strong>Argentina<\/strong>. Voc\u00ea ter\u00e1 tempo livre para caminhar pela margem, tirar fotos e compartilhar uma <strong>\"picada\" com bebidas (\u00e1gua, refrigerante ou vinho)<\/strong> enquanto contempla a imensid\u00e3o do lago e o ambiente natural que o rodeia.<\/p>\n<p>Finalmente, iniciamos o retorno para sua <strong>acomoda\u00e7\u00e3o em Ushuaia<\/strong>, com a satisfa\u00e7\u00e3o de ter vivido, em uma \u00fanica manh\u00e3, o melhor da <strong>aventura 4x4 na Terra do Fogo<\/strong>.<\/p>","protected":false},"excerpt":{"rendered":"<p>Vas a vivir una<strong> experiencia 4&#215;4<\/strong> por los l<strong>agos Escondido y Fagnano<\/strong>, com visita a <strong>huskies<\/strong>, recorrido <strong>off-road<\/strong> y una picada a orillas del <strong>lago Fagnano.<\/strong><\/p>","protected":false},"featured_media":41638,"comment_status":"open","ping_status":"closed","template":"","meta":{"_acf_changed":false,"_joinchat":[]},"product_brand":[],"product_cat":[122],"product_tag":[87,88,89,75],"class_list":{"0":"post-10906","1":"product","2":"type-product","3":"status-publish","4":"has-post-thumbnail","6":"product_cat-lagos-escondido-y-fagnano","7":"product_tag-invierno","8":"product_tag-otonos","9":"product_tag-primavera","10":"product_tag-verano","12":"first","13":"instock","14":"virtual","15":"sold-individually","16":"purchasable","17":"product-type-turitop"},"acf":[],"_links":{"self":[{"href":"https:\/\/excursionesenushuaia.com\/pt\/wp-json\/wp\/v2\/product\/10906","targetHints":{"allow":["GET"]}}],"collection":[{"href":"https:\/\/excursionesenushuaia.com\/pt\/wp-json\/wp\/v2\/product"}],"about":[{"href":"https:\/\/excursionesenushuaia.com\/pt\/wp-json\/wp\/v2\/types\/product"}],"replies":[{"embeddable":true,"href":"https:\/\/excursionesenushuaia.com\/pt\/wp-json\/wp\/v2\/comments?post=10906"}],"version-history":[{"count":9,"href":"https:\/\/excursionesenushuaia.com\/pt\/wp-json\/wp\/v2\/product\/10906\/revisions"}],"predecessor-version":[{"id":47363,"href":"https:\/\/excursionesenushuaia.com\/pt\/wp-json\/wp\/v2\/product\/10906\/revisions\/47363"}],"wp:featuredmedia":[{"embeddable":true,"href":"https:\/\/excursionesenushuaia.com\/pt\/wp-json\/wp\/v2\/media\/41638"}],"wp:attachment":[{"href":"https:\/\/excursionesenushuaia.com\/pt\/wp-json\/wp\/v2\/media?parent=10906"}],"wp:term":[{"taxonomy":"product_brand","embeddable":true,"href":"https:\/\/excursionesenushuaia.com\/pt\/wp-json\/wp\/v2\/product_brand?post=10906"},{"taxonomy":"product_cat","embeddable":true,"href":"https:\/\/excursionesenushuaia.com\/pt\/wp-json\/wp\/v2\/product_cat?post=10906"},{"taxonomy":"product_tag","embeddable":true,"href":"https:\/\/excursionesenushuaia.com\/pt\/wp-json\/wp\/v2\/product_tag?post=10906"}],"curies":[{"name":"wp","href":"https:\/\/api.w.org\/{rel}","templated":true}]}}