{"id":11218,"date":"2023-12-06T16:03:54","date_gmt":"2023-12-06T16:03:54","guid":{"rendered":"https:\/\/excursionesenushuaia.com\/?post_type=product&#038;p=11218"},"modified":"2025-01-31T20:28:24","modified_gmt":"2025-01-31T23:28:24","slug":"safari-nautico","status":"publish","type":"product","link":"https:\/\/excursionesenushuaia.com\/pt\/el-calafate\/safari-nautico\/","title":{"rendered":"Saf\u00e1ri N\u00e1utico"},"content":{"rendered":"<p>A excurs\u00e3o come\u00e7a no\u00a0<strong>Porto \u201cBajo de las Sombras\u201d<\/strong>, localizado na Rota 11, Km 70,9, a uma hora e meia de El Calafate e a apenas 7 km do Glaciar. Os passageiros devem <strong>chegar por conta pr\u00f3pria<\/strong> ao porto e, uma vez l\u00e1, embarcar\u00e3o em um barco para <strong>navegar<\/strong>\u00a0pelo Lago Rico, onde poder\u00e3o apreciar a impressionante\u00a0<strong>parede de gelo do Glaciar Perito Moreno\u00a0<\/strong>e os icebergs que saem dele.<\/p>\n<p>&nbsp;<\/p>\n<p>Esta navega\u00e7\u00e3o tem uma dura\u00e7\u00e3o de\u00a0<strong>uma hora<\/strong>\u00a0e oferece a possibilidade de\u00a0<strong>observar<\/strong>\u00a0desde nossos\u00a0<strong>confort\u00e1veis barcos<\/strong>, e com uma perspectiva totalmente diferente, as impressionantes paredes do Geleira Perito Moreno e seus\u00a0<strong>cont\u00ednuos e estrondosos desabamentos<\/strong>\u00a0nas \u00e1guas do Lago Rico.<\/p>\n<p>&nbsp;<\/p>\n<p>A 400 metros da parede sul do Glaciar Perito Moreno, o barco faz uma parada por alguns minutos para observar com mais detalhes a paisagem. Mais perto do\u00a0<strong>muro da ruptura<\/strong>, imposs\u00edvel!<\/p>\n<p>&nbsp;<\/p>\n<p>O\u00a0<strong>Saf\u00e1ri N\u00e1utico<\/strong>\u00a0\u00e9 uma navega\u00e7\u00e3o\u00a0<strong>adequada para todas as idades<\/strong>\u00a0e pode ser feita\u00a0<strong>365 dias por ano.<\/strong><\/p>\n<p>&nbsp;<\/p>\n<p>Esta excurs\u00e3o \u00e9 destinada a pessoas que desejam contemplar a magia do gelo e eterniz\u00e1-la na mem\u00f3ria, observando cada detalhe da parede de gelo e seus arredores.<\/p>\n<p>&nbsp;<\/p>","protected":false},"excerpt":{"rendered":"<p>La excursi\u00f3n comienza en el\u00a0puerto \u201cBajo de las Sombras\u201d, ubicado en la Ruta 11, Km 70.9, a una hora y media de El Calafate y a solo 7 km del Glaciar. El pasajero deber\u00e1 llegar por sus propios medios hasta el puerto y, una vez all\u00ed, se embarcar\u00e1 para navegar\u00a0por el Lago Rico, donde se [&hellip;]<\/p>\n","protected":false},"featured_media":23525,"comment_status":"open","ping_status":"closed","template":"","meta":{"_acf_changed":false,"_joinchat":[]},"product_brand":[],"product_cat":[558],"product_tag":[],"class_list":{"0":"post-11218","1":"product","2":"type-product","3":"status-publish","4":"has-post-thumbnail","6":"product_cat-el-calafate","8":"first","9":"instock","10":"virtual","11":"sold-individually","12":"purchasable","13":"product-type-turitop"},"acf":[],"_links":{"self":[{"href":"https:\/\/excursionesenushuaia.com\/pt\/wp-json\/wp\/v2\/product\/11218","targetHints":{"allow":["GET"]}}],"collection":[{"href":"https:\/\/excursionesenushuaia.com\/pt\/wp-json\/wp\/v2\/product"}],"about":[{"href":"https:\/\/excursionesenushuaia.com\/pt\/wp-json\/wp\/v2\/types\/product"}],"replies":[{"embeddable":true,"href":"https:\/\/excursionesenushuaia.com\/pt\/wp-json\/wp\/v2\/comments?post=11218"}],"version-history":[{"count":3,"href":"https:\/\/excursionesenushuaia.com\/pt\/wp-json\/wp\/v2\/product\/11218\/revisions"}],"predecessor-version":[{"id":23502,"href":"https:\/\/excursionesenushuaia.com\/pt\/wp-json\/wp\/v2\/product\/11218\/revisions\/23502"}],"wp:featuredmedia":[{"embeddable":true,"href":"https:\/\/excursionesenushuaia.com\/pt\/wp-json\/wp\/v2\/media\/23525"}],"wp:attachment":[{"href":"https:\/\/excursionesenushuaia.com\/pt\/wp-json\/wp\/v2\/media?parent=11218"}],"wp:term":[{"taxonomy":"product_brand","embeddable":true,"href":"https:\/\/excursionesenushuaia.com\/pt\/wp-json\/wp\/v2\/product_brand?post=11218"},{"taxonomy":"product_cat","embeddable":true,"href":"https:\/\/excursionesenushuaia.com\/pt\/wp-json\/wp\/v2\/product_cat?post=11218"},{"taxonomy":"product_tag","embeddable":true,"href":"https:\/\/excursionesenushuaia.com\/pt\/wp-json\/wp\/v2\/product_tag?post=11218"}],"curies":[{"name":"wp","href":"https:\/\/api.w.org\/{rel}","templated":true}]}}