{"id":11483,"date":"2023-12-15T15:25:50","date_gmt":"2023-12-15T15:25:50","guid":{"rendered":"https:\/\/excursionesenushuaia.com\/?post_type=product&#038;p=11483"},"modified":"2026-03-05T12:08:02","modified_gmt":"2026-03-05T15:08:02","slug":"nativo-experience-lagos-y-cavernas","status":"publish","type":"product","link":"https:\/\/excursionesenushuaia.com\/pt\/el-calafate\/nativo-experience-lagos-y-cavernas\/","title":{"rendered":"Experi\u00eancia Nativa: Lagos e cavernas"},"content":{"rendered":"<p>La excursi\u00f3n Nativo Experience es una actividad de mediod\u00eda de duraci\u00f3n en la que se transita en veh\u00edculos 4&#215;4 por la costa del Lago Argentino dentro de la Reserva Natural Estancia 25 de Mayo, siendo ideal para el d\u00eda de llegada o partida de El Calafate. La excursi\u00f3n ofrece un enfoque antropol\u00f3gico e hist\u00f3rico sobre el paso del hombre en estas tierras, redescubriendo las vivencias de las primeras expediciones que se aventuraron a lo desconocido por el R\u00edo Santa Cruz y el Lago Argentino.<\/p>\n<p>&nbsp;<\/p>\n<p>Nativo Experience se enfoca en la historia de los primeros contactos de exploradores con los Tehuelches (ind\u00edgenas nativos de la zona), atravesando acantilados y maravill\u00e1ndose con vistas del Lago Argentino y Cordillera de los Andes.<\/p>\n<p>&nbsp;<\/p>\n<p>Despu\u00e9s de ser buscados por su hotel en El Calafate en veh\u00edculos 4&#215;4, se dirigir\u00e1n hacia la Reserva Natural Estancia 25 de Mayo donde har\u00e1n una parada en los acantilados frente al lago desde donde tendr\u00e1n vistas magn\u00edficas del entorno y la Cordillera de los Andes.<\/p>\n<p>&nbsp;<\/p>\n<p>Posteriormente, se visitar\u00e1 la zona arqueol\u00f3gica donde se ubican las cuevas llamada Punta Walichu. All\u00ed , donde hace miles de a\u00f1os la cultura Tehuelche dej\u00f3 sus marcas en la roca y que hoy podemos interpretar. Es all\u00ed, dentro de la cueva, donde se almorzar\u00e1 o cenar\u00e1 disfrutando de una experiencia \u00fanica en un ambiente totalmente natural que los transportar\u00e1 a aquellos remotos a\u00f1os de los primeros exploradores. Por la noche, podr\u00e1n disfrutar de uno de los 10 mejores cielos en el mundo para apreciar las estrellas.<\/p>\n<p>&nbsp;<\/p>\n<p>Finalizado el recorrido y la comida, se regresar\u00e1 a su hotel en El Calafate.<\/p>","protected":false},"excerpt":{"rendered":"<p>La excursi\u00f3n Nativo Experience es una actividad de mediod\u00eda de duraci\u00f3n en la que se transita en veh\u00edculos 4&#215;4 por la costa del Lago Argentino dentro de la Reserva Natural Estancia 25 de Mayo, siendo ideal para el d\u00eda de llegada o partida de El Calafate. La excursi\u00f3n ofrece un enfoque antropol\u00f3gico e hist\u00f3rico sobre [&hellip;]<\/p>\n","protected":false},"featured_media":23439,"comment_status":"open","ping_status":"closed","template":"","meta":{"_acf_changed":false,"_joinchat":[]},"product_brand":[],"product_cat":[558],"product_tag":[],"class_list":{"0":"post-11483","1":"product","2":"type-product","3":"status-publish","4":"has-post-thumbnail","6":"product_cat-el-calafate","8":"first","9":"instock","10":"virtual","11":"sold-individually","12":"purchasable","13":"product-type-turitop"},"acf":[],"_links":{"self":[{"href":"https:\/\/excursionesenushuaia.com\/pt\/wp-json\/wp\/v2\/product\/11483","targetHints":{"allow":["GET"]}}],"collection":[{"href":"https:\/\/excursionesenushuaia.com\/pt\/wp-json\/wp\/v2\/product"}],"about":[{"href":"https:\/\/excursionesenushuaia.com\/pt\/wp-json\/wp\/v2\/types\/product"}],"replies":[{"embeddable":true,"href":"https:\/\/excursionesenushuaia.com\/pt\/wp-json\/wp\/v2\/comments?post=11483"}],"version-history":[{"count":1,"href":"https:\/\/excursionesenushuaia.com\/pt\/wp-json\/wp\/v2\/product\/11483\/revisions"}],"predecessor-version":[{"id":18941,"href":"https:\/\/excursionesenushuaia.com\/pt\/wp-json\/wp\/v2\/product\/11483\/revisions\/18941"}],"wp:featuredmedia":[{"embeddable":true,"href":"https:\/\/excursionesenushuaia.com\/pt\/wp-json\/wp\/v2\/media\/23439"}],"wp:attachment":[{"href":"https:\/\/excursionesenushuaia.com\/pt\/wp-json\/wp\/v2\/media?parent=11483"}],"wp:term":[{"taxonomy":"product_brand","embeddable":true,"href":"https:\/\/excursionesenushuaia.com\/pt\/wp-json\/wp\/v2\/product_brand?post=11483"},{"taxonomy":"product_cat","embeddable":true,"href":"https:\/\/excursionesenushuaia.com\/pt\/wp-json\/wp\/v2\/product_cat?post=11483"},{"taxonomy":"product_tag","embeddable":true,"href":"https:\/\/excursionesenushuaia.com\/pt\/wp-json\/wp\/v2\/product_tag?post=11483"}],"curies":[{"name":"wp","href":"https:\/\/api.w.org\/{rel}","templated":true}]}}