{"id":11485,"date":"2023-12-15T15:48:05","date_gmt":"2023-12-15T15:48:05","guid":{"rendered":"https:\/\/excursionesenushuaia.com\/?post_type=product&#038;p=11485"},"modified":"2024-11-26T11:00:07","modified_gmt":"2024-11-26T14:00:07","slug":"cabalgata-la-estela","status":"publish","type":"product","link":"https:\/\/excursionesenushuaia.com\/pt\/informacion-general\/cabalgata-la-estela\/","title":{"rendered":"Cabalgata La Estela"},"content":{"rendered":"<p>Empezamos nuestro recorrido en b\u00fasqueda de los pasajeros por todos los hoteles. Una vez estamos todos, dejamos la ciudad de El Calafate tomando la ruta 11 y a pocos km empalmamos con la emblem\u00e1tica ruta 40 donde haremos una parada en el mirador del Lago Argentino.<\/p>\n<p>&nbsp;<\/p>\n<p>Al cabo de 100 km (1 hs aprox) llegamos al parador tur\u00edstico la Leona, en donde tomaremos un caf\u00e9 de media ma\u00f1ana acompa\u00f1ado con algunos de nuestros productos t\u00edpicos artesanales. De ac\u00e1 partimos hacia el casco principal de la Ea. la Estela, en donde le daremos inicio a la aventura.<\/p>\n<p>&nbsp;<\/p>\n<p>En la caballeriza nuestros gu\u00edas especializados les dar\u00e1n polainas y cascos, en caso que lo deseen; y partiremos de la Estancia hacia el Refugio Yat\u00e9n, ubicado en la punta del Lago Viedma y la naciente del R\u00edo La Leona. Durante el recorrido se podr\u00e1n apreciar los paisajes m\u00e1s imponentes de la zona: el Monte Fitz Roy, el Glaciar Viedma y el Cerro Torre. Se brindar\u00e1 una breve rese\u00f1a de la flora y fauna aut\u00f3ctona. Al llegar al puesto, podemos hacer una caminata en los alrededores o disfrutar una buena copa de vino, mientras nuestro gu\u00eda les prepara un almuerzo bien patag\u00f3nico al calor del fuego.<\/p>\n<p>&nbsp;<\/p>\n<p>Despu\u00e9s de haber comido y disfrutado del lugar, emprendemos el regreso a la estancia por la costa del lago Viedma, punto estrat\u00e9gico en el que la vista del cerro Fitz Roy nos acompa\u00f1ara y en algunas ocaciones podremos deslumbrarnos con un t\u00e9mpano de hielo. Una vez en est\u00e1, dejaremos nuestros caballos y tendremos una caminata por el casco que nos dejara ver la vida de una Estancia Patagonica.<\/p>\n<p>&nbsp;<\/p>\n<p>Antes de emprender la partida disfrutaremos de una merienda en el SUM donde podremos relajarnos y prepararnos para el regreso.<\/p>","protected":false},"excerpt":{"rendered":"<p>Empezamos nuestro recorrido en b\u00fasqueda de los pasajeros por todos los hoteles. Una vez estamos todos, dejamos la ciudad de El Calafate tomando la ruta 11 y a pocos km empalmamos con la emblem\u00e1tica ruta 40 donde haremos una parada en el mirador del Lago Argentino. &nbsp; Al cabo de 100 km (1 hs aprox) [&hellip;]<\/p>\n","protected":false},"featured_media":19006,"comment_status":"open","ping_status":"closed","template":"","meta":{"_acf_changed":false,"_joinchat":[]},"product_brand":[],"product_cat":[47],"product_tag":[],"class_list":{"0":"post-11485","1":"product","2":"type-product","3":"status-publish","4":"has-post-thumbnail","6":"product_cat-informacion-general","8":"first","9":"instock","10":"virtual","11":"sold-individually","12":"purchasable","13":"product-type-turitop"},"acf":[],"_links":{"self":[{"href":"https:\/\/excursionesenushuaia.com\/pt\/wp-json\/wp\/v2\/product\/11485","targetHints":{"allow":["GET"]}}],"collection":[{"href":"https:\/\/excursionesenushuaia.com\/pt\/wp-json\/wp\/v2\/product"}],"about":[{"href":"https:\/\/excursionesenushuaia.com\/pt\/wp-json\/wp\/v2\/types\/product"}],"replies":[{"embeddable":true,"href":"https:\/\/excursionesenushuaia.com\/pt\/wp-json\/wp\/v2\/comments?post=11485"}],"version-history":[{"count":1,"href":"https:\/\/excursionesenushuaia.com\/pt\/wp-json\/wp\/v2\/product\/11485\/revisions"}],"predecessor-version":[{"id":18520,"href":"https:\/\/excursionesenushuaia.com\/pt\/wp-json\/wp\/v2\/product\/11485\/revisions\/18520"}],"wp:featuredmedia":[{"embeddable":true,"href":"https:\/\/excursionesenushuaia.com\/pt\/wp-json\/wp\/v2\/media\/19006"}],"wp:attachment":[{"href":"https:\/\/excursionesenushuaia.com\/pt\/wp-json\/wp\/v2\/media?parent=11485"}],"wp:term":[{"taxonomy":"product_brand","embeddable":true,"href":"https:\/\/excursionesenushuaia.com\/pt\/wp-json\/wp\/v2\/product_brand?post=11485"},{"taxonomy":"product_cat","embeddable":true,"href":"https:\/\/excursionesenushuaia.com\/pt\/wp-json\/wp\/v2\/product_cat?post=11485"},{"taxonomy":"product_tag","embeddable":true,"href":"https:\/\/excursionesenushuaia.com\/pt\/wp-json\/wp\/v2\/product_tag?post=11485"}],"curies":[{"name":"wp","href":"https:\/\/api.w.org\/{rel}","templated":true}]}}