{"id":11491,"date":"2023-12-15T16:50:39","date_gmt":"2023-12-15T16:50:39","guid":{"rendered":"https:\/\/excursionesenushuaia.com\/?post_type=product&#038;p=11491"},"modified":"2026-03-05T09:44:24","modified_gmt":"2026-03-05T12:44:24","slug":"glaciar-perito-moreno","status":"publish","type":"product","link":"https:\/\/excursionesenushuaia.com\/pt\/el-calafate\/glaciar-perito-moreno\/","title":{"rendered":"Geleira Perito Moreno"},"content":{"rendered":"<p>Nuestra excursi\u00f3n al glaciar inicia desde su hotel en El Calafate, brind\u00e1ndole amplio tiempo para recorrer este incre\u00edble lugar mientras se hacen paradas en puntos panor\u00e1micos dentro del Parque Nacional los Glaciares y la visita a las pasarelas, punto panor\u00e1mico culminante.<\/p>\n<p>&nbsp;<\/p>\n<p>El recorrido de 78 km desde El Calafate hasta el glaciar es una sucesi\u00f3n de lagos, arroyos, bosques y monta\u00f1as nevadas permiti\u00e9ndole sumergirse en la magnificencia de la belleza natural de la Patagonia mientras aprende sobre la geolog\u00eda y la ecolog\u00eda de la regi\u00f3n. Al llegar al final del recorrido, se arribar\u00e1 al extremo oeste de la Pen\u00ednsula de Magallanes, desde donde se inicia la caminata por las pasarelas que tienen una extensi\u00f3n total de 5.5 km. Las mismas est\u00e1n a distintos niveles y permiten contemplar el Perito Moreno desde diferentes perspectivas y balcones. Podr\u00e1n visitar las pasarelas y maravillarse con el Glaciar Perito Moreno desde su frente con sus vibrantes tonos azules, las imponentes paredes de hielo y los estruendosos sonidos de los icebergs al romperse que crean una atm\u00f3sfera de asombro y maravilla y una experiencia sensorial \u00fanica. Seg\u00fan sus condiciones f\u00edsicas, pueden llegar a los balcones inferiores y m\u00e1s cercanos al glaciar o permanecer en los primeros balcones de f\u00e1cil acceso para cualquier persona.<\/p>\n<p>&nbsp;<\/p>\n<p>Una vez finalizado el tour, se regresa a El Calafate. Tanto si es un entusiasta de la aventura o si simplemente busca un encuentro verdaderamente inolvidable con la naturaleza, caminar por las pasarelas del Glaciar Perito Moreno promete una experiencia sin igual que dejar\u00e1 recuerdos duraderos y una conexi\u00f3n profunda con la naturaleza.<\/p>","protected":false},"excerpt":{"rendered":"<p>Nuestra excursi\u00f3n al glaciar inicia desde su hotel en El Calafate, brind\u00e1ndole amplio tiempo para recorrer este incre\u00edble lugar mientras se hacen paradas en puntos panor\u00e1micos dentro del Parque Nacional los Glaciares y la visita a las pasarelas, punto panor\u00e1mico culminante. &nbsp; El recorrido de 78 km desde El Calafate hasta el glaciar es una [&hellip;]<\/p>\n","protected":false},"featured_media":23438,"comment_status":"open","ping_status":"closed","template":"","meta":{"_acf_changed":false,"_joinchat":[]},"product_brand":[],"product_cat":[558],"product_tag":[],"class_list":{"0":"post-11491","1":"product","2":"type-product","3":"status-publish","4":"has-post-thumbnail","6":"product_cat-el-calafate","8":"first","9":"instock","10":"virtual","11":"sold-individually","12":"purchasable","13":"product-type-turitop"},"acf":[],"_links":{"self":[{"href":"https:\/\/excursionesenushuaia.com\/pt\/wp-json\/wp\/v2\/product\/11491","targetHints":{"allow":["GET"]}}],"collection":[{"href":"https:\/\/excursionesenushuaia.com\/pt\/wp-json\/wp\/v2\/product"}],"about":[{"href":"https:\/\/excursionesenushuaia.com\/pt\/wp-json\/wp\/v2\/types\/product"}],"replies":[{"embeddable":true,"href":"https:\/\/excursionesenushuaia.com\/pt\/wp-json\/wp\/v2\/comments?post=11491"}],"version-history":[{"count":5,"href":"https:\/\/excursionesenushuaia.com\/pt\/wp-json\/wp\/v2\/product\/11491\/revisions"}],"predecessor-version":[{"id":37004,"href":"https:\/\/excursionesenushuaia.com\/pt\/wp-json\/wp\/v2\/product\/11491\/revisions\/37004"}],"wp:featuredmedia":[{"embeddable":true,"href":"https:\/\/excursionesenushuaia.com\/pt\/wp-json\/wp\/v2\/media\/23438"}],"wp:attachment":[{"href":"https:\/\/excursionesenushuaia.com\/pt\/wp-json\/wp\/v2\/media?parent=11491"}],"wp:term":[{"taxonomy":"product_brand","embeddable":true,"href":"https:\/\/excursionesenushuaia.com\/pt\/wp-json\/wp\/v2\/product_brand?post=11491"},{"taxonomy":"product_cat","embeddable":true,"href":"https:\/\/excursionesenushuaia.com\/pt\/wp-json\/wp\/v2\/product_cat?post=11491"},{"taxonomy":"product_tag","embeddable":true,"href":"https:\/\/excursionesenushuaia.com\/pt\/wp-json\/wp\/v2\/product_tag?post=11491"}],"curies":[{"name":"wp","href":"https:\/\/api.w.org\/{rel}","templated":true}]}}