{"id":12835,"date":"2024-02-16T17:23:27","date_gmt":"2024-02-16T17:23:27","guid":{"rendered":"https:\/\/excursionesenushuaia.com\/?post_type=product&#038;p=12835"},"modified":"2026-04-10T09:50:19","modified_gmt":"2026-04-10T12:50:19","slug":"paquete-para-4-dias-otono","status":"publish","type":"product","link":"https:\/\/excursionesenushuaia.com\/pt\/paquetes-otono\/paquete-para-4-dias-otono\/","title":{"rendered":"Pacote para 4 dias Outono"},"content":{"rendered":"<div data-elementor-type=\"product-post\" data-elementor-id=\"12835\" class=\"elementor elementor-12835\" data-elementor-post-type=\"product\">\n\t\t\t\t<div class=\"elementor-element elementor-element-763364de e-flex e-con-boxed e-con e-parent\" data-id=\"763364de\" data-element_type=\"container\" data-e-type=\"container\">\n\t\t\t\t\t<div class=\"e-con-inner\">\n\t\t\t\t<div class=\"elementor-element elementor-element-b610198 elementor-widget elementor-widget-text-editor\" data-id=\"b610198\" data-element_type=\"widget\" data-e-type=\"widget\" data-widget_type=\"text-editor.default\">\n\t\t\t\t\t\t\t\t\t<p><span style=\"font-weight: 400;\">Preparamos um pacote super completo de 4 dias com quatro excurs\u00f5es para passar o <\/span><b>Outono em Ushuaia. <\/b><span style=\"font-weight: 400;\">No terceiro dia faremos trekking e daremos duas op\u00e7\u00f5es para voc\u00ea escolher como terminar sua viagem.<\/span><\/p><p><b>Pacote de Outono de 4 dias: O que fazer em Ushuaia em quatro dias<\/b><\/p><p><span style=\"font-weight: 400;\">Propomos este itiner\u00e1rio para conhecer e desfrutar da Terra do Fogo.<\/span><\/p><p><span style=\"font-weight: 400;\">\u00a0<\/span><\/p><h3><b>Dia 1 - Outono em Ushuaia<\/b><\/h3><p><span style=\"font-weight: 400;\">Iremos busc\u00e1-lo no aeroporto e lev\u00e1-lo ao seu hotel. Mas antes, mostraremos os pontos mais bonitos e ic\u00f4nicos da nossa cidade em nosso City Tour<\/span><\/p><h3><b>Dia 2 | Outono em Ushuaia<\/b><\/h3><p><span style=\"font-weight: 400;\">Passaremos para busc\u00e1-lo no seu hotel \u00e0s 8:00 horas e voltaremos ao centro da cidade \u00e0s 14:40 horas. Voc\u00ea explorar\u00e1 o \u00fanico parque nacional da Argentina que combina mar, floresta e montanhas, com a oportunidade de reviver nossa hist\u00f3ria no famoso trem de prisioneiros.<\/span><span style=\"font-weight: 400;\"><br \/><\/span><span style=\"font-weight: 400;\">*O ingresso ao Parque Nacional n\u00e3o est\u00e1 inclu\u00eddo, \u00e9 pago em dinheiro na chegada \u00e0 esta\u00e7\u00e3o.<\/span><\/p><p><span style=\"font-weight: 400;\">\u00c0 tarde sa\u00edmos do Porto de Ushuaia para nossa Navega\u00e7\u00e3o pelo Canal de Beagle, onde visitaremos a Ilha dos P\u00e1ssaros, Le\u00f5es Marinhos, o famoso Farol Les \u00c9claireurs (erroneamente chamado de Farol do Fim do Mundo) e um passeio pela Ilha Karelo. Sa\u00edmos todos os dias.<\/span><\/p><h3><b>Dia 3 | Outono em Ushuaia<\/b><\/h3><p><span style=\"font-weight: 400;\">Voc\u00ea vai viver a aventura mais divertida de um dia inteiro. Passaremos para busc\u00e1-lo no seu hotel \u00e0s 9:00 horas e iremos rumo ao norte para cruzar a Cordilheira dos Andes. Voc\u00ea visitar\u00e1 os grandes lagos da Terra do Fogo e desfrutar\u00e1 de um almo\u00e7o \u00e0s margens do Lago Fagnano que inclui aperitivos, churrasco argentino, chorip\u00e1n, salada, vinho, bebidas n\u00e3o alco\u00f3licas e sobremesa. Tamb\u00e9m temos menu para cel\u00edacos e vegetarianos. Deixamos voc\u00ea em seu hotel \u00e0s 17h.<\/span><\/p><h3><b>D\u00eda 4 | Oto\u00f1o en Ushuaia<\/b><\/h3><p><span style=\"font-weight: 400;\">Passaremos para busc\u00e1-lo no seu hotel \u00e0s 9:00 horas e voltaremos \u00e0s 17:00 horas. para aproveitar os recantos de Ushuaia em nossa visita a Puerto Almanza, povoado de pescadores artesanais. Um dia repleto de experi\u00eancias gastron\u00f3micas, hist\u00f3ricas e paisag\u00edsticas.<\/span><\/p><h3><b>Pronto para aproveitar seu pacote de excurs\u00e3o de outono?<\/b><\/h3>\t\t\t\t\t\t\t\t<\/div>\n\t\t\t\t\t<\/div>\n\t\t\t\t<\/div>\n\t\t\t\t<\/div>","protected":false},"excerpt":{"rendered":"<p class=\"translation-block\">Voc\u00ea viver\u00e1 <strong>Ushuaia<\/strong> no <strong>ritmo perfeito<\/strong>. Aproveitar\u00e1 as <strong>excurs\u00f5es imperd\u00edveis<\/strong> \u2014Parque Nacional, Trem do Fim do Mundo, Navega\u00e7\u00e3o, Lagos 4\u00d74\u2013 al\u00e9m da <strong>Rota da Centolla<\/strong> e <strong>City Tour<\/strong>\u2014.<\/p>","protected":false},"featured_media":42038,"comment_status":"open","ping_status":"closed","template":"","meta":{"_acf_changed":false,"_joinchat":[]},"product_brand":[],"product_cat":[102],"product_tag":[88],"class_list":{"0":"post-12835","1":"product","2":"type-product","3":"status-publish","4":"has-post-thumbnail","6":"product_cat-paquetes-otono","7":"product_tag-otonos","9":"first","10":"instock","11":"virtual","12":"sold-individually","13":"purchasable","14":"product-type-turitop"},"acf":[],"_links":{"self":[{"href":"https:\/\/excursionesenushuaia.com\/pt\/wp-json\/wp\/v2\/product\/12835","targetHints":{"allow":["GET"]}}],"collection":[{"href":"https:\/\/excursionesenushuaia.com\/pt\/wp-json\/wp\/v2\/product"}],"about":[{"href":"https:\/\/excursionesenushuaia.com\/pt\/wp-json\/wp\/v2\/types\/product"}],"replies":[{"embeddable":true,"href":"https:\/\/excursionesenushuaia.com\/pt\/wp-json\/wp\/v2\/comments?post=12835"}],"version-history":[{"count":12,"href":"https:\/\/excursionesenushuaia.com\/pt\/wp-json\/wp\/v2\/product\/12835\/revisions"}],"predecessor-version":[{"id":44090,"href":"https:\/\/excursionesenushuaia.com\/pt\/wp-json\/wp\/v2\/product\/12835\/revisions\/44090"}],"wp:featuredmedia":[{"embeddable":true,"href":"https:\/\/excursionesenushuaia.com\/pt\/wp-json\/wp\/v2\/media\/42038"}],"wp:attachment":[{"href":"https:\/\/excursionesenushuaia.com\/pt\/wp-json\/wp\/v2\/media?parent=12835"}],"wp:term":[{"taxonomy":"product_brand","embeddable":true,"href":"https:\/\/excursionesenushuaia.com\/pt\/wp-json\/wp\/v2\/product_brand?post=12835"},{"taxonomy":"product_cat","embeddable":true,"href":"https:\/\/excursionesenushuaia.com\/pt\/wp-json\/wp\/v2\/product_cat?post=12835"},{"taxonomy":"product_tag","embeddable":true,"href":"https:\/\/excursionesenushuaia.com\/pt\/wp-json\/wp\/v2\/product_tag?post=12835"}],"curies":[{"name":"wp","href":"https:\/\/api.w.org\/{rel}","templated":true}]}}