{"id":13249,"date":"2024-03-21T18:42:24","date_gmt":"2024-03-21T18:42:24","guid":{"rendered":"https:\/\/excursionesenushuaia.com\/?post_type=product&#038;p=13249"},"modified":"2026-04-13T16:30:29","modified_gmt":"2026-04-13T19:30:29","slug":"paquete-para-4-dias-invierno","status":"publish","type":"product","link":"https:\/\/excursionesenushuaia.com\/pt\/paquetes-invierno\/paquete-para-4-dias-invierno\/","title":{"rendered":"Pacote para 4 dias Inverno"},"content":{"rendered":"<p><span style=\"font-weight: 400\">Preparamos um pacote super completo de 4 dias com quatro excurs\u00f5es para passar o <\/span><b>Invierno en Ushuaia.<\/b><\/p>\n<p><b>Paquete de 4 d\u00edas de Invierno: Qu\u00e9 hacer en Ushuaia en cuatro d\u00edas<\/b><\/p>\n<p><span style=\"font-weight: 400\">Propomos este itiner\u00e1rio para conhecer e desfrutar da Terra do Fogo.<\/span><\/p>\n<p><span style=\"font-weight: 400\">\u00a0<\/span><\/p>\n<h2><b>Dia 1 - Inverno em Ushuaia<\/b><\/h2>\n<p><span style=\"font-weight: 400\">Passaremos para busc\u00e1-lo no seu hotel \u00e0s 8:00 horas e voltaremos ao centro da cidade \u00e0s 14:40 horas. Voc\u00ea explorar\u00e1 o \u00fanico parque nacional da Argentina que combina mar, floresta e montanhas, com a oportunidade de reviver nossa hist\u00f3ria no famoso trem de prisioneiros.<\/span><span style=\"font-weight: 400\"><br \/>\n<\/span><span style=\"font-weight: 400\">*O ingresso ao Parque Nacional n\u00e3o est\u00e1 inclu\u00eddo, \u00e9 pago em dinheiro na chegada \u00e0 esta\u00e7\u00e3o.<\/span><\/p>\n<p><span style=\"font-weight: 400\">\u00c0 tarde sa\u00edmos do Porto de Ushuaia para nossa Navega\u00e7\u00e3o pelo Canal de Beagle, onde visitaremos a Ilha dos P\u00e1ssaros, Le\u00f5es Marinhos, o famoso Farol Les \u00c9claireurs (erroneamente chamado de Farol do Fim do Mundo) e um passeio pela Ilha Karelo. Sa\u00edmos todos os dias.<\/span><\/p>\n<h2><b>Dia 2 - Inverno em Ushuaia<\/b><\/h2>\n<p><span style=\"font-weight: 400\">Vas a vivir una aventura de d\u00eda completo m\u00e1s divertida. Te pasamos a buscar por tu hotel alrededor de las\u00a0 9hs y nos dirigimos hacia el norte para cruzar la Cordillera de los Andes. Vas a visitar los grandes lagos de Tierra del Fuego y disfrutar de un almuerzo a orillas del Lago Fagnano que incluye picada, asado argentino, chorip\u00e1n, ensalada, vino, bebidas sin alcohol y postre. Tambi\u00e9n tenemos men\u00fa apto cel\u00edaco y vegetariano. Te dejamos en tu hotel a partir de las 17h.<\/span><\/p>\n<h2><b>Dia 3 - Inverno em Ushuaia<\/b><\/h2>\n<p><span style=\"font-weight: 400\">Te pasamos a buscar por tu hotel a las 9 de la ma\u00f1ana y regresamos a las 17 h. para disfrutar los rincones de Ushuaia en nuestra visita a Puerto Almanza, pueblo de pescadores artesanales. Un d\u00eda repleto de experiencias gastron\u00f3micas, hist\u00f3ricas y paisaj\u00edsticas.<\/span><\/p>\n<h2><b>D\u00eda 4 | Invierno en Ushuaia<\/b><\/h2>\n<p><span style=\"font-weight: 400\">Partida desde el hotel rumbo al centro invernal \u201cVilla Las Cotorras\u201d, donde te estar\u00e1 esperando un d\u00eda lleno de emoci\u00f3n y diversi\u00f3n para disfrutar de experiencias como una caminata con raquetas de nieve, un recorrido en motos de nieve a trav\u00e9s de la planicie que nos presenta el valle \u201cLas cotorras\u201d y un rato de diversi\u00f3n para los m\u00e1s chicos (y los no tan chicos) desliz\u00e1ndose en culipatines. Tambi\u00e9n disfrutar\u00e1s de un rico almuerzo que se basa en un cl\u00e1sico \u201ccordero fueguino\u201d o pastas + guarnici\u00f3n.<\/span><\/p>\n<p><span style=\"font-weight: 400\">Quando retornarmos, deixaremos voc\u00ea no centro da cidade para que possa saborear um delicioso chocolate quente.<\/span><\/p>\n<h2><b>\u00bfListo para disfrutar tu paquete de excursiones de Invierno?<\/b><\/h2>","protected":false},"excerpt":{"rendered":"<p>Paquete de 4 d\u00edas de Invierno para disfrutar tu estad\u00eda en Ushuaiay<\/p>","protected":false},"featured_media":42035,"comment_status":"open","ping_status":"closed","template":"","meta":{"_acf_changed":false,"_joinchat":[]},"product_brand":[],"product_cat":[101],"product_tag":[87],"class_list":{"0":"post-13249","1":"product","2":"type-product","3":"status-publish","4":"has-post-thumbnail","6":"product_cat-paquetes-invierno","7":"product_tag-invierno","9":"first","10":"instock","11":"virtual","12":"sold-individually","13":"purchasable","14":"product-type-turitop"},"acf":[],"_links":{"self":[{"href":"https:\/\/excursionesenushuaia.com\/pt\/wp-json\/wp\/v2\/product\/13249","targetHints":{"allow":["GET"]}}],"collection":[{"href":"https:\/\/excursionesenushuaia.com\/pt\/wp-json\/wp\/v2\/product"}],"about":[{"href":"https:\/\/excursionesenushuaia.com\/pt\/wp-json\/wp\/v2\/types\/product"}],"replies":[{"embeddable":true,"href":"https:\/\/excursionesenushuaia.com\/pt\/wp-json\/wp\/v2\/comments?post=13249"}],"version-history":[{"count":4,"href":"https:\/\/excursionesenushuaia.com\/pt\/wp-json\/wp\/v2\/product\/13249\/revisions"}],"predecessor-version":[{"id":38778,"href":"https:\/\/excursionesenushuaia.com\/pt\/wp-json\/wp\/v2\/product\/13249\/revisions\/38778"}],"wp:featuredmedia":[{"embeddable":true,"href":"https:\/\/excursionesenushuaia.com\/pt\/wp-json\/wp\/v2\/media\/42035"}],"wp:attachment":[{"href":"https:\/\/excursionesenushuaia.com\/pt\/wp-json\/wp\/v2\/media?parent=13249"}],"wp:term":[{"taxonomy":"product_brand","embeddable":true,"href":"https:\/\/excursionesenushuaia.com\/pt\/wp-json\/wp\/v2\/product_brand?post=13249"},{"taxonomy":"product_cat","embeddable":true,"href":"https:\/\/excursionesenushuaia.com\/pt\/wp-json\/wp\/v2\/product_cat?post=13249"},{"taxonomy":"product_tag","embeddable":true,"href":"https:\/\/excursionesenushuaia.com\/pt\/wp-json\/wp\/v2\/product_tag?post=13249"}],"curies":[{"name":"wp","href":"https:\/\/api.w.org\/{rel}","templated":true}]}}