{"id":13800,"date":"2024-05-02T17:08:15","date_gmt":"2024-05-02T17:08:15","guid":{"rendered":"https:\/\/excursionesenushuaia.com\/?post_type=product&#038;p=13800"},"modified":"2026-03-06T14:00:17","modified_gmt":"2026-03-06T17:00:17","slug":"traslado-cerro-castor-ida-y-vuelta","status":"publish","type":"product","link":"https:\/\/excursionesenushuaia.com\/pt\/traslados\/traslado-cerro-castor-ida-y-vuelta\/","title":{"rendered":"Traslado para o Cerro Castor"},"content":{"rendered":"<h3>\ud83d\ude90\u2744\ufe0f <strong>Traslado ao Cerro Castor: seu dia na neve mais f\u00e1cil do que nunca<\/strong><\/h3>\n<p class=\"translation-block\">Voc\u00ea quer aproveitar o <b>Cerro Castor<\/b> com total conforto e sem complica\u00e7\u00f5es? Nosso traslado \u00e9 a solu\u00e7\u00e3o ideal para <b>aproveitar ao m\u00e1ximo o seu dia<\/b> no centro de esqui mais austral do mundo.<\/p>\n<p>&nbsp;<\/p>\n<p class=\"translation-block\">Buscamos voc\u00ea pontualmente em sua <b>hospedagem em Ushuaia<\/b> e o levamos diretamente ao Cerro Castor, localizado a 26 quil\u00f4metros da cidade.<\/p>\n<p>&nbsp;<\/p>\n<p class=\"translation-block\">Voc\u00ea n\u00e3o precisa se preocupar com nada: simplesmente <b>relaxe<\/b>, desfrute do conforto e aproveite ao m\u00e1ximo o seu dia na neve.<\/p>\n<p>&nbsp;<\/p>\n<p class=\"translation-block\">Ao terminar a jornada, <b>retornamos confortavelmente a Ushuaia<\/b>, para que voc\u00ea possa descansar tranquilo depois de um dia cheio de divers\u00e3o no Cerro Castor.<\/p>\n<p>&nbsp;<\/p>\n<p class=\"translation-block\"><b>Escolha tranquilidade<\/b>, <b>conforto e praticidade para o seu dia na neve!<\/b><\/p>","protected":false},"excerpt":{"rendered":"<p>Traslado <strong>ida y vuelta<\/strong> desde Ushuaia hasta <strong>Cerro Castor<\/strong>. Ideal para disfrutar el <strong>centro de esqu\u00ed m\u00e1s austral del mundo<\/strong> sin preocuparte por el transporte.<\/p>","protected":false},"featured_media":9130,"comment_status":"open","ping_status":"closed","template":"","meta":{"_acf_changed":false,"_joinchat":[]},"product_brand":[],"product_cat":[56,43],"product_tag":[87,88,89,75],"class_list":{"0":"post-13800","1":"product","2":"type-product","3":"status-publish","4":"has-post-thumbnail","6":"product_cat-traslados","7":"product_cat-invierno-nieve","8":"product_tag-invierno","9":"product_tag-otonos","10":"product_tag-primavera","11":"product_tag-verano","13":"first","14":"instock","15":"virtual","16":"sold-individually","17":"purchasable","18":"product-type-turitop"},"acf":[],"_links":{"self":[{"href":"https:\/\/excursionesenushuaia.com\/pt\/wp-json\/wp\/v2\/product\/13800","targetHints":{"allow":["GET"]}}],"collection":[{"href":"https:\/\/excursionesenushuaia.com\/pt\/wp-json\/wp\/v2\/product"}],"about":[{"href":"https:\/\/excursionesenushuaia.com\/pt\/wp-json\/wp\/v2\/types\/product"}],"replies":[{"embeddable":true,"href":"https:\/\/excursionesenushuaia.com\/pt\/wp-json\/wp\/v2\/comments?post=13800"}],"version-history":[{"count":6,"href":"https:\/\/excursionesenushuaia.com\/pt\/wp-json\/wp\/v2\/product\/13800\/revisions"}],"predecessor-version":[{"id":45148,"href":"https:\/\/excursionesenushuaia.com\/pt\/wp-json\/wp\/v2\/product\/13800\/revisions\/45148"}],"wp:featuredmedia":[{"embeddable":true,"href":"https:\/\/excursionesenushuaia.com\/pt\/wp-json\/wp\/v2\/media\/9130"}],"wp:attachment":[{"href":"https:\/\/excursionesenushuaia.com\/pt\/wp-json\/wp\/v2\/media?parent=13800"}],"wp:term":[{"taxonomy":"product_brand","embeddable":true,"href":"https:\/\/excursionesenushuaia.com\/pt\/wp-json\/wp\/v2\/product_brand?post=13800"},{"taxonomy":"product_cat","embeddable":true,"href":"https:\/\/excursionesenushuaia.com\/pt\/wp-json\/wp\/v2\/product_cat?post=13800"},{"taxonomy":"product_tag","embeddable":true,"href":"https:\/\/excursionesenushuaia.com\/pt\/wp-json\/wp\/v2\/product_tag?post=13800"}],"curies":[{"name":"wp","href":"https:\/\/api.w.org\/{rel}","templated":true}]}}