{"id":17890,"date":"2024-08-30T20:16:52","date_gmt":"2024-08-30T20:16:52","guid":{"rendered":"https:\/\/excursionesenushuaia.com\/?post_type=product&#038;p=17890"},"modified":"2026-04-10T11:24:00","modified_gmt":"2026-04-10T14:24:00","slug":"lagos-4x4-clasica-sunset","status":"publish","type":"product","link":"https:\/\/excursionesenushuaia.com\/pt\/aventuras-en-4x4\/lagos-4x4-clasica-sunset\/","title":{"rendered":"Lagos 4x4 Cl\u00e1ssico ao P\u00f4r do sol"},"content":{"rendered":"<h2><strong>\ud83c\udf38\ud83d\ude99 Lagos 4&#215;4 Cl\u00e1sica Sunset \u2013 Primavera<\/strong><\/h2>\n<p>O passeio <strong>Lagos 4&#215;4 Cl\u00e1sica Sunset en Ushuaia<\/strong> concentra en pocas horas lo mejor de la <strong>aventura todoterreno<\/strong> no <strong>Fim do Mundo<\/strong>, com um hor\u00e1rio pensado para aproveitar a tarde e fechar o dia em frente ao imponente <strong>Lago Fagnano.<\/strong><\/p>\n<p>A bordo de nuestras camionetas <strong>4x4 Toyota Land Cruiser Prado<\/strong>, voc\u00ea vai percorrer a <strong>Rota C\u00eanica Nacional N\u00b03<\/strong>, descobrindo paisagens que na primavera se enchem de tons verdes e florestas renovadas. Durante o passeio, voc\u00ea vai conhecer o <strong>mirante do Vale Carbajal<\/strong>, visitar os <strong>huskies siberianos<\/strong> no <strong>Siberianos del Fuego<\/strong>, e parar no <strong>mirante Paso Garibaldi<\/strong>, de onde se apreciam <strong>dois cart\u00f5es-postais ic\u00f4nicos<\/strong>: o <strong>Lago Escondido<\/strong> e o <strong>Lago Fagnano.<\/strong><\/p>\n<p>A experi\u00eancia atinge seu ponto mais emocionante na <strong>Reserva Natural Bombilla<\/strong>, onde as <strong>4x4<\/strong> se aventuram pelo <strong>o trecho off-road<\/strong> atravessando lama, ra\u00edzes e trilhas escondidas. O encerramento acontece na margem do <strong>Lago Fagnano<\/strong>, um dos maiores da nossa <strong>Argentina<\/strong>, onde voc\u00ea ter\u00e1 tempo para caminhar pela costa, tirar fotos e compartilhar uma <strong>uma \"picada\" (t\u00e1bua de frios) com bebidas<\/strong>, desfrutando de um final relaxante depois de uma tarde de pura aventura.<\/p>\n<p><strong>Lagos 4&#215;4 Cl\u00e1sica Sunset\u00a0 en Ushuaia<\/strong> \u00e9 a op\u00e7\u00e3o ideal para quem quer viver a ess\u00eancia da <strong>aventura 4x4 em Ushuaia<\/strong>, combinando paisajes \u00fanicos y naturaleza en el Fin del Mundo.<\/p>","protected":false},"excerpt":{"rendered":"<p class=\"translation-block\">Voc\u00ea vai conhecer os <b>lagos Escondido e Fagnano<\/b> em uma <b>travessia 4\u00d74<\/b> \u00e0 <b>tarde<\/b>, com visita aos <b>huskies<\/b>, <b>circuito off-road<\/b> e encerrando com uma <b>t\u00e1bua de frios \u00e0s margens do lago Fagnano<\/b>.<\/p>","protected":false},"featured_media":41771,"comment_status":"open","ping_status":"closed","template":"","meta":{"_acf_changed":false,"_joinchat":[]},"product_brand":[],"product_cat":[44],"product_tag":[],"class_list":{"0":"post-17890","1":"product","2":"type-product","3":"status-publish","4":"has-post-thumbnail","6":"product_cat-aventuras-en-4x4","8":"first","9":"instock","10":"virtual","11":"sold-individually","12":"purchasable","13":"product-type-turitop"},"acf":[],"_links":{"self":[{"href":"https:\/\/excursionesenushuaia.com\/pt\/wp-json\/wp\/v2\/product\/17890","targetHints":{"allow":["GET"]}}],"collection":[{"href":"https:\/\/excursionesenushuaia.com\/pt\/wp-json\/wp\/v2\/product"}],"about":[{"href":"https:\/\/excursionesenushuaia.com\/pt\/wp-json\/wp\/v2\/types\/product"}],"replies":[{"embeddable":true,"href":"https:\/\/excursionesenushuaia.com\/pt\/wp-json\/wp\/v2\/comments?post=17890"}],"version-history":[{"count":4,"href":"https:\/\/excursionesenushuaia.com\/pt\/wp-json\/wp\/v2\/product\/17890\/revisions"}],"predecessor-version":[{"id":45629,"href":"https:\/\/excursionesenushuaia.com\/pt\/wp-json\/wp\/v2\/product\/17890\/revisions\/45629"}],"wp:featuredmedia":[{"embeddable":true,"href":"https:\/\/excursionesenushuaia.com\/pt\/wp-json\/wp\/v2\/media\/41771"}],"wp:attachment":[{"href":"https:\/\/excursionesenushuaia.com\/pt\/wp-json\/wp\/v2\/media?parent=17890"}],"wp:term":[{"taxonomy":"product_brand","embeddable":true,"href":"https:\/\/excursionesenushuaia.com\/pt\/wp-json\/wp\/v2\/product_brand?post=17890"},{"taxonomy":"product_cat","embeddable":true,"href":"https:\/\/excursionesenushuaia.com\/pt\/wp-json\/wp\/v2\/product_cat?post=17890"},{"taxonomy":"product_tag","embeddable":true,"href":"https:\/\/excursionesenushuaia.com\/pt\/wp-json\/wp\/v2\/product_tag?post=17890"}],"curies":[{"name":"wp","href":"https:\/\/api.w.org\/{rel}","templated":true}]}}