{"id":19125,"date":"2024-09-23T11:53:24","date_gmt":"2024-09-23T14:53:24","guid":{"rendered":"https:\/\/excursionesenushuaia.com\/?post_type=product&#038;p=19125"},"modified":"2026-03-06T12:05:37","modified_gmt":"2026-03-06T15:05:37","slug":"safari-azul","status":"publish","type":"product","link":"https:\/\/excursionesenushuaia.com\/pt\/el-calafate\/safari-azul\/","title":{"rendered":"Saf\u00e1ri Azul"},"content":{"rendered":"<p>Safari Azul es una experiencia \u00fanica que te sumerge en la asombrosa belleza natural del Lago Argentino y sus imponentes glaciares, un verdadero tesoro de la Patagonia. Esta excursi\u00f3n est\u00e1 dise\u00f1ada para aquellos que buscan explorar un paisaje de ensue\u00f1o, lleno de contrastes y colores vibrantes. Durante la navegaci\u00f3n, podr\u00e1s apreciar glaciares como el Upsala y el Spegazzini, que se alzan majestuosamente sobre las aguas turquesas del lago, creando una vista impresionante que quedar\u00e1 grabada en tu memoria.<\/p>\n<p>A lo largo del recorrido, tendr\u00e1s la oportunidad de observar icebergs flotantes, cada uno con su forma y tonalidad \u00fanicas, as\u00ed como una variedad de fauna aut\u00f3ctona que habita en esta regi\u00f3n remota. Adem\u00e1s, disfrutar\u00e1s de un trekking guiado en la costa, donde podr\u00e1s adentrarte en la flora local y aprender sobre la importancia de la conservaci\u00f3n de estos ecosistemas fr\u00e1giles. La combinaci\u00f3n de la navegaci\u00f3n, el trekking y la rica informaci\u00f3n proporcionada por gu\u00edas expertos hace de Safari Azul una experiencia enriquecedora. Podr\u00e1s disfrutar de un almuerzo delicioso a bordo y momentos para disfrutar de la tranquilidad de la naturaleza, esta excursi\u00f3n se convierte en una aventura inolvidable que conecta a los visitantes con la magia de la Patagonia.<\/p>","protected":false},"excerpt":{"rendered":"<p>Naveg\u00e1 frente al imponente Glaciar Perito Moreno y camin\u00e1 cerca del hielo en una experiencia \u00fanica. Explor\u00e1 senderos, disfrut\u00e1 vistas incre\u00edbles y naveg\u00e1 junto a la pared sur del glaciar.<\/p>","protected":false},"featured_media":19183,"comment_status":"open","ping_status":"closed","template":"","meta":{"_acf_changed":false,"_joinchat":[]},"product_brand":[],"product_cat":[558],"product_tag":[],"class_list":{"0":"post-19125","1":"product","2":"type-product","3":"status-publish","4":"has-post-thumbnail","6":"product_cat-el-calafate","8":"first","9":"instock","10":"virtual","11":"sold-individually","12":"purchasable","13":"product-type-turitop"},"acf":[],"_links":{"self":[{"href":"https:\/\/excursionesenushuaia.com\/pt\/wp-json\/wp\/v2\/product\/19125","targetHints":{"allow":["GET"]}}],"collection":[{"href":"https:\/\/excursionesenushuaia.com\/pt\/wp-json\/wp\/v2\/product"}],"about":[{"href":"https:\/\/excursionesenushuaia.com\/pt\/wp-json\/wp\/v2\/types\/product"}],"replies":[{"embeddable":true,"href":"https:\/\/excursionesenushuaia.com\/pt\/wp-json\/wp\/v2\/comments?post=19125"}],"version-history":[{"count":2,"href":"https:\/\/excursionesenushuaia.com\/pt\/wp-json\/wp\/v2\/product\/19125\/revisions"}],"predecessor-version":[{"id":50183,"href":"https:\/\/excursionesenushuaia.com\/pt\/wp-json\/wp\/v2\/product\/19125\/revisions\/50183"}],"wp:featuredmedia":[{"embeddable":true,"href":"https:\/\/excursionesenushuaia.com\/pt\/wp-json\/wp\/v2\/media\/19183"}],"wp:attachment":[{"href":"https:\/\/excursionesenushuaia.com\/pt\/wp-json\/wp\/v2\/media?parent=19125"}],"wp:term":[{"taxonomy":"product_brand","embeddable":true,"href":"https:\/\/excursionesenushuaia.com\/pt\/wp-json\/wp\/v2\/product_brand?post=19125"},{"taxonomy":"product_cat","embeddable":true,"href":"https:\/\/excursionesenushuaia.com\/pt\/wp-json\/wp\/v2\/product_cat?post=19125"},{"taxonomy":"product_tag","embeddable":true,"href":"https:\/\/excursionesenushuaia.com\/pt\/wp-json\/wp\/v2\/product_tag?post=19125"}],"curies":[{"name":"wp","href":"https:\/\/api.w.org\/{rel}","templated":true}]}}