{"id":2499,"date":"2020-12-28T21:34:46","date_gmt":"2020-12-28T21:34:46","guid":{"rendered":"https:\/\/excursionesenushuaia.com\/?post_type=product&#038;p=2499"},"modified":"2026-04-10T09:09:20","modified_gmt":"2026-04-10T12:09:20","slug":"parque-trekking-y-canoas","status":"publish","type":"product","link":"https:\/\/excursionesenushuaia.com\/pt\/trekking\/parque-trekking-y-canoas\/","title":{"rendered":"Parque Nacional Tierra del Fuego + Trekking + Canoagem"},"content":{"rendered":"<h3>\u2600\ufe0f\ud83e\udd7e\ud83d\udef6 Parque Nacional Tierra del Fuego Trekking y Canoas en Verano: Aventuras y naturaleza en Ushuaia<\/h3>\n<p class=\"translation-block\">Voc\u00ea consegue imaginar percorrer uma das <b>trilhas mais emblem\u00e1ticas<\/b> do <b>Parque Nacional Tierra del Fuego<\/b> junto ao <b>Canal Beagle<\/b>, atravessar <b>florestas milenares<\/b> em pleno <b>ver\u00e3o<\/b> e <b>praticar canoagem<\/b> at\u00e9 <b>um dos pontos mais ic\u00f4nicos do parque<\/b>?<\/p>\n<p>Durante esta <strong>excurs\u00e3o completa<\/strong> voc\u00ea ir\u00e1 explorar as <strong>paisagens mais bonitas do Parque Nacional Tierra del Fuego<\/strong> em sua esta\u00e7\u00e3o mais revigorante, com <strong>dias mais quentes<\/strong>, <strong>bosques que voltam a ficar verdes<\/strong> e <strong>flores silvestres<\/strong> que preenchem todo o ambiente com vida.<\/p>\n<p>Desde o momento em que passamos para te buscar na sua <strong>acomoda\u00e7\u00e3o em Ushuaia<\/strong>, come\u00e7a uma <strong>experi\u00eancia diferente<\/strong>, pensada para percorrer o parque de uma forma mais ativa: <strong>trekking e aventura em canoas no mesmo dia<\/strong>.<\/p>\n<p>Come\u00e7amos a aventura percorrendo a <strong>famosa Senda Costera<\/strong>, uma trilha pitoresca que percorre a margem do <strong>Canal Beagle<\/strong>, cercada por <strong>florestas nativas<\/strong> na <strong>mejor estaci\u00f3n del a\u00f1o<\/strong> para estar en la <strong>natureza<\/strong>. Enquanto avan\u00e7a, voc\u00ea desfrutar\u00e1 de <strong>vistas panor\u00e2micas para o mar<\/strong>, ouvir\u00e1 o <strong>canto das aves<\/strong> y maravillarte con la <strong>natureza do Fim do Mundo<\/strong>.<\/p>\n<p>Voc\u00ea vai relaxar diante da bela paisagem do <strong>Lago Roca (Lago Acigami)<\/strong>, onde compartilharemos um <strong>almo\u00e7o especialmente preparado para voc\u00ea<\/strong>, em um <strong>ambiente natural \u00fanico e reconfortante<\/strong>, ideal para recuperar as energias e continuar aproveitando a experi\u00eancia.<\/p>\n<p>O momento mais especial chega quando nos preparamos para a <strong>adrenalina de remar em canoas infl\u00e1veis (duckies)<\/strong>: voc\u00ea vai navegar pelas <strong>\u00e1guas cristalinas do Rio Lapataia<\/strong> at\u00e9 chegar \u00e0 <strong>Ba\u00eda Lapataia<\/strong>, ponto onde termina a nossa aventura.<\/p>\n<p>Durante este percurso de canoagem, voc\u00ea sentir\u00e1 uma <strong>conex\u00e3o profunda com o ambiente natural<\/strong> do parque, desfrutando de <strong>vistas \u00fanicas<\/strong> e <strong>momentos inesquec\u00edveis<\/strong>, at\u00e9 chegar \u00e0 <strong>emblem\u00e1tica Ba\u00eda Lapataia<\/strong>, ponto final da <strong>Rota Nacional N\u00b03<\/strong>, que marca a uni\u00e3o de <strong>Ushuaia ao Alasca<\/strong> atrav\u00e9s da <strong>Rodovia Pan-Americana<\/strong>.<\/p>\n<p>Vas a estar acompa\u00f1ado por nuestro <strong>guia local especializado<\/strong>, que vai compartilhar com voc\u00ea <strong>hist\u00f3rias fascinantes<\/strong>, <strong>fatos curiosos<\/strong> e <strong>segredos do Parque Nacional Tierra del Fuego<\/strong>, enriquecendo ainda mais a sua experi\u00eancia.<\/p>\n<p>Nosso <strong>micro-\u00f4nibus<\/strong> estar\u00e1 esperando por voc\u00ea para retornar a Ushuaia, encerrando o dia com a <strong>sensaci\u00f3n \u00fanica de haber vivido una aventura especial en verano<\/strong>, combinando <strong>natureza, trekking e aventura<\/strong> no Fim do Mundo.<\/p>\n<p><strong>Reserve seu lugar agora<\/strong> no passeio <strong>Parque Nacional Tierra del Fuego Trekking y Canoas en verano<\/strong> e descubra o <strong>Fim do Mundo de uma maneira \u00fanica<\/strong>.<\/p>","protected":false},"excerpt":{"rendered":"<p>Descubr\u00ed el <strong>Parque Nacional<\/strong> de modo <strong>aventurero<\/strong>: <strong>trekking por la Senda Costera<\/strong> e <strong>navegaci\u00f3n en duckies<\/strong> pela <strong>Rio Lapataia<\/strong> hasta la emblem\u00e1tica <strong>Ba\u00eda Lapataia<\/strong>.<\/p>","protected":false},"featured_media":42076,"comment_status":"open","ping_status":"closed","template":"","meta":{"_acf_changed":false,"_joinchat":[]},"product_brand":[],"product_cat":[114,118,45,876],"product_tag":[89,75],"class_list":{"0":"post-2499","1":"product","2":"type-product","3":"status-publish","4":"has-post-thumbnail","6":"product_cat-trekking","7":"product_cat-canoas","8":"product_cat-parque-nacional","9":"product_cat-primavera-verano","10":"product_tag-primavera","11":"product_tag-verano","13":"first","14":"instock","15":"virtual","16":"sold-individually","17":"purchasable","18":"product-type-turitop"},"acf":[],"_links":{"self":[{"href":"https:\/\/excursionesenushuaia.com\/pt\/wp-json\/wp\/v2\/product\/2499","targetHints":{"allow":["GET"]}}],"collection":[{"href":"https:\/\/excursionesenushuaia.com\/pt\/wp-json\/wp\/v2\/product"}],"about":[{"href":"https:\/\/excursionesenushuaia.com\/pt\/wp-json\/wp\/v2\/types\/product"}],"replies":[{"embeddable":true,"href":"https:\/\/excursionesenushuaia.com\/pt\/wp-json\/wp\/v2\/comments?post=2499"}],"version-history":[{"count":6,"href":"https:\/\/excursionesenushuaia.com\/pt\/wp-json\/wp\/v2\/product\/2499\/revisions"}],"predecessor-version":[{"id":46109,"href":"https:\/\/excursionesenushuaia.com\/pt\/wp-json\/wp\/v2\/product\/2499\/revisions\/46109"}],"wp:featuredmedia":[{"embeddable":true,"href":"https:\/\/excursionesenushuaia.com\/pt\/wp-json\/wp\/v2\/media\/42076"}],"wp:attachment":[{"href":"https:\/\/excursionesenushuaia.com\/pt\/wp-json\/wp\/v2\/media?parent=2499"}],"wp:term":[{"taxonomy":"product_brand","embeddable":true,"href":"https:\/\/excursionesenushuaia.com\/pt\/wp-json\/wp\/v2\/product_brand?post=2499"},{"taxonomy":"product_cat","embeddable":true,"href":"https:\/\/excursionesenushuaia.com\/pt\/wp-json\/wp\/v2\/product_cat?post=2499"},{"taxonomy":"product_tag","embeddable":true,"href":"https:\/\/excursionesenushuaia.com\/pt\/wp-json\/wp\/v2\/product_tag?post=2499"}],"curies":[{"name":"wp","href":"https:\/\/api.w.org\/{rel}","templated":true}]}}