{"id":2597,"date":"2022-04-29T20:07:47","date_gmt":"2022-04-29T20:07:47","guid":{"rendered":"https:\/\/excursionesenushuaia.com\/?post_type=product&#038;p=2597"},"modified":"2026-04-07T13:00:22","modified_gmt":"2026-04-07T16:00:22","slug":"traslado-parque-nacional","status":"publish","type":"product","link":"https:\/\/excursionesenushuaia.com\/pt\/parque-nacional\/traslado-parque-nacional\/","title":{"rendered":"Traslado para o Parque Nacional Tierra del Fuego"},"content":{"rendered":"<p><span style=\"font-weight: 400\">Transfers en Ushuaia. Te pasamos a buscar en tu lugar de alojamiento para hacer el traslado al Parque Nacional.\u00a0<\/span><\/p>\n<p>&nbsp;<\/p>\n<p>Voc\u00ea pode escolher os seguintes hor\u00e1rios:<\/p>\n<ul>\n<li>9.00hs<\/li>\n<li>10.00hs<\/li>\n<li>11.00hs<\/li>\n<li>12.00hs<\/li>\n<li>14.00hs<\/li>\n<\/ul>\n<p>&nbsp;<\/p>\n<p>E podemos lev\u00e1-lo aos seguintes lugares do Parque Nacional Tierra del Fuego:<\/p>\n<ul>\n<li><span style=\"font-weight: 400\">Esta\u00e7\u00e3o Fim do Mundo.\u00a0<\/span><\/li>\n<li>Esta\u00e7\u00e3o Parque Nacional.<\/li>\n<li>Enseada Zaratiegui (caixa de correio).<\/li>\n<li>Ba\u00eda de Lapataia<\/li>\n<li>Centro Alakush.<\/li>\n<\/ul>\n<p>&nbsp;<\/p>\n<p>Os hor\u00e1rios de retorno s\u00e3o os seguintes:<\/p>\n<ul>\n<li style=\"list-style-type: none\">\n<ul>\n<li style=\"list-style-type: none\">\n<ul>\n<li>13.00hs<\/li>\n<li>15.00hs<\/li>\n<li>17.00hs<\/li>\n<li>19.00hs<\/li>\n<\/ul>\n<\/li>\n<\/ul>\n<\/li>\n<\/ul>\n<p>&nbsp;<\/p>\n<p>Antes de descer do \u00f4nibus, quando chegarmos, n\u00e3o se esque\u00e7a de avisar a que horas e onde iremos busc\u00e1-lo para traz\u00ea-lo de volta \u00e0 cidade.<\/p>\n<p>&nbsp;<\/p>","protected":false},"excerpt":{"rendered":"<p>Servicio de <strong>traslado ida y vuelta<\/strong> desde <strong>Ushuaia<\/strong> ao <strong>Parque Nacional Tierra del Fuego<\/strong>. Ideal para quienes quieren recorrerlo por su cuenta con total comodidad y <strong>sin preocuparse por el transporte<\/strong>.<\/p>","protected":false},"featured_media":42092,"comment_status":"open","ping_status":"closed","template":"","meta":{"_acf_changed":false,"_joinchat":[]},"product_brand":[],"product_cat":[45,56],"product_tag":[87,88,89,75],"class_list":{"0":"post-2597","1":"product","2":"type-product","3":"status-publish","4":"has-post-thumbnail","6":"product_cat-parque-nacional","7":"product_cat-traslados","8":"product_tag-invierno","9":"product_tag-otonos","10":"product_tag-primavera","11":"product_tag-verano","13":"first","14":"instock","15":"virtual","16":"sold-individually","17":"purchasable","18":"product-type-turitop"},"acf":[],"_links":{"self":[{"href":"https:\/\/excursionesenushuaia.com\/pt\/wp-json\/wp\/v2\/product\/2597","targetHints":{"allow":["GET"]}}],"collection":[{"href":"https:\/\/excursionesenushuaia.com\/pt\/wp-json\/wp\/v2\/product"}],"about":[{"href":"https:\/\/excursionesenushuaia.com\/pt\/wp-json\/wp\/v2\/types\/product"}],"replies":[{"embeddable":true,"href":"https:\/\/excursionesenushuaia.com\/pt\/wp-json\/wp\/v2\/comments?post=2597"}],"version-history":[{"count":8,"href":"https:\/\/excursionesenushuaia.com\/pt\/wp-json\/wp\/v2\/product\/2597\/revisions"}],"predecessor-version":[{"id":41980,"href":"https:\/\/excursionesenushuaia.com\/pt\/wp-json\/wp\/v2\/product\/2597\/revisions\/41980"}],"wp:featuredmedia":[{"embeddable":true,"href":"https:\/\/excursionesenushuaia.com\/pt\/wp-json\/wp\/v2\/media\/42092"}],"wp:attachment":[{"href":"https:\/\/excursionesenushuaia.com\/pt\/wp-json\/wp\/v2\/media?parent=2597"}],"wp:term":[{"taxonomy":"product_brand","embeddable":true,"href":"https:\/\/excursionesenushuaia.com\/pt\/wp-json\/wp\/v2\/product_brand?post=2597"},{"taxonomy":"product_cat","embeddable":true,"href":"https:\/\/excursionesenushuaia.com\/pt\/wp-json\/wp\/v2\/product_cat?post=2597"},{"taxonomy":"product_tag","embeddable":true,"href":"https:\/\/excursionesenushuaia.com\/pt\/wp-json\/wp\/v2\/product_tag?post=2597"}],"curies":[{"name":"wp","href":"https:\/\/api.w.org\/{rel}","templated":true}]}}