{"id":26256,"date":"2025-02-10T12:48:13","date_gmt":"2025-02-10T15:48:13","guid":{"rendered":"https:\/\/excursionesenushuaia.com\/?post_type=product&#038;p=26256"},"modified":"2026-03-06T13:38:21","modified_gmt":"2026-03-06T16:38:21","slug":"navegacion-moreno-spirit","status":"publish","type":"product","link":"https:\/\/excursionesenushuaia.com\/pt\/el-calafate\/navegacion-moreno-spirit\/","title":{"rendered":"Navegaci\u00f3n Moreno Spirit"},"content":{"rendered":"<p>\u00bfQu\u00e9 es lo que m\u00e1s te impulsa a visitar la maravillosa regi\u00f3n de la Patagonia? Sin duda, una de las principales razones es poder vivir la experiencia de conocer el Glaciar Perito Moreno. Con nosotros, tendr\u00e1s la oportunidad de acercarte a esta incre\u00edble maravilla natural, mientras te dejas llevar por tu esp\u00edritu aventurero.<\/p>\n<p>Todos los d\u00edas, ofrecemos paseos en bote de 1 hora de duraci\u00f3n que parten desde Puerto Moreno, justo al lado de las pasarelas, para navegar a lo largo de la imponente cara norte del Glaciar Perito Moreno. Su esplendor sobrecogedor y su magnificencia son a\u00fan m\u00e1s impresionantes cuando se disfrutan desde el punto de vista privilegiado que te brindamos.<\/p>\n<p>Nuestros gu\u00edas altamente capacitados estar\u00e1n a tu disposici\u00f3n para explicarte en detalle este fen\u00f3meno \u00fanico de hielo azul cristalino, asegur\u00e1ndose de que la informaci\u00f3n que recibas sea completamente precisa desde el punto de vista cient\u00edfico.<\/p>\n<p>\u00a1Te invitamos a unirte a esta experiencia \u00fanica a bordo con nosotros!<\/p>","protected":false},"excerpt":{"rendered":"<p>\u00bfQu\u00e9 es lo que m\u00e1s te impulsa a visitar la maravillosa regi\u00f3n de la Patagonia? Sin duda, una de las principales razones es poder vivir la experiencia de conocer el Glaciar Perito Moreno. Con nosotros, tendr\u00e1s la oportunidad de acercarte a esta incre\u00edble maravilla natural, mientras te dejas llevar por tu esp\u00edritu aventurero. Todos los [&hellip;]<\/p>\n","protected":false},"featured_media":23525,"comment_status":"open","ping_status":"closed","template":"","meta":{"_acf_changed":false,"_joinchat":[]},"product_brand":[],"product_cat":[558],"product_tag":[],"class_list":{"0":"post-26256","1":"product","2":"type-product","3":"status-publish","4":"has-post-thumbnail","6":"product_cat-el-calafate","8":"first","9":"instock","10":"virtual","11":"sold-individually","12":"purchasable","13":"product-type-turitop"},"acf":[],"_links":{"self":[{"href":"https:\/\/excursionesenushuaia.com\/pt\/wp-json\/wp\/v2\/product\/26256","targetHints":{"allow":["GET"]}}],"collection":[{"href":"https:\/\/excursionesenushuaia.com\/pt\/wp-json\/wp\/v2\/product"}],"about":[{"href":"https:\/\/excursionesenushuaia.com\/pt\/wp-json\/wp\/v2\/types\/product"}],"replies":[{"embeddable":true,"href":"https:\/\/excursionesenushuaia.com\/pt\/wp-json\/wp\/v2\/comments?post=26256"}],"version-history":[{"count":1,"href":"https:\/\/excursionesenushuaia.com\/pt\/wp-json\/wp\/v2\/product\/26256\/revisions"}],"predecessor-version":[{"id":26273,"href":"https:\/\/excursionesenushuaia.com\/pt\/wp-json\/wp\/v2\/product\/26256\/revisions\/26273"}],"wp:featuredmedia":[{"embeddable":true,"href":"https:\/\/excursionesenushuaia.com\/pt\/wp-json\/wp\/v2\/media\/23525"}],"wp:attachment":[{"href":"https:\/\/excursionesenushuaia.com\/pt\/wp-json\/wp\/v2\/media?parent=26256"}],"wp:term":[{"taxonomy":"product_brand","embeddable":true,"href":"https:\/\/excursionesenushuaia.com\/pt\/wp-json\/wp\/v2\/product_brand?post=26256"},{"taxonomy":"product_cat","embeddable":true,"href":"https:\/\/excursionesenushuaia.com\/pt\/wp-json\/wp\/v2\/product_cat?post=26256"},{"taxonomy":"product_tag","embeddable":true,"href":"https:\/\/excursionesenushuaia.com\/pt\/wp-json\/wp\/v2\/product_tag?post=26256"}],"curies":[{"name":"wp","href":"https:\/\/api.w.org\/{rel}","templated":true}]}}