{"id":2641,"date":"2022-04-29T20:41:03","date_gmt":"2022-04-29T20:41:03","guid":{"rendered":"https:\/\/excursionesenushuaia.com\/?post_type=product&#038;p=2641"},"modified":"2026-04-09T15:19:44","modified_gmt":"2026-04-09T18:19:44","slug":"sobrevuelos-en-helicoptero-7","status":"publish","type":"product","link":"https:\/\/excursionesenushuaia.com\/pt\/sobrevuelos\/sobrevuelos-en-helicoptero-7\/","title":{"rendered":"Sobrev\u00f4o de helic\u00f3ptero 7\u2032."},"content":{"rendered":"<p><span style=\"font-weight: 400\"><strong>Sobrev\u00f4o de helic\u00f3ptero 7\u2032. <\/strong>Voe sobre o canto mais ao sul do mundo<\/span><\/p>\n<p><span style=\"font-weight: 400\">Ver o mundo como um p\u00e1ssaro \u00e9 o sonho de todos.<\/span><\/p>\n<p><span style=\"font-weight: 400\">Neste passeio, voc\u00ea descobrir\u00e1 Ushuaia a partir de uma nova perspectiva.<\/span><\/p>\n<p><span style=\"font-weight: 400\">Ver\u00e1s el impresionante <a href=\"https:\/\/excursionesenushuaia.com\/pt\/la-experiencia-andina-en-ushuaia\/\">paisaje fueguino<\/a> desde las alturas, con unas emocionantes vistas de 360 grados.<\/span><\/p>\n<p><span style=\"font-weight: 400\">Durante 7 minutos sobrevoamos a cidade de Ushuaia. Passamos por lugares emblem\u00e1ticos como a Ba\u00eda de Golondrina, o Monte Susana, o Glaciar Marcial e o Presidio.<\/span><\/p>\n<p><span style=\"font-weight: 400\">As vistas s\u00e3o de tirar o f\u00f4lego e voc\u00ea ter\u00e1 a experi\u00eancia \u00fanica de ver a Terra do Fogo de cima. Finalmente, podemos ver o porto e a ba\u00eda de Ushuaia.<\/span><\/p>","protected":false},"excerpt":{"rendered":"<p>Un <strong>sobrevuelo panor\u00e1mico<\/strong> de <strong>7 minutos<\/strong> para disfrutar <strong>las mejores vistas de Ushuaia<\/strong>, o <strong>Canal Beagl<\/strong>e y las <strong>montanhas<\/strong> que rodean la <strong>cidade mais austral do mundo<\/strong>.<\/p>","protected":false},"featured_media":42222,"comment_status":"open","ping_status":"closed","template":"","meta":{"_acf_changed":false,"_joinchat":[]},"product_brand":[],"product_cat":[37],"product_tag":[87,88,89,75],"class_list":{"0":"post-2641","1":"product","2":"type-product","3":"status-publish","4":"has-post-thumbnail","6":"product_cat-sobrevuelos","7":"product_tag-invierno","8":"product_tag-otonos","9":"product_tag-primavera","10":"product_tag-verano","12":"first","13":"instock","14":"virtual","15":"sold-individually","16":"purchasable","17":"product-type-turitop"},"acf":[],"_links":{"self":[{"href":"https:\/\/excursionesenushuaia.com\/pt\/wp-json\/wp\/v2\/product\/2641","targetHints":{"allow":["GET"]}}],"collection":[{"href":"https:\/\/excursionesenushuaia.com\/pt\/wp-json\/wp\/v2\/product"}],"about":[{"href":"https:\/\/excursionesenushuaia.com\/pt\/wp-json\/wp\/v2\/types\/product"}],"replies":[{"embeddable":true,"href":"https:\/\/excursionesenushuaia.com\/pt\/wp-json\/wp\/v2\/comments?post=2641"}],"version-history":[{"count":7,"href":"https:\/\/excursionesenushuaia.com\/pt\/wp-json\/wp\/v2\/product\/2641\/revisions"}],"predecessor-version":[{"id":41998,"href":"https:\/\/excursionesenushuaia.com\/pt\/wp-json\/wp\/v2\/product\/2641\/revisions\/41998"}],"wp:featuredmedia":[{"embeddable":true,"href":"https:\/\/excursionesenushuaia.com\/pt\/wp-json\/wp\/v2\/media\/42222"}],"wp:attachment":[{"href":"https:\/\/excursionesenushuaia.com\/pt\/wp-json\/wp\/v2\/media?parent=2641"}],"wp:term":[{"taxonomy":"product_brand","embeddable":true,"href":"https:\/\/excursionesenushuaia.com\/pt\/wp-json\/wp\/v2\/product_brand?post=2641"},{"taxonomy":"product_cat","embeddable":true,"href":"https:\/\/excursionesenushuaia.com\/pt\/wp-json\/wp\/v2\/product_cat?post=2641"},{"taxonomy":"product_tag","embeddable":true,"href":"https:\/\/excursionesenushuaia.com\/pt\/wp-json\/wp\/v2\/product_tag?post=2641"}],"curies":[{"name":"wp","href":"https:\/\/api.w.org\/{rel}","templated":true}]}}