{"id":2642,"date":"2022-04-29T20:43:02","date_gmt":"2022-04-29T20:43:02","guid":{"rendered":"https:\/\/excursionesenushuaia.com\/?post_type=product&#038;p=2642"},"modified":"2026-04-07T15:09:16","modified_gmt":"2026-04-07T18:09:16","slug":"sobrevuelos-en-helicoptero-15","status":"publish","type":"product","link":"https:\/\/excursionesenushuaia.com\/pt\/sobrevuelos\/sobrevuelos-en-helicoptero-15\/","title":{"rendered":"Sobrevoo de Helic\u00f3ptero 15\u2032."},"content":{"rendered":"<p>Uma paisagem \u00fanica no mundo, t\u00e3o pr\u00f3xima que parece estar na ponta de seus dedos!<\/p>\n<p>E se formos em busca de uma joia natural? Essa maravilhosa experi\u00eancia come\u00e7a sobrevoando a Ba\u00eda de\u00a0<strong>Ushuaia<\/strong>, para depois entrar no\u00a0<strong>Vale do Rio Olivia<\/strong>, apreciando o majestoso\u00a0<strong>Monte Olivia<\/strong>\u00a0e o caracter\u00edstico\u00a0<strong>Monte Cinco Hermanos<\/strong>. Quando a imensid\u00e3o come\u00e7ar a tirar seu f\u00f4lego, voc\u00ea ver\u00e1 o\u00a0<strong>Vale do Carbajal<\/strong>, com sua composi\u00e7\u00e3o particular de turfa formada ao longo de milhares de anos.<\/p>\n<p>A aventura continua atravessando o vale e acessando uma segunda cadeia de montanhas que abriga um incr\u00edvel espelho d'\u00e1gua chamado\u00a0<strong>Lagoa Esmeralda<\/strong>, devido \u00e0 sua cor extraordin\u00e1ria, que se destaca principalmente durante o ver\u00e3o e mant\u00e9m uma cor que a destaca da paisagem durante o outono, at\u00e9 congelar e ficar branca durante as nevascas do inverno.<\/p>\n<p>Prepare sua c\u00e2mera... Voc\u00ea n\u00e3o vai acreditar!<\/p>","protected":false},"excerpt":{"rendered":"<p>&nbsp;<\/p>\n<p>&nbsp;<\/p>","protected":false},"featured_media":42223,"comment_status":"open","ping_status":"closed","template":"","meta":{"_acf_changed":false,"_joinchat":[]},"product_brand":[],"product_cat":[37,116],"product_tag":[87,88,89,75],"class_list":{"0":"post-2642","1":"product","2":"type-product","3":"status-publish","4":"has-post-thumbnail","6":"product_cat-sobrevuelos","7":"product_cat-helicoptero","8":"product_tag-invierno","9":"product_tag-otonos","10":"product_tag-primavera","11":"product_tag-verano","13":"first","14":"instock","15":"virtual","16":"sold-individually","17":"purchasable","18":"product-type-turitop"},"acf":[],"_links":{"self":[{"href":"https:\/\/excursionesenushuaia.com\/pt\/wp-json\/wp\/v2\/product\/2642","targetHints":{"allow":["GET"]}}],"collection":[{"href":"https:\/\/excursionesenushuaia.com\/pt\/wp-json\/wp\/v2\/product"}],"about":[{"href":"https:\/\/excursionesenushuaia.com\/pt\/wp-json\/wp\/v2\/types\/product"}],"replies":[{"embeddable":true,"href":"https:\/\/excursionesenushuaia.com\/pt\/wp-json\/wp\/v2\/comments?post=2642"}],"version-history":[{"count":1,"href":"https:\/\/excursionesenushuaia.com\/pt\/wp-json\/wp\/v2\/product\/2642\/revisions"}],"predecessor-version":[{"id":17130,"href":"https:\/\/excursionesenushuaia.com\/pt\/wp-json\/wp\/v2\/product\/2642\/revisions\/17130"}],"wp:featuredmedia":[{"embeddable":true,"href":"https:\/\/excursionesenushuaia.com\/pt\/wp-json\/wp\/v2\/media\/42223"}],"wp:attachment":[{"href":"https:\/\/excursionesenushuaia.com\/pt\/wp-json\/wp\/v2\/media?parent=2642"}],"wp:term":[{"taxonomy":"product_brand","embeddable":true,"href":"https:\/\/excursionesenushuaia.com\/pt\/wp-json\/wp\/v2\/product_brand?post=2642"},{"taxonomy":"product_cat","embeddable":true,"href":"https:\/\/excursionesenushuaia.com\/pt\/wp-json\/wp\/v2\/product_cat?post=2642"},{"taxonomy":"product_tag","embeddable":true,"href":"https:\/\/excursionesenushuaia.com\/pt\/wp-json\/wp\/v2\/product_tag?post=2642"}],"curies":[{"name":"wp","href":"https:\/\/api.w.org\/{rel}","templated":true}]}}