{"id":2643,"date":"2022-04-29T20:43:37","date_gmt":"2022-04-29T20:43:37","guid":{"rendered":"https:\/\/excursionesenushuaia.com\/?post_type=product&#038;p=2643"},"modified":"2026-03-28T14:13:36","modified_gmt":"2026-03-28T17:13:36","slug":"sobrevuelos-en-helicoptero-30","status":"publish","type":"product","link":"https:\/\/excursionesenushuaia.com\/pt\/sobrevuelos\/sobrevuelos-en-helicoptero-30\/","title":{"rendered":"30\u2032 Sobrevoo de Helic\u00f3ptero"},"content":{"rendered":"<p>Voc\u00ea j\u00e1 se imaginou contemplando a\u00a0<strong>Cordilheira dos Andes<\/strong>\u00a0do alto? Junte-se a n\u00f3s em um voo \u00fanico e inesquec\u00edvel. Quando voc\u00ea menos esperar, estar\u00e1 pousando no cora\u00e7\u00e3o da Cordilheira, para brindar com champanhe em uma montanha, uma paisagem \u00fanica no mundo, t\u00e3o pr\u00f3xima que parece estar na ponta dos seus dedos!<\/p>\n<p>&nbsp;<\/p>\n<p class=\"translation-block\">Essa maravilhosa experi\u00eancia come\u00e7a sobrevoando a ba\u00eda de <strong>Ushuaia<\/strong>, para depois entrar no <strong>Vale do Rio Olivia<\/strong>, apreciando o majestoso <strong>Monte Olivia<\/strong> e o caracter\u00edstico <strong>Monte Cinco Hermanos<\/strong>. Quando a imensid\u00e3o come\u00e7ar a tirar seu f\u00f4lego, voc\u00ea ver\u00e1 o Vale Carbajal, com sua composi\u00e7\u00e3o particular de turfa formada ao longo de milhares de anos. Abrigado em uma segunda cadeia de montanhas, como uma grande joia natural, voc\u00ea encontrar\u00e1 um espelho d'\u00e1gua chamado Lagoa Esmeralda, devido \u00e0 sua cor extraordin\u00e1ria, que se destaca principalmente durante o ver\u00e3o.<\/p>\n<p>&nbsp;<\/p>\n<p class=\"translation-block\">Ao longo do vale, o passeio continua, com uma paisagem \u00fanica no mundo; voc\u00ea ver\u00e1 centros de atividades de inverno, entre os quais se destaca o <strong>\u00abCerro Castor\u00bb<\/strong>, o centro de esqui mais austral do mundo. Poucos minutos depois, ap\u00f3s cruzar o <strong>Vale do Rio Encajonado<\/strong>, faremos uma parada para contemplar, em meio a essa quietude extremamente fria, um ambiente m\u00e1gico do qual emergem as imagens mais incr\u00edveis e austrais. Nesse momento emocionante, voc\u00ea far\u00e1 um brinde com champanhe antes de decolar novamente para Ushuaia. Uma experi\u00eancia emocionante que permanecer\u00e1 entre suas melhores lembran\u00e7as!<\/p>","protected":false},"excerpt":{"rendered":"<p>Vas a volar sobre <strong>Ushuaia<\/strong>, o <strong>Canal Beagle<\/strong>, o <strong>cordilheira<\/strong> e a <strong>Lagoa Esmeralda<\/strong>, <strong>aterrizando<\/strong> entre monta\u00f1as para <strong>brindar con champagne<\/strong> y vivir un <strong>momento \u00fanico<\/strong> no <strong>Fim do Mundo<\/strong>.<\/p>","protected":false},"featured_media":42224,"comment_status":"open","ping_status":"closed","template":"","meta":{"_acf_changed":false,"_joinchat":[]},"product_brand":[],"product_cat":[37,116],"product_tag":[87,88,89,75],"class_list":{"0":"post-2643","1":"product","2":"type-product","3":"status-publish","4":"has-post-thumbnail","6":"product_cat-sobrevuelos","7":"product_cat-helicoptero","8":"product_tag-invierno","9":"product_tag-otonos","10":"product_tag-primavera","11":"product_tag-verano","13":"first","14":"instock","15":"virtual","16":"sold-individually","17":"purchasable","18":"product-type-turitop"},"acf":[],"_links":{"self":[{"href":"https:\/\/excursionesenushuaia.com\/pt\/wp-json\/wp\/v2\/product\/2643","targetHints":{"allow":["GET"]}}],"collection":[{"href":"https:\/\/excursionesenushuaia.com\/pt\/wp-json\/wp\/v2\/product"}],"about":[{"href":"https:\/\/excursionesenushuaia.com\/pt\/wp-json\/wp\/v2\/types\/product"}],"replies":[{"embeddable":true,"href":"https:\/\/excursionesenushuaia.com\/pt\/wp-json\/wp\/v2\/comments?post=2643"}],"version-history":[{"count":3,"href":"https:\/\/excursionesenushuaia.com\/pt\/wp-json\/wp\/v2\/product\/2643\/revisions"}],"predecessor-version":[{"id":41999,"href":"https:\/\/excursionesenushuaia.com\/pt\/wp-json\/wp\/v2\/product\/2643\/revisions\/41999"}],"wp:featuredmedia":[{"embeddable":true,"href":"https:\/\/excursionesenushuaia.com\/pt\/wp-json\/wp\/v2\/media\/42224"}],"wp:attachment":[{"href":"https:\/\/excursionesenushuaia.com\/pt\/wp-json\/wp\/v2\/media?parent=2643"}],"wp:term":[{"taxonomy":"product_brand","embeddable":true,"href":"https:\/\/excursionesenushuaia.com\/pt\/wp-json\/wp\/v2\/product_brand?post=2643"},{"taxonomy":"product_cat","embeddable":true,"href":"https:\/\/excursionesenushuaia.com\/pt\/wp-json\/wp\/v2\/product_cat?post=2643"},{"taxonomy":"product_tag","embeddable":true,"href":"https:\/\/excursionesenushuaia.com\/pt\/wp-json\/wp\/v2\/product_tag?post=2643"}],"curies":[{"name":"wp","href":"https:\/\/api.w.org\/{rel}","templated":true}]}}