{"id":26815,"date":"2025-02-19T17:02:45","date_gmt":"2025-02-19T20:02:45","guid":{"rendered":"https:\/\/excursionesenushuaia.com\/?post_type=product&#038;p=26815"},"modified":"2026-04-09T10:50:52","modified_gmt":"2026-04-09T13:50:52","slug":"paquete-3-en-1","status":"publish","type":"product","link":"https:\/\/excursionesenushuaia.com\/pt\/combos\/paquete-3-en-1\/","title":{"rendered":"Combo 3 en 1"},"content":{"rendered":"<p>&nbsp;<\/p>\n<p><span style=\"font-weight: 400\">Si quer\u00e9s aprovechar al m\u00e1ximo tu d\u00eda en Ushuaia, este paquete es para vos. <\/span><b>En una jornada inolvidable<\/b><span style=\"font-weight: 400\">, vas a recorrer los paisajes m\u00e1s ic\u00f3nicos de Tierra del Fuego: <\/span><b>el Parque Nacional y el famoso Tren del Fin del Mundo por la ma\u00f1ana, y por la tarde la joya de la temporada: la Navegaci\u00f3n Ping\u00fcinera.<\/b><\/p>\n<p><b>\u203c\ufe0f <\/b><span style=\"font-weight: 400\">Este itinerario est\u00e1 disponible hasta el <strong>10 de abril<\/strong>. A partir de esa fecha, el paquete 3 en 1 que se ofrece es con la Navegaci\u00f3n Canal Beagle.<\/span><\/p>\n<p><span style=\"font-weight: 400\">\ud83d\udd58 <\/span><b>Duraci\u00f3n y ritmo de la excursi\u00f3n<\/b><b><br \/>\n<\/b><span style=\"font-weight: 400\">Este paquete est\u00e1 dise\u00f1ado para hacerse <\/span><b>en un solo d\u00eda<\/b><span style=\"font-weight: 400\">, combinando aventura y paisajes incre\u00edbles. <\/span><b>Por la ma\u00f1ana (hasta las 13:30 hs), vas a explorar el Parque Nacional Tierra del Fuego<\/b><span style=\"font-weight: 400\"> y viajar en el famoso Tren del Fin del Mundo. Despu\u00e9s, ten\u00e9s <\/span><b>una hora libre en el centro para almorzar<\/b><span style=\"font-weight: 400\"> antes de embarcarte en la <\/span><b>Navegaci\u00f3n Ping\u00fcinera (14:30 hs), donde vas a conocer la famosa Isla Martillo y la colonia de ping\u00fcinos m\u00e1s austral del mundo<\/b><span style=\"font-weight: 400\">.<\/span><\/p>\n<p><span style=\"font-weight: 400\">Si cont\u00e1s con m\u00e1s tiempo en Ushuaia y prefer\u00eds un ritmo m\u00e1s relajado, pod\u00e9s distribuir estas actividades en dos d\u00edas para disfrutarlas con m\u00e1s tranquilidad.<\/span><\/p>\n<p><span style=\"font-weight: 400\">\ud83c\udf32 <\/span><b>\u00bfQu\u00e9 incluye este paquete?<\/b><b><br \/>\n<\/b><span style=\"font-weight: 400\">\ud83d\udccd <\/span><b>Parque Nacional Tierra del Fuego:<\/b><span style=\"font-weight: 400\"> Recorrido por <\/span><b>Bah\u00eda Lapataia, Laguna Verde, Lago Roca y Ensenada Zaratiegui<\/b><span style=\"font-weight: 400\">.<\/span><\/p>\n<p><span style=\"font-weight: 400\">\ud83d\ude82 <\/span><b>Tren del Fin del Mundo:<\/b><span style=\"font-weight: 400\"> Viaje en el famoso tren desde la <\/span><b>Esta\u00e7\u00e3o do Fim do Mundo<\/b><span style=\"font-weight: 400\">, recorriendo los \u00faltimos 7 km del trayecto original que antiguamente hac\u00edan los presos.<\/span><\/p>\n<p><span style=\"font-weight: 400\">\ud83d\udef3\ufe0f <\/span><b>Navegaci\u00f3n Ping\u00fcinera:<\/b><span style=\"font-weight: 400\"> Paseo por el <\/span><b>Canal Beagle<\/b><span style=\"font-weight: 400\">, visitando la <\/span><b>Isla de los P\u00e1jaros, Isla de los Lobos, el famoso Faro Les Eclaireurs<\/b><span style=\"font-weight: 400\"> e a <\/span><b>Isla Martillo, hogar de los ping\u00fcinos<\/b><span style=\"font-weight: 400\">.<\/span><\/p>\n<p>&nbsp;<\/p>\n<p><b>\u26a0\ufe0fPol\u00edtica de No Reembolso por Condiciones Clim\u00e1ticas<\/b><\/p>\n<p><span style=\"font-weight: 400\">El servicio est\u00e1 sujeto a condiciones clim\u00e1ticas. El recorrido podr\u00e1 ser alterado parcial o totalmente debido a imprevistos meteorol\u00f3gicos. En caso de cumplirse el 70% del recorrido programado, no se efectuar\u00e1n reembolsos.<\/span><\/p>","protected":false},"excerpt":{"rendered":"<p><strong>Un d\u00eda<\/strong> para conocer <strong>dos experiencias imperdibles de Ushuaia<\/strong>: el famoso <strong>Trem do Fim do Mundo<\/strong>, <strong>Parque Nacional Tierra del Fuego<\/strong> e a <strong>navegaci\u00f3n<\/strong> pela <strong>Canal Beagle<\/strong>.<\/p>","protected":false},"featured_media":12898,"comment_status":"open","ping_status":"closed","template":"","meta":{"_acf_changed":false,"_joinchat":[]},"product_brand":[],"product_cat":[875],"product_tag":[87,88,89,75],"class_list":{"0":"post-26815","1":"product","2":"type-product","3":"status-publish","4":"has-post-thumbnail","6":"product_cat-combos","7":"product_tag-invierno","8":"product_tag-otonos","9":"product_tag-primavera","10":"product_tag-verano","12":"first","13":"instock","14":"virtual","15":"sold-individually","16":"purchasable","17":"product-type-turitop"},"acf":[],"_links":{"self":[{"href":"https:\/\/excursionesenushuaia.com\/pt\/wp-json\/wp\/v2\/product\/26815","targetHints":{"allow":["GET"]}}],"collection":[{"href":"https:\/\/excursionesenushuaia.com\/pt\/wp-json\/wp\/v2\/product"}],"about":[{"href":"https:\/\/excursionesenushuaia.com\/pt\/wp-json\/wp\/v2\/types\/product"}],"replies":[{"embeddable":true,"href":"https:\/\/excursionesenushuaia.com\/pt\/wp-json\/wp\/v2\/comments?post=26815"}],"version-history":[{"count":10,"href":"https:\/\/excursionesenushuaia.com\/pt\/wp-json\/wp\/v2\/product\/26815\/revisions"}],"predecessor-version":[{"id":51127,"href":"https:\/\/excursionesenushuaia.com\/pt\/wp-json\/wp\/v2\/product\/26815\/revisions\/51127"}],"wp:featuredmedia":[{"embeddable":true,"href":"https:\/\/excursionesenushuaia.com\/pt\/wp-json\/wp\/v2\/media\/12898"}],"wp:attachment":[{"href":"https:\/\/excursionesenushuaia.com\/pt\/wp-json\/wp\/v2\/media?parent=26815"}],"wp:term":[{"taxonomy":"product_brand","embeddable":true,"href":"https:\/\/excursionesenushuaia.com\/pt\/wp-json\/wp\/v2\/product_brand?post=26815"},{"taxonomy":"product_cat","embeddable":true,"href":"https:\/\/excursionesenushuaia.com\/pt\/wp-json\/wp\/v2\/product_cat?post=26815"},{"taxonomy":"product_tag","embeddable":true,"href":"https:\/\/excursionesenushuaia.com\/pt\/wp-json\/wp\/v2\/product_tag?post=26815"}],"curies":[{"name":"wp","href":"https:\/\/api.w.org\/{rel}","templated":true}]}}