{"id":41414,"date":"2025-09-25T08:45:20","date_gmt":"2025-09-25T11:45:20","guid":{"rendered":"https:\/\/excursionesenushuaia.com\/?post_type=product&#038;p=41414"},"modified":"2026-04-06T12:28:17","modified_gmt":"2026-04-06T15:28:17","slug":"lagos-4x4-full","status":"publish","type":"product","link":"https:\/\/excursionesenushuaia.com\/pt\/aventuras-en-4x4\/lagos-4x4-full\/","title":{"rendered":"Lagos 4\u00d74 FULL"},"content":{"rendered":"<h3>\ud83c\udf38<strong>\ud83d\ude99 Lagos 4&#215;4 FULL Primavera \u2013 La aventura completa en Ushuaia <\/strong><\/h3>\n<p>Viva a experi\u00eancia <b>Lagos 4x4 FULL em Ushuaia<\/b>: uma <b>excurs\u00e3o completa<\/b> que une o <b>Vale do Carbajal<\/b>, visita ao <b>canil de cachorros husky siberianoS<\/b>, o <b>Passe Garibaldi<\/b>, o <b>Lago Escondido<\/b> e a imensid\u00e3o do <b>Lago Fagnano<\/b> com um circuito <b>off-road<\/b> por paisagens \u00fanicas. Al\u00e9m disso, voc\u00ea vai desfrutar de um <b>um almo\u00e7o completo<\/b> no centro invernal hist\u00f3rico <b>Villa Las Cotorras<\/b> e atividades exclusivas: passeio de <b>quadriciclos<\/b> e <b>caminhada at\u00e9 uma castoreira ativa<\/b>.<br \/>\nDurante toda a excurs\u00e3o, <b>nosso guia e motorista experiente<\/b> vai te acompanhar com hist\u00f3rias fascinantes e curiosidades que tornar\u00e3o cada momento ainda mais especial.<br \/>\nA aventura come\u00e7a quando buscamos voc\u00ea diretamente na <b>sua hospedagem<\/b> em nossos ve\u00edculos todo-o-terreno <b>Toyota Land Cruiser Prado<\/b>, especialmente projetados para percorrer os caminhos alternativos do <b>off-road<\/b>. Seguimos em dire\u00e7\u00e3o ao norte da <b>Ilha Grande da Terra do Fogo<\/b>, pela <b>Rota C\u00eanica Nacional N\u00b03<\/b>. No caminho, voc\u00ea sentir\u00e1 a emo\u00e7\u00e3o \u00fanica do que est\u00e1 por vir: explorar lugares aos quais s\u00f3 se chega vivendo uma verdadeira aventura.<br \/>\nA primeira parada \u00e9 no <b>Vale do Carbajal<\/b>l, com sua paisagem de <b>origem glacial<\/b> rodeada por <b>turfeiras<\/b>, bosques nativos e as montanhas dos <b>Andes Fueguinos<\/b>. Seguimos viagem e chega a vez de <b>Siberianos del Fuego<\/b>, um centro de inverno onde voc\u00ea vai conhecer os famosos <b>huskies siberianos<\/b> que protagonizam a cultura do mushing no inverno de <b>Ushuaia<\/b>. Prepare-se para um encontro cheio de ternura com esses cachorrinhos incr\u00edveis<br \/>\nRetomando a <b>Rota Nacional N\u00b03<\/b>, seguimos em dire\u00e7\u00e3o ao <b>mirante Paso Garibaldi<\/b>, nossa passagem transcordilheirana, de onde se tem vistas panor\u00e2micas para os <b>Lagos Escondido e Fagnano<\/b>.<br \/>\nA aventura pela <b>Casona de Mary<\/b>, onde fazemos uma breve pausa antes de continuar a aventura. De l\u00e1, o caminho nos conduz \u00e0 <b>Reserva Natural Bombilla<\/b>, onde come\u00e7a a parte mais divertida do passeio: <b>o trecho off-road<\/b>. Entre lama, florestas e caminhos irregulares, chegamos \u00e0 margem do <b>Lago Fagnano<\/b>, onde voc\u00ea ter\u00e1 tempo para percorrer a beira de um dos maiores lagos da nossa <b>Argentina<\/b> desfrutando de uma \"picada\" (t\u00e1bua de frios) com essa vista exclusiva.<br \/>\nO dia continua em <b>Villa Las Cotorras<\/b>, outro dos tradicionais centros de inverno hist\u00f3ricos, onde voc\u00ea vai desfrutar de um <b>um almo\u00e7o completo<\/b> com a possibilidade de comer o cl\u00e1ssico <b>cordeiro fueguino \u00e0 vontade<\/b>, ou escolher outra das deliciosas op\u00e7\u00f5es: bife \u00e0 milanesa, frango ou massas caseiras.<br \/>\nDe barriga cheia, cora\u00e7\u00e3o contente, continuamos a desfrutar das <b>atividades exclusivas<\/b>: um passeio de <b>quadriciclos<\/b>,  a dose de <b>adrenalina<\/b> que te permite sentir de perto a energia da paisagem fueguina. Al\u00e9m disso, voc\u00ea ter\u00e1 a oportunidade de fazer uma <b>caminhada at\u00e9 uma castoreira ativa<\/b>, que vai te mostrar como esses animais modificaram o ambiente com seu trabalho constante.<br \/>\nAo final do dia, retornamos para <b>sua hospedagem em Ushuaia<\/b> com a sensa\u00e7\u00e3o de ter vivido um dia completo de aventura 4x4, hist\u00f3ria, natureza e sabores patag\u00f4nicos no <b>Fim do Mundo<\/b>.<\/p>","protected":false},"excerpt":{"rendered":"<p class=\"translation-block\">Um <b>dia completo de aventura<\/b> com <b>huskies<\/b>, os <b>Lagos Escondido e Fagnano<\/b>, <b>circuito off-road<\/b> em 4\u00d74, <b>petiscos<\/b> \u00e0s margens do lago, <b>almo\u00e7o<\/b> e <b>atividades<\/b> na natureza.<\/p>","protected":false},"featured_media":41657,"comment_status":"open","ping_status":"closed","template":"","meta":{"_acf_changed":false,"_joinchat":[]},"product_brand":[],"product_cat":[44],"product_tag":[],"class_list":{"0":"post-41414","1":"product","2":"type-product","3":"status-publish","4":"has-post-thumbnail","6":"product_cat-aventuras-en-4x4","8":"first","9":"instock","10":"virtual","11":"sold-individually","12":"purchasable","13":"product-type-turitop"},"acf":[],"_links":{"self":[{"href":"https:\/\/excursionesenushuaia.com\/pt\/wp-json\/wp\/v2\/product\/41414","targetHints":{"allow":["GET"]}}],"collection":[{"href":"https:\/\/excursionesenushuaia.com\/pt\/wp-json\/wp\/v2\/product"}],"about":[{"href":"https:\/\/excursionesenushuaia.com\/pt\/wp-json\/wp\/v2\/types\/product"}],"replies":[{"embeddable":true,"href":"https:\/\/excursionesenushuaia.com\/pt\/wp-json\/wp\/v2\/comments?post=41414"}],"version-history":[{"count":6,"href":"https:\/\/excursionesenushuaia.com\/pt\/wp-json\/wp\/v2\/product\/41414\/revisions"}],"predecessor-version":[{"id":46746,"href":"https:\/\/excursionesenushuaia.com\/pt\/wp-json\/wp\/v2\/product\/41414\/revisions\/46746"}],"wp:featuredmedia":[{"embeddable":true,"href":"https:\/\/excursionesenushuaia.com\/pt\/wp-json\/wp\/v2\/media\/41657"}],"wp:attachment":[{"href":"https:\/\/excursionesenushuaia.com\/pt\/wp-json\/wp\/v2\/media?parent=41414"}],"wp:term":[{"taxonomy":"product_brand","embeddable":true,"href":"https:\/\/excursionesenushuaia.com\/pt\/wp-json\/wp\/v2\/product_brand?post=41414"},{"taxonomy":"product_cat","embeddable":true,"href":"https:\/\/excursionesenushuaia.com\/pt\/wp-json\/wp\/v2\/product_cat?post=41414"},{"taxonomy":"product_tag","embeddable":true,"href":"https:\/\/excursionesenushuaia.com\/pt\/wp-json\/wp\/v2\/product_tag?post=41414"}],"curies":[{"name":"wp","href":"https:\/\/api.w.org\/{rel}","templated":true}]}}