{"id":41778,"date":"2025-10-08T11:51:31","date_gmt":"2025-10-08T14:51:31","guid":{"rendered":"https:\/\/excursionesenushuaia.com\/?post_type=product&#038;p=41778"},"modified":"2026-04-16T08:24:41","modified_gmt":"2026-04-16T11:24:41","slug":"parque-nacional-tren-del-fin-del-mundo-imperdible","status":"publish","type":"product","link":"https:\/\/excursionesenushuaia.com\/pt\/parque-nacional\/parque-nacional-tren-del-fin-del-mundo-imperdible\/","title":{"rendered":"Parque Nacional + Trem do Fim do Mundo - Imperd\u00edvel"},"content":{"rendered":"<h3>\ud83c\udf38 \ud83d\ude82 \ud83c\udf32 Combo Primavera: Parque Nacional + Trem do Fim do Mundo \u2013 IMPERD\u00cdVEL<\/h3>\n<p class=\"translation-block\">A experi\u00eancia <b>Tour Parque Nacional + Trem do Fim do Mundo IMPERD\u00cdVEL<\/b> em <b>Ushuaia<\/b> combina em uma \u00fanica jornada <b>hist\u00f3ria, natureza<\/b> e a <b>possibilidade de escolher uma atividade extra no seu dia<\/b>: um <i>City Tour<\/i> por <b>Ushuaia<\/b> ou um <i>almo\u00e7o<\/i> no <i><b>El Asador<\/b><\/i>, alternativas ideais para <b>complementar<\/b> a <b>experi\u00eancia<\/b>.<\/p>\n<p>&nbsp;<\/p>\n<p>Voc\u00ea subir\u00e1 no <b>famoso Trem do Fim do Mundo<\/b>, o trem mais austral do planeta, e <b>reviver no tempo e espa\u00e7o<\/b> os <b>\u00faltimos 7 km do percurso original<\/b> que os <b>presos do Pres\u00eddio de Ushuaia<\/b> costumavam fazer para trabalhos de corte de \u00e1rvores <b>h\u00e1 um s\u00e9culo atr\u00e1s<\/b>. Os <b>vag\u00f5es panor\u00e2micos<\/b> permitir\u00e3o que voc\u00ea desfrute de uma paisagem que retoma sua vitalidade gra\u00e7as \u00e0 <b>primavera<\/b>: <b>vales<\/b> cobertos de verde, <b>florestas<\/b> que brotam com novas folhas e <b>montanhas<\/b> ainda com <b>neve<\/b> em seus picos, mostrando a <b>renova\u00e7\u00e3o<\/b> caracter\u00edstica da esta\u00e7\u00e3o.<\/p>\n<p>&nbsp;<\/p>\n<p class=\"translation-block\">Tamb\u00e9m, voc\u00ea descobrir\u00e1 o <b>Parque Nacional Tierra del Fuego<\/b>, o \u00fanico parque nacional da nossa <b>Argentina<\/b> onde <b>floresta, mar e montanhas<\/b> se encontram em um mesmo lugar. Voc\u00ea conhecer\u00e1 seus <b>lugares mais emblem\u00e1ticos<\/b>:<\/p>\n<p>&nbsp;<\/p>\n<ul>\n<li style=\"list-style-type: none\">\n<ul>\n<li>\ud83c\udf0a <b>Ba\u00eda Lapataia<\/b>, final da Rota Nacional N\u00ba3 e da Pan-Americana.<\/li>\n<\/ul>\n<\/li>\n<\/ul>\n<p>&nbsp;<\/p>\n<ul>\n<li style=\"list-style-type: none\">\n<ul>\n<li>\ud83c\udfde\ufe0f <b>Lago Acigami<\/b>, rodeado de montanhas com o verde renovado da esta\u00e7\u00e3o.<\/li>\n<\/ul>\n<\/li>\n<\/ul>\n<p>&nbsp;<\/p>\n<ul>\n<li style=\"list-style-type: none\">\n<ul>\n<li>\ud83c\udf3f <b>Lagoa Verde<\/b>, com seu cl\u00e1ssico tom esmeralda e vistas para o Cerro C\u00f3ndor.<\/li>\n<\/ul>\n<\/li>\n<\/ul>\n<p>&nbsp;<\/p>\n<ul>\n<li>\ud83c\udf05 <b>Ba\u00eda Enseada Zaratiegui<\/b>, com seu cais hist\u00f3rico e a caixa postal mais austral do Correio Argentino.<\/li>\n<\/ul>\n<p class=\"translation-block\">Al\u00e9m de viver a experi\u00eancia <b>Parque Nacional + Trem do Fim do Mundo IMPERD\u00cdVEL<\/b>, voc\u00ea poder\u00e1 adicionar <b>uma atividade extra<\/b> para completar o seu dia: voc\u00ea tem <b>duas op\u00e7\u00f5es<\/b> para escolher, pensadas para aproveitar <b>Ushuaia<\/b> da melhor maneira:<\/p>\n<p>&nbsp;<\/p>\n<ul>\n<li style=\"list-style-type: none\">\n<ul>\n<li>\ud83d\ude8c <b>Passeio pela cidade de Ushuaia<\/b>: um passeio pelos <b>pontos mais representativos<\/b> da <b>cidade<\/b>, com <b>vistas panor\u00e2micas<\/b> e <b>paradas chave<\/b> para entender sua <b>hist\u00f3ria<\/b>, o seu <b>arquitetura<\/b>, suas <b>bairros tradicionais<\/b> e as <b>lugares<\/b> que marcaram o crescimento de <b>Ushuaia<\/b>.<\/li>\n<\/ul>\n<\/li>\n<\/ul>\n<p>&nbsp;<\/p>\n<ul>\n<li>\ud83c\udf7d\ufe0f <b>Almo\u00e7o no El Asador<\/b>: uma <b>proposta gastron\u00f4mica<\/b> com formato de <b>churrasco livre por etapas<\/b>, onde voc\u00ea encontrar\u00e1 um <b>buffet<\/b> com <b>diferentes acompanhamentos<\/b> e <b>pratos quentes<\/b>, perfeito para desfrutar de uma <b>refei\u00e7\u00e3o farta<\/b> e relaxada em um ambiente confort\u00e1vel e familiar.<\/li>\n<\/ul>\n<p>&nbsp;<\/p>\n<p class=\"translation-block\">A experi\u00eancia <b>Parque Nacional + Trem do Fim do Mundo IMPERD\u00cdVEL<\/b> \u00e9 a <b>proposta ideal<\/b> para quem quer viver em <b>uma \u00fanica jornada<\/b> o <b>melhor de Ushuaia<\/b>: <b>hist\u00f3ria<\/b>, <b>natureza<\/b> e a flexibilidade de <b>escolher como acompanhar o seu dia<\/b>: desfrutando da gastronomia no <b>El Asador<\/b> ou adicionando o melhor <b>City Tour<\/b> em <b>Ushuaia<\/b>.<\/p>","protected":false},"excerpt":{"rendered":"<p>Vas a viajar en el famoso <strong>Trem do Fim do Mundo<\/strong>, recorrer lo mejor del <strong>Parque Nacional Tierra del Fuego<\/strong> y elegir una <strong>experiencia extra<\/strong> para cerrar tu d\u00eda: <strong>almo\u00e7o<\/strong> en parrilla libre o <strong>CityTour<\/strong>.<\/p>","protected":false},"featured_media":42309,"comment_status":"open","ping_status":"closed","template":"","meta":{"_acf_changed":false,"_joinchat":[]},"product_brand":[],"product_cat":[45,559],"product_tag":[],"class_list":{"0":"post-41778","1":"product","2":"type-product","3":"status-publish","4":"has-post-thumbnail","6":"product_cat-parque-nacional","7":"product_cat-tren-fin-del-mundo","9":"first","10":"instock","11":"virtual","12":"sold-individually","13":"purchasable","14":"product-type-turitop"},"acf":[],"_links":{"self":[{"href":"https:\/\/excursionesenushuaia.com\/pt\/wp-json\/wp\/v2\/product\/41778","targetHints":{"allow":["GET"]}}],"collection":[{"href":"https:\/\/excursionesenushuaia.com\/pt\/wp-json\/wp\/v2\/product"}],"about":[{"href":"https:\/\/excursionesenushuaia.com\/pt\/wp-json\/wp\/v2\/types\/product"}],"replies":[{"embeddable":true,"href":"https:\/\/excursionesenushuaia.com\/pt\/wp-json\/wp\/v2\/comments?post=41778"}],"version-history":[{"count":12,"href":"https:\/\/excursionesenushuaia.com\/pt\/wp-json\/wp\/v2\/product\/41778\/revisions"}],"predecessor-version":[{"id":51336,"href":"https:\/\/excursionesenushuaia.com\/pt\/wp-json\/wp\/v2\/product\/41778\/revisions\/51336"}],"wp:featuredmedia":[{"embeddable":true,"href":"https:\/\/excursionesenushuaia.com\/pt\/wp-json\/wp\/v2\/media\/42309"}],"wp:attachment":[{"href":"https:\/\/excursionesenushuaia.com\/pt\/wp-json\/wp\/v2\/media?parent=41778"}],"wp:term":[{"taxonomy":"product_brand","embeddable":true,"href":"https:\/\/excursionesenushuaia.com\/pt\/wp-json\/wp\/v2\/product_brand?post=41778"},{"taxonomy":"product_cat","embeddable":true,"href":"https:\/\/excursionesenushuaia.com\/pt\/wp-json\/wp\/v2\/product_cat?post=41778"},{"taxonomy":"product_tag","embeddable":true,"href":"https:\/\/excursionesenushuaia.com\/pt\/wp-json\/wp\/v2\/product_tag?post=41778"}],"curies":[{"name":"wp","href":"https:\/\/api.w.org\/{rel}","templated":true}]}}