{"id":41783,"date":"2025-10-08T11:53:47","date_gmt":"2025-10-08T14:53:47","guid":{"rendered":"https:\/\/excursionesenushuaia.com\/?post_type=product&#038;p=41783"},"modified":"2026-04-16T08:38:26","modified_gmt":"2026-04-16T11:38:26","slug":"parque-nacional-tren-del-fin-del-mundo-full","status":"publish","type":"product","link":"https:\/\/excursionesenushuaia.com\/pt\/parque-nacional\/parque-nacional-tren-del-fin-del-mundo-full\/","title":{"rendered":"Parque Nacional + Trem do Fim do Mundo COMPLETO"},"content":{"rendered":"<h3>\ud83d\ude82\ud83c\udf32\ud83d\udc3e <b>Parque Nacional + Trem do Fim do Mundo COMPLETO \u2013 Primavera<\/b><\/h3>\n<p class=\"translation-block\">O passeio <b>Parque Nacional + Trem do Fim do Mundo FULL em Ushuaia<\/b> \u00e9 o <b>pacote mais abrangente<\/b> para descobrir a <b>hist\u00f3ria<\/b> fascinante, a <\/b>natureza<\/b> exuberante, a <b>culin\u00e1ria local<\/b> e a verdadeira <b>alma<\/b> da cidade mais austral do mundo, em uma \u00fanica <b>viv\u00eancia inesquec\u00edvel<\/b>.<\/p>\n<p class=\"translation-block\">Combina o famoso <b>Trem do Fim do Mundo<\/b>, o passeio pelos <b>pontos<\/b> mais <b>emblem\u00e1ticos<\/b> do <b>Parque Nacional Tierra del Fuego<\/b>, um <b>almo\u00e7o completo<\/b> no <b>El Asador Steak House<\/b> e um <b>City Tour<\/b> em <b>Ushuaia<\/b> inesquec\u00edvel.<\/p>\n<p>Voc\u00ea subir\u00e1 no famoso <b>Trem do Fim do Mundo<\/b>, revivendo em <b>tempo e espa\u00e7o<\/b> os <b>\u00faltimos 7 km do percurso original<\/b> que os <b>antigos presos do Pres\u00eddio de Ushuaia<\/b>. Os <b>vag\u00f5es panor\u00e2micos<\/b> permitir\u00e3o que voc\u00ea desfrute de uma paisagem que retoma sua vitalidade gra\u00e7as \u00e0 <b>primavera<\/b>: <b>vales<\/b> cobertos de verde, <b>florestas<\/b> que brotam com novas folhas e <b>montanhas<\/b> ainda com <b>neve<\/b> em seus picos, mostrando a <b>renova\u00e7\u00e3o<\/b> caracter\u00edstica da esta\u00e7\u00e3o.<\/p>\n<p class=\"translation-block\">Tamb\u00e9m, voc\u00ea descobrir\u00e1 o <b>Parque Nacional Tierra del Fuego<\/b>, o \u00fanico parque nacional da nossa <b>Argentina<\/b> onde <b>floresta, mar e montanhas<\/b> se encontram em um mesmo lugar. Voc\u00ea conhecer\u00e1 seus <b>lugares mais emblem\u00e1ticos<\/b>:<\/p>\n<ul>\n<li style=\"list-style-type: none\">\n<ul>\n<li>\ud83c\udf0a <b>Ba\u00eda Lapataia<\/b>, final da Rota Nacional N\u00ba3 e da Rodovia Pan-Americana.<\/li>\n<\/ul>\n<\/li>\n<\/ul>\n<p>&nbsp;<\/p>\n<ul>\n<li style=\"list-style-type: none\">\n<ul>\n<li>\ud83c\udfde\ufe0f <b>Lago Acigami<\/b>, rodeado de montanhas com o verde renovado da esta\u00e7\u00e3o.<\/li>\n<\/ul>\n<\/li>\n<\/ul>\n<p>&nbsp;<\/p>\n<ul>\n<li style=\"list-style-type: none\">\n<ul>\n<li>\ud83c\udf3f <b>Lagoa Verde<\/b>, com seu cl\u00e1ssico tom esmeralda e vistas para o Cerro C\u00f3ndor.<\/li>\n<\/ul>\n<\/li>\n<\/ul>\n<p>&nbsp;<\/p>\n<ul>\n<li>\ud83c\udf05 <b>Ba\u00eda Enseada Zaratiegui<\/b>, com seu cais hist\u00f3rico e a caixa postal mais austral do Correio Argentino.<\/li>\n<\/ul>\n<p class=\"translation-block\">Para completar a <b>experi\u00eancia FULL<\/b>, voc\u00ea desfrutar\u00e1 de um <b>almo\u00e7o completo no El Asador Steak House<\/b>, com uma proposta de <b>churrasco livre por etapas<\/b> que inclui variedade de <b>carnes<\/b>, <b>op\u00e7\u00f5es quentes<\/b>, <b>acompanhamentos<\/b> e <b>pratos<\/b> para <b>todos os gostos<\/b>, em um ambiente moderno, amplo e muito confort\u00e1vel.<\/p>\n<p class=\"translation-block\">Al\u00e9m disso, o dia \u00e9 enriquecido com um <b>City Tour por Ushuaia<\/b>, um passeio planejado para conhecer a <b>cidade mais austral do mundo<\/b> a partir de uma perspectiva mais <b>profunda<\/b>. Voc\u00ea descobrir\u00e1 <b>mirantes<\/b>, <b>\u00e1reas hist\u00f3ricas<\/b>, <b>bairros tradicionais<\/b> e <b>lugares chave<\/b> que contam como a cidade mais austral do mundo se desenvolveu.<\/p>\n<p class=\"translation-block\">A vers\u00e3o <b>Parque Nacional Tierra del Fuego + Trem do Fim do Mundo COMPLETO \u2013 Primavera<\/b> oferece uma <b>experi\u00eancia completa<\/b> que combina <b>natureza<\/b>, <b>hist\u00f3ria<\/b>, <b>gastronomia<\/b> e uma <b>vis\u00e3o urbana<\/b> de <b>Ushuaia<\/b>, em uma esta\u00e7\u00e3o onde as paisagens voltam a se encher de cor e energia.<\/p>","protected":false},"excerpt":{"rendered":"<p><strong>Aprovech\u00e1<\/strong> tu d\u00eda en <strong>Ushuaia<\/strong> al m\u00e1ximo: vas a subirte al famoso <strong>Trem do Fim do Mundo<\/strong>, recorrer lo mejor del <strong>Parque Nacional<\/strong>, disfrutar un <strong>almo\u00e7o<\/strong> de parrilla libre y vivir el mejor <strong>City Tour<\/strong> de <strong>Ushuaia<\/strong> en un solo d\u00eda.<\/p>","protected":false},"featured_media":41898,"comment_status":"open","ping_status":"closed","template":"","meta":{"_acf_changed":false,"_joinchat":[]},"product_brand":[],"product_cat":[45,559],"product_tag":[],"class_list":{"0":"post-41783","1":"product","2":"type-product","3":"status-publish","4":"has-post-thumbnail","6":"product_cat-parque-nacional","7":"product_cat-tren-fin-del-mundo","9":"first","10":"instock","11":"virtual","12":"sold-individually","13":"purchasable","14":"product-type-turitop"},"acf":[],"_links":{"self":[{"href":"https:\/\/excursionesenushuaia.com\/pt\/wp-json\/wp\/v2\/product\/41783","targetHints":{"allow":["GET"]}}],"collection":[{"href":"https:\/\/excursionesenushuaia.com\/pt\/wp-json\/wp\/v2\/product"}],"about":[{"href":"https:\/\/excursionesenushuaia.com\/pt\/wp-json\/wp\/v2\/types\/product"}],"replies":[{"embeddable":true,"href":"https:\/\/excursionesenushuaia.com\/pt\/wp-json\/wp\/v2\/comments?post=41783"}],"version-history":[{"count":15,"href":"https:\/\/excursionesenushuaia.com\/pt\/wp-json\/wp\/v2\/product\/41783\/revisions"}],"predecessor-version":[{"id":51337,"href":"https:\/\/excursionesenushuaia.com\/pt\/wp-json\/wp\/v2\/product\/41783\/revisions\/51337"}],"wp:featuredmedia":[{"embeddable":true,"href":"https:\/\/excursionesenushuaia.com\/pt\/wp-json\/wp\/v2\/media\/41898"}],"wp:attachment":[{"href":"https:\/\/excursionesenushuaia.com\/pt\/wp-json\/wp\/v2\/media?parent=41783"}],"wp:term":[{"taxonomy":"product_brand","embeddable":true,"href":"https:\/\/excursionesenushuaia.com\/pt\/wp-json\/wp\/v2\/product_brand?post=41783"},{"taxonomy":"product_cat","embeddable":true,"href":"https:\/\/excursionesenushuaia.com\/pt\/wp-json\/wp\/v2\/product_cat?post=41783"},{"taxonomy":"product_tag","embeddable":true,"href":"https:\/\/excursionesenushuaia.com\/pt\/wp-json\/wp\/v2\/product_tag?post=41783"}],"curies":[{"name":"wp","href":"https:\/\/api.w.org\/{rel}","templated":true}]}}