{"id":41785,"date":"2025-10-08T11:54:54","date_gmt":"2025-10-08T14:54:54","guid":{"rendered":"https:\/\/excursionesenushuaia.com\/?post_type=product&#038;p=41785"},"modified":"2026-04-07T15:19:52","modified_gmt":"2026-04-07T18:19:52","slug":"parque-nacional-full","status":"publish","type":"product","link":"https:\/\/excursionesenushuaia.com\/pt\/parque-nacional\/parque-nacional-full\/","title":{"rendered":"Parque Nacional Terra do Fogo Full Day"},"content":{"rendered":"<h3>\ud83c\udf37\ud83c\udf38\ud83c\udf32 <strong>Parque Nacional Tierra del Fuego FULL \u2013 Primavera<\/strong><\/h3>\n<p class=\"translation-block\">O passeio <b>Parque Nacional Terra do Fogo FULL<\/b> em <b>Ushuaia<\/b> \u00e9 a <b>proposta mais completa<\/b> para conhecer a <b>natureza<\/b>, a <b>gastronomia local<\/b> e a <b>ess\u00eancia<\/b> da <b>cidade mais austral do mundo<\/b> em <b>uma mesma experi\u00eancia<\/b>.<\/p>\n<p>&nbsp;<\/p>\n<p class=\"translation-block\">Combina o passeio pelos <b>pontos mais emblem\u00e1ticos<\/b> do <b>Parque Nacional Tierra del Fuego<\/b>, um <b>almo\u00e7o completo no El Asador Steak House<\/b> e um <b>City Tour por Ushuaia<\/b>, criando uma <b>experi\u00eancia completa<\/b> que re\u00fane o <b>melhor<\/b> da regi\u00e3o em <b>um s\u00f3 dia<\/b>.<\/p>\n<p>&nbsp;<\/p>\n<p class=\"translation-block\"><b>Voc\u00ea vai explorar<\/b> o <b>\u00fanico parque nacional<\/b> da nossa <b>Argentina<\/b> onde <b>bosque<\/b>, <b>mar<\/b> e <b>montanhas<\/b> se encontram em <b>um mesmo cen\u00e1rio<\/b>, com paradas que permitem desfrutar seus <b>mirantes<\/b>, <b>lagos<\/b>, <b>passarelas<\/b> e <b>pontos hist\u00f3ricos<\/b>. As <b>paisagens<\/b> adicionam <b>cores mais vivas<\/b> e a <b>vegeta\u00e7\u00e3o<\/b> come\u00e7a a se <b>renovar<\/b>, o que torna cada parada ainda mais agrad\u00e1vel para caminhar e explorar.<\/p>\n<p>&nbsp;<\/p>\n<p class=\"translation-block\">Durante a visita, <b>voc\u00ea vai conhecer lugares ic\u00f4nicos como<\/b>:<\/p>\n<p>&nbsp;<\/p>\n<ul>\n<li style=\"list-style-type: none\">\n<ul>\n<li>\ud83c\udf0a <b>Ba\u00eda Lapataia<\/b>, final da Rota Nacional N\u00ba3 e da Rodovia Pan-Americana.<\/li>\n<\/ul>\n<\/li>\n<\/ul>\n<p>&nbsp;<\/p>\n<ul>\n<li style=\"list-style-type: none\">\n<ul>\n<li>\ud83c\udfde\ufe0f <b>Lago Acigami<\/b>, rodeado de bosques e montanhas que voltam \u00e0 sua cor verde plena.<\/li>\n<\/ul>\n<\/li>\n<\/ul>\n<p>&nbsp;<\/p>\n<ul>\n<li style=\"list-style-type: none\">\n<ul>\n<li>\ud83c\udf3f <b>Lagoa Verde<\/b>, com seu tom esmeralda e vistas do Cerro C\u00f3ndor.<\/li>\n<\/ul>\n<\/li>\n<\/ul>\n<p>&nbsp;<\/p>\n<ul>\n<li>\ud83c\udf05 <b>Ba\u00eda Enseada Zaratiegui<\/b>, com seu cais hist\u00f3rico e a caixa postal mais austral do Correio Argentino.<\/li>\n<\/ul>\n<p>&nbsp;<\/p>\n<p class=\"translation-block\">Para completar a <b>experi\u00eancia FULL<\/b>, voc\u00ea desfrutar\u00e1 de um <b>almo\u00e7o completo no El Asador Steak House<\/b>, com uma proposta de <b>churrasco livre por etapas<\/b> que inclui variedade de <b>carnes<\/b>, <b>op\u00e7\u00f5es quentes<\/b>, <b>acompanhamentos<\/b> e <b>pratos<\/b> para <b>todos os gostos<\/b>, em um ambiente moderno, amplo e muito confort\u00e1vel.<\/p>\n<p>&nbsp;<\/p>\n<p class=\"translation-block\">Al\u00e9m disso, o dia inclui um <b>City Tour por Ushuaia<\/b>, pensado para conhecer a cidade de um <b>olhar mais profundo<\/b>. Voc\u00ea vai descobrir <b>mirantes<\/b>, <b>zonas hist\u00f3ricas<\/b>, <b>bairros tradicionais<\/b> e <b>lugares chave<\/b> que contam como a cidade mais austral do mundo se desenvolveu.<\/p>\n<p>&nbsp;<\/p>\n<p class=\"translation-block\">A vers\u00e3o <b>Parque Nacional Tierra del Fuego FULL \u2013 Primavera<\/b> oferece a voc\u00ea uma <b>experi\u00eancia completa<\/b> que combina <b>natureza<\/b>, <b>hist\u00f3ria<\/b>, <b>gastronomia<\/b> e um olhar urbano de <b>Ushuaia<\/b>, em uma esta\u00e7\u00e3o onde as paisagens voltam a se encher de cor e energia.<\/p>","protected":false},"excerpt":{"rendered":"<p><strong>Aprovech\u00e1<\/strong> tu d\u00eda en <strong>Ushuaia<\/strong> al m\u00e1ximo: vas a recorrer lo mejor del <strong>Parque Nacional<\/strong>, disfrutar un <strong>almo\u00e7o<\/strong> de parrilla libre y vivir el mejor <strong>City Tour<\/strong> de <strong>Ushuaia<\/strong>, todo en un solo d\u00eda.<\/p>","protected":false},"featured_media":44921,"comment_status":"open","ping_status":"closed","template":"","meta":{"_acf_changed":false,"_joinchat":[]},"product_brand":[],"product_cat":[45],"product_tag":[],"class_list":{"0":"post-41785","1":"product","2":"type-product","3":"status-publish","4":"has-post-thumbnail","6":"product_cat-parque-nacional","8":"first","9":"instock","10":"virtual","11":"sold-individually","12":"purchasable","13":"product-type-turitop"},"acf":[],"_links":{"self":[{"href":"https:\/\/excursionesenushuaia.com\/pt\/wp-json\/wp\/v2\/product\/41785","targetHints":{"allow":["GET"]}}],"collection":[{"href":"https:\/\/excursionesenushuaia.com\/pt\/wp-json\/wp\/v2\/product"}],"about":[{"href":"https:\/\/excursionesenushuaia.com\/pt\/wp-json\/wp\/v2\/types\/product"}],"replies":[{"embeddable":true,"href":"https:\/\/excursionesenushuaia.com\/pt\/wp-json\/wp\/v2\/comments?post=41785"}],"version-history":[{"count":6,"href":"https:\/\/excursionesenushuaia.com\/pt\/wp-json\/wp\/v2\/product\/41785\/revisions"}],"predecessor-version":[{"id":44793,"href":"https:\/\/excursionesenushuaia.com\/pt\/wp-json\/wp\/v2\/product\/41785\/revisions\/44793"}],"wp:featuredmedia":[{"embeddable":true,"href":"https:\/\/excursionesenushuaia.com\/pt\/wp-json\/wp\/v2\/media\/44921"}],"wp:attachment":[{"href":"https:\/\/excursionesenushuaia.com\/pt\/wp-json\/wp\/v2\/media?parent=41785"}],"wp:term":[{"taxonomy":"product_brand","embeddable":true,"href":"https:\/\/excursionesenushuaia.com\/pt\/wp-json\/wp\/v2\/product_brand?post=41785"},{"taxonomy":"product_cat","embeddable":true,"href":"https:\/\/excursionesenushuaia.com\/pt\/wp-json\/wp\/v2\/product_cat?post=41785"},{"taxonomy":"product_tag","embeddable":true,"href":"https:\/\/excursionesenushuaia.com\/pt\/wp-json\/wp\/v2\/product_tag?post=41785"}],"curies":[{"name":"wp","href":"https:\/\/api.w.org\/{rel}","templated":true}]}}